{"id":44475,"date":"2020-03-29T05:39:01","date_gmt":"2020-03-29T04:39:01","guid":{"rendered":"https:\/\/neocatechumenaleiter.org\/paavstide-sonad\/puha-johannes-paulus-ii\/audients-monede-hispaania-neokatehhumeeniliste-kogudustega-5-xii-1987\/"},"modified":"2026-03-02T09:01:10","modified_gmt":"2026-03-02T08:01:10","slug":"audients-monede-hispaania-neokatehhumeeniliste-kogudustega-5-xii-1987","status":"publish","type":"page","link":"https:\/\/neocatechumenaleiter.org\/et\/paavstide-sonad\/puha-johannes-paulus-ii\/audients-monede-hispaania-neokatehhumeeniliste-kogudustega-5-xii-1987\/","title":{"rendered":"Audients m\u00f5nede hispaania Neokatehhumeeniliste Kogudustega 5-XII-1987"},"content":{"rendered":"\n<h1 class=\"has-text-align-center wp-block-heading\">Audients m\u00f5nede hispaania Neokatehhumeeniliste Kogudustega 5-XII-1987<\/h1>\n\n<div style=\"height:20px\" aria-hidden=\"true\" class=\"wp-block-spacer\"><\/div>\n\n<h4 class=\"has-text-align-center wp-block-heading\">P\u00fcha Johannes Paulus II<\/h4>\n\n<div style=\"height:20px\" aria-hidden=\"true\" class=\"wp-block-spacer\"><\/div>\n\n<div class=\"wp-block-image\"><figure class=\"alignright size-medium\"><img decoding=\"async\" src=\"https:\/\/neocatechumenaleiter.org\/wp-content\/uploads\/2020\/03\/Camino_Neocatecumenal_Juan_Pablo_II_audiencia_comunidades_de_espa&#xF1;a_1987-300x248.jpg\" alt=\"\" class=\"wp-image-2033\" \/><\/figure><\/div>\n\n<p><strong>Vatikan &#8211; Matilde Kabel, 5. detsember 1987<\/strong><\/p>\n\n<p><em>Natuke peale keskp\u00e4eva, t\u00e4na, laup\u00e4ev, 5. detsember, Matilde Kabelis, v\u00f5ttis P\u00fcha Isa audientsil vastu m\u00f5nesid Madridi Neokatehhumeenilisi Kogudusi.<\/em><br \/><br \/><em>Siin all on tekst s\u00f5nadest, mida lausus Paavst. (Meie t\u00f5lge hispaania keelest):<\/em><\/p>\n\n<p>Armastatud vennad ja \u00f5ed: minu jaoks on suure rahulolu p\u00f5hjuseks vastu v\u00f5tta t\u00e4na hommikul Neokatehhumeenilised Kogudused Madridi kihelkondadest: P\u00fcha Roque, P\u00fcha Catalina Labour\u00e9, Nuestra Senora de la Paloma ning r\u00e4ndkatehheetide gruppi.<\/p>\n\n<p>K\u00f5ikidele ja iga\u00fchele teist soovin anda s\u00fcdamlikku tervitust. Tean, et olete tulnud Rooma p\u00f5hilise eesm\u00e4rgiga anda uuesti oma usutunnistus Apostli haua ees.<\/p>\n\n<p>Neokatehhumeeniline Tee viib teid Kreedo t\u00f5dede m\u00f5tisklemiseni ja s\u00fcgavale kogemisele teie kristlaseks olemise eluj\u00f5una ja vajadusena tunnistada ristimise suuruseid. <\/p>\n\n<div class=\"wp-block-image\"><figure class=\"alignleft size-medium\"><img decoding=\"async\" src=\"https:\/\/neocatechumenaleiter.org\/wp-content\/uploads\/2020\/03\/Camino_Neocatecumenal_Juan_Pablo_II_audiencia_comunidades_de_espa&#xF1;a_19872-300x247.jpg\" alt=\"\" class=\"wp-image-2040\" \/><\/figure><\/div>\n\n<p>Kuulda ja muuta eluks meie usu t\u00f5desid on h\u00e4davajalik element meie osaduse tugevdamiseks Kiriku, meie ema rinnas.<\/p>\n\n<p>Seep\u00e4rast palun Jumalalt, et teie palver\u00e4nnak Rooma, katoliikluse keskusesse, juurdutaks teid teie kristliku p\u00fchendumuse universaalsuses ning julgustaks teid teie k\u00f5ndimises r\u00e4ndajatena Evangeeliumi teenistuses.<\/p>\n\n<p>Naastes teie Hispaania ja maailma kogudustesse viige k\u00f5ikidele Paavsti tervitus, kes m\u00f5tleb k\u00f5ikidele ja palvetab k\u00f5ikide eest suure armastuse ja elava lootusega. Annan teid, selles Maarja Aastas, P\u00fchima Neitsi kaitsesse, p\u00fchaduse eeskuju ja Vaimu teole kuulekas. Tema saatku teid teie tees.<\/p>\n\n<p>Heatahtlikkuse m\u00e4rgina jagan teile apostellikku \u00f5nnistust. (*) Vrd \u00abL&#8217;Osservatore Romano\u00bb, 6. detsember 1987.<\/p>\n","protected":false},"excerpt":{"rendered":"<p>Audients m\u00f5nede hispaania Neokatehhumeeniliste Kogudustega 5-XII-1987 P\u00fcha Johannes Paulus II Vatikan &#8211; Matilde Kabel, 5. detsember 1987 Natuke peale keskp\u00e4eva, t\u00e4na, laup\u00e4ev, 5. detsember, Matilde Kabelis, v\u00f5ttis P\u00fcha Isa audientsil vastu m\u00f5nesid Madridi Neokatehhumeenilisi Kogudusi. Siin all on tekst s\u00f5nadest, mida lausus Paavst. (Meie t\u00f5lge hispaania keelest): Armastatud vennad ja \u00f5ed: minu jaoks on suure rahulolu p\u00f5hjuseks vastu v\u00f5tta t\u00e4na hommikul Neokatehhumeenilised Kogudused Madridi kihelkondadest: P\u00fcha Roque, P\u00fcha Catalina Labour\u00e9,<\/p>\n<div class=\"read-more\"><a class=\"btn read-more-btn\" href=\"https:\/\/neocatechumenaleiter.org\/et\/paavstide-sonad\/puha-johannes-paulus-ii\/audients-monede-hispaania-neokatehhumeeniliste-kogudustega-5-xii-1987\/\">Loe edasi<\/a><\/div>\n","protected":false},"author":2,"featured_media":0,"parent":19903,"menu_order":45,"comment_status":"closed","ping_status":"closed","template":"","meta":{"footnotes":""},"class_list":["post-44475","page","type-page","status-publish","hentry"],"_links":{"self":[{"href":"https:\/\/neocatechumenaleiter.org\/et\/wp-json\/wp\/v2\/pages\/44475","targetHints":{"allow":["GET"]}}],"collection":[{"href":"https:\/\/neocatechumenaleiter.org\/et\/wp-json\/wp\/v2\/pages"}],"about":[{"href":"https:\/\/neocatechumenaleiter.org\/et\/wp-json\/wp\/v2\/types\/page"}],"author":[{"embeddable":true,"href":"https:\/\/neocatechumenaleiter.org\/et\/wp-json\/wp\/v2\/users\/2"}],"replies":[{"embeddable":true,"href":"https:\/\/neocatechumenaleiter.org\/et\/wp-json\/wp\/v2\/comments?post=44475"}],"version-history":[{"count":5,"href":"https:\/\/neocatechumenaleiter.org\/et\/wp-json\/wp\/v2\/pages\/44475\/revisions"}],"predecessor-version":[{"id":47689,"href":"https:\/\/neocatechumenaleiter.org\/et\/wp-json\/wp\/v2\/pages\/44475\/revisions\/47689"}],"up":[{"embeddable":true,"href":"https:\/\/neocatechumenaleiter.org\/et\/wp-json\/wp\/v2\/pages\/19903"}],"wp:attachment":[{"href":"https:\/\/neocatechumenaleiter.org\/et\/wp-json\/wp\/v2\/media?parent=44475"}],"curies":[{"name":"wp","href":"https:\/\/api.w.org\/{rel}","templated":true}]}}