{"id":44485,"date":"2020-03-29T05:32:20","date_gmt":"2020-03-29T04:32:20","guid":{"rendered":"https:\/\/neocatechumenaleiter.org\/paavstide-sonad\/puha-johannes-paulus-ii\/paavsti-johannes-paulus-ii-sonad-jasna-gora-kutsumise-ajal-12-vi-1987\/"},"modified":"2026-03-02T09:01:48","modified_gmt":"2026-03-02T08:01:48","slug":"paavsti-johannes-paulus-ii-sonad-jasna-gora-kutsumise-ajal-12-vi-1987","status":"publish","type":"page","link":"https:\/\/neocatechumenaleiter.org\/et\/paavstide-sonad\/puha-johannes-paulus-ii\/paavsti-johannes-paulus-ii-sonad-jasna-gora-kutsumise-ajal-12-vi-1987\/","title":{"rendered":"Paavsti Johannes Paulus II s\u00f5nad Jasna G\u00f3ra palve ajal 12-VI-1987"},"content":{"rendered":"\n<h1 class=\"has-text-align-center wp-block-heading\">Paavsti Johannes Paulus II s\u00f5nad Jasna G\u00f3ra palve ajal 12-VI-1987<\/h1>\n\n<div style=\"height:20px\" aria-hidden=\"true\" class=\"wp-block-spacer\"><\/div>\n\n<h4 class=\"has-text-align-center wp-block-heading\">P\u00fcha Johannes Paulus II<\/h4>\n\n<div style=\"height:20px\" aria-hidden=\"true\" class=\"wp-block-spacer\"><\/div>\n\n<div class=\"wp-block-image\"><figure class=\"alignright size-large\"><img loading=\"lazy\" decoding=\"async\" width=\"674\" height=\"538\" src=\"https:\/\/neocatechumenaleiter.org\/wp-content\/uploads\/2020\/03\/Camino_Neocatecumenal_Juan_Pablo_II_palabras_invocacion_jasna_gora_1987.jpg\" alt=\"\" class=\"wp-image-2016\" srcset=\"https:\/\/neocatechumenaleiter.org\/wp-content\/uploads\/2020\/03\/Camino_Neocatecumenal_Juan_Pablo_II_palabras_invocacion_jasna_gora_1987.jpg 674w, https:\/\/neocatechumenaleiter.org\/wp-content\/uploads\/2020\/03\/Camino_Neocatecumenal_Juan_Pablo_II_palabras_invocacion_jasna_gora_1987-300x239.jpg 300w\" sizes=\"auto, (max-width: 674px) 100vw, 674px\" \/><\/figure><\/div>\n\n<p><strong>Poola &#8211; Czestochowa P\u00fchamu, 12. juuni 1987<\/strong><\/p>\n\n<p>Johannes Paulus II l\u00f5petas oma Poola palver\u00e4nnaku viiendat p\u00e4eva Jasna G\u00f3ra Palvega, mida tegi reede \u00f5htul, 12. juunil, Czestochowa p\u00fchamu stendidelt. Jasna G\u00f3ra palve on p\u00f6\u00f6rdumine Neitsi poole, mida 1957. aastast lauldakse v\u00f5i loetakse iga p\u00e4ev kell 21 kogu Riigis.<\/p>\n\n<p><em>Peale palvet pidas Paavst k\u00f5net, mida me osaliselt all v\u00e4lja toome:<\/em><\/p>\n\n<p>&#8230;Maarja, Poola Kuninganna, ma olen sinu k\u00f5rval, ma meenutan sind, valvan.<br \/><br \/>&#8230;Sellel Jasna G\u00f3ra Palve ajal, soovin kutsuda siia, m\u00f5ttega ja s\u00fcdamega, igat inimest, venda v\u00f5i \u00f5de, k\u00f5ikidest maailmajagudest.<\/p>\n\n<p>&#8230;k\u00f5iki neid, kes ei kartnud ohtusid ega raskusi, ei ole kaotanud usku ideaalides ega t\u00f5elistes v\u00e4\u00e4rtustes, pole kaotanud oma elu ega t\u00f6\u00f6 m\u00f5tet, ei ole j\u00e4rele andnud n\u00f5rkustele, vaid tundes tugevat vastutust ja hoolivust, lohutavad oma vendi usus ja veendumuses, et kristlase jaoks pole olukordi, millel pole v\u00e4ljap\u00e4\u00e4su, et on seda v\u00e4\u00e4rt elada omas Riigis ning alustada loovaid algatusi, ehitada inimlike s\u00fcdamete ja m\u00f5istuste kogudust.<\/p>\n\n<div class=\"wp-block-image\"><figure class=\"alignleft size-large\"><img loading=\"lazy\" decoding=\"async\" width=\"706\" height=\"563\" src=\"https:\/\/neocatechumenaleiter.org\/wp-content\/uploads\/2020\/03\/Camino_Neocatecumenal_Juan_Pablo_II_palabras_invocacion_jasna_gora_19872.jpg\" alt=\"\" class=\"wp-image-2023\" srcset=\"https:\/\/neocatechumenaleiter.org\/wp-content\/uploads\/2020\/03\/Camino_Neocatecumenal_Juan_Pablo_II_palabras_invocacion_jasna_gora_19872.jpg 706w, https:\/\/neocatechumenaleiter.org\/wp-content\/uploads\/2020\/03\/Camino_Neocatecumenal_Juan_Pablo_II_palabras_invocacion_jasna_gora_19872-300x239.jpg 300w\" sizes=\"auto, (max-width: 706px) 100vw, 706px\" \/><\/figure><\/div>\n\n<p>Mitmeid inimesi peaks siin loetlema, kes teevad vastastikuliselt head, mitmeid kogudusi, mitmeid keskkondasid, mitmeid liikumisi! Kui ma seda \u00fctlen, meenuvad mulle v\u00e4hemalt kaks, mis minu palver\u00e4nnaku ajal teevad ennast kuuldavaks k\u00f5ige j\u00f5ulisemalt: need on meie omad &#8220;Valguse ja Elu&#8221; liikumise &#8220;Oaasid&#8221;; ning on ka, L\u00e4\u00e4nest tulnud, &#8220;<strong>Neokatehhumeenid<\/strong>&#8220;: ma leian neid k\u00f5ikjal maailmas, kuhu iganes ma l\u00e4hen.<br \/><br \/>M\u00f5tlesin, et \u00e4kki Poolas neid pole, aga juba esimesest p\u00e4evast alates n\u00e4en k\u00f5ikjal samasuguseid kirju, mida n\u00e4en teistes maailmajagudes erinevates keeltes.<\/p>\n\n<p>Nad on siis siin! Nad on tulnud! Nad on tulnud ja tahavad, et me uuendaks eneses Ristimise teadlikkust, mida t\u00e4hendab olla kristlased juurtest alates.<\/p>\n\n<p>Jumal \u00f5nnistagu teid!&#8230; (*) Itaaliakeelsest t\u00f5lgest, mis on ajalehes \u00abL\u2019Osservatore Romano\u00bb, 14. juuni 1987, <\/p>\n","protected":false},"excerpt":{"rendered":"<p>Paavsti Johannes Paulus II s\u00f5nad Jasna G\u00f3ra palve ajal 12-VI-1987 P\u00fcha Johannes Paulus II Poola &#8211; Czestochowa P\u00fchamu, 12. juuni 1987 Johannes Paulus II l\u00f5petas oma Poola palver\u00e4nnaku viiendat p\u00e4eva Jasna G\u00f3ra Palvega, mida tegi reede \u00f5htul, 12. juunil, Czestochowa p\u00fchamu stendidelt. Jasna G\u00f3ra palve on p\u00f6\u00f6rdumine Neitsi poole, mida 1957. aastast lauldakse v\u00f5i loetakse iga p\u00e4ev kell 21 kogu Riigis. Peale palvet pidas Paavst k\u00f5net, mida me osaliselt all<\/p>\n<div class=\"read-more\"><a class=\"btn read-more-btn\" href=\"https:\/\/neocatechumenaleiter.org\/et\/paavstide-sonad\/puha-johannes-paulus-ii\/paavsti-johannes-paulus-ii-sonad-jasna-gora-kutsumise-ajal-12-vi-1987\/\">Loe edasi<\/a><\/div>\n","protected":false},"author":2,"featured_media":0,"parent":19903,"menu_order":44,"comment_status":"closed","ping_status":"closed","template":"","meta":{"footnotes":""},"class_list":["post-44485","page","type-page","status-publish","hentry"],"_links":{"self":[{"href":"https:\/\/neocatechumenaleiter.org\/et\/wp-json\/wp\/v2\/pages\/44485","targetHints":{"allow":["GET"]}}],"collection":[{"href":"https:\/\/neocatechumenaleiter.org\/et\/wp-json\/wp\/v2\/pages"}],"about":[{"href":"https:\/\/neocatechumenaleiter.org\/et\/wp-json\/wp\/v2\/types\/page"}],"author":[{"embeddable":true,"href":"https:\/\/neocatechumenaleiter.org\/et\/wp-json\/wp\/v2\/users\/2"}],"replies":[{"embeddable":true,"href":"https:\/\/neocatechumenaleiter.org\/et\/wp-json\/wp\/v2\/comments?post=44485"}],"version-history":[{"count":5,"href":"https:\/\/neocatechumenaleiter.org\/et\/wp-json\/wp\/v2\/pages\/44485\/revisions"}],"predecessor-version":[{"id":47691,"href":"https:\/\/neocatechumenaleiter.org\/et\/wp-json\/wp\/v2\/pages\/44485\/revisions\/47691"}],"up":[{"embeddable":true,"href":"https:\/\/neocatechumenaleiter.org\/et\/wp-json\/wp\/v2\/pages\/19903"}],"wp:attachment":[{"href":"https:\/\/neocatechumenaleiter.org\/et\/wp-json\/wp\/v2\/media?parent=44485"}],"curies":[{"name":"wp","href":"https:\/\/api.w.org\/{rel}","templated":true}]}}