{"id":44495,"date":"2020-03-29T03:12:33","date_gmt":"2020-03-29T02:12:33","guid":{"rendered":"https:\/\/neocatechumenaleiter.org\/paavstide-sonad\/puha-johannes-paulus-ii\/puha-maarja-regina-mundi-kihelkonna-kulastamine-torre-spaccatas-14-xii-1986\/"},"modified":"2026-03-02T09:04:54","modified_gmt":"2026-03-02T08:04:54","slug":"puha-maarja-regina-mundi-kihelkonna-kulastamine-torre-spaccatas-14-xii-1986","status":"publish","type":"page","link":"https:\/\/neocatechumenaleiter.org\/et\/paavstide-sonad\/puha-johannes-paulus-ii\/puha-maarja-regina-mundi-kihelkonna-kulastamine-torre-spaccatas-14-xii-1986\/","title":{"rendered":"P\u00fcha Maarja Regina Mundi kihelkonna k\u00fclastamine Torre Spaccatas 14-XII-1986"},"content":{"rendered":"\n<h1 class=\"has-text-align-center wp-block-heading\">P\u00fcha Maarja Regina Mundi kihelkonna k\u00fclastamine Torre Spaccatas 14-XII-1986<\/h1>\n\n<div style=\"height:20px\" aria-hidden=\"true\" class=\"wp-block-spacer\"><\/div>\n\n<h4 class=\"has-text-align-center wp-block-heading\">P\u00fcha Johannes Paulus II<\/h4>\n\n<div style=\"height:20px\" aria-hidden=\"true\" class=\"wp-block-spacer\"><\/div>\n\n<p><strong>Rooma, 14.detsember 1986<\/strong><\/p>\n\n<p><em>Kui oli l\u00f5ppenud kohtumine pastoraalse N\u00f5ukoguga, kohtus Paavst teises saalis k\u00f5ikide gruppide ja \u00fchingute esindajatega, keda kihelkonna preester talle tutvustas. Ustavate seas olid kohal ka m\u00f5ned nomaadid.<\/em><br \/><br \/><em>K\u00f5ikidele lasus Paavst j\u00e4rgmised s\u00f5nad:<\/em><\/p>\n\n<p>Tervitan k\u00f5iki kohalolijaid ning, l\u00e4bi teie, k\u00f5iki ilmikute apostolaadi gruppe, erinevaid gruppe, mida iseloomustavad teatud programm, teatud vaimsus. N\u00e4iteks on olemas karmeliidi vaimsus, mille n\u00e4htav m\u00e4rk on karmeliidi skapulaar, mida ma juba aastaid kannan. Siis on olemas Neokatehhumeeniline v\u00f5i teiste gruppide vaimsus. Teised programmid, teised vaimsused. K\u00f5ik panustavad Kiriku \u00fcldisele h\u00fcvangule. Mida ma \u00fctlen, vastab P\u00fcha Pauluse s\u00f5nadele: Kirik Kristuse Ihu. Paljud organid, paljud liikmed, paljud rakud panustavad keha, organismi elule. Me oleme ka vaimne organism, m\u00fcstiline organism, mille nimi on Kristuse ihu ja me k\u00f5ik saame sellest organismist erinevaid P\u00fcha Vaimu t\u00f5ukeid, erinevaid arme, erilisi arme, erilisi karismasid. Siis, nende t\u00f5ugetega, nende armudega \u00fcritame panustada keha, Kristuse, kihelkonna m\u00fcstilise keha kogumi h\u00fcvangule, mis on, Pauluse analoogias, Kristuse Ihu. Tahan v\u00e4ljendada oma suurt r\u00f5\u00f5mu selle \u00fcle, kuidas te oma kihelkonna 25. aastap\u00e4eva t\u00e4na t\u00e4histasite, v\u00e4ga v\u00e4\u00e4riline viis, v\u00e4ga ilus, suure osalemisega, t\u00e4histamisega, mille jooksul palvetati h\u00e4sti ja lauldi h\u00e4sti. Ning siis Neitsi, Maailma Kuninganna kroonimise eest. Soovin k\u00f5ike head iga\u00fchele teist, teie \u00fchendustele. Et nad oleksid h\u00fcvangute allikas teiste ja teie enda jaoks. Soovin teile ka h\u00e4id J\u00f5ule. (*) Vrd \u00abL&#8217;Osservatore Romano\u00bb, 15.-16. detsember 1986.<\/p>\n","protected":false},"excerpt":{"rendered":"<p>P\u00fcha Maarja Regina Mundi kihelkonna k\u00fclastamine Torre Spaccatas 14-XII-1986 P\u00fcha Johannes Paulus II Rooma, 14.detsember 1986 Kui oli l\u00f5ppenud kohtumine pastoraalse N\u00f5ukoguga, kohtus Paavst teises saalis k\u00f5ikide gruppide ja \u00fchingute esindajatega, keda kihelkonna preester talle tutvustas. Ustavate seas olid kohal ka m\u00f5ned nomaadid. K\u00f5ikidele lasus Paavst j\u00e4rgmised s\u00f5nad: Tervitan k\u00f5iki kohalolijaid ning, l\u00e4bi teie, k\u00f5iki ilmikute apostolaadi gruppe, erinevaid gruppe, mida iseloomustavad teatud programm, teatud vaimsus. N\u00e4iteks on olemas karmeliidi<\/p>\n<div class=\"read-more\"><a class=\"btn read-more-btn\" href=\"https:\/\/neocatechumenaleiter.org\/et\/paavstide-sonad\/puha-johannes-paulus-ii\/puha-maarja-regina-mundi-kihelkonna-kulastamine-torre-spaccatas-14-xii-1986\/\">Loe edasi<\/a><\/div>\n","protected":false},"author":2,"featured_media":0,"parent":19903,"menu_order":39,"comment_status":"closed","ping_status":"closed","template":"","meta":{"footnotes":""},"class_list":["post-44495","page","type-page","status-publish","hentry"],"_links":{"self":[{"href":"https:\/\/neocatechumenaleiter.org\/et\/wp-json\/wp\/v2\/pages\/44495","targetHints":{"allow":["GET"]}}],"collection":[{"href":"https:\/\/neocatechumenaleiter.org\/et\/wp-json\/wp\/v2\/pages"}],"about":[{"href":"https:\/\/neocatechumenaleiter.org\/et\/wp-json\/wp\/v2\/types\/page"}],"author":[{"embeddable":true,"href":"https:\/\/neocatechumenaleiter.org\/et\/wp-json\/wp\/v2\/users\/2"}],"replies":[{"embeddable":true,"href":"https:\/\/neocatechumenaleiter.org\/et\/wp-json\/wp\/v2\/comments?post=44495"}],"version-history":[{"count":3,"href":"https:\/\/neocatechumenaleiter.org\/et\/wp-json\/wp\/v2\/pages\/44495\/revisions"}],"predecessor-version":[{"id":47703,"href":"https:\/\/neocatechumenaleiter.org\/et\/wp-json\/wp\/v2\/pages\/44495\/revisions\/47703"}],"up":[{"embeddable":true,"href":"https:\/\/neocatechumenaleiter.org\/et\/wp-json\/wp\/v2\/pages\/19903"}],"wp:attachment":[{"href":"https:\/\/neocatechumenaleiter.org\/et\/wp-json\/wp\/v2\/media?parent=44495"}],"curies":[{"name":"wp","href":"https:\/\/api.w.org\/{rel}","templated":true}]}}