{"id":44497,"date":"2020-03-29T05:15:48","date_gmt":"2020-03-29T04:15:48","guid":{"rendered":"https:\/\/neocatechumenaleiter.org\/paavstide-sonad\/puha-johannes-paulus-ii\/puha-lucia-kihelkonna-kulastamine-piazza-darmis-18-i-1987\/"},"modified":"2026-03-02T09:03:37","modified_gmt":"2026-03-02T08:03:37","slug":"puha-lucia-kihelkonna-kulastamine-piazza-darmis-18-i-1987","status":"publish","type":"page","link":"https:\/\/neocatechumenaleiter.org\/et\/paavstide-sonad\/puha-johannes-paulus-ii\/puha-lucia-kihelkonna-kulastamine-piazza-darmis-18-i-1987\/","title":{"rendered":"P\u00fcha Lucia kihelkonna k\u00fclastamine piazza d&#8217;Armis 18-I-1987"},"content":{"rendered":"\n<h1 class=\"has-text-align-center wp-block-heading\">P\u00fcha Lucia kihelkonna k\u00fclastamine piazza d&#8217;Armis 18-I-1987<\/h1>\n\n<div style=\"height:20px\" aria-hidden=\"true\" class=\"wp-block-spacer\"><\/div>\n\n<h4 class=\"has-text-align-center wp-block-heading\">P\u00fcha Johannes Paulus II<\/h4>\n\n<div style=\"height:20px\" aria-hidden=\"true\" class=\"wp-block-spacer\"><\/div>\n\n<p><strong>Rooma, 18. jaanuar 1987<\/strong><\/p>\n\n<p><em>Territooriumis, nagu P\u00fcha Lucia kihelkonna omas, kus elavad enamasti inimesed, kes kuuluvad \u00fclemisse keskklassi, \u00fcks k\u00f5ige kiireloomulisemaid probleeme on evangeliseerida v\u00f5i uuesti evangeliseerida paljusid kaugeid ning taaselustada usku, mis on tihti ainult formaalne v\u00f5i pealiskaudne. Just selleks, et lahendada neid vajadusi, on juba paar aastat tagasi alganud kihelkonnas Neokatehhumeeniline Tee. On s\u00fcndinud \u00fcks esimene kogudus, kus on kaksk\u00fcmmend viis inimest, ning see aasta pakuti uuesti katehhees, mille j\u00e4rel s\u00fcndis uus kogudus. <\/em><br \/><br \/><em>Paavst kohtus Neokatehhumeeniliste Kogudustega teises saalikeses. \u00dcks noormees seletas talle alustatud Tee t\u00e4hendust, ta \u00fctles, et tegemist on v\u00e4ikse seemega, mis peab hiljem kasvama, kuid mis tahab juba n\u00fc\u00fcd olla tugipunktiks kaugete jaoks, et nad saaksid tagasi minna Isa Kotta.\u00a0<\/em><br \/><br \/><em>Neokatehhumeeniliste Koguduste esindajate poole p\u00f6\u00f6rdus Paavst niimoodi:<\/em><\/p>\n\n<p>Nii, mida tahan teile \u00f6elda. Ma tahaks \u00f6elda, et meil k\u00f5igil puudus ja puudub alati \u00fcks t\u00f5eline Katehhumenaat, \u00fcks t\u00f5eline Katehhumenaat, nagu oli esimeste p\u00f5lvkondade kristlastel, Katehhumenaat nagu teie oma, Neokatehhumenaat. Sest ei piisa lihtsalt olla ristitud, peame uuesti saama katehhumeenideks. Ja siis, olles juba ristitud, v\u00f5ime alustada teed. Ning seda teed alustatakse kohe saades, sisenedes sellesse Neokatehhumenaati. Ja siis selle neokatehhumeenilise valmistusega v\u00f5ib saada ka r\u00e4ndavateks, sest Jeesus tegi oma k\u00f5ige l\u00e4hedasematest j\u00fcngritest apostlid, see t\u00e4hendab l\u00e4kitas neid, see t\u00e4hendab r\u00e4ndama. Ka mina \u00fcritan natuke j\u00e4rgida teie eeskuju, kuid minu r\u00e4ndamine pole nii raske. Nii ma arvan.<\/p>\n\n<p>Niisiis soovin teile, et te k\u00f5nniksite h\u00e4sti selles Tees, mida teie olete valinud, ning selles r\u00e4ndamises, kusiganes te olete; olete siin selles kihelkonnas, see sobib v\u00f5i l\u00e4hete teistesse Rooma kihelkondadesse, l\u00e4hete teistesse linnadesse, teistesse itaalia v\u00f5i itaaliav\u00e4listesse kogudustesse, kogu maailmas. <\/p>\n\n<div class=\"wp-block-image\"><figure class=\"alignright size-large\"><img loading=\"lazy\" decoding=\"async\" width=\"679\" height=\"492\" src=\"https:\/\/neocatechumenaleiter.org\/wp-content\/uploads\/2020\/03\/Camino_Neocatecumenal_Juan_Pablo_II_visita_parroquia_Santa_Lucia_1987.jpg\" alt=\"\" class=\"wp-image-1993\" srcset=\"https:\/\/neocatechumenaleiter.org\/wp-content\/uploads\/2020\/03\/Camino_Neocatecumenal_Juan_Pablo_II_visita_parroquia_Santa_Lucia_1987.jpg 679w, https:\/\/neocatechumenaleiter.org\/wp-content\/uploads\/2020\/03\/Camino_Neocatecumenal_Juan_Pablo_II_visita_parroquia_Santa_Lucia_1987-300x217.jpg 300w\" sizes=\"auto, (max-width: 679px) 100vw, 679px\" \/><\/figure><\/div>\n\n<p>Soovin teile, et te saaks endaga kanda k\u00fcpse usu tunnistust. Seep\u00e4rast te alati kutsute Neitsit, &#8220;Sina uskusid Issanda s\u00f5na&#8221;. Tema usk on t\u00f5esti suurep\u00e4rane, maksimaalne sellest, mida t\u00e4hendab uskuma, &#8220;sina uskusid&#8221;: Aga kuidas Maarja uskus?<\/p>\n\n<p>See on, ma \u00fctleks, imeline asi, sellest s\u00f5nast ei piisa. Niisiis selle k\u00fcpse usuga, Maarja eeskujul, kes uskus Issanda s\u00f5na, \u00fcritate te kohtuda n\u00fc\u00fcdisaegse maailmaga, meie vendade ja \u00f5dedega selles maailmas ning selles raskes ajastus, usust kaugel. Sest ainult k\u00fcpsest usust, tulihingelisest usust v\u00f5ib s\u00fc\u00fcdata usuvalgust ka teistes, eriti nendes, kes on kaugel.<\/p>\n\n<p>Niisiis \u00f5nnistan s\u00fcdamest teid k\u00f5iki, teie perekondi, teie lapsi ja teie Teed. (*) Vrd \u00abL&#8217;Osservatore Romano\u00bb, 18.-19. jaanuar 1987, otsesalvestuse lisadega.<\/p>\n","protected":false},"excerpt":{"rendered":"<p>P\u00fcha Lucia kihelkonna k\u00fclastamine piazza d&#8217;Armis 18-I-1987 P\u00fcha Johannes Paulus II Rooma, 18. jaanuar 1987 Territooriumis, nagu P\u00fcha Lucia kihelkonna omas, kus elavad enamasti inimesed, kes kuuluvad \u00fclemisse keskklassi, \u00fcks k\u00f5ige kiireloomulisemaid probleeme on evangeliseerida v\u00f5i uuesti evangeliseerida paljusid kaugeid ning taaselustada usku, mis on tihti ainult formaalne v\u00f5i pealiskaudne. Just selleks, et lahendada neid vajadusi, on juba paar aastat tagasi alganud kihelkonnas Neokatehhumeeniline Tee. On s\u00fcndinud \u00fcks esimene kogudus,<\/p>\n<div class=\"read-more\"><a class=\"btn read-more-btn\" href=\"https:\/\/neocatechumenaleiter.org\/et\/paavstide-sonad\/puha-johannes-paulus-ii\/puha-lucia-kihelkonna-kulastamine-piazza-darmis-18-i-1987\/\">Loe edasi<\/a><\/div>\n","protected":false},"author":2,"featured_media":0,"parent":19903,"menu_order":41,"comment_status":"closed","ping_status":"closed","template":"","meta":{"footnotes":""},"class_list":["post-44497","page","type-page","status-publish","hentry"],"_links":{"self":[{"href":"https:\/\/neocatechumenaleiter.org\/et\/wp-json\/wp\/v2\/pages\/44497","targetHints":{"allow":["GET"]}}],"collection":[{"href":"https:\/\/neocatechumenaleiter.org\/et\/wp-json\/wp\/v2\/pages"}],"about":[{"href":"https:\/\/neocatechumenaleiter.org\/et\/wp-json\/wp\/v2\/types\/page"}],"author":[{"embeddable":true,"href":"https:\/\/neocatechumenaleiter.org\/et\/wp-json\/wp\/v2\/users\/2"}],"replies":[{"embeddable":true,"href":"https:\/\/neocatechumenaleiter.org\/et\/wp-json\/wp\/v2\/comments?post=44497"}],"version-history":[{"count":5,"href":"https:\/\/neocatechumenaleiter.org\/et\/wp-json\/wp\/v2\/pages\/44497\/revisions"}],"predecessor-version":[{"id":47697,"href":"https:\/\/neocatechumenaleiter.org\/et\/wp-json\/wp\/v2\/pages\/44497\/revisions\/47697"}],"up":[{"embeddable":true,"href":"https:\/\/neocatechumenaleiter.org\/et\/wp-json\/wp\/v2\/pages\/19903"}],"wp:attachment":[{"href":"https:\/\/neocatechumenaleiter.org\/et\/wp-json\/wp\/v2\/media?parent=44497"}],"curies":[{"name":"wp","href":"https:\/\/api.w.org\/{rel}","templated":true}]}}