{"id":44522,"date":"2020-03-29T05:52:04","date_gmt":"2020-03-29T04:52:04","guid":{"rendered":"https:\/\/neocatechumenaleiter.org\/paavstide-sonad\/puha-johannes-paulus-ii\/eraaudients-kolmekumne-kuue-perekonna-lakitamine-uue-evangeliseerimise-jaoks-27-xii-1987\/"},"modified":"2026-03-02T08:59:29","modified_gmt":"2026-03-02T07:59:29","slug":"eraaudients-kolmekumne-kuue-perekonna-lakitamine-uue-evangeliseerimise-jaoks-27-xii-1987","status":"publish","type":"page","link":"https:\/\/neocatechumenaleiter.org\/et\/paavstide-sonad\/puha-johannes-paulus-ii\/eraaudients-kolmekumne-kuue-perekonna-lakitamine-uue-evangeliseerimise-jaoks-27-xii-1987\/","title":{"rendered":"Eraaudients kolmek\u00fcmne kuue perekonna l\u00e4kitamine &#8220;Uue Evangeliseerimise&#8221; jaoks 27- XII-1987"},"content":{"rendered":"\n<h1 class=\"has-text-align-center wp-block-heading\">Eraaudients kolmek\u00fcmne kuue perekonna l\u00e4kitamine &#8220;Uue Evangeliseerimise&#8221; jaoks 27- XII-1987<\/h1>\n\n<div style=\"height:20px\" aria-hidden=\"true\" class=\"wp-block-spacer\"><\/div>\n\n<h4 class=\"has-text-align-center wp-block-heading\">P\u00fcha Johannes Paulus II<\/h4>\n\n<div style=\"height:20px\" aria-hidden=\"true\" class=\"wp-block-spacer\"><\/div>\n\n<p><strong>Castel Gandolfo: P\u00fcha Perekonna Suurp\u00fcha, 27. detsember 1987<\/strong><\/p>\n\n<p><em>Kolmk\u00fcmmend kuus erinevatesse Neokatehhumeenilistesse Kogudustesse kuuluvat perekonda on saanud Paavsti k\u00e4est ristikuju, mis saadab neid misjonipaikades, kuhu nad lahkuvad. Lihtne ristikujude andmise tseremoonia toimus p\u00fchap\u00e4eva, 27. detsembri, hommikul Castel Gandolfo Paavsti Palee \u0160veitslaste Saalis, peale tavap\u00e4rast Paavsti kohtumist usklikega <\/em>Angeluse\u00a0<em>lugemiseks.<\/em><\/p>\n\n<p><em>Kohalolevate perekondade poole p\u00f6\u00f6rdus P\u00fcha Isa s\u00f5nadega, mida j\u00e4rgnevalt v\u00e4lja toome:<\/em><\/p>\n\n<p>Kallid s\u00f5brad, ma t\u00e4nan teid selle t\u00e4nase k\u00fclastuse eest Castel Gandolfos, nii t\u00e4henduslikul p\u00e4eval j\u00f5ulupidustuste ajal. P\u00fchad J\u00f5ulud t\u00e4histatakse suure liturgilise pidulikkusega, ka suure rahva r\u00f5\u00f5muga ja osalusega; kuid v\u00f5ibolla me ei saa piisavalt aru, mis on P\u00fchad J\u00f5ulud.<\/p>\n\n<p>P\u00fchad J\u00f5ulud on misjoni algus, jumaliku misjoni algus inimeste seas: Jumal, kes s\u00fcnnib inimese pojana, naisest, on Isa, taevase Isa l\u00e4kitatu, ning s\u00fcnnib, et t\u00e4ide viia seda misjonit. Ja siis, kohe peale P\u00fchasid J\u00f5ulusid tuleb t\u00e4nase suurp\u00fcha t\u00e4histamine: P\u00fcha Perekonna t\u00e4histamine. Ning see on v\u00e4ga t\u00e4henduslik, see t\u00e4hendab, et see jumalik misjon, mis on saanud inimlikuks Jumala S\u00f5na lihakssaamisega, see misjon antakse ennek\u00f5ike perekonnale.<\/p>\n\n<p>Mina n\u00e4en selles kohtumises, ja teie Neokatehhumeenilise Tee ja erinevate perekondade hoolde antud &#8211; mitte \u00fcksikutele inimeste, vaid tervetele perekondadele &#8211; misjoneeriva projekti arenemises, ma n\u00e4en selle t\u00e4henduslikku s\u00fcndmuse teoks saamist, ellu viimist, mis kuulub P\u00e4\u00e4steloosse, mis kuulub kogu inimliku perekonna jumaliku misjoni loosse, inimeste seas, inimkonna seas. Ning soovin, et te saaksite osaleda selles jumalikus misjonis, mida anti P\u00fchale Perekonnale, oma perekonnaga, eelk\u00f5ige nende perekondade eluga, elu, mis on ustav sellele, mida Jumal ise tahab, et inimlik perekond oleks ja mida ta n\u00e4itas Naatsareti P\u00fchas Perekonnas.<\/p>\n\n<p>Lisaks kutsub misjon teid \u201cad extra\u201d,\u00a0<strong>misjon t\u00e4hendab minema, \u00f5petama<\/strong>, teha seda, mida Jeesus \u00fctles apostlitele oma messiaanliku misjoni l\u00f5pul selles maailmas. Kuid Vatikani II Kirikukogu \u00fctleb v\u00e4ga h\u00e4sti, et need Kaksteist esindasid kogu uut Iisraeli, loomulikult perekonda kaasaarvatud, mis on iga rahva, vana ja uue Iisraeli, baasrakk. Seep\u00e4rast peab nende misjon kaasama perekondi: ning seda \u00fcritame meie avastada, sest v\u00f5ibolla oli see natuke varjatud, polnud piisavalt kaalutud, polnud piisavalt ellu viidud, kuigi Kirikus on paljusid h\u00e4id kristliku perekonna traditsioone; kuid see misjoneeriv iseloomujoon on teatud uudsus.<br \/><br \/>Teie liikumise, v\u00f5i parem teie Tee, tuul \u00fcritab just taasavastada seda\u00a0<strong>perekonna misjoneerivat uudsust: Kirik \u201cstatu missionis\u201d, tervenisti misjoneeriv Kirik, perekond \u00a0\u201cstatu missionis\u201d.<\/strong><\/p>\n\n<p>Ma soovin teile, et te saaks k\u00f5ndida &#8211; k\u00f5ndima t\u00e4hendab ka liikuma &#8211; k\u00f5ndida h\u00e4sti selles teekonnas, mida te olete leidnud Neokatehhumeenilises Tees.<\/p>\n\n<p>Ning tahan anda \u00f5nnistust k\u00f5ikidele teile, kes te siin kohal olete, nendele, kes valmistuvad misjoni jaoks kaugetes riikides, v\u00f5ibolla mitte nii kaugetes, mitte alati greograafiliselt, kuid v\u00e4ga tihti vaimselt kaugel usust, kristlikust elu n\u00e4gemusest.<\/p>\n\n<p>Nii, see ongi perekondade misjon: selleks, et l\u00e4hemale tuua kauget perekonda, mis kaugeneb usust, on vaja perekondade kohalolu, perekondade tunnistust, perekondade apostolaati. &#013;\n&#013;\n<em>(*) Vrd \u00abL&#8217;Osservatore Romano\u00bb, 30. detsember 1987.<\/em><\/p>\n\n<figure class=\"wp-block-gallery columns-3 is-cropped wp-block-gallery-1 is-layout-flex wp-block-gallery-is-layout-flex\"><ul class=\"blocks-gallery-grid\"><li class=\"blocks-gallery-item\"><figure><img loading=\"lazy\" decoding=\"async\" width=\"703\" height=\"536\" src=\"https:\/\/neocatechumenaleiter.org\/wp-content\/uploads\/2020\/03\/Camino_Neocatecumenal_Juan_Pablo_II_audiencia_privada_envio_36_familias_mision_1987.jpg\" alt=\"\" data-id=\"2075\" data-full-url=\"https:\/\/neocatechumenaleiter.org\/wp-content\/uploads\/2020\/03\/Camino_Neocatecumenal_Juan_Pablo_II_audiencia_privada_envio_36_familias_mision_1987.jpg\" data-link=\"https:\/\/neocatechumenaleiter.org\/?attachment_id=2075\" class=\"wp-image-2075\" srcset=\"https:\/\/neocatechumenaleiter.org\/wp-content\/uploads\/2020\/03\/Camino_Neocatecumenal_Juan_Pablo_II_audiencia_privada_envio_36_familias_mision_1987.jpg 703w, https:\/\/neocatechumenaleiter.org\/wp-content\/uploads\/2020\/03\/Camino_Neocatecumenal_Juan_Pablo_II_audiencia_privada_envio_36_familias_mision_1987-300x229.jpg 300w\" sizes=\"auto, (max-width: 703px) 100vw, 703px\" \/><\/figure><\/li><li class=\"blocks-gallery-item\"><figure><img loading=\"lazy\" decoding=\"async\" width=\"701\" height=\"569\" src=\"https:\/\/neocatechumenaleiter.org\/wp-content\/uploads\/2020\/03\/Camino_Neocatecumenal_Juan_Pablo_II_audiencia_privada_envio_36_familias_mision_19873.jpg\" alt=\"\" data-id=\"2068\" data-full-url=\"https:\/\/neocatechumenaleiter.org\/wp-content\/uploads\/2020\/03\/Camino_Neocatecumenal_Juan_Pablo_II_audiencia_privada_envio_36_familias_mision_19873.jpg\" data-link=\"https:\/\/neocatechumenaleiter.org\/?attachment_id=2068\" class=\"wp-image-2068\" srcset=\"https:\/\/neocatechumenaleiter.org\/wp-content\/uploads\/2020\/03\/Camino_Neocatecumenal_Juan_Pablo_II_audiencia_privada_envio_36_familias_mision_19873.jpg 701w, https:\/\/neocatechumenaleiter.org\/wp-content\/uploads\/2020\/03\/Camino_Neocatecumenal_Juan_Pablo_II_audiencia_privada_envio_36_familias_mision_19873-300x244.jpg 300w\" sizes=\"auto, (max-width: 701px) 100vw, 701px\" \/><\/figure><\/li><li class=\"blocks-gallery-item\"><figure><img loading=\"lazy\" decoding=\"async\" width=\"768\" height=\"535\" src=\"https:\/\/neocatechumenaleiter.org\/wp-content\/uploads\/2020\/03\/Camino_Neocatecumenal_Juan_Pablo_II_audiencia_privada_envio_36_familias_mision_19872.jpg\" alt=\"\" data-id=\"2061\" data-full-url=\"https:\/\/neocatechumenaleiter.org\/wp-content\/uploads\/2020\/03\/Camino_Neocatecumenal_Juan_Pablo_II_audiencia_privada_envio_36_familias_mision_19872.jpg\" data-link=\"https:\/\/neocatechumenaleiter.org\/?attachment_id=2061\" class=\"wp-image-2061\" srcset=\"https:\/\/neocatechumenaleiter.org\/wp-content\/uploads\/2020\/03\/Camino_Neocatecumenal_Juan_Pablo_II_audiencia_privada_envio_36_familias_mision_19872.jpg 768w, https:\/\/neocatechumenaleiter.org\/wp-content\/uploads\/2020\/03\/Camino_Neocatecumenal_Juan_Pablo_II_audiencia_privada_envio_36_familias_mision_19872-300x209.jpg 300w\" sizes=\"auto, (max-width: 768px) 100vw, 768px\" \/><\/figure><\/li><\/ul><\/figure>","protected":false},"excerpt":{"rendered":"<p>Eraaudients kolmek\u00fcmne kuue perekonna l\u00e4kitamine &#8220;Uue Evangeliseerimise&#8221; jaoks 27- XII-1987 P\u00fcha Johannes Paulus II Castel Gandolfo: P\u00fcha Perekonna Suurp\u00fcha, 27. detsember 1987 Kolmk\u00fcmmend kuus erinevatesse Neokatehhumeenilistesse Kogudustesse kuuluvat perekonda on saanud Paavsti k\u00e4est ristikuju, mis saadab neid misjonipaikades, kuhu nad lahkuvad. Lihtne ristikujude andmise tseremoonia toimus p\u00fchap\u00e4eva, 27. detsembri, hommikul Castel Gandolfo Paavsti Palee \u0160veitslaste Saalis, peale tavap\u00e4rast Paavsti kohtumist usklikega Angeluse\u00a0lugemiseks. Kohalolevate perekondade poole p\u00f6\u00f6rdus P\u00fcha Isa s\u00f5nadega, mida<\/p>\n<div class=\"read-more\"><a class=\"btn read-more-btn\" href=\"https:\/\/neocatechumenaleiter.org\/et\/paavstide-sonad\/puha-johannes-paulus-ii\/eraaudients-kolmekumne-kuue-perekonna-lakitamine-uue-evangeliseerimise-jaoks-27-xii-1987\/\">Loe edasi<\/a><\/div>\n","protected":false},"author":2,"featured_media":0,"parent":19903,"menu_order":47,"comment_status":"closed","ping_status":"closed","template":"","meta":{"footnotes":""},"class_list":["post-44522","page","type-page","status-publish","hentry"],"_links":{"self":[{"href":"https:\/\/neocatechumenaleiter.org\/et\/wp-json\/wp\/v2\/pages\/44522","targetHints":{"allow":["GET"]}}],"collection":[{"href":"https:\/\/neocatechumenaleiter.org\/et\/wp-json\/wp\/v2\/pages"}],"about":[{"href":"https:\/\/neocatechumenaleiter.org\/et\/wp-json\/wp\/v2\/types\/page"}],"author":[{"embeddable":true,"href":"https:\/\/neocatechumenaleiter.org\/et\/wp-json\/wp\/v2\/users\/2"}],"replies":[{"embeddable":true,"href":"https:\/\/neocatechumenaleiter.org\/et\/wp-json\/wp\/v2\/comments?post=44522"}],"version-history":[{"count":5,"href":"https:\/\/neocatechumenaleiter.org\/et\/wp-json\/wp\/v2\/pages\/44522\/revisions"}],"predecessor-version":[{"id":47685,"href":"https:\/\/neocatechumenaleiter.org\/et\/wp-json\/wp\/v2\/pages\/44522\/revisions\/47685"}],"up":[{"embeddable":true,"href":"https:\/\/neocatechumenaleiter.org\/et\/wp-json\/wp\/v2\/pages\/19903"}],"wp:attachment":[{"href":"https:\/\/neocatechumenaleiter.org\/et\/wp-json\/wp\/v2\/media?parent=44522"}],"curies":[{"name":"wp","href":"https:\/\/api.w.org\/{rel}","templated":true}]}}