{"id":48278,"date":"2025-12-10T03:10:12","date_gmt":"2025-12-10T02:10:12","guid":{"rendered":"https:\/\/neocatechumenaleiter.org\/paavstide-sonad\/leo-xiv\/"},"modified":"2026-03-20T12:32:51","modified_gmt":"2026-03-20T11:32:51","slug":"leo-xiv","status":"publish","type":"page","link":"https:\/\/neocatechumenaleiter.org\/et\/paavstide-sonad\/leo-xiv\/","title":{"rendered":"Leo XIV"},"content":{"rendered":"\n<h1 class=\"wp-block-heading has-text-align-center\">Leo XIV<\/h1>\n\n<div style=\"height:20px\" aria-hidden=\"true\" class=\"wp-block-spacer\"><\/div>\n\n<h4 class=\"wp-block-heading has-text-align-center\">Biograafia<\/h4>\n\n<div style=\"height:20px\" aria-hidden=\"true\" class=\"wp-block-spacer\"><\/div>\n<div class=\"wp-block-image is-style-default\">\n<figure data-wp-context=\"{&quot;imageId&quot;:&quot;69dcf86250497&quot;}\" data-wp-interactive=\"core\/image\" data-wp-key=\"69dcf86250497\" class=\"alignleft size-medium wp-lightbox-container\"><img loading=\"lazy\" decoding=\"async\" width=\"250\" height=\"300\" data-wp-class--hide=\"state.isContentHidden\" data-wp-class--show=\"state.isContentVisible\" data-wp-init=\"callbacks.setButtonStyles\" data-wp-on--click=\"actions.showLightbox\" data-wp-on--load=\"callbacks.setButtonStyles\" data-wp-on-window--resize=\"callbacks.setButtonStyles\" src=\"https:\/\/neocatechumenaleiter.org\/wp-content\/uploads\/2025\/12\/Papa-Leone-XIV-foto-ufficiale_Copyright-VATICAN-MEDIA-500x600-2-250x300.jpg\" alt=\"Paavst Leo XIV\" class=\"wp-image-46111\" srcset=\"https:\/\/neocatechumenaleiter.org\/wp-content\/uploads\/2025\/12\/Papa-Leone-XIV-foto-ufficiale_Copyright-VATICAN-MEDIA-500x600-2-250x300.jpg 250w, https:\/\/neocatechumenaleiter.org\/wp-content\/uploads\/2025\/12\/Papa-Leone-XIV-foto-ufficiale_Copyright-VATICAN-MEDIA-500x600-2.jpg 500w\" sizes=\"auto, (max-width: 250px) 100vw, 250px\" \/><button\n\t\t\tclass=\"lightbox-trigger\"\n\t\t\ttype=\"button\"\n\t\t\taria-haspopup=\"dialog\"\n\t\t\taria-label=\"Enlarge\"\n\t\t\tdata-wp-init=\"callbacks.initTriggerButton\"\n\t\t\tdata-wp-on--click=\"actions.showLightbox\"\n\t\t\tdata-wp-style--right=\"state.imageButtonRight\"\n\t\t\tdata-wp-style--top=\"state.imageButtonTop\"\n\t\t>\n\t\t\t<svg xmlns=\"http:\/\/www.w3.org\/2000\/svg\" width=\"12\" height=\"12\" fill=\"none\" viewBox=\"0 0 12 12\">\n\t\t\t\t<path fill=\"#fff\" d=\"M2 0a2 2 0 0 0-2 2v2h1.5V2a.5.5 0 0 1 .5-.5h2V0H2Zm2 10.5H2a.5.5 0 0 1-.5-.5V8H0v2a2 2 0 0 0 2 2h2v-1.5ZM8 12v-1.5h2a.5.5 0 0 0 .5-.5V8H12v2a2 2 0 0 1-2 2H8Zm2-12a2 2 0 0 1 2 2v2h-1.5V2a.5.5 0 0 0-.5-.5H8V0h2Z\" \/>\n\t\t\t<\/svg>\n\t\t<\/button><figcaption class=\"wp-element-caption\"><strong>\u00a9<\/strong>Vatican media<\/figcaption><\/figure><\/div>\n<p>Robert Francis Prevost s\u00fcndis <strong>14. septembril 1955. aastal Chicagos, Illinois (\u00dchendriigid)<\/strong>.<\/p>\n\n<p>Juba noorusp\u00f5lves astus ta <strong>P\u00fcha Augustinuse ordusse<\/strong>, kus ta tunnistas oma vanded 29. augustil 1981. aastal ja p\u00fchitseti preestriks 19. juunil 1982.<\/p>\n\n<p>Ta l\u00f5petas oma k\u00f5rghariduse \u00f5pingud erinevates institutsioonides: <strong>magister Jumalikkuses<\/strong> Chicago Catholic Theological Unionis ja <strong>doktor Kanoonilises \u00d5iguse<\/strong>s Rooma P\u00fcha Aquinose Thomase Paavstlikus \u00dclikoolis (Angelicum).<\/p>\n\n<p>Aastal 1985 saadeti ta augustiinlasest misjon\u00e4rina Peruusse. Ta teenis Chulucanas. Siis l\u00e4ks ta misjonile Trujillos 1988. aastal. Seal oli ta kogukonna prior (1988-1992). Aastal 1999 valiti ta Chicagi \u201cMother of Good Counsel\u201d provintsi prioriks.<\/p>\n\n<p>Aastatel 2001 kuni 2013 oli ta<strong> P\u00fcha Augustinuse ordu<\/strong> \u00fcldprior.<\/p>\n\n<p>2014. aastal nimetati ta apostellikuks administraatoriks Chiclayo piiskopkonnas. Ning <strong>p\u00fchitseti piiskopiks<\/strong> 12. detsembril, Guadalupe Neitsi p\u00fchal. Alates 26. novembrist 2015. aastast Chiclayo piiskop. Peruu Piiskopikonverentsi asepresident aastatel 2018-2023.<\/p>\n\n<p>Vaimulike Kongregatsiooni liige 2019. aastal ja Piiskoppide Kongregatsiooni liige 2020. aastal. Sellesama aasta 15. aprillil nimetas Paavst ta Callao piiskopkonna apostellikuks administraatoriks.<\/p>\n\n<p>30. jaanuaril 2023 seadis Paavst Franciscus ta <strong>Piiskoppide Dikasteeriumi prefektiks<\/strong>. Samal aastal nimetati ja kuulutati ta kardinaliks ning <strong>Ladina-Ameerika Paavstliku Komisjoni<\/strong> presidendiks.<\/p>\n\n<p>Paavsti Franciscuse lahkumise j\u00e4rel valis Roomas kogunenud konklaav Robert Prevosti uueks <strong>Paavstiks 8. mail 2025. aastal<\/strong>, Pompei Neitsi p\u00fchal.<\/p>\n\n<p>Paavsti Leo XIV moto on <em><strong>\u00abIn Illo uno unum\u00bb<\/strong><\/em><strong>,\u00a0<\/strong>mis ladina keelest t\u00f5lgitakse <strong>\u00ab\u00dches, oleme \u00fcks\u00bb\u00a0<\/strong>v\u00f5i \u00abTemas, \u00fcksainus\u00bb. See lause, mis on v\u00f5etud P\u00fcha Augustinuse Psalmi 127 selgitusest, r\u00f5hutab tema keskendumist kristlaste \u00fchtsusele ja osadusele Kristuses.<\/p>\n\n<div style=\"height:20px\" aria-hidden=\"true\" class=\"wp-block-spacer\"><\/div>\n\n<hr class=\"wp-block-separator aligncenter has-alpha-channel-opacity is-style-wide\"\/>\n\n<div style=\"height:20px\" aria-hidden=\"true\" class=\"wp-block-spacer\"><\/div>\n\n<h3 class=\"wp-block-heading has-text-align-center\">Dokumendid<\/h3>\n\n<div style=\"height:40px\" aria-hidden=\"true\" class=\"wp-block-spacer\"><\/div>\n\n<section id=\"search-2\" class=\"widget widget_search\"><form role=\"search\" method=\"get\" class=\"search-form\" action=\"https:\/\/neocatechumenaleiter.org\/et\">\r\n\t<label for=\"search-form-5e59be1dc1b02\">\r\n\t\t<span class=\"screen-reader-text\">Otsing:<\/span>\r\n        <input type=\"search\" id=\"search-form-5e59be1dc1b02\" class=\"search-field\" placeholder=\"Otsing \u2026\" value=\"\" name=\"s\"\/><\/label>\r\n\t<button type=\"submit\" class=\"search-submit\">\r\n    \t<span class=\"screen-reader-text\">Otsing<\/span>\r\n        <i class=\"icon-magnifier\"><\/i>\r\n    <\/button>\r\n<\/form>\r\n<\/section>\n<div style=\"height:40px\" aria-hidden=\"true\" class=\"wp-block-spacer\"><\/div>\n\n<div class=\"wp-block-columns are-vertically-aligned-center is-layout-flex wp-container-core-columns-is-layout-9d6595d7 wp-block-columns-is-layout-flex\">\n<div class=\"wp-block-column is-vertically-aligned-center is-layout-flow wp-block-column-is-layout-flow\">\n<h4 class=\"wp-block-heading has-text-align-center\">Aasta 2025<\/h4>\n\n\n\n<div style=\"height:20px\" aria-hidden=\"true\" class=\"wp-block-spacer\"><\/div>\n\n\n\n<figure class=\"wp-block-embed aligncenter is-type-wp-embed is-provider-camino-neocatecumenal wp-block-embed-camino-neocatecumenal\"><div class=\"wp-block-embed__wrapper\">\r\n<blockquote class=\"wp-embedded-content\" data-secret=\"D3RSzmV12A\"><a href=\"https:\/\/neocatechumenaleiter.org\/et\/paavst-leo-xiv-votab-vastu-kiko-arguellot-neokatehhumeenilise-tee-algatajat\/\">El Papa Le\u00f3n XIV recibe a Kiko Arguello, iniciador del Camino\u00a0Neocatecumenal<\/a><\/blockquote><iframe loading=\"lazy\" class=\"wp-embedded-content\" sandbox=\"allow-scripts\" security=\"restricted\" style=\"position: absolute; visibility: hidden;\" title=\"&#8220;El Papa Le\u00f3n XIV recibe a Kiko Arguello, iniciador del Camino\u00a0Neocatecumenal&#8221; &#8212; Neokatehhumeenilise Tee\" src=\"https:\/\/neocatechumenaleiter.org\/et\/paavst-leo-xiv-votab-vastu-kiko-arguellot-neokatehhumeenilise-tee-algatajat\/embed\/#?secret=15ondEdo5I#?secret=D3RSzmV12A\" data-secret=\"D3RSzmV12A\" width=\"600\" height=\"338\" frameborder=\"0\" marginwidth=\"0\" marginheight=\"0\" scrolling=\"no\"><\/iframe>\r\n<\/div><\/figure><br>\n<\/div>\n\n\n\n<div class=\"wp-block-column is-vertically-aligned-center is-layout-flow wp-block-column-is-layout-flow\">\n<h4 class=\"wp-block-heading has-text-align-center\">Aasta 2026<\/h4>\n\n\n\n<div style=\"height:20px\" aria-hidden=\"true\" class=\"wp-block-spacer\"><\/div>\n\n\n\n<figure class=\"wp-block-embed aligncenter is-type-wp-embed is-provider-camino-neocatecumenal wp-block-embed-camino-neocatecumenal\"><div class=\"wp-block-embed__wrapper\">\r\n<blockquote class=\"wp-embedded-content\" data-secret=\"UM0YwxP51r\"><a href=\"https:\/\/neocatechumenaleiter.org\/et\/neokatehhumeeniline-tee-vaartuslik-panus-kiriku-ellu\/\">El Camino Neocatecumenal: &#8220;Una preciosa contribuci\u00f3n para la vida de la Iglesia&#8221;<\/a><\/blockquote><iframe loading=\"lazy\" class=\"wp-embedded-content\" sandbox=\"allow-scripts\" security=\"restricted\" style=\"position: absolute; visibility: hidden;\" title=\"&#8220;El Camino Neocatecumenal: &#8220;Una preciosa contribuci\u00f3n para la vida de la Iglesia&#8221;&#8221; &#8212; Neokatehhumeenilise Tee\" src=\"https:\/\/neocatechumenaleiter.org\/et\/neokatehhumeeniline-tee-vaartuslik-panus-kiriku-ellu\/embed\/#?secret=bXCjJCGfdR#?secret=UM0YwxP51r\" data-secret=\"UM0YwxP51r\" width=\"600\" height=\"338\" frameborder=\"0\" marginwidth=\"0\" marginheight=\"0\" scrolling=\"no\"><\/iframe>\r\n<\/div><\/figure><br>\n<\/div>\n<\/div>\n\n<div style=\"height:40px\" aria-hidden=\"true\" class=\"wp-block-spacer\"><\/div>\n","protected":false},"excerpt":{"rendered":"<p>Leo XIV Biograafia Robert Francis Prevost s\u00fcndis 14. septembril 1955. aastal Chicagos, Illinois (\u00dchendriigid). Juba noorusp\u00f5lves astus ta P\u00fcha Augustinuse ordusse, kus ta tunnistas oma vanded 29. augustil 1981. aastal ja p\u00fchitseti preestriks 19. juunil 1982. Ta l\u00f5petas oma k\u00f5rghariduse \u00f5pingud erinevates institutsioonides: magister Jumalikkuses Chicago Catholic Theological Unionis ja doktor Kanoonilises \u00d5iguses Rooma P\u00fcha Aquinose Thomase Paavstlikus \u00dclikoolis (Angelicum). Aastal 1985 saadeti ta augustiinlasest misjon\u00e4rina Peruusse. Ta teenis Chulucanas.<\/p>\n<div class=\"read-more\"><a class=\"btn read-more-btn\" href=\"https:\/\/neocatechumenaleiter.org\/et\/paavstide-sonad\/leo-xiv\/\">Loe edasi<\/a><\/div>\n","protected":false},"author":2,"featured_media":0,"parent":19703,"menu_order":0,"comment_status":"closed","ping_status":"closed","template":"","meta":{"footnotes":""},"class_list":["post-48278","page","type-page","status-publish","hentry"],"_links":{"self":[{"href":"https:\/\/neocatechumenaleiter.org\/et\/wp-json\/wp\/v2\/pages\/48278","targetHints":{"allow":["GET"]}}],"collection":[{"href":"https:\/\/neocatechumenaleiter.org\/et\/wp-json\/wp\/v2\/pages"}],"about":[{"href":"https:\/\/neocatechumenaleiter.org\/et\/wp-json\/wp\/v2\/types\/page"}],"author":[{"embeddable":true,"href":"https:\/\/neocatechumenaleiter.org\/et\/wp-json\/wp\/v2\/users\/2"}],"replies":[{"embeddable":true,"href":"https:\/\/neocatechumenaleiter.org\/et\/wp-json\/wp\/v2\/comments?post=48278"}],"version-history":[{"count":3,"href":"https:\/\/neocatechumenaleiter.org\/et\/wp-json\/wp\/v2\/pages\/48278\/revisions"}],"predecessor-version":[{"id":48301,"href":"https:\/\/neocatechumenaleiter.org\/et\/wp-json\/wp\/v2\/pages\/48278\/revisions\/48301"}],"up":[{"embeddable":true,"href":"https:\/\/neocatechumenaleiter.org\/et\/wp-json\/wp\/v2\/pages\/19703"}],"wp:attachment":[{"href":"https:\/\/neocatechumenaleiter.org\/et\/wp-json\/wp\/v2\/media?parent=48278"}],"curies":[{"name":"wp","href":"https:\/\/api.w.org\/{rel}","templated":true}]}}