{"id":160,"date":"2020-02-18T19:07:54","date_gmt":"2020-02-18T18:07:54","guid":{"rendered":"http:\/\/15.188.244.8.xip.io\/home\/"},"modified":"2025-08-05T09:37:40","modified_gmt":"2025-08-05T08:37:40","slug":"home","status":"publish","type":"page","link":"https:\/\/neocatechumenaleiter.org\/fr\/","title":{"rendered":"Home"},"content":{"rendered":"\n<figure class=\"wp-block-gallery aligncenter has-nested-images columns-2 wp-block-gallery-1 is-layout-flex wp-block-gallery-is-layout-flex\">\n<figure class=\"wp-block-image size-large\"><img loading=\"lazy\" decoding=\"async\" width=\"368\" height=\"520\" data-id=\"42\" src=\"https:\/\/neocatechumenaleiter.org\/wp-content\/uploads\/2020\/02\/Camino_Neocatecumenal_virgen_maria.jpg\" alt=\"Chemin N&#xE9;ocat&#xE9;chum&#xE9;nal Vierge Marie\" class=\"wp-image-42\" srcset=\"https:\/\/neocatechumenaleiter.org\/wp-content\/uploads\/2020\/02\/Camino_Neocatecumenal_virgen_maria.jpg 368w, https:\/\/neocatechumenaleiter.org\/wp-content\/uploads\/2020\/02\/Camino_Neocatecumenal_virgen_maria-212x300.jpg 212w\" sizes=\"auto, (max-width: 368px) 100vw, 368px\" \/><\/figure>\n\n\n<figure class=\"wp-block-image size-large\"><img decoding=\"async\" data-id=\"2922\" src=\"https:\/\/neocatechumenaleiter.org\/wp-content\/uploads\/2021\/04\/Camino_Neocatecumenal_Ilestnecessairedefairedescommunautes.png\" alt=\"\" class=\"wp-image-2922\"\/><\/figure><\/figure>\n\n<div style=\"height:30px\" aria-hidden=\"true\" class=\"wp-block-spacer\"><\/div>\n\n<hr class=\"wp-block-separator has-css-opacity is-style-wide\"\/>\n\n<div style=\"height:30px\" aria-hidden=\"true\" class=\"wp-block-spacer\"><\/div>\n\n<div class=\"wp-block-columns are-vertically-aligned-top is-layout-flex wp-container-core-columns-is-layout-9d6595d7 wp-block-columns-is-layout-flex\">\n<div class=\"wp-block-column is-vertically-aligned-top is-layout-flow wp-block-column-is-layout-flow\"><ul class=\"wp-block-latest-posts__list has-dates aligncenter strong wp-block-latest-posts\"><li><a class=\"wp-block-latest-posts__post-title\" href=\"https:\/\/neocatechumenaleiter.org\/fr\/priere-pour-la-paix\/\">Pri\u00e8re pour la paix<\/a><time datetime=\"2026-03-12T03:51:26+01:00\" class=\"wp-block-latest-posts__post-date\">12 mars 2026<\/time><\/li>\n<li><a class=\"wp-block-latest-posts__post-title\" href=\"https:\/\/neocatechumenaleiter.org\/fr\/lopera-symphonique-de-kiko-arguello-reunit-plus-de-1-500-personnes-dans-la-cathedrale-primatiale-de-tolede\/\">L&rsquo;Op\u00e9ra symphonique de Kiko Arg\u00fcello r\u00e9unit plus de 1 500 personnes dans la cath\u00e9drale primatiale de Tol\u00e8de<\/a><time datetime=\"2026-02-24T19:11:26+01:00\" class=\"wp-block-latest-posts__post-date\">24 f\u00e9vrier 2026<\/time><\/li>\n<li><a class=\"wp-block-latest-posts__post-title\" href=\"https:\/\/neocatechumenaleiter.org\/fr\/kiko-arguello-et-son-oeuvre-symphonique-a-la-cathedrale-de-tolede\/\">Kiko Arg\u00fcello et son \u0153uvre symphonique \u00e0 la cath\u00e9drale de Tol\u00e8de<\/a><time datetime=\"2026-02-20T04:00:50+01:00\" class=\"wp-block-latest-posts__post-date\">20 f\u00e9vrier 2026<\/time><\/li>\n<\/ul><\/div>\n\n\n\n<div class=\"wp-block-column is-vertically-aligned-top is-layout-flow wp-block-column-is-layout-flow\">\n<h5 class=\"wp-block-heading has-text-align-left wp-block-latest-posts__list\"><a href=\"http:\/\/carmenhernandez.org\/fr\" target=\"_blank\" rel=\"noreferrer noopener\"><strong>carmenhernandez.org<\/strong><\/a><\/h5>\n\n\n\n<div style=\"height:10px\" aria-hidden=\"true\" class=\"wp-block-spacer\"><\/div>\n<\/div>\n\n\n\n<div class=\"wp-block-column is-vertically-aligned-top is-layout-flow wp-block-column-is-layout-flow\">\n<h5 class=\"wp-block-heading has-text-align-left wp-block-latest-posts__list\"><a href=\"https:\/\/neocatechumenaleiter.org\/fr\/contact\/\" data-type=\"page\" data-id=\"844\">Visites &#8211; P\u00e8lerinages<\/a><\/h5>\n<\/div>\n<\/div>\n","protected":false},"excerpt":{"rendered":"<p>carmenhernandez.org Visites &#8211; P\u00e8lerinages<\/p>\n","protected":false},"author":1,"featured_media":0,"parent":0,"menu_order":0,"comment_status":"closed","ping_status":"open","template":"","meta":{"footnotes":""},"class_list":["post-160","page","type-page","status-publish","hentry"],"_links":{"self":[{"href":"https:\/\/neocatechumenaleiter.org\/fr\/wp-json\/wp\/v2\/pages\/160","targetHints":{"allow":["GET"]}}],"collection":[{"href":"https:\/\/neocatechumenaleiter.org\/fr\/wp-json\/wp\/v2\/pages"}],"about":[{"href":"https:\/\/neocatechumenaleiter.org\/fr\/wp-json\/wp\/v2\/types\/page"}],"author":[{"embeddable":true,"href":"https:\/\/neocatechumenaleiter.org\/fr\/wp-json\/wp\/v2\/users\/1"}],"replies":[{"embeddable":true,"href":"https:\/\/neocatechumenaleiter.org\/fr\/wp-json\/wp\/v2\/comments?post=160"}],"version-history":[{"count":51,"href":"https:\/\/neocatechumenaleiter.org\/fr\/wp-json\/wp\/v2\/pages\/160\/revisions"}],"predecessor-version":[{"id":43832,"href":"https:\/\/neocatechumenaleiter.org\/fr\/wp-json\/wp\/v2\/pages\/160\/revisions\/43832"}],"wp:attachment":[{"href":"https:\/\/neocatechumenaleiter.org\/fr\/wp-json\/wp\/v2\/media?parent=160"}],"curies":[{"name":"wp","href":"https:\/\/api.w.org\/{rel}","templated":true}]}}