{"id":16252,"date":"2020-06-29T10:30:50","date_gmt":"2020-06-29T09:30:50","guid":{"rendered":"https:\/\/neocatechumenaleiter.org\/paroles-de-papes\/benoit-xvi\/convivence-des-eveques-de-lasie-et-de-laustralie-domus-galilaeae-18-24-novembre-2006\/"},"modified":"2020-06-29T10:31:35","modified_gmt":"2020-06-29T09:31:35","slug":"convivence-des-eveques-de-lasie-et-de-laustralie-domus-galilaeae-18-24-novembre-2006","status":"publish","type":"page","link":"https:\/\/neocatechumenaleiter.org\/fr\/paroles-de-papes\/benoit-xvi\/convivence-des-eveques-de-lasie-et-de-laustralie-domus-galilaeae-18-24-novembre-2006\/","title":{"rendered":"Convivence des \u00c9v\u00eaques de l\u2019Asie et de l\u2019Australie &#8211; Domus Galilaeae, 18-24 novembre 2006"},"content":{"rendered":"\n<h1 class=\"has-text-align-center wp-block-heading\">Convivence des \u00c9v\u00eaques de l\u2019Asie et de l\u2019Australie &#8211; Domus Galilaeae, 18-24 novembre 2006<\/h1>\n\n<div style=\"height:20px\" aria-hidden=\"true\" class=\"wp-block-spacer\"><\/div>\n\n<h4 class=\"has-text-align-center wp-block-heading\">Beno\u00eet XVI<\/h4>\n\n<div style=\"height:20px\" aria-hidden=\"true\" class=\"wp-block-spacer\"><\/div>\n\n<p><strong>Domus Galilaeae, 18-24 novembre 2006<\/strong><\/p>\n\n<p><em>Du 18 au 26 novembre 2006 s\u2019est tenue une convivence de 126 \u00c9v\u00eaques d\u2019Asie (et quelques uns d\u2019Australie) dont 65 venus de l\u2019Inde avec le Cardinal Telesphore Toppo, archev\u00eaque de Ranchi et pr\u00e9sident de la Conf\u00e9rence \u00c9piscopale de l\u2019Inde. Dans son allocution en conclusion de la convivence, le Cardinal a eu des paroles particuli\u00e8rement significatives sur l\u2019\u0153uvre du Chemin N\u00e9ocat\u00e9chum\u00e9nal. Nous rapportons deux brefs passages\u00a0:<\/em><\/p>\n\n<p>\u00ab\u00a0\u2026 En ce qui concerne le Chemin N\u00e9ocat\u00e9chum\u00e9nal, la chose fondamentale est ce que nous avons v\u00e9cu ces jours-ci et les exp\u00e9riences de visite des lieux saints. Je ne savais pas que trois \u00c9v\u00eaques de Rome &#8211; Paul VI, Jean-Paul II et l\u2019actuel Pape &#8211; \u00e9taient si associ\u00e9s au \u00a0Chemin N\u00e9ocat\u00e9chum\u00e9nal\u2026&#013;\n&#013;\nJ\u2019aurais beaucoup de choses \u00e0 dire\u00a0: ce n\u2019est pas l\u2019\u0153uvre de Kiko, ni l\u2019\u0153uvre de Carmen, ni la n\u00f4tre, qui avons \u00e9t\u00e9 choisis et amen\u00e9s ici \u2013 eux sont certainement les vases choisis, n\u2019est ce pas\u00a0? \u2013 Mais c\u2019est l\u2019\u0153uvre de Dieu lui-m\u00eame pour l\u2019\u00c9glise, parce qu\u2019Il aime l\u2019\u00c9glise. \u00c0 travers les \u00e2ges, Il suscite des personnes, comme Il a fait par le pass\u00e9, Il fait de m\u00eame aujourd\u2019hui. C\u2019est vraiment une \u0153uvre de Dieu\u2026<\/p>\n\n<p>M\u00eame si c\u2019est la premi\u00e8re fois que je suis en contact avec le Chemin N\u00e9ocat\u00e9chum\u00e9nal, je dis que ce Chemin est la n\u00e9cessit\u00e9 de ce moment et si nous ne le prenons pas tr\u00e8s au s\u00e9rieux nous ne serons pas capables d\u2019\u00e9vang\u00e9liser <em>ad gentes<\/em> et nous perdrons aussi ceux que nous appelons chr\u00e9tiens baptis\u00e9s. Pour cela, si nous sommes vraiment chr\u00e9tiens, nous avons besoin d\u2019\u00eatre \u00e9vang\u00e9lis\u00e9s si nous voulons \u00e0 notre tour \u00e9vang\u00e9liser les autres.&#013;\n&#013;\n\u00a0&#013;\n&#013;\nJe tiens \u00e0 dire une autre chose. \u00c7a ne peut pas \u00eatre une \u0153uvre de ces la\u00efcs ou de ces itin\u00e9rants ou d\u2019autres\u00a0: c\u2019est l\u2019\u0153uvre de l\u2019\u00c9glise. Ces itin\u00e9rants, ces missionnaires ont besoin du minist\u00e8re de l\u2019\u00c9glise\u00a0: c\u2019est l\u2019\u0153uvre du Corps du Christ. Et nous devons rester ensemble et travailler ensemble. Nous ne pouvons pas passer la main aux la\u00efcs en les laissant \u00e9vang\u00e9liser seuls\u00a0: si le Seigneur suscite des la\u00efcs pleins de z\u00e8le, les \u00e9v\u00eaques et les pr\u00eatres doivent \u00eatre compl\u00e8tement avec eux, toute l\u2019\u00c9glise. L\u2019\u00c9glise est par nature missionnaire\u00a0: l\u2019\u00c9glise doit \u00e9vang\u00e9liser, l\u2019\u00c9glise doit proclamer J\u00e9sus, sinon nous ne sommes pas l\u2019\u00c9glise. Pour cela je suis vraiment heureux.\u00a0\u00bb<\/p>\n\n<p>Nous rapportons le t\u00e9l\u00e9gramme que le Saint P\u00e8re a envoy\u00e9 aux Cardinaux, aux \u00c9v\u00eaques et \u00e0 tous les participants \u00e0 la convivence : <\/p>\n\n<p>A l\u2019occasion de la rencontre des \u00c9v\u00eaques, pr\u00eatres et fid\u00e8les la\u00efcs de l\u2019Asie et de l\u2019Australie pour r\u00e9fl\u00e9chir sur les d\u00e9fis et les urgences missionnaires, le Souverain Pontife adresse aux  participants ses salutations et meilleurs v\u0153ux et tout en souhaitant que cette initiative providentielle soit un moment de r\u00e9flexion commune et de partage de la foi suscitant un engagement renouvel\u00e9 d\u2019annoncer le Christ par le t\u00e9moignage de la propre vie, il invoque une large effusion de faveurs c\u00e9lestes et envoie de tout c\u0153ur la B\u00e9n\u00e9diction apostolique.<\/p>\n\n<p><em>Cardinal Tarcisio Bertone, <\/em><em>Secr\u00e9taire d\u2019\u00c9tat de Sa Saintet\u00e9 Beno\u00eet XVI<\/em><\/p>\n","protected":false},"excerpt":{"rendered":"<p>Convivence des \u00c9v\u00eaques de l\u2019Asie et de l\u2019Australie &#8211; Domus Galilaeae, 18-24 novembre 2006 Beno\u00eet XVI Domus Galilaeae, 18-24 novembre 2006 Du 18 au 26 novembre 2006 s\u2019est tenue une convivence de 126 \u00c9v\u00eaques d\u2019Asie (et quelques uns d\u2019Australie) dont 65 venus de l\u2019Inde avec le Cardinal Telesphore Toppo, archev\u00eaque de Ranchi et pr\u00e9sident de la Conf\u00e9rence \u00c9piscopale de l\u2019Inde. Dans son allocution en conclusion de la convivence, le Cardinal<\/p>\n<div class=\"read-more\"><a class=\"btn read-more-btn\" href=\"https:\/\/neocatechumenaleiter.org\/fr\/paroles-de-papes\/benoit-xvi\/convivence-des-eveques-de-lasie-et-de-laustralie-domus-galilaeae-18-24-novembre-2006\/\">En savoir plus<\/a><\/div>\n","protected":false},"author":2,"featured_media":0,"parent":5071,"menu_order":3,"comment_status":"closed","ping_status":"closed","template":"","meta":{"footnotes":""},"class_list":["post-16252","page","type-page","status-publish","hentry"],"_links":{"self":[{"href":"https:\/\/neocatechumenaleiter.org\/fr\/wp-json\/wp\/v2\/pages\/16252","targetHints":{"allow":["GET"]}}],"collection":[{"href":"https:\/\/neocatechumenaleiter.org\/fr\/wp-json\/wp\/v2\/pages"}],"about":[{"href":"https:\/\/neocatechumenaleiter.org\/fr\/wp-json\/wp\/v2\/types\/page"}],"author":[{"embeddable":true,"href":"https:\/\/neocatechumenaleiter.org\/fr\/wp-json\/wp\/v2\/users\/2"}],"replies":[{"embeddable":true,"href":"https:\/\/neocatechumenaleiter.org\/fr\/wp-json\/wp\/v2\/comments?post=16252"}],"version-history":[{"count":3,"href":"https:\/\/neocatechumenaleiter.org\/fr\/wp-json\/wp\/v2\/pages\/16252\/revisions"}],"predecessor-version":[{"id":16255,"href":"https:\/\/neocatechumenaleiter.org\/fr\/wp-json\/wp\/v2\/pages\/16252\/revisions\/16255"}],"up":[{"embeddable":true,"href":"https:\/\/neocatechumenaleiter.org\/fr\/wp-json\/wp\/v2\/pages\/5071"}],"wp:attachment":[{"href":"https:\/\/neocatechumenaleiter.org\/fr\/wp-json\/wp\/v2\/media?parent=16252"}],"curies":[{"name":"wp","href":"https:\/\/api.w.org\/{rel}","templated":true}]}}