{"id":16260,"date":"2020-06-29T11:41:24","date_gmt":"2020-06-29T10:41:24","guid":{"rendered":"https:\/\/neocatechumenaleiter.org\/paroles-de-papes\/benoit-xvi\/audience-privee-du-pape-benoit-xvi-aux-initiateurs-du-chemin-neocatechumenal-26-mai-2007\/"},"modified":"2020-06-29T11:41:24","modified_gmt":"2020-06-29T10:41:24","slug":"audience-privee-du-pape-benoit-xvi-aux-initiateurs-du-chemin-neocatechumenal-26-mai-2007","status":"publish","type":"page","link":"https:\/\/neocatechumenaleiter.org\/fr\/paroles-de-papes\/benoit-xvi\/audience-privee-du-pape-benoit-xvi-aux-initiateurs-du-chemin-neocatechumenal-26-mai-2007\/","title":{"rendered":"Audience priv\u00e9e du Pape Benoit XVI aux initiateurs du Chemin n\u00e9ocat\u00e9chum\u00e9nal 26 mai 2007"},"content":{"rendered":"\n<h1 class=\"has-text-align-center wp-block-heading\">Audience priv\u00e9e du Pape Benoit XVI aux initiateurs du Chemin n\u00e9ocat\u00e9chum\u00e9nal 26 mai 2007<\/h1>\n\n<div style=\"height:20px\" aria-hidden=\"true\" class=\"wp-block-spacer\"><\/div>\n\n<h4 class=\"has-text-align-center wp-block-heading\">Benoit XVI<\/h4>\n\n<div style=\"height:20px\" aria-hidden=\"true\" class=\"wp-block-spacer\"><\/div>\n\n<p><strong>Cit\u00e9 du Vatican, 26 mai 2007<\/strong><\/p>\n\n<p>Kiko, \u00e0 la fin de l\u2019audience, a offert au Pape un dessin repr\u00e9sentant Saint Pierre.<\/p>\n\n<figure class=\"wp-block-gallery aligncenter columns-2 is-cropped wp-block-gallery-1 is-layout-flex wp-block-gallery-is-layout-flex\"><ul class=\"blocks-gallery-grid\"><li class=\"blocks-gallery-item\"><figure><img loading=\"lazy\" decoding=\"async\" width=\"400\" height=\"266\" src=\"https:\/\/neocatechumenaleiter.org\/wp-content\/uploads\/2020\/02\/Camino_Neocatecumenal_Benedicto_XVI_audiencia_Kiko_Carmen_Mario_2007.jpg\" alt=\"\" data-id=\"1157\" data-full-url=\"https:\/\/neocatechumenaleiter.org\/wp-content\/uploads\/2020\/02\/Camino_Neocatecumenal_Benedicto_XVI_audiencia_Kiko_Carmen_Mario_2007.jpg\" data-link=\"https:\/\/neocatechumenaleiter.org\/?attachment_id=1157\" class=\"wp-image-1159\" srcset=\"https:\/\/neocatechumenaleiter.org\/wp-content\/uploads\/2020\/02\/Camino_Neocatecumenal_Benedicto_XVI_audiencia_Kiko_Carmen_Mario_2007.jpg 400w, https:\/\/neocatechumenaleiter.org\/wp-content\/uploads\/2020\/02\/Camino_Neocatecumenal_Benedicto_XVI_audiencia_Kiko_Carmen_Mario_2007-300x200.jpg 300w\" sizes=\"auto, (max-width: 400px) 100vw, 400px\" \/><\/figure><\/li><li class=\"blocks-gallery-item\"><figure><img loading=\"lazy\" decoding=\"async\" width=\"400\" height=\"271\" src=\"https:\/\/neocatechumenaleiter.org\/wp-content\/uploads\/2020\/02\/Camino_Neocatecumenal_Benedicto_XVI_audiencia_Kiko_Carmen_Mario_20072.jpg\" alt=\"\" data-id=\"1150\" data-full-url=\"https:\/\/neocatechumenaleiter.org\/wp-content\/uploads\/2020\/02\/Camino_Neocatecumenal_Benedicto_XVI_audiencia_Kiko_Carmen_Mario_20072.jpg\" data-link=\"https:\/\/neocatechumenaleiter.org\/?attachment_id=1150\" class=\"wp-image-1152\" srcset=\"https:\/\/neocatechumenaleiter.org\/wp-content\/uploads\/2020\/02\/Camino_Neocatecumenal_Benedicto_XVI_audiencia_Kiko_Carmen_Mario_20072.jpg 400w, https:\/\/neocatechumenaleiter.org\/wp-content\/uploads\/2020\/02\/Camino_Neocatecumenal_Benedicto_XVI_audiencia_Kiko_Carmen_Mario_20072-300x203.jpg 300w\" sizes=\"auto, (max-width: 400px) 100vw, 400px\" \/><\/figure><\/li><\/ul><\/figure>","protected":false},"excerpt":{"rendered":"<p>Audience priv\u00e9e du Pape Benoit XVI aux initiateurs du Chemin n\u00e9ocat\u00e9chum\u00e9nal 26 mai 2007 Benoit XVI Cit\u00e9 du Vatican, 26 mai 2007 Kiko, \u00e0 la fin de l\u2019audience, a offert au Pape un dessin repr\u00e9sentant Saint Pierre.<\/p>\n","protected":false},"author":2,"featured_media":0,"parent":5071,"menu_order":5,"comment_status":"closed","ping_status":"closed","template":"","meta":{"footnotes":""},"class_list":["post-16260","page","type-page","status-publish","hentry"],"_links":{"self":[{"href":"https:\/\/neocatechumenaleiter.org\/fr\/wp-json\/wp\/v2\/pages\/16260","targetHints":{"allow":["GET"]}}],"collection":[{"href":"https:\/\/neocatechumenaleiter.org\/fr\/wp-json\/wp\/v2\/pages"}],"about":[{"href":"https:\/\/neocatechumenaleiter.org\/fr\/wp-json\/wp\/v2\/types\/page"}],"author":[{"embeddable":true,"href":"https:\/\/neocatechumenaleiter.org\/fr\/wp-json\/wp\/v2\/users\/2"}],"replies":[{"embeddable":true,"href":"https:\/\/neocatechumenaleiter.org\/fr\/wp-json\/wp\/v2\/comments?post=16260"}],"version-history":[{"count":1,"href":"https:\/\/neocatechumenaleiter.org\/fr\/wp-json\/wp\/v2\/pages\/16260\/revisions"}],"predecessor-version":[{"id":16261,"href":"https:\/\/neocatechumenaleiter.org\/fr\/wp-json\/wp\/v2\/pages\/16260\/revisions\/16261"}],"up":[{"embeddable":true,"href":"https:\/\/neocatechumenaleiter.org\/fr\/wp-json\/wp\/v2\/pages\/5071"}],"wp:attachment":[{"href":"https:\/\/neocatechumenaleiter.org\/fr\/wp-json\/wp\/v2\/media?parent=16260"}],"curies":[{"name":"wp","href":"https:\/\/api.w.org\/{rel}","templated":true}]}}