{"id":16266,"date":"2020-06-29T11:49:04","date_gmt":"2020-06-29T10:49:04","guid":{"rendered":"https:\/\/neocatechumenaleiter.org\/paroles-de-papes\/benoit-xvi\/benoit-xvi-a-langelus-un-chemin-de-redecouverte-de-la-foi\/"},"modified":"2020-06-29T11:54:44","modified_gmt":"2020-06-29T10:54:44","slug":"benoit-xvi-a-langelus-un-chemin-de-redecouverte-de-la-foi","status":"publish","type":"page","link":"https:\/\/neocatechumenaleiter.org\/fr\/paroles-de-papes\/benoit-xvi\/benoit-xvi-a-langelus-un-chemin-de-redecouverte-de-la-foi\/","title":{"rendered":"Benoit XVI \u00e0 l'\u00a0\u00bbAngelus\u00a0\u00bb: un chemin de red\u00e9couverte de la foi"},"content":{"rendered":"\n<h1 class=\"has-text-align-center wp-block-heading\">Benoit XVI \u00e0 l&rsquo; \u00ab\u00a0Angelus\u00a0\u00bb: un chemin de red\u00e9couverte de la foi 29 octobre 2006<\/h1>\n\n<div style=\"height:20px\" aria-hidden=\"true\" class=\"wp-block-spacer\"><\/div>\n\n<h4 class=\"has-text-align-center wp-block-heading\">Benoit XVI<\/h4>\n\n<div style=\"height:20px\" aria-hidden=\"true\" class=\"wp-block-spacer\"><\/div>\n\n<p><strong>Place Saint Pierre, 29 octobre 2006 (*)<\/strong><\/p>\n\n<p><em>Dans l\u2019<\/em><em>Angelus de ce jour,\u00a0 la Pape Beno\u00eet XVI, sans pour autant nommer directement le Chemin N\u00e9ocat\u00e9chum\u00e9nal, parle des \u00ab\u00a0exp\u00e9riences de cat\u00e9ch\u00e8se\u00a0\u00bb propos\u00e9es aux jeunes et aux adultes\u00a0 qui permettent de parcourir un chemin de red\u00e9couverte de la foi de fa\u00e7on m\u00fbre et consciente, pour assumer ensuite un engagement coh\u00e9rent de t\u00e9moignage\u00a0\u00bb et il affirme que ce travail est tr\u00e8s important aujourd\u2019hui. <\/em>&#013;\n&#013;\n<em>Voici les paroles de Beno\u00eet XVI\u00a0: <\/em><\/p>\n\n<p>Dans l&rsquo;\u00c9vangile de ce dimanche (<em>Mc<\/em>\u00a010, 46-52), nous lisons que, tandis que le Seigneur traverse les rues de J\u00e9richo, un aveugle du nom de Bartim\u00e9e s&rsquo;adresse \u00e0 lui en criant:\u00a0 \u00ab\u00a0J\u00e9sus, Fils de David, aie piti\u00e9 de moi !\u00a0\u00bb. Cette pri\u00e8re touche le c\u0153ur du Christ, qui s&rsquo;arr\u00eate, le fait appeler et le gu\u00e9rit. Le moment d\u00e9cisif a \u00e9t\u00e9 la rencontre personnelle et directe, entre le Seigneur et cet homme souffrant. Ils sont l&rsquo;un en face de l&rsquo;autre :\u00a0Dieu, avec sa volont\u00e9 de gu\u00e9rir, et l&rsquo;homme avec son d\u00e9sir d&rsquo;\u00eatre gu\u00e9ri. Deux libert\u00e9s, deux volont\u00e9s convergentes\u00a0:\u00a0 \u00ab\u00a0Que veux-tu que je fasse pour toi?\u00a0\u00bb lui demande le Seigneur. \u00ab\u00a0Que je recouvre la vue !\u00a0\u00bb, r\u00e9pond l&rsquo;aveugle. \u00ab\u00a0Va, ta foi t&rsquo;a sauv\u00e9\u00a0\u00bb. \u00c0 travers ces paroles s&rsquo;accomplit le miracle. Joie de Dieu, joie de l&rsquo;homme. Et Bartim\u00e9e, voyant le jour &#8211; rapporte l&rsquo;Evangile \u2013 \u00ab\u00a0cheminait \u00e0 sa suite\u00a0\u00bb :\u00a0 il devient ainsi l&rsquo;un de ses disciples et monte avec le Ma\u00eetre \u00e0 J\u00e9rusalem, pour participer avec Lui au grand myst\u00e8re du salut. Ce r\u00e9cit, dans la concision de ses passages, \u00e9voque l&rsquo;itin\u00e9raire du cat\u00e9chum\u00e8ne vers le sacrement du Bapt\u00eame, qui, dans l&rsquo;\u00c9glise antique, \u00e9tait appel\u00e9 \u00e9galement \u00ab\u00a0Illumination\u00a0\u00bb.&#013;\n&#013;\nLa foi est un chemin d&rsquo;illumination :\u00a0elle part de l&rsquo;humilit\u00e9 de reconna\u00eetre que l&rsquo;on a besoin de salut et elle arrive \u00e0 la rencontre personnelle avec le Christ, qui appelle \u00e0 le suivre sur le chemin de l&rsquo;amour. C&rsquo;est sur ce mod\u00e8le que se sont impos\u00e9s dans l&rsquo;Eglise les itin\u00e9raires d&rsquo;initiation chr\u00e9tienne, qui pr\u00e9parent aux sacrements du Bapt\u00eame, de la Confirmation et de l&rsquo;Eucharistie. Dans les lieux d&rsquo;antique \u00e9vang\u00e9lisation, o\u00f9 le Bapt\u00eame des enfants est r\u00e9pandu, sont propos\u00e9es aux jeunes et aux adultes des exp\u00e9riences de cat\u00e9ch\u00e8se et de spiritualit\u00e9 qui permettent de parcourir un chemin de red\u00e9couverte de la foi de fa\u00e7on m\u00fbre et consciente, pour assumer ensuite un engagement coh\u00e9rent de t\u00e9moignage.<\/p>\n\n<p>Combien le travail que les pasteurs et les cat\u00e9chistes accomplissent dans ce domaine est important ! La red\u00e9couverte de la valeur de son Bapt\u00eame est \u00e0 la base de l&rsquo;engagement missionnaire de chaque chr\u00e9tien, car nous voyons dans l&rsquo;\u00c9vangile que celui qui se laisse attirer par le Christ ne peut plus se passer de t\u00e9moigner de la joie de suivre ses pas. En ce mois d&rsquo;octobre, consacr\u00e9 de fa\u00e7on particuli\u00e8re \u00e0 la mission, nous comprenons encore plus que, pr\u00e9cis\u00e9ment en vertu du Bapt\u00eame, nous poss\u00e9dons une vocation missionnaire inn\u00e9e.&#013;\n&#013;\nInvoquons l&rsquo;intercession de la Vierge Marie, afin que se multiplient les missionnaires de l&rsquo;\u00c9vangile. Intimement uni au Seigneur, puisse chaque baptis\u00e9 se sentir appel\u00e9 \u00e0 annoncer \u00e0 tous l&rsquo;amour de Dieu, \u00e0 travers le t\u00e9moignage de sa propre vie.<\/p>\n","protected":false},"excerpt":{"rendered":"<p>Benoit XVI \u00e0 l&rsquo; \u00ab\u00a0Angelus\u00a0\u00bb: un chemin de red\u00e9couverte de la foi 29 octobre 2006 Benoit XVI Place Saint Pierre, 29 octobre 2006 (*) Dans l\u2019Angelus de ce jour,\u00a0 la Pape Beno\u00eet XVI, sans pour autant nommer directement le Chemin N\u00e9ocat\u00e9chum\u00e9nal, parle des \u00ab\u00a0exp\u00e9riences de cat\u00e9ch\u00e8se\u00a0\u00bb propos\u00e9es aux jeunes et aux adultes\u00a0 qui permettent de parcourir un chemin de red\u00e9couverte de la foi de fa\u00e7on m\u00fbre et consciente, pour assumer<\/p>\n<div class=\"read-more\"><a class=\"btn read-more-btn\" href=\"https:\/\/neocatechumenaleiter.org\/fr\/paroles-de-papes\/benoit-xvi\/benoit-xvi-a-langelus-un-chemin-de-redecouverte-de-la-foi\/\">En savoir plus<\/a><\/div>\n","protected":false},"author":2,"featured_media":0,"parent":5071,"menu_order":2,"comment_status":"closed","ping_status":"closed","template":"","meta":{"footnotes":""},"class_list":["post-16266","page","type-page","status-publish","hentry"],"_links":{"self":[{"href":"https:\/\/neocatechumenaleiter.org\/fr\/wp-json\/wp\/v2\/pages\/16266","targetHints":{"allow":["GET"]}}],"collection":[{"href":"https:\/\/neocatechumenaleiter.org\/fr\/wp-json\/wp\/v2\/pages"}],"about":[{"href":"https:\/\/neocatechumenaleiter.org\/fr\/wp-json\/wp\/v2\/types\/page"}],"author":[{"embeddable":true,"href":"https:\/\/neocatechumenaleiter.org\/fr\/wp-json\/wp\/v2\/users\/2"}],"replies":[{"embeddable":true,"href":"https:\/\/neocatechumenaleiter.org\/fr\/wp-json\/wp\/v2\/comments?post=16266"}],"version-history":[{"count":3,"href":"https:\/\/neocatechumenaleiter.org\/fr\/wp-json\/wp\/v2\/pages\/16266\/revisions"}],"predecessor-version":[{"id":16269,"href":"https:\/\/neocatechumenaleiter.org\/fr\/wp-json\/wp\/v2\/pages\/16266\/revisions\/16269"}],"up":[{"embeddable":true,"href":"https:\/\/neocatechumenaleiter.org\/fr\/wp-json\/wp\/v2\/pages\/5071"}],"wp:attachment":[{"href":"https:\/\/neocatechumenaleiter.org\/fr\/wp-json\/wp\/v2\/media?parent=16266"}],"curies":[{"name":"wp","href":"https:\/\/api.w.org\/{rel}","templated":true}]}}