{"id":16270,"date":"2020-02-29T04:17:59","date_gmt":"2020-02-29T03:17:59","guid":{"rendered":"https:\/\/neocatechumenaleiter.org\/paroles-de-papes\/francois\/angelus-salutation-aux-communautes-neocatechumenales-de-rome-en-mission-sur-les-places-7-avril-2013\/"},"modified":"2021-08-10T10:59:17","modified_gmt":"2021-08-10T09:59:17","slug":"angelus-salutation-aux-communautes-neocatechumenales-de-rome-en-mission-sur-les-places-7-avril-2013","status":"publish","type":"page","link":"https:\/\/neocatechumenaleiter.org\/fr\/paroles-de-papes\/francois\/angelus-salutation-aux-communautes-neocatechumenales-de-rome-en-mission-sur-les-places-7-avril-2013\/","title":{"rendered":"Ang\u00e9lus : salutation aux communaut\u00e9s n\u00e9ocat\u00e9chum\u00e9nales de Rome en mission sur les places &#8211; 7 avril 2013"},"content":{"rendered":"\n<h1 class=\"has-text-align-center wp-block-heading\">Ang\u00e9lus : salutation aux communaut\u00e9s n\u00e9ocat\u00e9chum\u00e9nales de Rome en mission sur les places &#8211; 7 avril 2013<\/h1>\n\n<div style=\"height:20px\" aria-hidden=\"true\" class=\"wp-block-spacer\"><\/div>\n\n<h4 class=\"has-text-align-center wp-block-heading\">Fran\u00e7ois<\/h4>\n\n<div style=\"height:20px\" aria-hidden=\"true\" class=\"wp-block-spacer\"><\/div>\n\n<p><strong>Salutation pendant l&rsquo;Ang\u00e9lus aux Communaut\u00e9s N\u00e9ocat\u00e9chum\u00e9nales de Rome en Mission sur les places, 7 avril 2013<\/strong><\/p>\n\n<p><em>Le saint P\u00e8re Fran\u00e7ois, apr\u00e8s avoir salu\u00e9 les fid\u00e8les rassembl\u00e9s place Saint-Pierre pour la r\u00e9citation de l\u2019Ang\u00e9lus, s\u2019est adress\u00e9 aux Communaut\u00e9s n\u00e9ocat\u00e9chum\u00e9nales qui commencent la mission des 100 places de Rome :<\/em>&#13;\n&#13;\n\u2026Je suis heureux \u00e9galement de saluer les nombreux membres de mouvements et associations pr\u00e9sents \u00e0 notre temps de pri\u00e8re, en particulier les communaut\u00e9s n\u00e9ocat\u00e9chum\u00e9nales de Rome, qui lancent aujourd\u2019hui une mission sp\u00e9ciale sur les places de la ville. Je vous invite tous \u00e0 porter la Bonne Nouvelle, dans tous les domaines de la vie, \u00ab avec douceur et respect \u00bb (1 P 3, 16) ! Allez sur les places et annoncez J\u00e9sus Christ Notre Sauveur !&#13;\n&#13;\n\u00a0&#13;\n&#13;\n<em>(*) Cf. \u00abL\u2019Osservatore Romano\u00bb, 8 avril 2013.<\/em><\/p>\n\n<div class=\"wp-block-image is-style-default\"><figure class=\"aligncenter size-large\"><img loading=\"lazy\" decoding=\"async\" width=\"400\" height=\"274\" src=\"https:\/\/neocatechumenaleiter.org\/wp-content\/uploads\/2020\/02\/Camino_Neocatecumenal_Papa_Francisco_Kiko_Arguello_Carmen_Hernandez_Mario_Pezzi_audiencia.jpg\" alt=\"\" class=\"wp-image-997\" srcset=\"https:\/\/neocatechumenaleiter.org\/wp-content\/uploads\/2020\/02\/Camino_Neocatecumenal_Papa_Francisco_Kiko_Arguello_Carmen_Hernandez_Mario_Pezzi_audiencia.jpg 400w, https:\/\/neocatechumenaleiter.org\/wp-content\/uploads\/2020\/02\/Camino_Neocatecumenal_Papa_Francisco_Kiko_Arguello_Carmen_Hernandez_Mario_Pezzi_audiencia-300x206.jpg 300w\" sizes=\"auto, (max-width: 400px) 100vw, 400px\" \/><\/figure><\/div>\n","protected":false},"excerpt":{"rendered":"<p>Ang\u00e9lus : salutation aux communaut\u00e9s n\u00e9ocat\u00e9chum\u00e9nales de Rome en mission sur les places &#8211; 7 avril 2013 Fran\u00e7ois Salutation pendant l&rsquo;Ang\u00e9lus aux Communaut\u00e9s N\u00e9ocat\u00e9chum\u00e9nales de Rome en Mission sur les places, 7 avril 2013 Le saint P\u00e8re Fran\u00e7ois, apr\u00e8s avoir salu\u00e9 les fid\u00e8les rassembl\u00e9s place Saint-Pierre pour la r\u00e9citation de l\u2019Ang\u00e9lus, s\u2019est adress\u00e9 aux Communaut\u00e9s n\u00e9ocat\u00e9chum\u00e9nales qui commencent la mission des 100 places de Rome :&#13; &#13; \u2026Je suis heureux<\/p>\n<div class=\"read-more\"><a class=\"btn read-more-btn\" href=\"https:\/\/neocatechumenaleiter.org\/fr\/paroles-de-papes\/francois\/angelus-salutation-aux-communautes-neocatechumenales-de-rome-en-mission-sur-les-places-7-avril-2013\/\">En savoir plus<\/a><\/div>\n","protected":false},"author":2,"featured_media":0,"parent":5073,"menu_order":0,"comment_status":"closed","ping_status":"closed","template":"","meta":{"footnotes":""},"class_list":["post-16270","page","type-page","status-publish","hentry"],"_links":{"self":[{"href":"https:\/\/neocatechumenaleiter.org\/fr\/wp-json\/wp\/v2\/pages\/16270","targetHints":{"allow":["GET"]}}],"collection":[{"href":"https:\/\/neocatechumenaleiter.org\/fr\/wp-json\/wp\/v2\/pages"}],"about":[{"href":"https:\/\/neocatechumenaleiter.org\/fr\/wp-json\/wp\/v2\/types\/page"}],"author":[{"embeddable":true,"href":"https:\/\/neocatechumenaleiter.org\/fr\/wp-json\/wp\/v2\/users\/2"}],"replies":[{"embeddable":true,"href":"https:\/\/neocatechumenaleiter.org\/fr\/wp-json\/wp\/v2\/comments?post=16270"}],"version-history":[{"count":6,"href":"https:\/\/neocatechumenaleiter.org\/fr\/wp-json\/wp\/v2\/pages\/16270\/revisions"}],"predecessor-version":[{"id":23938,"href":"https:\/\/neocatechumenaleiter.org\/fr\/wp-json\/wp\/v2\/pages\/16270\/revisions\/23938"}],"up":[{"embeddable":true,"href":"https:\/\/neocatechumenaleiter.org\/fr\/wp-json\/wp\/v2\/pages\/5073"}],"wp:attachment":[{"href":"https:\/\/neocatechumenaleiter.org\/fr\/wp-json\/wp\/v2\/media?parent=16270"}],"curies":[{"name":"wp","href":"https:\/\/api.w.org\/{rel}","templated":true}]}}