{"id":16276,"date":"2020-02-29T04:22:16","date_gmt":"2020-02-29T03:22:16","guid":{"rendered":"https:\/\/neocatechumenaleiter.org\/paroles-de-papes\/francois\/discours-aux-communautes-du-chemin-neocatechumenal-01-ii-2014\/"},"modified":"2021-08-10T10:59:22","modified_gmt":"2021-08-10T09:59:22","slug":"discours-aux-communautes-du-chemin-neocatechumenal-01-ii-2014","status":"publish","type":"page","link":"https:\/\/neocatechumenaleiter.org\/fr\/paroles-de-papes\/francois\/discours-aux-communautes-du-chemin-neocatechumenal-01-ii-2014\/","title":{"rendered":"Discours aux Communaut\u00e9s du Chemin N\u00e9ocat\u00e9chum\u00e9nal &#8211; 01-II-2014"},"content":{"rendered":"\n<h1 class=\"has-text-align-center wp-block-heading\">Discours aux Communaut\u00e9s du Chemin N\u00e9ocat\u00e9chum\u00e9nal &#8211; 01-II-2014<\/h1>\n\n<div style=\"height:20px\" aria-hidden=\"true\" class=\"wp-block-spacer\"><\/div>\n\n<h4 class=\"has-text-align-center wp-block-heading\">Fran\u00e7ois<\/h4>\n\n<div style=\"height:20px\" aria-hidden=\"true\" class=\"wp-block-spacer\"><\/div>\n\n<p><em>Chers fr\u00e8res et s\u0153urs,<\/em><\/p>\n\n<p>Je remercie le Seigneur pour la joie de votre foi et pour l\u2019ardeur de votre t\u00e9moignage chr\u00e9tien, merci \u00e0 Dieu ! Je vous salue tous cordialement, \u00e0 commencer par l\u2019Equipe internationale responsable du Chemin n\u00e9ocat\u00e9chum\u00e9nal, avec les pr\u00eatres, les s\u00e9minaristes et les cat\u00e9chistes. J\u2019adresse un salut plein d\u2019affection aux enfants, pr\u00e9sents ici en grand nombre. Ma pens\u00e9e va de mani\u00e8re particuli\u00e8re aux familles qui se rendront dans diverses parties du monde pour annoncer et t\u00e9moigner de l\u2019\u00c9vangile. L\u2019\u00c9glise vous est reconnaissante pour votre g\u00e9n\u00e9rosit\u00e9! Je vous remercie pour tout ce que vous faites dans l\u2019\u00c9glise et dans le monde.<\/p>\n\n<p>C\u2019est pr\u00e9cis\u00e9ment au nom de l\u2019\u00c9glise, notre M\u00e8re \u2014 notre Sainte M\u00e8re l\u2019\u00c9glise, hi\u00e9rarchique comme aimait \u00e0 le dire saint Ignace de Loyola \u2014 au nom de l\u2019\u00c9glise que je voudrais vous proposer quelques simples recommandations. La premi\u00e8re est celle de prendre le plus grand soin pour construire et conserver la communion au sein m\u00eame des \u00c9glises particuli\u00e8res dans lesquelles vous irez \u0153uvrer. Le Chemin poss\u00e8de son propre charisme, sa propre dynamique, un don qui comme tous les dons de l\u2019Esprit poss\u00e8de une profonde dimension eccl\u00e9siale ; cela signifie se mettre \u00e0 l\u2019\u00e9coute de la vie des \u00c9glises dans lesquelles vos responsables vous envoient, \u00e0 en valoriser les richesses, \u00e0 souffrir pour ses faiblesses si n\u00e9cessaire, et \u00e0 marcher ensemble, comme un unique troupeau, sous la conduite des pasteurs des \u00c9glises locales. La communion est essentielle : il vaut peut-\u00eatre parfois mieux renoncer \u00e0 vivre dans tous les d\u00e9tails ce que votre itin\u00e9raire exigerait, afin de garantir l\u2019unit\u00e9 entre les fr\u00e8res qui forment l\u2019unique communaut\u00e9 eccl\u00e9siale, dont vous devez toujours vous sentir une partie.<\/p>\n\n<p>Une autre indication : partout o\u00f9 vous allez, cela vous fera du bien de penser que l\u2019Esprit de Dieu arrive toujours avant nous. Cela est important : le Seigneur nous pr\u00e9c\u00e8de toujours !\u00a0 Pensez \u00e0 Philippe, quand le Seigneur l\u2019envoie sur cette route o\u00f9 il rencontre un administrateur assis sur son char (cf. Ac 8, 27-28). L\u2019Esprit est arriv\u00e9 avant : celui-ci lisait le proph\u00e8te Isa\u00efe et ne le comprenait pas, mais son c\u0153ur br\u00fblait. Ainsi, quand Philippe s\u2019approche de lui, il est pr\u00e9par\u00e9 pour la cat\u00e9ch\u00e8se et pour le bapt\u00eame. L\u2019Esprit nous pr\u00e9c\u00e8de toujours ; Dieu arrive toujours avant nous ! M\u00eame dans les lieux les plus lointains, m\u00eame dans les cultures les plus diverses, Dieu r\u00e9pand partout la semence de son Verbe. De l\u00e0 na\u00eet la n\u00e9cessit\u00e9 d\u2019une particuli\u00e8re attention au contexte culturel dans lequel vous, familles, vous irez \u0153uvrer : il s\u2019agit d\u2019un milieu souvent tr\u00e8s diff\u00e9rent de celui dont vous provenez. Un grand nombre d\u2019entre vous peineront \u00e0 apprendre la langue locale, parfois difficile, et cet effort est appr\u00e9ciable. D\u2019autant plus important sera votre engagement \u00e0 \u00ab apprendre \u00bb la culture que vous rencontrerez, en sachant reconna\u00eetre le besoin d\u2019\u00c9vangile qui est pr\u00e9sent partout, mais aussi cette action que le Saint-Esprit a accomplie dans la vie et dans l\u2019histoire de chaque peuple.<\/p>\n\n<p>Et enfin, je vous exhorte \u00e0 avoir soin avec amour les uns des autres, de mani\u00e8re particuli\u00e8re des plus faibles. Le Chemin n\u00e9ocat\u00e9chum\u00e9nal, en tant qu\u2019itin\u00e9raire de d\u00e9couverte du propre bapt\u00eame, est une route exigeante, le long de laquelle un fr\u00e8re ou une s\u0153ur peuvent trouver des difficult\u00e9s impr\u00e9vues. Dans ces cas-l\u00e0, l\u2019exercice de la patience et de la mis\u00e9ricorde de la part de la communaut\u00e9 est un signe de maturit\u00e9 dans la foi. La libert\u00e9 de chacun ne doit pas \u00eatre forc\u00e9e, et l\u2019on doit respecter \u00e9galement le choix \u00e9ventuel de celui qui d\u00e9cide de chercher, en dehors du Chemin, d\u2019autres formes de vie chr\u00e9tienne qui l\u2019aident \u00e0 grandir dans la r\u00e9ponse \u00e0 l\u2019appel du Seigneur.<\/p>\n\n<p>Ch\u00e8res familles, chers fr\u00e8res et s\u0153urs, je vous encourage \u00e0 apporter partout, \u00e9galement dans les milieux les plus d\u00e9christianis\u00e9s, en particulier dans les p\u00e9riph\u00e9ries existentielles, l\u2019\u00c9vangile de J\u00e9sus Christ. \u00c9vang\u00e9lisez avec amour, apportez \u00e0 tous l\u2019amour de Dieu. Dites \u00e0 ceux que vous rencontrerez sur les routes de votre mission que Dieu aime l\u2019homme tel qu\u2019il est, m\u00eame avec ses limites, avec ses erreurs, \u00e9galement aussi avec ses p\u00e9ch\u00e9s. C\u2019est pourquoi il a envoy\u00e9 son Fils, pour qu\u2019Il prenne nos p\u00e9ch\u00e9s sur lui. Soyez les messagers et les t\u00e9moins de la bont\u00e9 infinie et de l\u2019in\u00e9puisable mis\u00e9ricorde du P\u00e8re.<\/p>\n\n<p>Je vous confie \u00e0 notre M\u00e8re, Marie, afin qu\u2019elle inspire et qu\u2019elle soutienne toujours votre apostolat. \u00c0 l\u2019\u00e9cole de cette tendre M\u00e8re, soyez des missionnaires z\u00e9l\u00e9s et joyeux. Ne perdez pas la joie, allez de l\u2019avant !&#13;\n\u00a9 Copyright &#8211; Libreria Editrice Vaticana<\/p>\n","protected":false},"excerpt":{"rendered":"<p>Discours aux Communaut\u00e9s du Chemin N\u00e9ocat\u00e9chum\u00e9nal &#8211; 01-II-2014 Fran\u00e7ois Chers fr\u00e8res et s\u0153urs, Je remercie le Seigneur pour la joie de votre foi et pour l\u2019ardeur de votre t\u00e9moignage chr\u00e9tien, merci \u00e0 Dieu ! Je vous salue tous cordialement, \u00e0 commencer par l\u2019Equipe internationale responsable du Chemin n\u00e9ocat\u00e9chum\u00e9nal, avec les pr\u00eatres, les s\u00e9minaristes et les cat\u00e9chistes. J\u2019adresse un salut plein d\u2019affection aux enfants, pr\u00e9sents ici en grand nombre. Ma pens\u00e9e<\/p>\n<div class=\"read-more\"><a class=\"btn read-more-btn\" href=\"https:\/\/neocatechumenaleiter.org\/fr\/paroles-de-papes\/francois\/discours-aux-communautes-du-chemin-neocatechumenal-01-ii-2014\/\">En savoir plus<\/a><\/div>\n","protected":false},"author":2,"featured_media":0,"parent":5073,"menu_order":1,"comment_status":"closed","ping_status":"closed","template":"","meta":{"footnotes":""},"class_list":["post-16276","page","type-page","status-publish","hentry"],"_links":{"self":[{"href":"https:\/\/neocatechumenaleiter.org\/fr\/wp-json\/wp\/v2\/pages\/16276","targetHints":{"allow":["GET"]}}],"collection":[{"href":"https:\/\/neocatechumenaleiter.org\/fr\/wp-json\/wp\/v2\/pages"}],"about":[{"href":"https:\/\/neocatechumenaleiter.org\/fr\/wp-json\/wp\/v2\/types\/page"}],"author":[{"embeddable":true,"href":"https:\/\/neocatechumenaleiter.org\/fr\/wp-json\/wp\/v2\/users\/2"}],"replies":[{"embeddable":true,"href":"https:\/\/neocatechumenaleiter.org\/fr\/wp-json\/wp\/v2\/comments?post=16276"}],"version-history":[{"count":4,"href":"https:\/\/neocatechumenaleiter.org\/fr\/wp-json\/wp\/v2\/pages\/16276\/revisions"}],"predecessor-version":[{"id":23948,"href":"https:\/\/neocatechumenaleiter.org\/fr\/wp-json\/wp\/v2\/pages\/16276\/revisions\/23948"}],"up":[{"embeddable":true,"href":"https:\/\/neocatechumenaleiter.org\/fr\/wp-json\/wp\/v2\/pages\/5073"}],"wp:attachment":[{"href":"https:\/\/neocatechumenaleiter.org\/fr\/wp-json\/wp\/v2\/media?parent=16276"}],"curies":[{"name":"wp","href":"https:\/\/api.w.org\/{rel}","templated":true}]}}