{"id":16278,"date":"2020-02-29T04:25:36","date_gmt":"2020-02-29T03:25:36","guid":{"rendered":"https:\/\/neocatechumenaleiter.org\/paroles-de-papes\/francois\/regina-coeli-du-pape-francois-11-mai-2014\/"},"modified":"2021-08-10T10:59:26","modified_gmt":"2021-08-10T09:59:26","slug":"regina-coeli-du-pape-francois-11-mai-2014","status":"publish","type":"page","link":"https:\/\/neocatechumenaleiter.org\/fr\/paroles-de-papes\/francois\/regina-coeli-du-pape-francois-11-mai-2014\/","title":{"rendered":"\u00ab\u00a0Regina Coeli\u00a0\u00bb du Pape Fran\u00e7ois 11 mai 2014"},"content":{"rendered":"\n<h1 class=\"has-text-align-center wp-block-heading\">\u00ab\u00a0Regina Coeli\u00a0\u00bb du Pape Fran\u00e7ois 11 mai 2014<\/h1>\n\n<div style=\"height:20px\" aria-hidden=\"true\" class=\"wp-block-spacer\"><\/div>\n\n<h4 class=\"has-text-align-center wp-block-heading\">Fran\u00e7ois<\/h4>\n\n<div style=\"height:20px\" aria-hidden=\"true\" class=\"wp-block-spacer\"><\/div>\n\n<p><i>Chers fr\u00e8res et s\u0153urs, bonjour !<\/i><\/p>\n\n<p>L\u2019\u00e9vang\u00e9liste Jean nous pr\u00e9sente, en ce ive dimanche du temps pascal, l\u2019image de J\u00e9sus Bon Pasteur. En contemplant cette page de l\u2019\u00c9vangile, nous pouvons comprendre le type de rapport que J\u00e9sus avait avec ses disciples : un rapport bas\u00e9 sur la tendresse, sur l\u2019amour, sur la connaissance r\u00e9ciproque et sur la promesse d\u2019un don incommensurable : \u00ab Je suis venu \u2014 dit J\u00e9sus \u2014 pour qu\u2019ils aient la vie et qu\u2019ils l\u2019aient en abondance \u00bb (<i>Jn<\/i>\u00a010, 10). Un tel rapport est le mod\u00e8le des relations entre les chr\u00e9tiens et des relations humaines.<\/p>\n\n<p>Aujourd\u2019hui aussi, beaucoup de personnes, comme au temps de J\u00e9sus, se proposent comme \u00ab pasteurs \u00bb de nos existences ; mais seul le Ressuscit\u00e9 est le vrai Pasteur, qui nous donne la vie en abondance. Je vous invite tous \u00e0 avoir confiance dans le Seigneur qui nous guide. Mais il ne fait pas que nous guider: il nous accompagne, il marche avec nous. \u00c9coutons sa Parole avec un esprit et un c\u0153ur ouverts, afin de nourrir notre foi, d\u2019\u00e9clairer notre conscience et de suivre les enseignements de l\u2019\u00c9vangile.<\/p>\n\n<p>En ce dimanche, prions pour les pasteurs de l\u2019\u00c9glise, pour tous les \u00e9v\u00eaques, y compris l\u2019\u00c9v\u00eaque de Rome, pour tous les pr\u00eatres, pour tous ! Prions en particulier pour les nouveaux pr\u00eatres du dioc\u00e8se de Rome, que je viens d\u2019ordonner dans la basilique Saint-Pierre. Un salut \u00e0 ces 13 pr\u00eatres ! Que le Seigneur nous aide, nous pasteurs, \u00e0 \u00eatre toujours fid\u00e8les \u00e0 notre Ma\u00eetre et \u00e0 \u00eatre des guides sages et \u00e9clair\u00e9s du Peuple de Dieu qui nous est confi\u00e9. \u00c0 vous aussi, s\u2019il vous pla\u00eet, je demande de nous aider: nous aider \u00e0 \u00eatre de bons pasteurs. Une fois j\u2019ai lu une tr\u00e8s belle chose sur la fa\u00e7on dont le peuple de Dieu aide les \u00e9v\u00eaques et les pr\u00eatres \u00e0 \u00eatre de bons pasteurs. C\u2019est un texte de saint C\u00e9saire d\u2019Arles, un p\u00e8re des premiers si\u00e8cles de l\u2019\u00c9glise. Il expliquait comment le peuple de Dieu doit aider le pasteur, et il donnait cet exemple : quand le petit veau a faim, il va vers la vache, vers sa m\u00e8re, pour prendre le lait. Mais la vache ne le donne pas tout de suite : il semble qu\u2019elle le garde pour elle. Et que fait le veau ? Il frappe sur le pis de la vache avec son museau, pour que le lait sorte. C\u2019est une belle image ! \u00ab Vous \u2014 dit ce saint \u2014 vous devez \u00eatre ainsi avec les pasteurs : frapper toujours \u00e0 leur porte, \u00e0 leur c\u0153ur, pour qu\u2019ils vous donnent le lait de la doctrine, le lait de la gr\u00e2ce et le lait de la conduite \u00bb. Et je vous demande, s\u2019il vous pla\u00eet, d\u2019importuner les pasteurs, de d\u00e9ranger les pasteurs, nous tous pasteurs, pour que nous puissions vous donner le lait de la gr\u00e2ce, de la doctrine et de la conduite. Importuner ! Pensez \u00e0 cette belle image du veau, qui importune sa maman pour qu\u2019elle lui donne \u00e0 manger.<\/p>\n\n<p>\u00c0 l\u2019imitation de J\u00e9sus, tout pasteur \u00ab parfois se mettra devant pour indiquer la route et soutenir l\u2019esp\u00e9rance du peuple \u2014 le pasteur doit \u00eatre parfois devant \u2014 d\u2019autres fois il sera simplement au milieu de tous dans une proximit\u00e9 simple et mis\u00e9ricordieuse, et en certaines circonstances il devra marcher derri\u00e8re le peuple, pour aider ceux qui sont rest\u00e9s en arri\u00e8re \u00bb (Exhort. ap.\u00a0<i><a href=\"http:\/\/w2.vatican.va\/content\/francesco\/fr\/apost_exhortations\/documents\/papa-francesco_esortazione-ap_20131124_evangelii-gaudium.html\">Evangelii gaudium<\/a><\/i>, n. 31). Que tous les pasteurs soient ainsi ! Mais vous, importunez les pasteurs, afin qu\u2019ils vous guident dans la doctrine et la gr\u00e2ce.<\/p>\n\n<p>En ce dimanche, est c\u00e9l\u00e9br\u00e9e la\u00a0<i>Journ\u00e9e mondiale de pri\u00e8re pour les vocations<\/i>. Dans le message de cette ann\u00e9e, j\u2019ai rappel\u00e9 que \u00ab chaque vocation, malgr\u00e9 la pluralit\u00e9 des voies, demande toujours un exode de soi-m\u00eame pour centrer sa propre existence sur le Christ et sur son \u00c9vangile \u00bb (n. 2). C\u2019est pourquoi l\u2019appel \u00e0 suivre J\u00e9sus est \u00e0 la fois enthousiasmant et exigeant. Pour qu\u2019il se r\u00e9alise, il est n\u00e9cessaire de toujours entrer en profonde amiti\u00e9 avec le Seigneur pour pouvoir vivre de Lui et pour Lui.<\/p>\n\n<p>Prions pour qu\u2019\u00e0 notre \u00e9poque aussi, de nombreux jeunes entendent la voix du Seigneur, qui risque toujours d\u2019\u00eatre \u00e9touff\u00e9e par tant d\u2019autres voix. Prions pour les jeunes : peut-\u00eatre ici, place Saint-Pierre, y a-t-il quelqu\u2019un qui entend cette voix du Seigneur qui l\u2019appelle au sacerdoce ; prions pour lui, s\u2019il est ici, et pour tous les jeunes qui sont appel\u00e9s.<\/p>\n\n<hr class=\"wp-block-separator\"\/>\n\n<p><strong>\u00c0 l&rsquo;issue du\u00a0<i>Regina C\u0153li<\/i>\u00a0:<\/strong><\/p>\n\n<p><i>Chers fr\u00e8res et s\u0153urs,<\/i><\/p>\n\n<p>Je vous salue tous, familles, groupes paroissiaux, associations et fid\u00e8les provenant d\u2019Italie et de nombreux pays, en particulier ceux des dioc\u00e8ses de Campo Grande et Dourados (Br\u00e9sil), de New York, de Las Palmas (Canaries), et les \u00e9tudiants de Miranda Do Corvo au Portugal et les jeunes de l\u2019\u00e9cole \u00ab C\u0153ur de Marie \u00bb, dans le quartier Alta Cordoba, en Argentine.<\/p>\n\n<p>Je salue les communaut\u00e9s n\u00e9ocat\u00e9chum\u00e9nales qui en ce dimanche du temps pascal portent l\u2019annonce de J\u00e9sus ressuscit\u00e9 sur 100 places de Rome et dans de nombreuses villes du monde. Que le Seigneur vous donne la joie de l\u2019\u00c9vangile ! Et allez de l\u2019avant, vous qui \u00eates courageux !<\/p>\n\n<p>Une b\u00e9n\u00e9diction sp\u00e9ciale pour les enfants et les jeunes qui ont re\u00e7u ou qui vont recevoir la premi\u00e8re communion et la confirmation. Et aussi pour les familles et les amis des nouveaux pr\u00eatres du dioc\u00e8se de Rome que j\u2019ai ordonn\u00e9s ce matin.<\/p>\n\n<p>Et aujourd\u2019hui je vous invite \u00e0 consacrer une belle pens\u00e9e et une pri\u00e8re \u00e0 toutes les m\u00e8res. Saluons les mamans ! En les confiant \u00e0 la m\u00e8re de J\u00e9sus, prions la Sainte Vierge pour nos m\u00e8res et pour toutes les m\u00e8res : \u00ab Je vous salue Marie\u2026 \u00bb.<\/p>\n\n<p>Un grand salut aux mamans: un grand salut !<\/p>\n\n<p>Bon dimanche \u00e0 tous ! Bon app\u00e9tit et au revoir ! \u00a9 Copyright &#8211; Libreria Editrice Vaticana<\/p>\n","protected":false},"excerpt":{"rendered":"<p>\u00ab\u00a0Regina Coeli\u00a0\u00bb du Pape Fran\u00e7ois 11 mai 2014 Fran\u00e7ois Chers fr\u00e8res et s\u0153urs, bonjour ! L\u2019\u00e9vang\u00e9liste Jean nous pr\u00e9sente, en ce ive dimanche du temps pascal, l\u2019image de J\u00e9sus Bon Pasteur. En contemplant cette page de l\u2019\u00c9vangile, nous pouvons comprendre le type de rapport que J\u00e9sus avait avec ses disciples : un rapport bas\u00e9 sur la tendresse, sur l\u2019amour, sur la connaissance r\u00e9ciproque et sur la promesse d\u2019un don incommensurable<\/p>\n<div class=\"read-more\"><a class=\"btn read-more-btn\" href=\"https:\/\/neocatechumenaleiter.org\/fr\/paroles-de-papes\/francois\/regina-coeli-du-pape-francois-11-mai-2014\/\">En savoir plus<\/a><\/div>\n","protected":false},"author":2,"featured_media":0,"parent":5073,"menu_order":2,"comment_status":"closed","ping_status":"closed","template":"","meta":{"footnotes":""},"class_list":["post-16278","page","type-page","status-publish","hentry"],"_links":{"self":[{"href":"https:\/\/neocatechumenaleiter.org\/fr\/wp-json\/wp\/v2\/pages\/16278","targetHints":{"allow":["GET"]}}],"collection":[{"href":"https:\/\/neocatechumenaleiter.org\/fr\/wp-json\/wp\/v2\/pages"}],"about":[{"href":"https:\/\/neocatechumenaleiter.org\/fr\/wp-json\/wp\/v2\/types\/page"}],"author":[{"embeddable":true,"href":"https:\/\/neocatechumenaleiter.org\/fr\/wp-json\/wp\/v2\/users\/2"}],"replies":[{"embeddable":true,"href":"https:\/\/neocatechumenaleiter.org\/fr\/wp-json\/wp\/v2\/comments?post=16278"}],"version-history":[{"count":2,"href":"https:\/\/neocatechumenaleiter.org\/fr\/wp-json\/wp\/v2\/pages\/16278\/revisions"}],"predecessor-version":[{"id":23954,"href":"https:\/\/neocatechumenaleiter.org\/fr\/wp-json\/wp\/v2\/pages\/16278\/revisions\/23954"}],"up":[{"embeddable":true,"href":"https:\/\/neocatechumenaleiter.org\/fr\/wp-json\/wp\/v2\/pages\/5073"}],"wp:attachment":[{"href":"https:\/\/neocatechumenaleiter.org\/fr\/wp-json\/wp\/v2\/media?parent=16278"}],"curies":[{"name":"wp","href":"https:\/\/api.w.org\/{rel}","templated":true}]}}