{"id":16324,"date":"2020-06-30T11:08:29","date_gmt":"2020-06-30T10:08:29","guid":{"rendered":"https:\/\/neocatechumenaleiter.org\/paroles-de-papes\/francois\/audience-au-chemin-neocatechumenal-6-mars-2015\/"},"modified":"2020-06-30T11:09:18","modified_gmt":"2020-06-30T10:09:18","slug":"audience-au-chemin-neocatechumenal-6-mars-2015","status":"publish","type":"page","link":"https:\/\/neocatechumenaleiter.org\/fr\/paroles-de-papes\/francois\/audience-au-chemin-neocatechumenal-6-mars-2015\/","title":{"rendered":"Audience au Chemin N\u00e9ocat\u00e9chum\u00e9nal 6 mars 2015"},"content":{"rendered":"\n<h1 class=\"has-text-align-center wp-block-heading\">Audience au Chemin N\u00e9ocat\u00e9chum\u00e9nal 6 mars 2015<\/h1>\n\n<div style=\"height:20px\" aria-hidden=\"true\" class=\"wp-block-spacer\"><\/div>\n\n<h4 class=\"has-text-align-center wp-block-heading\">Fran\u00e7ois<\/h4>\n\n<div style=\"height:20px\" aria-hidden=\"true\" class=\"wp-block-spacer\"><\/div>\n\n<div class=\"wp-block-image is-style-default\"><figure class=\"alignleft size-large\"><img loading=\"lazy\" decoding=\"async\" width=\"400\" height=\"276\" src=\"https:\/\/neocatechumenaleiter.org\/wp-content\/uploads\/2020\/02\/Camino_Neocatecumenal_Papa_Francisco_Kiko_Arguello_audiencia1.jpg\" alt=\"\" class=\"wp-image-1013\" srcset=\"https:\/\/neocatechumenaleiter.org\/wp-content\/uploads\/2020\/02\/Camino_Neocatecumenal_Papa_Francisco_Kiko_Arguello_audiencia1.jpg 400w, https:\/\/neocatechumenaleiter.org\/wp-content\/uploads\/2020\/02\/Camino_Neocatecumenal_Papa_Francisco_Kiko_Arguello_audiencia1-300x207.jpg 300w\" sizes=\"auto, (max-width: 400px) 100vw, 400px\" \/><\/figure><\/div>\n\n<p><strong>Cit\u00e9 du Vatican &#8211; Salle Paul VI, 6 mars 2015<\/strong><\/p>\n\n<p>Chers fr\u00e8res et s\u0153urs, bonjour \u00e0 tous ! Et merci, merci beaucoup d\u2019\u00eatre venus \u00e0 cette rencontre.&#013;\nLe devoir du Pape, le devoir de Pierre, est celui de confirmer ses fr\u00e8res dans la foi. Ainsi, vous avez souhait\u00e9 vous aussi par ce geste demander au Successeur de Pierre de confirmer votre appel, de soutenir votre mission, de b\u00e9nir votre charisme.&#013;\n<\/p>\n\n<p>Et je confirme aujourd\u2019hui votre appel, je soutiens votre mission et b\u00e9nis votre charisme. Je ne le fais pas parce qu\u2019il [le Pape indique Kiko Arg\u00fcello] m\u2019a pay\u00e9, non ! Je le fais parce que je veux le faire. Vous irez au nom du Christ dans le monde entier apporter son \u00c9vangile : que le Christ vous pr\u00e9c\u00e8de, que le Christ vous accompagne, que le Christ concr\u00e9tise ce salut dont vous \u00eates porteurs !<\/p>\n\n<p>Avec vous, je salue tous les cardinaux et \u00e9v\u00eaques qui vous accompagnent aujourd\u2019hui et qui, dans leurs dioc\u00e8ses, soutiennent votre mission. Je salue en particulier les initiateurs du Chemin n\u00e9ocat\u00e9chum\u00e9nal, Kiko Arg\u00fcello et Carmen Hern\u00e1ndez, avec le p\u00e8re Mario Pezzi : je leur exprime \u00e0 eux aussi mon estime et mes encouragements pour ce qu\u2019ils sont en train de faire en faveur de l\u2019\u00c9glise par le biais du Chemin. Je dis toujours que le Chemin n\u00e9ocat\u00e9chum\u00e9nal fait beaucoup de bien dans l\u2019\u00c9glise.<\/p>\n\n<div class=\"wp-block-image is-style-circle-mask\"><figure class=\"alignleft size-large\"><img loading=\"lazy\" decoding=\"async\" width=\"400\" height=\"272\" src=\"https:\/\/neocatechumenaleiter.org\/wp-content\/uploads\/2020\/02\/Camino_Neocatecumenal_Papa_Francisco_Carmen_Hernandez_audiencia1.jpg\" alt=\"\" class=\"wp-image-1019\" srcset=\"https:\/\/neocatechumenaleiter.org\/wp-content\/uploads\/2020\/02\/Camino_Neocatecumenal_Papa_Francisco_Carmen_Hernandez_audiencia1.jpg 400w, https:\/\/neocatechumenaleiter.org\/wp-content\/uploads\/2020\/02\/Camino_Neocatecumenal_Papa_Francisco_Carmen_Hernandez_audiencia1-300x204.jpg 300w\" sizes=\"auto, (max-width: 400px) 100vw, 400px\" \/><\/figure><\/div>\n\n<p>Comme l\u2019a dit Kiko, notre rencontre de ce jour est un <em>envoi missionnaire<\/em>, en ob\u00e9issance \u00e0 ce que le Christ nous a demand\u00e9 et ce que nous avons entendu dans l\u2019\u00c9vangile. <strong>Et je suis particuli\u00e8rement content que votre mission se d\u00e9roule gr\u00e2ce \u00e0 des familles chr\u00e9tiennes qui, r\u00e9unies en une communaut\u00e9, ont la mission de donner les signes de la foi qui attirent les hommes vers la beaut\u00e9 de l\u2019\u00c9vangile<\/strong>, selon les paroles du Christ : \u00ab Aimez-vous les uns les autres comme je vous ai aim\u00e9s. \u00c0 ceci tous reconna\u00eetront que vous \u00eates mes disciples \u00bb (cf. Jn 13, 34), et \u00ab que tous soient un&#8230; afin que le monde croie \u00bb (Jn 17, 21).<\/p>\n\n<div class=\"wp-block-image is-style-default\"><figure class=\"alignright size-large\"><img loading=\"lazy\" decoding=\"async\" width=\"400\" height=\"271\" src=\"https:\/\/neocatechumenaleiter.org\/wp-content\/uploads\/2020\/02\/Camino_Neocatecumenal_Audiencia_Papa_Francisco_envio_misionero.jpg\" alt=\"\" class=\"wp-image-1025\" srcset=\"https:\/\/neocatechumenaleiter.org\/wp-content\/uploads\/2020\/02\/Camino_Neocatecumenal_Audiencia_Papa_Francisco_envio_misionero.jpg 400w, https:\/\/neocatechumenaleiter.org\/wp-content\/uploads\/2020\/02\/Camino_Neocatecumenal_Audiencia_Papa_Francisco_envio_misionero-300x203.jpg 300w\" sizes=\"auto, (max-width: 400px) 100vw, 400px\" \/><\/figure><\/div>\n\n<p>Ces communaut\u00e9s, appel\u00e9es par les \u00e9v\u00eaques, sont form\u00e9es par un pr\u00eatre et par quatre ou cinq familles, avec des enfants m\u00eame grands, et constituent une \u00abmissio ad gentes \u00bb, avec un mandat pour \u00e9vang\u00e9liser les non-chr\u00e9tiens. Les non-chr\u00e9tiens qui n\u2019ont jamais entendu parler de J\u00e9sus Christ, et les nombreux non-chr\u00e9tiens qui ont oubli\u00e9 qui \u00e9tait J\u00e9sus Christ, qui est J\u00e9sus Christ: des non-chr\u00e9tiens baptis\u00e9s, mais auxquels la s\u00e9cularisation, la mondanit\u00e9 et tant d\u2019autres choses ont fait oublier la foi. \u00c9veillez cette foi !<\/p>\n\n<p>C\u2019est donc, avant m\u00eame la parole, par votre t\u00e9moignage de vie que vous manifestez le c\u0153ur de la r\u00e9v\u00e9lation du Christ: que Dieu aime l\u2019homme jusqu\u2019\u00e0 se livrer \u00e0 la mort pour lui et qu\u2019il a \u00e9t\u00e9 ressuscit\u00e9 par le P\u00e8re pour nous donner la gr\u00e2ce de donner notre vie aux autres. Le monde d\u2019aujourd\u2019hui a un extr\u00eame besoin de ce grand message. Que de solitude, que de souffrance, que d\u2019\u00e9loignement de Dieu dans les si nombreuses p\u00e9riph\u00e9ries d\u2019Europe et d\u2019Am\u00e9rique et dans tant de villes d\u2019Asie ! Combien l\u2019homme d\u2019aujourd\u2019hui a besoin, sur toutes les latitudes, d\u2019entendre que Dieu l&rsquo;aime et que l\u2019amour est possible ! Gr\u00e2ce \u00e0 vous, familles missionnaires, ces communaut\u00e9s chr\u00e9tiennes ont pour mission essentielle de rendre visible ce message. Et quel est ce message ? \u00ab Le Christ est ressuscit\u00e9, le Christ est vivant ! Le Christ est vivant parmi nous ! \u00bb<\/p>\n\n<div class=\"wp-block-image is-style-default\"><figure class=\"alignleft size-large\"><img loading=\"lazy\" decoding=\"async\" width=\"400\" height=\"277\" src=\"https:\/\/neocatechumenaleiter.org\/wp-content\/uploads\/2020\/02\/Camino_Neocatecumenal_Papa_Francisco_envio_familias.jpg\" alt=\"\" class=\"wp-image-1031\" srcset=\"https:\/\/neocatechumenaleiter.org\/wp-content\/uploads\/2020\/02\/Camino_Neocatecumenal_Papa_Francisco_envio_familias.jpg 400w, https:\/\/neocatechumenaleiter.org\/wp-content\/uploads\/2020\/02\/Camino_Neocatecumenal_Papa_Francisco_envio_familias-300x208.jpg 300w\" sizes=\"auto, (max-width: 400px) 100vw, 400px\" \/><\/figure><\/div>\n\n<p>Vous avez re\u00e7u la force de tout quitter et de partir pour des terres lointaines gr\u00e2ce \u00e0 un chemin d\u2019initiation chr\u00e9tienne, v\u00e9cu en petites communaut\u00e9s, o\u00f9 vous avez red\u00e9couvert les immenses richesses de votre bapt\u00eame.&#013;\n&#013;\nC\u2019est le <em>Chemin n\u00e9ocat\u00e9chum\u00e9nal<\/em>, un v\u00e9ritable don de la Providence \u00e0 l\u2019\u00c9glise de notre temps, comme l\u2019ont d\u00e9j\u00e0 affirm\u00e9 mes pr\u00e9d\u00e9cesseurs, en particulier saint Jean-Paul II lorsqu\u2019il vous a dit : \u00ab Je reconnais le Chemin n\u00e9ocat\u00e9chum\u00e9nal comme un itin\u00e9raire de formation catholique valide pour la soci\u00e9t\u00e9 et les temps actuels \u00bb (Epist. <em>Ogniqualvolta<\/em>, 30 ao\u00fbt 1990 : AAS 82 [1990], 1515).<\/p>\n\n<p>Le Chemin repose sur ces trois dimensions de l\u2019\u00c9glise que sont la Parole, la liturgie et la communaut\u00e9.&#013;\n&#013;\nC\u2019est pourquoi, l\u2019\u00e9coute ob\u00e9issante et constante de la Parole de Dieu, la c\u00e9l\u00e9bration eucharistique en petites communaut\u00e9s apr\u00e8s les premi\u00e8res v\u00eapres du dimanche, la c\u00e9l\u00e9bration des laudes, en famille le jour du dimanche, avec tous les enfants et le partage de sa foi avec les autres fr\u00e8res sont \u00e0 l\u2019origine des nombreux dons que le Seigneur vous a accord\u00e9s, comme les nombreuses vocations au sacerdoce et \u00e0 la vie consacr\u00e9e. <strong>Voir tout cela est une consolation, parce que cela confirme que l\u2019Esprit de Dieu est vivant et qu\u2019il \u0153uvre dans son \u00c9glise, aujourd\u2019hui encore, et qu\u2019il r\u00e9pond aux besoins de l\u2019homme moderne.<\/strong>&#013;\n&#013;\nEn diff\u00e9rentes occasions, j\u2019ai insist\u00e9 sur la n\u00e9cessit\u00e9 pour l\u2019\u00c9glise de passer d\u2019une pastorale de simple conservation \u00e0 une pastorale r\u00e9solument missionnaire (cf. Exhort. ap. Evangelii gaudium, n. 15). Si souvent, dans l\u2019\u00c9glise, nous avons J\u00e9sus \u00e0 l\u2019int\u00e9rieur et nous ne le laissons pas sortir&#8230; Si souvent ! C\u2019est ce qu\u2019il y a de plus important \u00e0 faire si nous ne voulons pas que les eaux stagnent dans l\u2019\u00c9glise.<\/p>\n\n<div class=\"wp-block-image is-style-default\"><figure class=\"alignright size-large\"><img loading=\"lazy\" decoding=\"async\" width=\"400\" height=\"289\" src=\"https:\/\/neocatechumenaleiter.org\/wp-content\/uploads\/2020\/02\/Camino_Neocatecumenal_Papa_Francisco_Kiko_Carmen_Mario_audiencia_envio_misioneros.jpg\" alt=\"\" class=\"wp-image-1037\" srcset=\"https:\/\/neocatechumenaleiter.org\/wp-content\/uploads\/2020\/02\/Camino_Neocatecumenal_Papa_Francisco_Kiko_Carmen_Mario_audiencia_envio_misioneros.jpg 400w, https:\/\/neocatechumenaleiter.org\/wp-content\/uploads\/2020\/02\/Camino_Neocatecumenal_Papa_Francisco_Kiko_Carmen_Mario_audiencia_envio_misioneros-300x217.jpg 300w\" sizes=\"auto, (max-width: 400px) 100vw, 400px\" \/><\/figure><\/div>\n\n<p><strong>Depuis des ann\u00e9es, le Chemin remplit cette mission ad gentes parmi les non-chr\u00e9tiens<\/strong>, pour une <em>implantatio Ecclesiae<\/em>, une nouvelle pr\u00e9sence d\u2019\u00c9glise l\u00e0 o\u00f9 l\u2019\u00c9glise n\u2019existe pas ou n\u2019est plus en mesure d\u2019atteindre les personnes. \u00ab Quelle joie vous nous donnez par votre pr\u00e9sence et votre activit\u00e9 ! \u00bb, vous a dit le bienheureux Pape Paul VI lors de sa premi\u00e8re audience avec vous (8 mai 1974 : Enseignements de Paul VI, XII [1974], 407). Moi aussi, je fais miennes ces paroles et vous encourage \u00e0 aller de l\u2019avant, en vous confiant \u00e0 la Sainte Vierge Marie qui a inspir\u00e9 le Chemin n\u00e9ocat\u00e9chum\u00e9nal. Qu\u2019elle interc\u00e8de pour vous aupr\u00e8s de son Fils divin.<\/p>\n\n<p>Chers amis, que le Seigneur vous accompagne. Allez avec ma B\u00e9n\u00e9diction ! \u00a9 Copyright &#8211; Libreria Editrice Vaticana<\/p>\n","protected":false},"excerpt":{"rendered":"<p>Audience au Chemin N\u00e9ocat\u00e9chum\u00e9nal 6 mars 2015 Fran\u00e7ois Cit\u00e9 du Vatican &#8211; Salle Paul VI, 6 mars 2015 Chers fr\u00e8res et s\u0153urs, bonjour \u00e0 tous ! Et merci, merci beaucoup d\u2019\u00eatre venus \u00e0 cette rencontre.&#013; Le devoir du Pape, le devoir de Pierre, est celui de confirmer ses fr\u00e8res dans la foi. Ainsi, vous avez souhait\u00e9 vous aussi par ce geste demander au Successeur de Pierre de confirmer votre appel,<\/p>\n<div class=\"read-more\"><a class=\"btn read-more-btn\" href=\"https:\/\/neocatechumenaleiter.org\/fr\/paroles-de-papes\/francois\/audience-au-chemin-neocatechumenal-6-mars-2015\/\">En savoir plus<\/a><\/div>\n","protected":false},"author":2,"featured_media":0,"parent":5073,"menu_order":3,"comment_status":"closed","ping_status":"closed","template":"","meta":{"footnotes":""},"class_list":["post-16324","page","type-page","status-publish","hentry"],"_links":{"self":[{"href":"https:\/\/neocatechumenaleiter.org\/fr\/wp-json\/wp\/v2\/pages\/16324","targetHints":{"allow":["GET"]}}],"collection":[{"href":"https:\/\/neocatechumenaleiter.org\/fr\/wp-json\/wp\/v2\/pages"}],"about":[{"href":"https:\/\/neocatechumenaleiter.org\/fr\/wp-json\/wp\/v2\/types\/page"}],"author":[{"embeddable":true,"href":"https:\/\/neocatechumenaleiter.org\/fr\/wp-json\/wp\/v2\/users\/2"}],"replies":[{"embeddable":true,"href":"https:\/\/neocatechumenaleiter.org\/fr\/wp-json\/wp\/v2\/comments?post=16324"}],"version-history":[{"count":3,"href":"https:\/\/neocatechumenaleiter.org\/fr\/wp-json\/wp\/v2\/pages\/16324\/revisions"}],"predecessor-version":[{"id":16327,"href":"https:\/\/neocatechumenaleiter.org\/fr\/wp-json\/wp\/v2\/pages\/16324\/revisions\/16327"}],"up":[{"embeddable":true,"href":"https:\/\/neocatechumenaleiter.org\/fr\/wp-json\/wp\/v2\/pages\/5073"}],"wp:attachment":[{"href":"https:\/\/neocatechumenaleiter.org\/fr\/wp-json\/wp\/v2\/media?parent=16324"}],"curies":[{"name":"wp","href":"https:\/\/api.w.org\/{rel}","templated":true}]}}