{"id":16328,"date":"2020-06-30T11:48:39","date_gmt":"2020-06-30T10:48:39","guid":{"rendered":"https:\/\/neocatechumenaleiter.org\/paroles-de-papes\/benoit-xvi\/convivence-de-plus-de-200-eveques-et-9-cardinaux-de-leurope-a-la-domus-galilaeae-24-iii-2008\/"},"modified":"2020-06-30T11:48:39","modified_gmt":"2020-06-30T10:48:39","slug":"convivence-de-plus-de-200-eveques-et-9-cardinaux-de-leurope-a-la-domus-galilaeae-24-iii-2008","status":"publish","type":"page","link":"https:\/\/neocatechumenaleiter.org\/fr\/paroles-de-papes\/benoit-xvi\/convivence-de-plus-de-200-eveques-et-9-cardinaux-de-leurope-a-la-domus-galilaeae-24-iii-2008\/","title":{"rendered":"Convivence de plus de 200 \u00e9v\u00eaques et 9 cardinaux de l\u2019Europe \u00e0 la \u201cDomus Galilaeae\u201d 24-III-2008"},"content":{"rendered":"\n<h1 class=\"has-text-align-center wp-block-heading\">Convivence de plus de 200 \u00e9v\u00eaques et 9 cardinaux de l\u2019Europe \u00e0 la \u201cDomus Galilaeae\u201d 24-III-2008<\/h1>\n\n<div style=\"height:20px\" aria-hidden=\"true\" class=\"wp-block-spacer\"><\/div>\n\n<h4 class=\"has-text-align-center wp-block-heading\">Benoit XVI<\/h4>\n\n<div style=\"height:20px\" aria-hidden=\"true\" class=\"wp-block-spacer\"><\/div>\n\n<div class=\"wp-block-image is-style-default\"><figure class=\"alignleft size-large\"><img loading=\"lazy\" decoding=\"async\" width=\"400\" height=\"269\" src=\"https:\/\/neocatechumenaleiter.org\/wp-content\/uploads\/2020\/02\/Camino_Neocatecumenal_Eucaristia_Obispos_Europa_Domus_Galilaeae.jpg\" alt=\"\" class=\"wp-image-1170\" srcset=\"https:\/\/neocatechumenaleiter.org\/wp-content\/uploads\/2020\/02\/Camino_Neocatecumenal_Eucaristia_Obispos_Europa_Domus_Galilaeae.jpg 400w, https:\/\/neocatechumenaleiter.org\/wp-content\/uploads\/2020\/02\/Camino_Neocatecumenal_Eucaristia_Obispos_Europa_Domus_Galilaeae-300x202.jpg 300w\" sizes=\"auto, (max-width: 400px) 100vw, 400px\" \/><\/figure><\/div>\n\n<p><strong>Corazim, 24-29 mars 2008<\/strong><\/p>\n\n<p><em>Du 24 au 29 Mars s\u2019est tenue \u00e0\u00a0 la Domus Galilaeae une Convivence de 200 \u00e9v\u00eaques et 9 cardinaux d\u2019Europe. <\/em>&#013;\n&#013;\n<em>Le Secr\u00e9taire d\u2019\u00c9tat, au nom du Pape, a envoy\u00e9 aux participants un t\u00e9l\u00e9gramme que nous rapportons ci-dessous\u00a0:<\/em><\/p>\n\n<p>\u00ab \u00c0 l\u2019occasion du congr\u00e8s promu par le Chemin N\u00e9ocat\u00e9chum\u00e9nal \u00e0 la Domus Galilaeae sur le th\u00e8me de la nouvelle \u00e9vang\u00e9lisation du continent europ\u00e9en, le Souverain Pontife adresse ses cordiales pens\u00e9es et tout en souhaitant que cette rencontre significative favorise la contemplation toujours plus vivante du Christ verbe du P\u00e8re pour susciter un t\u00e9moignage \u00e9vang\u00e9lique grandissant et percutant, il vous assure de son souvenir dans la pri\u00e8re et de tout c\u0153ur donne \u00e0 Messieurs les cardinaux, \u00e9v\u00eaques et pr\u00eatres et aux participants, sa b\u00e9n\u00e9diction apostolique. \u00bb<\/p>\n\n<p><em>Cardinale Tarcisio Bertone<\/em>&#013;\n&#013;\n<em>Secr\u00e9taire d\u2019\u00c9tat de Sa Saintet\u00e9 Beno\u00eet XVI<\/em><\/p>\n\n<p><em>Au terme de la Convivence, les cardinaux, les participants ont envoy\u00e9 une lettre de remerciement au Saint P\u00e8re, que nous rapportons en partie ci-dessous\u00a0:<\/em><\/p>\n\n<p>\u2026 Remplis de joie, dans ces lieux d\u2019o\u00f9 le Seigneur ressuscit\u00e9 a envoy\u00e9 ses disciples pour la mission universelle de l\u2019\u00c9glise, nous avons r\u00e9fl\u00e9chi sur la nouvelle \u00e9vang\u00e9lisation de notre Continent \u00e0 travers les nouvelles r\u00e9alit\u00e9s eccl\u00e9siales, en particulier le Chemin N\u00e9ocat\u00e9chum\u00e9nal\u2026&#013;\n&#013;\n\u00a0&#013;\n&#013;\nNous vous sommes \u00e9galement reconnaissants pour Votre attention \u00e0 la praxis liturgique du Chemin\u00a0: face \u00e0 la crise de la famille en Europe, des jeunes, des vocations, nous avons pu voir les fruits de cette Initiation Chr\u00e9tienne, bas\u00e9e sur l\u2019\u00e9coute de la Parole de Dieu, sur la c\u00e9l\u00e9bration de l\u2019Eucharistie en petites communaut\u00e9s et sur la communion fraternelle\u00a0: les familles reconstruites, avec de nombreux enfants, d\u2019o\u00f9 surgissent beaucoup de vocations\u2026, v\u00e9ritablement une nouvelle esp\u00e9rance pour l\u2019Europe\u00a0! Comme toujours, chaque renouvellement de l\u2019\u00c9glise est fruit d\u2019un don de l\u2019Esprit Saint, accueilli et d\u00e9fendu par Pierre.<\/p>\n\n<div class=\"wp-block-image is-style-default\"><figure class=\"alignright size-large\"><img loading=\"lazy\" decoding=\"async\" width=\"400\" height=\"263\" src=\"https:\/\/neocatechumenaleiter.org\/wp-content\/uploads\/2020\/02\/Camino_Neocatecumenal_Eucaristia_Obispos_Europa_Domus_Galilaeae2.jpg\" alt=\"\" class=\"wp-image-1177\" srcset=\"https:\/\/neocatechumenaleiter.org\/wp-content\/uploads\/2020\/02\/Camino_Neocatecumenal_Eucaristia_Obispos_Europa_Domus_Galilaeae2.jpg 400w, https:\/\/neocatechumenaleiter.org\/wp-content\/uploads\/2020\/02\/Camino_Neocatecumenal_Eucaristia_Obispos_Europa_Domus_Galilaeae2-300x197.jpg 300w\" sizes=\"auto, (max-width: 400px) 100vw, 400px\" \/><\/figure><\/div>\n\n<p>Les paroles proph\u00e9tiques prononc\u00e9es par Jean Paul II, lors du V\u00b0 Symposium des Conf\u00e9rences \u00c9piscopales d\u2019Europe (1985), que l\u2019\u00c9glise pour pouvoir r\u00e9\u00e9vang\u00e9liser l\u2019Europe doit \u00ab\u00a0retourner au tout premier mod\u00e8le apostolique\u00a0\u00bb, ont \u00e9t\u00e9 r\u00e9alis\u00e9es par Vous avec l\u2019envoi des 7 premiers pr\u00eatres, pour la <em>\u00ab\u00a0missio ad gentes\u00a0\u00bb,<\/em> chacun d\u2019eux accompagn\u00e9 par 3 familles avec leurs nombreux enfants. L\u2019exp\u00e9rience des pr\u00eatres, des familles et de leurs enfants est tr\u00e8s positive\u00a0: ils sont contents, remplis de z\u00e8le, et ils sont en train de faire une grande \u0153uvre aupr\u00e8s des non baptis\u00e9s. Beaucoup d\u2019entre nous d\u00e9sirent commencer cette \u00ab\u00a0missio ad gentes\u00a0\u00bb dans leurs Dioc\u00e8ses\u2026<\/p>\n\n<p><em>Card. J. Meisner<\/em><br \/><em>Card. S. Dziwisz<\/em><br \/><em>Card. V. Puljic<\/em><br \/><em>Card. A. M. Rouco<\/em><br \/><em>Card. F. Barbarin<\/em><br \/><em>Card. S. Rylko<\/em><br \/><em>Card. C. Sch\u00f6nborn<\/em><br \/><em>Card. J. Glemp<\/em><br \/><em>Card. P. Cordes<\/em><\/p>\n","protected":false},"excerpt":{"rendered":"<p>Convivence de plus de 200 \u00e9v\u00eaques et 9 cardinaux de l\u2019Europe \u00e0 la \u201cDomus Galilaeae\u201d 24-III-2008 Benoit XVI Corazim, 24-29 mars 2008 Du 24 au 29 Mars s\u2019est tenue \u00e0\u00a0 la Domus Galilaeae une Convivence de 200 \u00e9v\u00eaques et 9 cardinaux d\u2019Europe. &#013; &#013; Le Secr\u00e9taire d\u2019\u00c9tat, au nom du Pape, a envoy\u00e9 aux participants un t\u00e9l\u00e9gramme que nous rapportons ci-dessous\u00a0: \u00ab \u00c0 l\u2019occasion du congr\u00e8s promu par le Chemin<\/p>\n<div class=\"read-more\"><a class=\"btn read-more-btn\" href=\"https:\/\/neocatechumenaleiter.org\/fr\/paroles-de-papes\/benoit-xvi\/convivence-de-plus-de-200-eveques-et-9-cardinaux-de-leurope-a-la-domus-galilaeae-24-iii-2008\/\">En savoir plus<\/a><\/div>\n","protected":false},"author":2,"featured_media":0,"parent":5071,"menu_order":6,"comment_status":"closed","ping_status":"closed","template":"","meta":{"footnotes":""},"class_list":["post-16328","page","type-page","status-publish","hentry"],"_links":{"self":[{"href":"https:\/\/neocatechumenaleiter.org\/fr\/wp-json\/wp\/v2\/pages\/16328","targetHints":{"allow":["GET"]}}],"collection":[{"href":"https:\/\/neocatechumenaleiter.org\/fr\/wp-json\/wp\/v2\/pages"}],"about":[{"href":"https:\/\/neocatechumenaleiter.org\/fr\/wp-json\/wp\/v2\/types\/page"}],"author":[{"embeddable":true,"href":"https:\/\/neocatechumenaleiter.org\/fr\/wp-json\/wp\/v2\/users\/2"}],"replies":[{"embeddable":true,"href":"https:\/\/neocatechumenaleiter.org\/fr\/wp-json\/wp\/v2\/comments?post=16328"}],"version-history":[{"count":1,"href":"https:\/\/neocatechumenaleiter.org\/fr\/wp-json\/wp\/v2\/pages\/16328\/revisions"}],"predecessor-version":[{"id":16329,"href":"https:\/\/neocatechumenaleiter.org\/fr\/wp-json\/wp\/v2\/pages\/16328\/revisions\/16329"}],"up":[{"embeddable":true,"href":"https:\/\/neocatechumenaleiter.org\/fr\/wp-json\/wp\/v2\/pages\/5071"}],"wp:attachment":[{"href":"https:\/\/neocatechumenaleiter.org\/fr\/wp-json\/wp\/v2\/media?parent=16328"}],"curies":[{"name":"wp","href":"https:\/\/api.w.org\/{rel}","templated":true}]}}