{"id":16331,"date":"2020-06-30T19:22:09","date_gmt":"2020-06-30T18:22:09","guid":{"rendered":"https:\/\/neocatechumenaleiter.org\/paroles-de-papes\/francois\/audience-au-chemin-neocatechumenal-18-mars-2016\/"},"modified":"2020-06-30T19:26:52","modified_gmt":"2020-06-30T18:26:52","slug":"audience-au-chemin-neocatechumenal-18-mars-2016","status":"publish","type":"page","link":"https:\/\/neocatechumenaleiter.org\/fr\/paroles-de-papes\/francois\/audience-au-chemin-neocatechumenal-18-mars-2016\/","title":{"rendered":"Audience au Chemin N\u00e9ocat\u00e9chum\u00e9nal 18 mars 2016"},"content":{"rendered":"\n<h1 class=\"has-text-align-center wp-block-heading\">Audience au Chemin N\u00e9ocat\u00e9chum\u00e9nal 18 mars 2016<\/h1>\n\n<div style=\"height:20px\" aria-hidden=\"true\" class=\"wp-block-spacer\"><\/div>\n\n<h4 class=\"has-text-align-center wp-block-heading\">Fran\u00e7ois<\/h4>\n\n<div style=\"height:20px\" aria-hidden=\"true\" class=\"wp-block-spacer\"><\/div>\n\n<p><em>Chers fr\u00e8res et s\u0153urs, bonjour !<\/em><\/p>\n\n<p>Je suis heureux de vous rencontrer et je vous remercie, car vous \u00eates venus tr\u00e8s nombreux. J\u2019adresse un salut particulier \u00e0 ceux qui vont partir ! Vous avez accueilli l\u2019appel \u00e0 \u00e9vang\u00e9liser : je b\u00e9nis le Seigneur pour cela, pour le don du Chemin et pour le don de chacun de vous. Je voudrais souligner trois mots que l\u2019\u00c9vangile vient de vous remettre, comme un mandat pour la mission :\u00a0<em>unit\u00e9, gloire<\/em>\u00a0et\u00a0<em>monde<\/em>.<\/p>\n\n<p><em>Unit\u00e9.<\/em>\u00a0J\u00e9sus prie le P\u00e8re pour que les siens soient \u00ab parfaits dans l\u2019unit\u00e9 \u00bb (<em>Jn<\/em>\u00a017, 23) : il veut qu\u2019ils soient \u00ab un \u00bb entre eux (v. 22), comme le P\u00e8re et Lui. C\u2019est sa derni\u00e8re requ\u00eate avant la Passion, la plus pressante : que la communion soit pr\u00e9sente dans l\u2019\u00c9glise. <strong>La communion est essentielle.<\/strong> L\u2019ennemi de Dieu et de l\u2019homme, le diable, ne peut rien contre l\u2019\u00c9vangile, contre l\u2019humble force de la pri\u00e8re et des sacrements, mais il peut faire beaucoup de mal \u00e0 l\u2019\u00c9glise en tentant notre humanit\u00e9. Il provoque la pr\u00e9somption, le jugement sur les autres, les fermetures, les divisions. Il est lui-m\u00eame \u00ab le diviseur \u00bb et il commence souvent par nous faire croire que nous sommes bons, peut-\u00eatre meilleurs que les autres : il trouve ainsi le terrain pr\u00eat pour semer la zizanie. C\u2019est la tentation de toutes les communaut\u00e9s et elle peut \u00e9galement s\u2019insinuer dans les plus beaux charismes de l\u2019\u00c9glise.<\/p>\n\n<p><strong>Vous avez re\u00e7u un grand charisme, pour le renouveau baptismal de la vie ;<\/strong> en effet, on entre dans l\u2019\u00c9glise \u00e0 travers le bapt\u00eame. Chaque charisme est une gr\u00e2ce de Dieu pour faire grandir la communion. Mais le charisme peut se d\u00e9t\u00e9riorer quand on se ferme ou qu\u2019on se vante, quand on veut se distinguer des autres. C\u2019est pourquoi il faut le prot\u00e9ger. <strong>Prot\u00e9gez votre charisme !<\/strong> Comment ? En suivant la voie ma\u00eetresse:\u00a0<em>l\u2019unit\u00e9 humble et ob\u00e9issante<\/em>. Si celle-ci est pr\u00e9sente, l\u2019Esprit Saint continue \u00e0 \u0153uvrer, comme il l\u2019a fait en Marie, ouverte, humble et ob\u00e9issante. Il est toujours n\u00e9cessaire de veiller sur le charisme, en purifiant les \u00e9ventuels exc\u00e8s humains \u00e0 travers la recherche de l\u2019unit\u00e9 avec tous et de l\u2019ob\u00e9issance \u00e0 l\u2019\u00c9glise. C\u2019est ainsi que\u00a0<em>l\u2019on respire dans l\u2019\u00c9glise et avec l\u2019\u00c9glise\u00a0<\/em>; c\u2019est ainsi qu\u2019on reste les enfants dociles de notre \u00ab Sainte M\u00e8re l\u2019\u00c9glise hi\u00e9rarchique \u00bb, avec \u00ab l\u2019\u00e2me pr\u00e9par\u00e9e et pr\u00eate \u00bb pour la mission (cf. Saint Ignace de Loyola,\u00a0<em>Exercices spirituels<\/em>, 353).<\/p>\n\n<p>Je souligne cet aspect : l\u2019\u00c9glise est notre M\u00e8re. Comme les enfants portent imprim\u00e9e sur leur visage la ressemblance avec leur m\u00e8re, ainsi nous ressemblons tous \u00e0 notre M\u00e8re, l\u2019\u00c9glise. <strong>Apr\u00e8s le bapt\u00eame<\/strong>, nous ne vivons plus comme des individus isol\u00e9s, <strong>mais nous sommes devenus des\u00a0<em>hommes et des femmes de communion<\/em>, appel\u00e9s \u00e0 \u00eatre des agents de communion dans le monde.<\/strong> Car J\u00e9sus non seulement\u00a0<em>a fond\u00e9 l\u2019\u00c9glise pour nous, mais il nous a fond\u00e9s comme \u00c9glise<\/em>. L\u2019\u00c9glise n\u2019est pas un instrument pour nous : nous sommes \u00c9glise. Nous sommes ren\u00e9s d\u2019elle, nous sommes nourris par elle avec le Pain de vie, nous recevons d\u2019elle les paroles de vie, nous sommes pardonn\u00e9s et accompagn\u00e9s \u00e0 la maison par elle. Telle est la f\u00e9condit\u00e9 de l\u2019\u00c9glise, qui est M\u00e8re: ce n\u2019est pas une organisation qui cherche des adeptes, ou un groupe qui va de l\u2019avant en suivant la logique de ses id\u00e9es, mais c\u2019est une M\u00e8re qui transmet la vie re\u00e7ue de J\u00e9sus.<\/p>\n\n<p>Cette f\u00e9condit\u00e9 s\u2019exprime \u00e0 travers le minist\u00e8re et la direction des pasteurs. L\u2019institution est en effet elle aussi un charisme, car elle plonge ses racines \u00e0 la m\u00eame source, qui est l\u2019Esprit Saint. Il est l\u2019eau vive, mais l\u2019eau ne peut continuer \u00e0 donner la vie que si la plante est bien soign\u00e9e et taill\u00e9e. D\u00e9salt\u00e9rez-vous \u00e0 la source de l\u2019amour, l\u2019Esprit, et prenez soin, avec d\u00e9licatesse et respect, de tout l\u2019organisme eccl\u00e9sial, en particulier des parties les plus fragiles, pour que tout grandisse ensemble, de mani\u00e8re harmonieuse et f\u00e9conde.<\/p>\n\n<p>Deuxi\u00e8me mot :\u00a0<em>gloire<\/em>. Avant sa Passion, J\u00e9sus pr\u00e9annonce qu\u2019il <strong>sera \u00ab glorifi\u00e9 \u00bb sur la croix<\/strong> <strong>: c\u2019est l\u00e0 que sa gloire appara\u00eetra<\/strong> (cf.\u00a0<em>Jn<\/em>\u00a017, 5). Mais c\u2019est une gloire nouvelle : la gloire du monde se manifeste lorsqu\u2019on est importants, admir\u00e9s, quand on poss\u00e8de des biens et du succ\u00e8s. En revanche, la gloire de Dieu se r\u00e9v\u00e8le sur la croix : c\u2019est l\u2019amour, qui resplendit l\u00e0 et se diffuse. C\u2019est une gloire paradoxale: sans bruit, sans profit et sans applaudissements. Mais seule cette gloire rend l\u2019\u00c9vangile f\u00e9cond. Ainsi, notre M\u00e8re l\u2019\u00c9glise est elle aussi f\u00e9conde quand elle imite l\u2019amour mis\u00e9ricordieux de Dieu, qui se propose et jamais ne s\u2019impose. Celui-ci est humble, il agit comme la pluie dans la terre, comme l\u2019air que l\u2019on respire, comme une petite semence qui porte du fruit dans le silence. Celui qui annonce l\u2019amour ne peut le faire qu\u2019avec le m\u00eame style d\u2019amour.<\/p>\n\n<p>Et le troisi\u00e8me mot que nous avons entendu est\u00a0<em>monde<\/em>. \u00ab Dieu a tant aim\u00e9 le monde \u00bb qu\u2019il a envoy\u00e9 J\u00e9sus (cf.\u00a0<em>Jn<\/em>\u00a03, 16). Celui qui aime ne s\u2019\u00e9loigne pas, mais va \u00e0 la rencontre. Vous irez \u00e0 la rencontre de tant de villes, de tant de pays. <strong>Dieu<\/strong> n\u2019est pas attir\u00e9 par la mondanit\u00e9, au contraire, il la d\u00e9teste; mais il <strong>aime le monde<\/strong> qu\u2019il a cr\u00e9\u00e9 et il <strong>aime ses enfants dans le monde<\/strong> tels qu\u2019ils sont, l\u00e0 o\u00f9 ils vivent, m\u00eame s\u2019ils sont \u00ab loin \u00bb. La vie ne sera pas facile pour vous dans des pays lointains, dans d\u2019autres cultures, elle ne sera pas facile. Mais c\u2019est votre mission. Et vous faites cela par amour, par amour pour votre M\u00e8re l\u2019\u00c9glise, pour l\u2019unit\u00e9 de cette M\u00e8re f\u00e9conde ; vous le faites pour que l\u2019\u00c9glise soit M\u00e8re et f\u00e9conde. Montrez aux enfants le regard tendre du P\u00e8re et consid\u00e9rez comme un don la r\u00e9alit\u00e9 que vous rencontrerez ; familiarisez-vous avec les cultures, les langues et les usages locaux, en les respectant et en reconnaissant les semences de la gr\u00e2ce que l\u2019Esprit a d\u00e9j\u00e0 sem\u00e9es. Sans c\u00e9der \u00e0 la tentation de greffer des mod\u00e8les acquis, semez\u00a0<em>la premi\u00e8re annonce\u00a0<\/em>: \u00ab ce qui est plus beau, plus grand, plus attirant et en m\u00eame temps plus n\u00e9cessaire \u00bb (Exhort. apost.<a href=\"http:\/\/w2.vatican.va\/content\/francesco\/fr\/apost_exhortations\/documents\/papa-francesco_esortazione-ap_20131124_evangelii-gaudium.html\"><em>Evangelii gaudium<\/em><\/a>, n. 35). <strong>C\u2019est la bonne nouvelle qui doit toujours revenir<\/strong>, autrement la foi risque de devenir une doctrine froide et sans vie. Ensuite, \u00e9vang\u00e9liser en tant que famille, en vivant l\u2019unit\u00e9 et la simplicit\u00e9, est d\u00e9j\u00e0 une annonce de vie, un beau t\u00e9moignage, dont je vous remercie beaucoup. Et je vous remercie, en mon nom, mais aussi au nom de toute l\u2019\u00c9glise pour ce geste de partir, de partir vers l\u2019inconnu et aussi de souffrir. Car la souffrance sera pr\u00e9sente, mais il y aura aussi la joie de la gloire de Dieu, la gloire qui est sur la croix. Je vous accompagne et je vous encourage, et je vous demande, s\u2019il vous pla\u00eet, de ne pas oublier de prier pour moi. Je reste ici, mais avec le c\u0153ur je viens avec vous.&#013;\n&#013;\n<em>(*) Cf. \u00abL\u2019Osservatore Romano\u00bb, 19 mars 2016<\/em><\/p>\n","protected":false},"excerpt":{"rendered":"<p>Audience au Chemin N\u00e9ocat\u00e9chum\u00e9nal 18 mars 2016 Fran\u00e7ois Chers fr\u00e8res et s\u0153urs, bonjour ! Je suis heureux de vous rencontrer et je vous remercie, car vous \u00eates venus tr\u00e8s nombreux. J\u2019adresse un salut particulier \u00e0 ceux qui vont partir ! Vous avez accueilli l\u2019appel \u00e0 \u00e9vang\u00e9liser : je b\u00e9nis le Seigneur pour cela, pour le don du Chemin et pour le don de chacun de vous. Je voudrais souligner trois<\/p>\n<div class=\"read-more\"><a class=\"btn read-more-btn\" href=\"https:\/\/neocatechumenaleiter.org\/fr\/paroles-de-papes\/francois\/audience-au-chemin-neocatechumenal-18-mars-2016\/\">En savoir plus<\/a><\/div>\n","protected":false},"author":2,"featured_media":0,"parent":5073,"menu_order":4,"comment_status":"closed","ping_status":"closed","template":"","meta":{"footnotes":""},"class_list":["post-16331","page","type-page","status-publish","hentry"],"_links":{"self":[{"href":"https:\/\/neocatechumenaleiter.org\/fr\/wp-json\/wp\/v2\/pages\/16331","targetHints":{"allow":["GET"]}}],"collection":[{"href":"https:\/\/neocatechumenaleiter.org\/fr\/wp-json\/wp\/v2\/pages"}],"about":[{"href":"https:\/\/neocatechumenaleiter.org\/fr\/wp-json\/wp\/v2\/types\/page"}],"author":[{"embeddable":true,"href":"https:\/\/neocatechumenaleiter.org\/fr\/wp-json\/wp\/v2\/users\/2"}],"replies":[{"embeddable":true,"href":"https:\/\/neocatechumenaleiter.org\/fr\/wp-json\/wp\/v2\/comments?post=16331"}],"version-history":[{"count":7,"href":"https:\/\/neocatechumenaleiter.org\/fr\/wp-json\/wp\/v2\/pages\/16331\/revisions"}],"predecessor-version":[{"id":16338,"href":"https:\/\/neocatechumenaleiter.org\/fr\/wp-json\/wp\/v2\/pages\/16331\/revisions\/16338"}],"up":[{"embeddable":true,"href":"https:\/\/neocatechumenaleiter.org\/fr\/wp-json\/wp\/v2\/pages\/5073"}],"wp:attachment":[{"href":"https:\/\/neocatechumenaleiter.org\/fr\/wp-json\/wp\/v2\/media?parent=16331"}],"curies":[{"name":"wp","href":"https:\/\/api.w.org\/{rel}","templated":true}]}}