{"id":16339,"date":"2020-02-28T15:35:08","date_gmt":"2020-02-28T14:35:08","guid":{"rendered":"https:\/\/neocatechumenaleiter.org\/paroles-de-papes\/st-paul-vi\/audience-generale-8-mai-1974\/"},"modified":"2021-08-10T10:58:57","modified_gmt":"2021-08-10T09:58:57","slug":"audience-generale-8-mai-1974","status":"publish","type":"page","link":"https:\/\/neocatechumenaleiter.org\/fr\/paroles-de-papes\/st-paul-vi\/audience-generale-8-mai-1974\/","title":{"rendered":"Audience g\u00e9n\u00e9rale 8 mai 1974"},"content":{"rendered":"\n<h1 class=\"has-text-align-center wp-block-heading\">Audience g\u00e9n\u00e9rale 8 mai 1974<\/h1>\n\n<div style=\"height:20px\" aria-hidden=\"true\" class=\"wp-block-spacer\"><\/div>\n\n<h4 class=\"has-text-align-center wp-block-heading\">Saint Paul VI<\/h4>\n\n<div style=\"height:20px\" aria-hidden=\"true\" class=\"wp-block-spacer\"><\/div>\n\n<p><em>Le 8 mai 1974, en concluant une session internationale tenue \u00e0 la \u00ab Domus<\/em> <em>Mariae \u00bb de Rome, devant environ 500 participants, pr\u00eatres et la\u00efcs, venus de diverses<\/em> <em>r\u00e9gions europ\u00e9ennes, le pape Paul VI s&rsquo;adressait ainsi \u00e0 son auditoire:<\/em><\/p>\n\n<p>\u00ab\u00a0Nous saluons le groupe de pr\u00eatres et de la\u00efcs qui repr\u00e9sentent le mouvement des <em>Communaut\u00e9s n\u00e9ocat\u00e9chum\u00e9nales. <\/em>Ils se sont rendus \u00e0 Rome venant de plusieurs dioc\u00e8ses d&rsquo;Italie et d&rsquo;autres pays pour un congr\u00e8s sur le th\u00e8me de l&rsquo;\u00e9vang\u00e9lisation dans le monde contemporain, ce m\u00eame th\u00e8me qui sera examin\u00e9 par la prochaine Assembl\u00e9e du Synode des Ev\u00eaques. Quelle joie et quelle esp\u00e9rance vous nous donnez par votre pr\u00e9sence et par votre activit\u00e9!<\/p>\n\n<p><strong>Nous savons que dans vos communaut\u00e9s, vous vous employez ensemble \u00e0 comprendre et \u00e0 d\u00e9velopper les richesses de votre bapt\u00eame et les cons\u00e9quences de votre appartenance au Christ.<\/strong> Un tel engagement vous conduit \u00e0 vous rendre compte que la vie chr\u00e9tienne n&rsquo;est pas autre chose qu&rsquo;une coh\u00e9rence, un dynamisme permanent qui d\u00e9coulent du fait d&rsquo;avoir accept\u00e9 d&rsquo;\u00eatre avec le Christ et de prolonger sa pr\u00e9sence et sa mission dans le monde.<\/p>\n\n<p>Ce projet, qui pour vous, est une mani\u00e8re consciente et authentique de vivre la vocation chr\u00e9tienne, se traduit aussi dans un t\u00e9moignage efficace pour les autres. Ceci vous pousse \u00e0 red\u00e9couvrir et \u00e0 r\u00e9cup\u00e9rer des valeurs chr\u00e9tiennes vraies, authentiques, qui, autrement, pourraient rester comme cach\u00e9es et endormies comme dilu\u00e9es dans la vie quotidienne. <\/p>\n\n<p>Non! vous mettez en \u00e9vidence ces valeurs, vous les faites ressortir, vous leur donnez une splendeur morale vraiment exemplaire car justement, c&rsquo;est avec cet esprit chr\u00e9tien que vous vivez cette Communaut\u00e9 n\u00e9ocat\u00e9chum\u00e9nale.<\/p>\n\n<p>Vivre et promouvoir ce r\u00e9veil, c&rsquo;est ce que vous appelez une sorte de vie \u00ab d\u2019apr\u00e8s-bapt\u00eame \u00bb qui pourra produire de nouveau, dans les communaut\u00e9s chr\u00e9tiennes actuelles, des effets de maturit\u00e9 et d\u2019approfondissement que, dans l\u2019\u00e9glise primitive, on voyait r\u00e9alis\u00e9s dans la p\u00e9riode \u00ab pr\u00e9paratoire \u00bb au bapt\u00eame.<\/p>\n\n<p>Vous, vous d\u00e9placez cette formation apr\u00e8s le bapt\u00eame : ou avant ou apr\u00e8s, dirais-je, c\u2019est secondaire. Le fait est que vous visez \u00e0 l\u2019authenticit\u00e9, \u00e0 la pl\u00e9nitude, \u00e0 la coh\u00e9rence, \u00e0 la sinc\u00e9rit\u00e9 de la vie chr\u00e9tienne. Il y a l\u00e0 un m\u00e9rite tr\u00e8s grand, je le r\u00e9p\u00e8te, qui nous console profond\u00e9ment, nous sugg\u00e8re et nous inspire les souhaits, les v\u0153ux et les b\u00e9n\u00e9dictions les plus abondantes pour vous, pour tous ceux qui vous assistent et pour tous ceux que, dans votre salut et votre message, vous pourrez saluer de notre part.<\/p>\n\n<p>Nous sommes heureux de vous savoir animateurs de cette prise de conscience dans tant de paroisses, et de savoir que, dans toutes vos initiatives vous \u00eates extr\u00eamement attentifs \u00e0 la d\u00e9pendance de vos pasteurs et \u00e0 la communion avec tous les fr\u00e8res. Pour cette sensibilit\u00e9 eccl\u00e9siale &#8211; qui est toujours une garantie de la pr\u00e9sence \u00e9dificatrice de l&rsquo;Esprit &#8211; nous vous adressons notre encouragement. \u00bb<br\/><br\/><em>(*) Le texte et l\u2019introduction sont tir\u00e9s de la revue \u00ab Notitiae \u00bb, organe officiel de la Congr\u00e9gation pour le Culte divin, n\u00b0 95-96, juillet-ao\u00fbt 1974, pages 95-96, juillet-ao\u00fbt 1974, pages 230, avec quelques ajouts tir\u00e9s de l\u2019enregistrement.<\/em>&#13;\n<\/p>\n","protected":false},"excerpt":{"rendered":"<p>Audience g\u00e9n\u00e9rale 8 mai 1974 Saint Paul VI Le 8 mai 1974, en concluant une session internationale tenue \u00e0 la \u00ab Domus Mariae \u00bb de Rome, devant environ 500 participants, pr\u00eatres et la\u00efcs, venus de diverses r\u00e9gions europ\u00e9ennes, le pape Paul VI s&rsquo;adressait ainsi \u00e0 son auditoire: \u00ab\u00a0Nous saluons le groupe de pr\u00eatres et de la\u00efcs qui repr\u00e9sentent le mouvement des Communaut\u00e9s n\u00e9ocat\u00e9chum\u00e9nales. Ils se sont rendus \u00e0 Rome venant<\/p>\n<div class=\"read-more\"><a class=\"btn read-more-btn\" href=\"https:\/\/neocatechumenaleiter.org\/fr\/paroles-de-papes\/st-paul-vi\/audience-generale-8-mai-1974\/\">En savoir plus<\/a><\/div>\n","protected":false},"author":2,"featured_media":0,"parent":5052,"menu_order":0,"comment_status":"closed","ping_status":"closed","template":"","meta":{"footnotes":""},"class_list":["post-16339","page","type-page","status-publish","hentry"],"_links":{"self":[{"href":"https:\/\/neocatechumenaleiter.org\/fr\/wp-json\/wp\/v2\/pages\/16339","targetHints":{"allow":["GET"]}}],"collection":[{"href":"https:\/\/neocatechumenaleiter.org\/fr\/wp-json\/wp\/v2\/pages"}],"about":[{"href":"https:\/\/neocatechumenaleiter.org\/fr\/wp-json\/wp\/v2\/types\/page"}],"author":[{"embeddable":true,"href":"https:\/\/neocatechumenaleiter.org\/fr\/wp-json\/wp\/v2\/users\/2"}],"replies":[{"embeddable":true,"href":"https:\/\/neocatechumenaleiter.org\/fr\/wp-json\/wp\/v2\/comments?post=16339"}],"version-history":[{"count":6,"href":"https:\/\/neocatechumenaleiter.org\/fr\/wp-json\/wp\/v2\/pages\/16339\/revisions"}],"predecessor-version":[{"id":23915,"href":"https:\/\/neocatechumenaleiter.org\/fr\/wp-json\/wp\/v2\/pages\/16339\/revisions\/23915"}],"up":[{"embeddable":true,"href":"https:\/\/neocatechumenaleiter.org\/fr\/wp-json\/wp\/v2\/pages\/5052"}],"wp:attachment":[{"href":"https:\/\/neocatechumenaleiter.org\/fr\/wp-json\/wp\/v2\/media?parent=16339"}],"curies":[{"name":"wp","href":"https:\/\/api.w.org\/{rel}","templated":true}]}}