{"id":16343,"date":"2020-06-30T21:28:47","date_gmt":"2020-06-30T20:28:47","guid":{"rendered":"https:\/\/neocatechumenaleiter.org\/paroles-de-papes\/francois\/discours-du-saint-pere-pour-les-50-ans-du-chemin-neocatechumenal-5-mai-2018\/"},"modified":"2020-06-30T21:28:47","modified_gmt":"2020-06-30T20:28:47","slug":"discours-du-saint-pere-pour-les-50-ans-du-chemin-neocatechumenal-5-mai-2018","status":"publish","type":"page","link":"https:\/\/neocatechumenaleiter.org\/fr\/paroles-de-papes\/francois\/discours-du-saint-pere-pour-les-50-ans-du-chemin-neocatechumenal-5-mai-2018\/","title":{"rendered":"Discours du saint P\u00e8re pour les 50 ans du Chemin n\u00e9ocat\u00e9chum\u00e9nal 5 mai 2018"},"content":{"rendered":"\n<h1 class=\"has-text-align-center wp-block-heading\">Discours du saint P\u00e8re pour les 50 ans du Chemin n\u00e9ocat\u00e9chum\u00e9nal 5 mai 2018<\/h1>\n\n<div style=\"height:20px\" aria-hidden=\"true\" class=\"wp-block-spacer\"><\/div>\n\n<h4 class=\"has-text-align-center wp-block-heading\">Fran\u00e7ois<\/h4>\n\n<div style=\"height:20px\" aria-hidden=\"true\" class=\"wp-block-spacer\"><\/div>\n\n<p><em>Tor Vergata &#8211; Rome, 5 mai 2018<\/em><\/p>\n\n<p><em>Chers fr\u00e8res et s\u0153urs, bonjour!<\/em><\/p>\n\n<p>Je suis heureux de vous rencontrer et de dire avec vous: merci! Merci \u00e0 Dieu, et aussi \u00e0 vous, en particulier \u00e0 ceux qui ont fait un long voyage pour \u00eatre ici. Merci pour le \u00aboui\u00bb que vous avez prononc\u00e9, merci d\u2019avoir accueilli l\u2019appel du Seigneur \u00e0 vivre l\u2019Evangile et \u00e0 \u00e9vang\u00e9liser. Et un grand merci va \u00e9galement \u00e0 ceux qui ont commenc\u00e9 ce chemin n\u00e9ocat\u00e9chum\u00e9nal il y a cinquante ans.<\/p>\n\n<p>Cinquante est un chiffre important dans l\u2019Ecriture: au cinquanti\u00e8me jour, l\u2019Esprit du Ressuscit\u00e9 descendit sur les ap\u00f4tres et manifesta l\u2019Eglise au monde. Avant cela encore, Dieu avait b\u00e9ni la cinquanti\u00e8me ann\u00e9e: \u00abCette cinquanti\u00e8me ann\u00e9e sera pour vous une ann\u00e9e jubilaire\u00bb (Lv 25, 11). Une ann\u00e9e sainte, durant laquelle le peuple \u00e9lu aurait touch\u00e9 du doigt de nouvelles r\u00e9alit\u00e9s, comme la lib\u00e9ration et le retour des opprim\u00e9s chez eux: \u00abVous proclamerez l\u2019affranchissement de tous les habitants du pays \u2014 avait dit le Seigneur. [&#8230;] Chacun de vous rentrera dans son patrimoine, chacun de vous retournera dans son clan\u00bb (v. 10). Voil\u00e0, apr\u00e8s cinquante ans du Chemin il serait beau que chacun de vous dise: \u00ab<strong>Merci, Seigneur, parce que tu m\u2019as vraiment lib\u00e9r\u00e9; parce que dans l\u2019Eglise j\u2019ai trouv\u00e9 ma famille; parce que dans ton bapt\u00eame, les vieilles choses sont pass\u00e9es et je go\u00fbte une vie nouvelle (cf. 2 Co 5, 17); parce qu\u2019\u00e0 travers le Chemin, tu m\u2019as indiqu\u00e9 le sentier pour d\u00e9couvrir ton tendre amour de P\u00e8re<\/strong>\u00bb.<\/p>\n\n<p>Chers fr\u00e8res et s\u0153urs, \u00e0 la fin, vous chanterez le \u00ab<em>Te Deum<\/em>\u00a0d\u2019action de gr\u00e2ce pour l\u2019amour et la fid\u00e9lit\u00e9 de Dieu\u00bb. Cela est tr\u00e8s beau: rendre gr\u00e2ce \u00e0 Dieu pour son\u00a0<em>amour<\/em>\u00a0et pour sa\u00a0<em>fid\u00e9lit\u00e9<\/em>. Souvent, nous lui rendons gr\u00e2ce pour ses dons, pour ce qu\u2019il nous donne, et il est bon de le faire. Mais c\u2019est encore mieux de lui rendre gr\u00e2ce pour\u00a0<em>ce qu\u2019il est<\/em>, parce qu\u2019il est le Dieu\u00a0<em>fid\u00e8le dans l\u2019amour<\/em>. Sa bont\u00e9 ne d\u00e9pend pas de nous. <strong>Quoi que nous fassions, Dieu continue \u00e0 nous aimer fid\u00e8lement. Telle est la source de notre confiance, le grand r\u00e9confort de notre vie.<\/strong> Alors courage, ne vous attristez jamais! Et quand les nuages des probl\u00e8mes semblent s\u2019\u00e9paissir lourdement sur vos journ\u00e9es, rappelez-vous que <strong>l\u2019amour fid\u00e8le de Dieu resplendit toujours, comme un soleil qui ne se couche pas. Faites m\u00e9moire de son bien, plus fort que tout mal, et le doux souvenir de l\u2019amour de Dieu vous aidera dans toute angoisse.<\/strong><\/p>\n\n<p>Il manque encore un remerciement important: \u00e0 ceux qui vont partir en mission. Je d\u00e9sire vous dire quelque chose qui vient du c\u0153ur sur la mission, sur l\u2019\u00e9vang\u00e9lisation, qui est la priorit\u00e9 de l\u2019Eglise aujourd\u2019hui. Car l<strong>a mission, c\u2019est donner une voix \u00e0 l\u2019amour fid\u00e8le de Dieu, c\u2019est annoncer que le Seigneur nous aime et qu\u2019il ne se lassera jamais de moi, de toi, de nous et de ce monde<\/strong>, dont nous, nous lassons peut-\u00eatre. La mission, c\u2019est donner ce que nous avons re\u00e7u. La mission c\u2019est accomplir le mandat de J\u00e9sus que nous avons entendu et sur lequel je voudrais m\u2019arr\u00eater avec vous: \u00abAllez donc! De toutes les nations faites des disciples\u00bb (Mt 28, 19).<\/p>\n\n<p>Allez. La mission demande de partir. Mais dans la vie, la tentation de rester, de ne pas prendre de risques, de se contenter d\u2019avoir la situation sous contr\u00f4le, est forte. Il est plus facile de rester chez soi, entour\u00e9s de ceux qui nous aiment, mais ce n\u2019est pas le chemin de J\u00e9sus. Il envoie: \u00abAllez\u00bb. Il n\u2019utilise pas de demi-mesure. Il n\u2019autorise pas des d\u00e9placements limit\u00e9s ou des voyages rembours\u00e9s, mais il dit un seul mot \u00e0 ses disciples, \u00e0 tous ses disciples: \u00abAllez!\u00bb. Allez: un appel fort qui r\u00e9sonne dans tout recoin de la vie chr\u00e9tienne; une invitation claire \u00e0 \u00eatre toujours en sortie, p\u00e8lerins dans le monde \u00e0 la recherche de notre fr\u00e8re qui ne conna\u00eet pas encore la joie de l\u2019amour de Dieu.<\/p>\n\n<p>Mais comment faire pour aller? Il faut \u00eatre agiles, on ne peut pas emporter avec soi tous ses bibelots. La Bible l\u2019enseigne: quand Dieu lib\u00e9ra le peuple \u00e9lu, il le fit aller dans le d\u00e9sert avec pour seul bagage la confiance en Lui. Et s\u2019\u00e9tant fait homme, Il marcha lui-m\u00eame dans la pauvret\u00e9, sans avoir o\u00f9 reposer la t\u00eate (cf. Lc 9, 58). Il demande le m\u00eame style aux siens. <strong>Pour aller, il faut \u00eatre l\u00e9ger.<\/strong> Pour\u00a0<em>annoncer<\/em>, il faut\u00a0<em>renoncer<\/em>. Seule une Eglise qui renonce au monde annonce bien le Seigneur. Seule une Eglise lib\u00e9r\u00e9e du pouvoir et de l\u2019argent, lib\u00e9r\u00e9e des triomphalismes et des cl\u00e9ricalismes, t\u00e9moigne de fa\u00e7on cr\u00e9dible que l<strong>e Christ lib\u00e8re l\u2019homme.<\/strong> Et celui qui, par amour pour elle, apprend \u00e0 renoncer aux choses qui passent, embrasse ce grand tr\u00e9sor: la libert\u00e9. Il n\u2019est plus brid\u00e9 par ses attachements, qui r\u00e9clament toujours quelque chose de plus, mais n\u2019apportent jamais la paix, et il sent que son c\u0153ur se dilate, sans inqui\u00e9tudes, disponible pour Dieu et pour ses fr\u00e8res.<\/p>\n\n<p>\u00abAllez\u00bb est le verbe de la mission et il nous dit encore une chose: qui se conjugue au pluriel. Le Seigneur ne dit pas: \u00abVas-y, ensuite toi, puis toi\u2026\u00bb, mais \u00aballez\u00bb, ensemble! Etre pleinement missionnaire ce n\u2019est pas aller seul, mais cheminer ensemble. Cheminer ensemble est un art \u00e0 apprendre toujours, chaque jour. Il faut rester attentifs, par exemple, \u00e0 ne pas imposer son rythme aux autres. Il faut plut\u00f4t accompagner et attendre, en se rappelant que le chemin de l\u2019autre n\u2019est pas identique au mien. Comme dans la vie, aucun pas n\u2019est exactement \u00e9gal \u00e0 un autre, il en va de m\u00eame dans la foi et dans la mission: on avance ensemble, sans s\u2019isoler et sans imposer son sens de la marche, unis; on avance unis, comme Eglise, avec les pasteurs, avec tous nos fr\u00e8res, sans fuite en avant et sans se plaindre de celui qui a un pas plus lent. Nous sommes des p\u00e8lerins qui, accompagn\u00e9s par nos fr\u00e8res, accompagnent d\u2019autres fr\u00e8res, et il est bon de le faire personnellement, avec soin et respect pour le chemin de chacun et sans forcer la croissance de personne, car la r\u00e9ponse \u00e0 Dieu ne m\u00fbrit que dans la libert\u00e9 authentique et sinc\u00e8re.<\/p>\n\n<p>J\u00e9sus ressuscit\u00e9 dit: \u00abFaites des disciples\u00bb. Voil\u00e0 la mission. Il ne dit pas: conqu\u00e9rez, occupez, mais \u00abfaites des disciples\u00bb, c\u2019est-\u00e0-dire partagez avec les autres le don que vous avez re\u00e7u, la rencontre d\u2019amour qui vous a chang\u00e9 la vie. C\u2019est le c\u0153ur de la mission: t\u00e9moigner que Dieu nous aime et qu\u2019avec Lui l\u2019amour vrai est possible, celui qui conduit \u00e0 donner sa vie partout, en famille, au travail, comme consacr\u00e9s et comme \u00e9poux. La mission, c\u2019est redevenir disciples avec les nouveaux disciples de J\u00e9sus. C\u2019est se red\u00e9couvrir faire partie d\u2019une Eglise qui est disciple. Certes, l\u2019Eglise est ma\u00eetresse, mais elle ne peut pas \u00eatre ma\u00eetresse si auparavant elle n\u2019est pas disciple, de m\u00eame qu\u2019elle ne peut pas \u00eatre m\u00e8re si avant, elle n\u2019est pas fille. Voil\u00e0 notre M\u00e8re: une Eglise humble, fille du P\u00e8re et disciple du Ma\u00eetre, heureuse d\u2019\u00eatre s\u0153ur de l\u2019humanit\u00e9. Et cette dynamique du disciple \u2014 le disciple qui fait des disciples \u2014 est totalement diff\u00e9rente de la dynamique du pros\u00e9lytisme.<\/p>\n\n<p>C\u2019est l\u00e0 que r\u00e9side la force de l\u2019annonce, pour que le monde croie. Ce qui compte, ce ne sont pas les arguments convaincants, mais la vie qui attire; non pas la capacit\u00e9 de s\u2019imposer, mais le courage de servir. Et vous avez dans votre \u00abADN\u00bb cette vocation \u00e0 annoncer en vivant en famille, selon l\u2019exemple de la sainte Famille: dans l\u2019humilit\u00e9, la simplicit\u00e9 et la louange. Apportez ce climat familial dans de nombreux lieux d\u00e9sol\u00e9s et priv\u00e9s d\u2019affection. Faites-vous reconna\u00eetre comme les amis de J\u00e9sus. Appelez tout le monde amis et soyez amis de tous.<\/p>\n\n<p>\u00ab<strong>Allez donc! De\u00a0<em>toutes les nations<\/em>\u00a0faites des disciples<\/strong>\u00bb. Et quand J\u00e9sus dit\u00a0<em>toutes,<\/em>\u00a0il veut souligner que dans son c\u0153ur il y a de la place pour tous les peuples. Personne n\u2019est exclu. Comme les enfants pour un p\u00e8re et une m\u00e8re: m\u00eame s\u2019ils sont nombreux, grands et petits, chacun est aim\u00e9 de tout c\u0153ur. Car l\u2019amour, en se donnant, ne diminue pas, il augmente. Et il est toujours plein d\u2019esp\u00e9rance. Comme les parents, qui ne voient pas avant toute chose les d\u00e9fauts et les manquements de leurs enfants, mais les enfants eux-m\u00eames, et qui dans cette lumi\u00e8re accueillent leurs probl\u00e8mes et leurs difficult\u00e9s, comme le font les missionnaires avec les peuples aim\u00e9s de Dieu. Ils ne mettent pas en premi\u00e8re ligne les aspects n\u00e9gatifs et les choses \u00e0 changer, mais ils \u00abvoient avec le c\u0153ur\u00bb, avec un regard qui appr\u00e9cie, une approche qui respecte, une confiance qui patiente. Allez ainsi en mission, en pensant que vous \u00ab\u0153uvrez en famille\u00bb. Parce que <strong>le Seigneur appartient \u00e0 chaque peuple et son Esprit a d\u00e9j\u00e0 sem\u00e9 avant votre arriv\u00e9e<\/strong>. Et en pensant \u00e0 notre P\u00e8re, qui aime tant le monde (cf. Jn 3, 16), soyez passionn\u00e9s d\u2019humanit\u00e9, des collaborateurs de la joie de tous (cf. 2 Co 1, 24), faisant autorit\u00e9 parce que proches, pouvant \u00eatre \u00e9cout\u00e9s parce que proches. Aimez les cultures et les traditions des peuples, sans appliquer de mod\u00e8les pr\u00e9\u00e9tablis. Ne partez pas des th\u00e9ories et des sch\u00e9mas, mais des situations concr\u00e8tes: ce sera ainsi l\u2019Esprit qui fa\u00e7onnera l\u2019annonce selon ses temps et ses modes. Et l\u2019Eglise grandira \u00e0 son image: unie dans la diversit\u00e9 des peuples, des dons et des charismes.<\/p>\n\n<p>Chers fr\u00e8res et s\u0153urs, votre charisme est un grand don de Dieu pour l\u2019Eglise de notre temps. Rendons gr\u00e2ce au Seigneur pour ces cinquante ans: un applaudissement aux cinquante ans! Et en consid\u00e9rant sa fid\u00e9lit\u00e9 paternelle, fraternelle et aimante, ne perdez jamais confiance: Il vous prot\u00e8gera, vous incitant en m\u00eame temps \u00e0 aller, comme disciples aim\u00e9s, vers tous les peuples, avec une humble simplicit\u00e9. Je vous accompagne et je vous encourage: allez de l\u2019avant! Et, s\u2019il vous pla\u00eet, n\u2019oubliez pas de prier pour moi, qui reste ici!&#013;\n\u00a9 Copyright &#8211; Libreria Editrice Vaticana&#013;\n<\/p>\n","protected":false},"excerpt":{"rendered":"<p>Discours du saint P\u00e8re pour les 50 ans du Chemin n\u00e9ocat\u00e9chum\u00e9nal 5 mai 2018 Fran\u00e7ois Tor Vergata &#8211; Rome, 5 mai 2018 Chers fr\u00e8res et s\u0153urs, bonjour! Je suis heureux de vous rencontrer et de dire avec vous: merci! Merci \u00e0 Dieu, et aussi \u00e0 vous, en particulier \u00e0 ceux qui ont fait un long voyage pour \u00eatre ici. Merci pour le \u00aboui\u00bb que vous avez prononc\u00e9, merci d\u2019avoir accueilli<\/p>\n<div class=\"read-more\"><a class=\"btn read-more-btn\" href=\"https:\/\/neocatechumenaleiter.org\/fr\/paroles-de-papes\/francois\/discours-du-saint-pere-pour-les-50-ans-du-chemin-neocatechumenal-5-mai-2018\/\">En savoir plus<\/a><\/div>\n","protected":false},"author":2,"featured_media":0,"parent":5073,"menu_order":6,"comment_status":"closed","ping_status":"closed","template":"","meta":{"footnotes":""},"class_list":["post-16343","page","type-page","status-publish","hentry"],"_links":{"self":[{"href":"https:\/\/neocatechumenaleiter.org\/fr\/wp-json\/wp\/v2\/pages\/16343","targetHints":{"allow":["GET"]}}],"collection":[{"href":"https:\/\/neocatechumenaleiter.org\/fr\/wp-json\/wp\/v2\/pages"}],"about":[{"href":"https:\/\/neocatechumenaleiter.org\/fr\/wp-json\/wp\/v2\/types\/page"}],"author":[{"embeddable":true,"href":"https:\/\/neocatechumenaleiter.org\/fr\/wp-json\/wp\/v2\/users\/2"}],"replies":[{"embeddable":true,"href":"https:\/\/neocatechumenaleiter.org\/fr\/wp-json\/wp\/v2\/comments?post=16343"}],"version-history":[{"count":1,"href":"https:\/\/neocatechumenaleiter.org\/fr\/wp-json\/wp\/v2\/pages\/16343\/revisions"}],"predecessor-version":[{"id":16344,"href":"https:\/\/neocatechumenaleiter.org\/fr\/wp-json\/wp\/v2\/pages\/16343\/revisions\/16344"}],"up":[{"embeddable":true,"href":"https:\/\/neocatechumenaleiter.org\/fr\/wp-json\/wp\/v2\/pages\/5073"}],"wp:attachment":[{"href":"https:\/\/neocatechumenaleiter.org\/fr\/wp-json\/wp\/v2\/media?parent=16343"}],"curies":[{"name":"wp","href":"https:\/\/api.w.org\/{rel}","templated":true}]}}