{"id":16345,"date":"2020-06-30T21:43:34","date_gmt":"2020-06-30T20:43:34","guid":{"rendered":"https:\/\/neocatechumenaleiter.org\/paroles-de-papes\/francois\/regina-coeli-place-saint-pierre-merci-pour-votre-travail-devangelisation-6-mai-2018\/"},"modified":"2020-06-30T21:43:34","modified_gmt":"2020-06-30T20:43:34","slug":"regina-coeli-place-saint-pierre-merci-pour-votre-travail-devangelisation-6-mai-2018","status":"publish","type":"page","link":"https:\/\/neocatechumenaleiter.org\/fr\/paroles-de-papes\/francois\/regina-coeli-place-saint-pierre-merci-pour-votre-travail-devangelisation-6-mai-2018\/","title":{"rendered":"\u00ab\u00a0Regina Coeli\u00a0\u00bb place Saint Pierre: \u00ab\u00a0Merci pour votre travail d&rsquo;\u00e9vang\u00e9lisation\u00a0\u00bb 6 mai 2018"},"content":{"rendered":"\n<h1 class=\"has-text-align-center wp-block-heading\">\u00ab\u00a0Regina Coeli\u00a0\u00bb place Saint Pierre: \u00ab\u00a0Merci pour votre travail d&rsquo;\u00e9vang\u00e9lisation\u00a0\u00bb 6 mai 2018<\/h1>\n\n<div style=\"height:20px\" aria-hidden=\"true\" class=\"wp-block-spacer\"><\/div>\n\n<h4 class=\"has-text-align-center wp-block-heading\">Fran\u00e7ois<\/h4>\n\n<div style=\"height:20px\" aria-hidden=\"true\" class=\"wp-block-spacer\"><\/div>\n\n<p><i>Place Saint-Pierre &#8211; Rome, 6 mai 2018<\/i><\/p>\n\n<p><i>Chers fr\u00e8res et s\u0153urs, bonjour!<\/i><\/p>\n\n<p>En ce temps pascal, la Parole de Dieu continue \u00e0 nous indiquer des\u00a0<i>styles de vie<\/i>\u00a0coh\u00e9rents pour \u00eatre\u00a0<i>la communaut\u00e9 du Ressuscit\u00e9<\/i>. Parmi eux, l\u2019Evangile d\u2019aujourd\u2019hui pr\u00e9sente la consigne de J\u00e9sus: \u00abDemeurez en mon amour\u00bb (Jn 15, 9): demeurer dans l\u2019amour de J\u00e9sus. Habiter dans le courant de l\u2019amour de Dieu, y demeurer de mani\u00e8re stable, c\u2019est la condition pour que notre amour ne perde pas son ardeur et son audace en chemin. Nous aussi, comme J\u00e9sus et en Lui, nous devons accueillir avec gratitude l\u2019amour qui vient du P\u00e8re et rester dans cet amour, en cherchant \u00e0 ne pas nous en s\u00e9parer par l\u2019\u00e9go\u00efsme et par le p\u00e9ch\u00e9. C\u2019est un programme exigeant, mais pas impossible.<\/p>\n\n<p>Il est tout d\u2019abord important de prendre conscience que l\u2019amour du Christ n\u2019est pas un sentiment superficiel, non, c\u2019est une attitude fondamentale du c\u0153ur, qui se manifeste dans le fait de vivre comme Il le veut. J\u00e9sus affirme en effet: \u00abSi vous gardez mes commandements, vous demeurerez en mon amour, comme moi j\u2019ai gard\u00e9 les commandements de mon P\u00e8re et je demeure en son amour\u00bb (v. 10). L\u2019amour se r\u00e9alise dans la vie de chaque jour, dans les attitudes, dans les actions; autrement, c\u2019est seulement quelque chose d\u2019illusoire. Ce sont des mots, des mots, des mots: ce n\u2019est pas de l\u2019amour. L\u2019amour est concret, chaque jour. J\u00e9sus nous demande d\u2019observer ses commandements, qui se r\u00e9sument en ceci: \u00abVous aimer les uns les autres comme je vous ai aim\u00e9s\u00bb (v. 12).<\/p>\n\n<p>Comment faire pour que cet amour que nous donne le Seigneur ressuscit\u00e9 puisse \u00eatre partag\u00e9 avec les autres? J\u00e9sus a indiqu\u00e9 plusieurs fois qui est l\u2019autre \u00e0 aimer, non par des mots, mais par des faits. C\u2019est celui que je rencontre sur mon chemin et qui, par son visage et son histoire, m\u2019interpelle; c\u2019est celui qui, par sa pr\u00e9sence m\u00eame, me pousse \u00e0 sortir de mes int\u00e9r\u00eats et de mes s\u00e9curit\u00e9s; c\u2019est celui qui attend ma disponibilit\u00e9 \u00e0 \u00e9couter et \u00e0 faire un bout de chemin ensemble. Disponibilit\u00e9 envers chaque fr\u00e8re et s\u0153ur, quel qu\u2019il soit et quelle que soit la situation dans laquelle il se trouve, en commen\u00e7ant par celui qui est proche de moi en famille, dans la communaut\u00e9, au travail, \u00e0 l\u2019\u00e9cole\u2026 De cette fa\u00e7on, si je reste uni \u00e0 J\u00e9sus, son amour peut rejoindre l\u2019autre et l\u2019attirer \u00e0 lui, \u00e0 son amiti\u00e9.&#013;\n&#013;\nEt cet amour pour les autres ne peut pas \u00eatre r\u00e9serv\u00e9 \u00e0 des moments exceptionnels, mais il doit devenir la constante de notre existence. Voil\u00e0 pourquoi nous sommes appel\u00e9s, par exemple, \u00e0 prot\u00e9ger les personnes \u00e2g\u00e9es comme un tr\u00e9sor pr\u00e9cieux et avec amour, m\u00eame si elles cr\u00e9ent des probl\u00e8mes \u00e9conomiques et des d\u00e9sagr\u00e9ments, nous devons les prot\u00e9ger. Voil\u00e0 pourquoi nous devons offrir toute l\u2019assistance possible aux malades, m\u00eame au dernier stade. Voil\u00e0 pourquoi les enfants \u00e0 na\u00eetre doivent toujours \u00eatre accueillis; voil\u00e0 pourquoi, en d\u00e9finitive, la vie doit toujours \u00eatre prot\u00e9g\u00e9e et aim\u00e9e depuis sa conception jusqu\u2019\u00e0 son d\u00e9clin naturel. Cela est l\u2019amour.&#013;\n&#013;\nNous sommes aim\u00e9s par Dieu en J\u00e9sus Christ, qui nous demande de nous aimer comme Il nous aime. Mais nous ne pouvons le faire que si nous avons son C\u0153ur en nous. <\/p>\n\n<p>L\u2019Eucharistie, \u00e0 laquelle nous sommes appel\u00e9s \u00e0 participer chaque dimanche, a pour objectif de former en nous le C\u0153ur du Christ, afin que toute notre vie soit guid\u00e9e par ses attitudes g\u00e9n\u00e9reuses. Que la Vierge Marie nous aide \u00e0 demeurer dans l\u2019amour de J\u00e9sus et \u00e0 grandir dans l\u2019amour envers tous, en particulier les plus faibles, pour r\u00e9pondre pleinement \u00e0 notre vocation chr\u00e9tienne.<\/p>\n\n<hr class=\"wp-block-separator\" \/>\n\n<p><b>A l\u2019issue du Regina Coeli :<\/b><\/p>\n\n<p><b>A l\u2019issue du Regina caeli<\/b><\/p>\n\n<p>Hier, \u00e0 Aix-la-Chapelle (Allemagne), Clara Fey, fondatrice de la congr\u00e9gation des s\u0153urs du Pauvre Enfant J\u00e9sus, qui a v\u00e9cu dans la seconde moiti\u00e9 du xixe si\u00e8cle, a \u00e9t\u00e9 proclam\u00e9e bienheureuse. Rendons gr\u00e2ce \u00e0 Dieu pour ce t\u00e9moin z\u00e9l\u00e9 de l\u2019Evangile, \u00e9ducatrice attentive de la jeunesse en difficult\u00e9.<\/p>\n\n<p>Je vous invite \u00e0 prier pour la population de la R\u00e9publique centrafricaine, pays que j\u2019ai eu la joie de visiter et que je porte dans mon c\u0153ur, et o\u00f9 ces derniers jours ont eu lieu de graves violences qui ont provoqu\u00e9 de nombreux morts et bless\u00e9s, dont un pr\u00eatre. Que le Seigneur, par l\u2019intercession de la Vierge Marie, aide tous \u00e0 dire non \u00e0 la violence et \u00e0 la vengeance, pour construire ensemble la paix.<\/p>\n\n<p>Je vous salue tous, romains et p\u00e8lerins. J\u2019adresse un salut sp\u00e9cial aux nouveaux gardes suisses, \u00e0 leurs familles et amis, le jour de la f\u00eate de ce corps historique et m\u00e9ritoire. Un applaudissement pour eux!<\/p>\n\n<p>Je salue les repr\u00e9sentants de l\u2019association\u00a0<i>Meter<\/i>, que j\u2019encourage \u00e0 continuer dans leur engagement en faveur des enfants victimes de la violence.&#013;\n&#013;\nJ\u2019ai entendu aussi des chants des membres du chemin n\u00e9ocat\u00e9chum\u00e9nal\u2026 Les voil\u00e0! Merci! Merci pour votre travail d\u2019\u00e9vang\u00e9lisation. Vous \u00eates partout, merci!<\/p>\n\n<p>Je salue aussi tous les d\u00e9tenus de la prison de Latina, qui sont unis spirituellement \u00e0 nous.<\/p>\n\n<p>Je souhaite \u00e0 tous un bon dimanche. Et s\u2019il vous pla\u00eet, n\u2019oubliez pas de prier pour moi. Bon d\u00e9jeuner et au revoir!<\/p>\n","protected":false},"excerpt":{"rendered":"<p>\u00ab\u00a0Regina Coeli\u00a0\u00bb place Saint Pierre: \u00ab\u00a0Merci pour votre travail d&rsquo;\u00e9vang\u00e9lisation\u00a0\u00bb 6 mai 2018 Fran\u00e7ois Place Saint-Pierre &#8211; Rome, 6 mai 2018 Chers fr\u00e8res et s\u0153urs, bonjour! En ce temps pascal, la Parole de Dieu continue \u00e0 nous indiquer des\u00a0styles de vie\u00a0coh\u00e9rents pour \u00eatre\u00a0la communaut\u00e9 du Ressuscit\u00e9. Parmi eux, l\u2019Evangile d\u2019aujourd\u2019hui pr\u00e9sente la consigne de J\u00e9sus: \u00abDemeurez en mon amour\u00bb (Jn 15, 9): demeurer dans l\u2019amour de J\u00e9sus. Habiter dans le<\/p>\n<div class=\"read-more\"><a class=\"btn read-more-btn\" href=\"https:\/\/neocatechumenaleiter.org\/fr\/paroles-de-papes\/francois\/regina-coeli-place-saint-pierre-merci-pour-votre-travail-devangelisation-6-mai-2018\/\">En savoir plus<\/a><\/div>\n","protected":false},"author":2,"featured_media":0,"parent":5073,"menu_order":7,"comment_status":"closed","ping_status":"closed","template":"","meta":{"footnotes":""},"class_list":["post-16345","page","type-page","status-publish","hentry"],"_links":{"self":[{"href":"https:\/\/neocatechumenaleiter.org\/fr\/wp-json\/wp\/v2\/pages\/16345","targetHints":{"allow":["GET"]}}],"collection":[{"href":"https:\/\/neocatechumenaleiter.org\/fr\/wp-json\/wp\/v2\/pages"}],"about":[{"href":"https:\/\/neocatechumenaleiter.org\/fr\/wp-json\/wp\/v2\/types\/page"}],"author":[{"embeddable":true,"href":"https:\/\/neocatechumenaleiter.org\/fr\/wp-json\/wp\/v2\/users\/2"}],"replies":[{"embeddable":true,"href":"https:\/\/neocatechumenaleiter.org\/fr\/wp-json\/wp\/v2\/comments?post=16345"}],"version-history":[{"count":1,"href":"https:\/\/neocatechumenaleiter.org\/fr\/wp-json\/wp\/v2\/pages\/16345\/revisions"}],"predecessor-version":[{"id":16346,"href":"https:\/\/neocatechumenaleiter.org\/fr\/wp-json\/wp\/v2\/pages\/16345\/revisions\/16346"}],"up":[{"embeddable":true,"href":"https:\/\/neocatechumenaleiter.org\/fr\/wp-json\/wp\/v2\/pages\/5073"}],"wp:attachment":[{"href":"https:\/\/neocatechumenaleiter.org\/fr\/wp-json\/wp\/v2\/media?parent=16345"}],"curies":[{"name":"wp","href":"https:\/\/api.w.org\/{rel}","templated":true}]}}