{"id":16712,"date":"2020-08-08T14:33:17","date_gmt":"2020-08-08T13:33:17","guid":{"rendered":"https:\/\/neocatechumenaleiter.org\/paroles-de-papes\/st-jean-paul-ii\/audience-pour-lenvoi-de-cent-familles-pour-la-nouvelle-evangelisation-3-i-1991\/"},"modified":"2020-08-12T13:47:15","modified_gmt":"2020-08-12T12:47:15","slug":"audience-pour-lenvoi-de-cent-familles-pour-la-nouvelle-evangelisation-3-i-1991","status":"publish","type":"page","link":"https:\/\/neocatechumenaleiter.org\/fr\/paroles-de-papes\/st-jean-paul-ii\/audience-pour-lenvoi-de-cent-familles-pour-la-nouvelle-evangelisation-3-i-1991\/","title":{"rendered":"Audience pour l&rsquo;envoi de cent familles pour la \u00ab\u00a0Nouvelle \u00c9vang\u00e9lisation\u00a0\u00bb 3 janvier 1991"},"content":{"rendered":"\n<h1 class=\"has-text-align-center wp-block-heading\">Audience pour l&rsquo;envoi de cent familles pour la \u00ab\u00a0Nouvelle \u00c9vang\u00e9lisation\u00a0\u00bb 3 janvier 1991<\/h1>\n\n<div style=\"height:20px\" aria-hidden=\"true\" class=\"wp-block-spacer\"><\/div>\n\n<h4 class=\"has-text-align-center wp-block-heading\">Saint Jean-Paul II<\/h4>\n\n<div style=\"height:20px\" aria-hidden=\"true\" class=\"wp-block-spacer\"><\/div>\n\n<p><strong>Cit\u00e9 du Vatican \u2013 Salle Paul VI \u2013 03 janvier 1991 *<\/strong><\/p>\n\n<div class=\"wp-block-image\"><figure class=\"alignright size-medium\"><img loading=\"lazy\" decoding=\"async\" width=\"300\" height=\"252\" src=\"https:\/\/neocatechumenaleiter.org\/wp-content\/uploads\/2020\/03\/Camino_Neocatecumenal_Juan_Pablo_II_audiencia_envio_cien_familias_en_mision_1991-300x252.jpg\" alt=\"\" class=\"wp-image-2307\" srcset=\"https:\/\/neocatechumenaleiter.org\/wp-content\/uploads\/2020\/03\/Camino_Neocatecumenal_Juan_Pablo_II_audiencia_envio_cien_familias_en_mision_1991-300x252.jpg 300w, https:\/\/neocatechumenaleiter.org\/wp-content\/uploads\/2020\/03\/Camino_Neocatecumenal_Juan_Pablo_II_audiencia_envio_cien_familias_en_mision_1991.jpg 365w\" sizes=\"auto, (max-width: 300px) 100vw, 300px\" \/><\/figure><\/div>\n\n<p>\u00ab\u00a0QUE LES FAMILLES \u00c9VANG\u00c9LISENT LES FAMILLES\u00a0\u00bb<br \/><br \/><em>Cent familles du Chemin N\u00e9ocat\u00e9chum\u00e9nal ont \u00e9t\u00e9 envoy\u00e9es par le Saint P\u00e8re dans vingt-quatre nations des cinq continents lors d&rsquo;une audience o\u00f9 \u00e9taient \u00e9galement pr\u00e9sentes cent-dix familles d\u00e9j\u00e0 en mission et trois cents autres pr\u00eates \u00e0 partir. Elles \u00e9taient accompagn\u00e9es par les cent-vingt s\u00e9minaristes du Coll\u00e8ge Dioc\u00e9sain \u00ab\u00a0Redemptoris Mater\u00a0\u00bb et environ dix-mille fr\u00e8res des communaut\u00e9s.<br \/><br \/><\/em>&#013;\n&#013;\n<em>Pr\u00e9sentation de Kiko Argu\u00ebllo :<\/em>&#013;\n&#013;\n\u00a0<\/p>\n\n<p>Tr\u00e8s cher et tr\u00e8s r\u00e9v\u00e9rend P\u00e8re, nous arrivons de Porto S.Giorgio, de la tente que Vous avez honor\u00e9e et sanctifi\u00e9e il y a deux ans par votre pr\u00e9sence.&#013;\nNous y avons \u00e9t\u00e9, mille quatre cents fr\u00e8res, pendant sept jours, pour nous pr\u00e9parer par une retraite de conversion.<\/p>\n\n<p>Il y avait les familles qui ont \u00e9t\u00e9 envoy\u00e9es il y a deux ans dans les zones les plus difficiles de l&rsquo;Am\u00e9rique Latine (aux \u00ab\u00a0pueblos jovenes\u00a0\u00bb, aux baraques de Guayaquil en Equateur et dans beaucoup d&rsquo;autres endroits\u2026) et aussi dans les banlieues de l&rsquo;Europe comme Hambourg ou bien dans certains quartiers des Pays Bas (d&rsquo;Amsterdam), \u00e0 New York aussi (dans le Bronx). Nous avons, ensemble, vu un petit peu leur exp\u00e9rience : ils viennent tous avec les yeux pleins de la lumi\u00e8re, de l&rsquo;amour, de la tendresse de notre Seigneur J\u00e9sus Christ qui nous a \u00e9t\u00e9 proche au milieu de tr\u00e8s grandes souffrances et qui nous a beaucoup aid\u00e9s.&#013;\n&#013;\nTous ont d\u00e9cid\u00e9 d&rsquo;y retourner. Ils ont racont\u00e9 des faits impressionnants\u00a0: comment Dieu les a mis \u00e0 l&rsquo;\u00e9preuve et pr\u00e9par\u00e9s pour la mission. Pendant ces ann\u00e9es d'\u00a0\u00bbincarnation\u00a0\u00bb, beaucoup sont all\u00e9s dans des pays sans conna\u00eetre la langue, par exemple au Japon, et nous l&rsquo;avons fait pr\u00e9cis\u00e9ment parce que nous pensons qu&rsquo;il est mieux d&rsquo;aller comme les derniers (quelqu&rsquo;un qui ne conna\u00eet pas la langue est un pauvre). En effet cela a \u00e9t\u00e9 tr\u00e8s efficace parce que les personnes qui vivaient autour de ces familles leur donnaient des biens, elles sont all\u00e9es \u00e0 leur rencontre, elles les ont aid\u00e9es, et leur mission a \u00e9t\u00e9 plus facile, car elles rendaient pr\u00e9sent le myst\u00e8re merveilleux de la famille de Nazareth. Dans de nombreux endroits, ces familles ont commenc\u00e9 \u00e0 faire des cat\u00e9ch\u00e8ses, elles ont pu annoncer J\u00e9sus Christ et de petites communaut\u00e9s chr\u00e9tiennes se sont form\u00e9es, avec des personnes pa\u00efennes. Cela s\u2019est pass\u00e9 en Chine aussi, \u00e0 Taiwan, dans un village compl\u00e8tement pa\u00efen. Il y est n\u00e9 une petite communaut\u00e9 de onze personnes, avec quatre cat\u00e9chum\u00e8nes.<\/p>\n\n<p>Actuellement, les demandes affluent de la part de nombreux \u00e9v\u00eaques et en particulier d\u2019\u00e9v\u00eaques qui avaient demand\u00e9 des familles auparavant, (certaines ont d\u00e9j\u00e0 quatre ans de mission) et qui en ont vu le fruit face aux sectes, deux ou trois ans apr\u00e8s, surtout en Am\u00e9rique Latine.<\/p>\n\n<p>Ces familles sont all\u00e9es dans des zones o\u00f9 il n&rsquo;y a litt\u00e9ralement pas de paroisses, o\u00f9 il n&rsquo;y a pas d&rsquo;\u00e9glises \u00e0 cause du manque de clerg\u00e9, et elles y ont port\u00e9 beaucoup de fruits; aussi les \u00e9v\u00eaques en demandent-ils davantage, si bien que nous avons d\u00fb faire une petite s\u00e9lection ! Nous avons alors demand\u00e9 aux premi\u00e8res communaut\u00e9s de l&rsquo;Espagne, dont les familles ont eu une pr\u00e9paration suffisante (plus de quatorze ans ) et de nombreuses familles se sont propos\u00e9es. C&rsquo;est \u00e9tonnant, avec leurs enfants, d\u2019\u00eatre ainsi dispos\u00e9es \u00e0 aller l\u00e0 o\u00f9 l&rsquo;Eglise le croit opportun : l\u00e0 o\u00f9 la famille est d\u00e9truite, elles sont pr\u00eates \u00e0 \u00eatre une pr\u00e9sence r\u00e9elle de la famille chr\u00e9tienne  et nous sommes surpris par cette g\u00e9n\u00e9rosit\u00e9, par cette ardeur en elles, parce qu&rsquo;elles sont conscientes, pour beaucoup d&rsquo;entre elles, d\u2019aller au martyre car elles vont vers des situations extr\u00eamement difficiles. Nous avons quatre cents nouvelles familles qui se sont propos\u00e9es; nous nous sommes r\u00e9unis avec celles qui \u00e9taient d\u00e9j\u00e0 en mission et avec d&rsquo;autres itin\u00e9rants, nous \u00e9tions au nombre de mille personnes.<\/p>\n\n<div class=\"wp-block-image\"><figure class=\"alignleft size-medium\"><img loading=\"lazy\" decoding=\"async\" width=\"255\" height=\"300\" src=\"https:\/\/neocatechumenaleiter.org\/wp-content\/uploads\/2020\/03\/Camino_Neocatecumenal_Juan_Pablo_II_audiencia_envio_cien_familias_en_mision_1991_2-255x300.jpg\" alt=\"\" class=\"wp-image-2314\" srcset=\"https:\/\/neocatechumenaleiter.org\/wp-content\/uploads\/2020\/03\/Camino_Neocatecumenal_Juan_Pablo_II_audiencia_envio_cien_familias_en_mision_1991_2-255x300.jpg 255w, https:\/\/neocatechumenaleiter.org\/wp-content\/uploads\/2020\/03\/Camino_Neocatecumenal_Juan_Pablo_II_audiencia_envio_cien_familias_en_mision_1991_2.jpg 569w\" sizes=\"auto, (max-width: 255px) 100vw, 255px\" \/><\/figure><\/div>\n\n<p>Il y avait \u00e9galement les s\u00e9minaristes du \u00ab\u00a0Redemptoris Mater\u00a0\u00bb de Rome et le fait d&rsquo;entendre ces familles, leurs difficult\u00e9s, a \u00e9t\u00e9 pour eux une pr\u00e9paration merveilleuse.&#013;\n&#013;\nAlors, toute cette nuit, jusqu&rsquo;\u00e0 presque trois heures du matin, et toute la journ\u00e9e d&rsquo;hier ont servi \u00e0 examiner en d\u00e9tail chaque \u00ab\u00a0p\u00e9tition\u00a0\u00bb. Afin de pouvoir envoyer ces familles, nous avons demand\u00e9 une lettre officielle \u00e0 chaque \u00e9v\u00eaque, et que celui-ci se responsabilise pour les aider \u00e0 trouver une maison, etc.<\/p>\n\n<p>Finalement, nous avons choisi cent autres familles : il y a ici les fr\u00e8res qui ont d\u00e9j\u00e0 \u00e9t\u00e9 d\u00e9sign\u00e9s et qui sont pr\u00eats \u00e0 partir. Six familles partiront pour la Russie, \u00e0 Moscou; quatre pour la Bi\u00e9lorussie; deux pour la G\u00e9orgie; deux pour la Yougoslavie; six nouvelles familles pour l&rsquo;Allemagne (les familles demand\u00e9es par les \u00e9v\u00eaques sont d\u00e9j\u00e0 au nombre de dix-huit), quatre pour l&rsquo;Autriche, trois demand\u00e9es par les \u00e9v\u00eaques aux Pays- Bas pour y continuer l&rsquo;\u0153uvre merveilleuse d\u00e9j\u00e0 faite par les familles dans ce pays; deux pour l&rsquo;Angleterre; deux pour la France; ensuite, aux Etats- Unis, les \u00e9v\u00eaques ont demand\u00e9 dix-neuf familles, surtout pour les banlieues, o\u00f9 l\u2019Eglise catholique est en difficult\u00e9, pour commencer une pastorale avec les Noirs. Ainsi, par exemple, le Cardinal de Washington, celui de Dallas, de S.Antonio, ceux du Texas, etc. ont demand\u00e9 des familles. Apr\u00e8s en Am\u00e9rique Centrale et en Am\u00e9rique Latine, par exemple, au Chili, en Colombie (deux familles); une autre famille en Equateur; deux au Venezuela; trois au Mexique. En Asie : dix familles au Japon; cinq autres en Chine nationaliste. En Afrique : quatre en Zambie; quatre au Cameroun; ensuite en Ethiopie, C\u00f4te d&rsquo;Ivoire, Australie. Voil\u00e0, en tout cent quatre familles avec quatre cent neuf enfants; tous \u00ab\u00a0petits\u00a0\u00bb, certains moins petits.<\/p>\n\n<p>Quand ces familles ont des enfants \u00e2g\u00e9s de quinze ou seize ans, nous avons demand\u00e9 \u00e0 ces derniers leur avis, s&rsquo;ils \u00e9taient dispos\u00e9s \u00e0 accompagner leurs parents. Nous avons vu l\u00e0 une g\u00e9n\u00e9rosit\u00e9 \u00e9norme et comment ces enfants aiment leurs parents\u2026 Bien, pour ce qui concerne la mission\u2026 nous avons entendu les familles qui venaient de la mission : elles disaient que leurs enfants ont \u00e9t\u00e9 les premiers \u00e9vang\u00e9lisateurs (au Japon, en Chine, dans les Pays Bas\u2026) dans leurs coll\u00e8ges, dans les \u00e9coles, avec les mamans\u2026 cela a \u00e9t\u00e9 tr\u00e8s beau. Ces enfants sont, si on peut dire ainsi, les \u00e9l\u00e9ments de pointe de la nouvelle Evang\u00e9lisation faite \u00e0 travers les familles. Les enfants aussi t\u00e9moignent \u00e0 leurs amis, ils les am\u00e8nent\u2026 par exemple, les familles du Japon trouvent leurs maisons toujours envahies par les enfants japonais qui sont les amis de leurs enfants; et ces enfants parlent d\u00e9j\u00e0 tous la langue qu&rsquo;ils ont apprise tr\u00e8s vite. A travers leurs enfants, ces familles ont fait connaissance avec les autres familles japonaises. Cela facilite l&rsquo;Evang\u00e9lisation de ces familles qui sont toutes non chr\u00e9tiennes, elles sont toutes pa\u00efennes. Elles sont tr\u00e8s int\u00e9ress\u00e9es, tr\u00e8s impressionn\u00e9es par cette fa\u00e7on de \u00ab\u00a0vivre la famille\u00a0\u00bb, de voir la table familiale comme un autel, o\u00f9 le p\u00e8re transmet, \u00ab\u00a0passe\u00a0\u00bb la foi aux enfants, et le lit nuptial est aussi un autel o\u00f9 on donne la vie aux nouveaux enfants.<\/p>\n\n<div class=\"wp-block-image\"><figure class=\"alignleft size-medium\"><img loading=\"lazy\" decoding=\"async\" width=\"208\" height=\"300\" src=\"https:\/\/neocatechumenaleiter.org\/wp-content\/uploads\/2020\/03\/Camino_Neocatecumenal_Juan_Pablo_II_audiencia_envio_cien_familias_en_mision_1991_3-208x300.jpg\" alt=\"\" class=\"wp-image-2321\" srcset=\"https:\/\/neocatechumenaleiter.org\/wp-content\/uploads\/2020\/03\/Camino_Neocatecumenal_Juan_Pablo_II_audiencia_envio_cien_familias_en_mision_1991_3-208x300.jpg 208w, https:\/\/neocatechumenaleiter.org\/wp-content\/uploads\/2020\/03\/Camino_Neocatecumenal_Juan_Pablo_II_audiencia_envio_cien_familias_en_mision_1991_3.jpg 563w\" sizes=\"auto, (max-width: 208px) 100vw, 208px\" \/><\/figure><\/div>\n\n<p>Une nouvelle culture appara\u00eet, et aussi une r\u00e9alit\u00e9 tellement profonde et merveilleuse que nous en sommes surpris\u2026 Voil\u00e0 P\u00e8re, je ne veux m&rsquo;\u00e9tendre davantage. Je voudrais dire seulement que nous sommes tr\u00e8s impressionn\u00e9s par le fait que tous voulaient partir : de ces quatre cents familles, seulement cent ont pu partir, mais toutes voulaient partir.&#013;\nEt je leur disais : mais est-ce que vous vous rendez compte? Vous allez dans des zones tr\u00e8s pauvres, vous allez dans des zones tr\u00e8s difficiles? Mais nous \u00e9tions tous \u00e9mus par l&rsquo;ardeur, par le d\u00e9sir de martyr, par une \u00ab\u00a0force\u00a0\u00bb surnaturelle qui \u00e9tait pr\u00e9sente au milieu de nous\u2026&#013;\n<\/p>\n\n<p><em>Apr\u00e8s la proclamation chant\u00e9e de la fin de l&rsquo;\u00c9vangile selon saint Marc, le Saint P\u00e8re s&rsquo;est adress\u00e9 \u00e0 l\u2019assistance en ces termes : <em><\/em><\/em><\/p>\n\n<p>Tr\u00e8s chers Fr\u00e8res et s\u0153urs,<br \/><br \/>&#013;\n&#013;\n1. Dans la lumi\u00e8re de No\u00ebl, nous avons rencontr\u00e9 le Sauveur; nous avons contempl\u00e9 les merveilles que Dieu a accomplies; nous avons \u00e9t\u00e9 invit\u00e9s \u00e0 accueillir le don du Salut et \u00e0 le r\u00e9pandre parmi nos fr\u00e8res.&#013;\n&#013;\nDe cet embrassement mystique avec le Verbe incarn\u00e9 na\u00eet notre engagement \u00e0 \u00e9vang\u00e9liser. Engagement aujourd&rsquo;hui d&rsquo;autant plus urgent que nous vivons des moments de profonds changements sociaux. <strong>Nous nous trouvons, en effet, comme \u00e0 un tournant de l&rsquo;histoire, projet\u00e9s vers un avenir charg\u00e9 d&rsquo;attentes et d&rsquo;espoirs, mais menac\u00e9 par des inqui\u00e9tudes et des craintes, qui assaillent l&rsquo;\u00eatre humain dans sa structure la plus profonde.<\/strong> L&rsquo;homme invoque la paix, la s\u00e9r\u00e9nit\u00e9, il demande de l&rsquo;aide et de la solidarit\u00e9 : il a besoin d&rsquo;Amour. Il a besoin du Christ.<\/p>\n\n<p>Merveilleuse est donc l&rsquo;\u0153uvre de ceux qui, comme vous, consacrent \u00e0 l&rsquo;\u00e9vang\u00e9lisation toute leur existence et toute ressource aussi bien physique que spirituelle. Vous \u00eates convaincus que seul J\u00e9sus peut combler les attentes de la personne, et donc vous n&rsquo;h\u00e9sitez pas \u00e0 abandonner tout et \u00e0 vous mettre en voyage sur les routes du monde, en t\u00e9moignant ainsi de la pr\u00e9sence vivante du R\u00e9dempteur parmi nous et du pouvoir de sa Parole qui sauve.&#013;\nSoyez reconnaissants envers la Providence qui vous a choisis et demeurez constamment \u00e0 l&rsquo;\u00e9coute de l&rsquo;Esprit; pers\u00e9v\u00e9rez dans la pri\u00e8re et dans la pratique des vertus. Soyez les messagers de la r\u00e9conciliation et les ap\u00f4tres de la fraternit\u00e9 et du service. Le Seigneur, qui vous demande une disponibilit\u00e9 totale, vous associe ainsi au myst\u00e8re de la r\u00e9demption du monde.&#013;\n<\/p>\n\n<p>2. Je ne peux pas ne pas souligner, avec une joie intime, que votre souci pour l&rsquo;\u00e9vang\u00e9lisation vous pousse surtout vers les familles. La famille n&rsquo;a-t-elle pas besoin, en ce temps, d&rsquo;\u00eatre \u00e0 nouveau \u00e9vang\u00e9lis\u00e9e pour qu&rsquo;elle red\u00e9couvre son r\u00f4le de cellule primaire de la communaut\u00e9 chr\u00e9tienne, \u00e9glise domestique, \u00e0 l&rsquo;int\u00e9rieur de laquelle il est possible de vivre l&rsquo;exp\u00e9rience primordiale de la rencontre avec Dieu? Oh combien la situation sociale actuelle se ressent de la crise des familles! Il n&rsquo;est pas facile de penser \u00e0 un avenir meilleur si le foyer familial ne recommence pas \u00e0 \u00eatre le lieu privil\u00e9gi\u00e9 de l&rsquo;accueil de la vie et de la croissance de la personne : \u00e9cole de sagesse humaine et de formation spirituelle.&#013;\nJe salue avec joie les nombreuses familles qui, parmi vous, sont d\u00e9j\u00e0 en mission dans les zones les plus d\u00e9christianis\u00e9es de la plan\u00e8te; je salue, en outre, les couples qui se pr\u00e9parent \u00e0 partir. Oui, que les familles \u00e9vang\u00e9lisent les familles!<\/p>\n\n<p>Puisse le Seigneur vous rendre partout ses instruments de mis\u00e9ricorde; que sa gr\u00e2ce vous accompagne toujours.<\/p>\n\n<div class=\"wp-block-image\"><figure class=\"alignright size-large\"><img loading=\"lazy\" decoding=\"async\" width=\"768\" height=\"523\" src=\"https:\/\/neocatechumenaleiter.org\/wp-content\/uploads\/2020\/03\/Camino_Neocatecumenal_Juan_Pablo_II_audiencia_envio_cien_familias_en_mision_1991_4.jpg\" alt=\"\" class=\"wp-image-2330\" srcset=\"https:\/\/neocatechumenaleiter.org\/wp-content\/uploads\/2020\/03\/Camino_Neocatecumenal_Juan_Pablo_II_audiencia_envio_cien_familias_en_mision_1991_4.jpg 768w, https:\/\/neocatechumenaleiter.org\/wp-content\/uploads\/2020\/03\/Camino_Neocatecumenal_Juan_Pablo_II_audiencia_envio_cien_familias_en_mision_1991_4-300x204.jpg 300w\" sizes=\"auto, (max-width: 768px) 100vw, 768px\" \/><\/figure><\/div>\n\n<p>Je donne volontiers le crucifix \u00e0 ceux qui sont appel\u00e9s \u00e0 aller dans d&rsquo;autres Pays, itin\u00e9rants au service de l&rsquo;Evangile. Ayez confiance en Dieu et, en r\u00e9sistant \u00e0 toute difficult\u00e9, soyez \u00ab\u00a0ambassadeurs pour le Christ, comme si Dieu exhortait par nous\u00a0\u00bb (2 Co 5,19).<br \/><br \/>&#013;\n&#013;\nVivez en cordiale ob\u00e9issance et communion filiale avec les Pasteurs, puisque vous \u00eates des membres d&rsquo;un corps vivant : l&rsquo;Eglise. Ce sont eux qui vous invitent et vous accueillent. C&rsquo;est \u00e0 eux que vous devez manifester docilit\u00e9 et confiance; c&rsquo;est par leurs directives que vous est enjointe la volont\u00e9 du Seigneur par rapport \u00e0 votre mission particuli\u00e8re.<\/p>\n\n<p>La t\u00e2che qui vous attend \u2013 la nouvelle \u00e9vang\u00e9lisation \u2013 vous demande de pr\u00e9senter avec un nouvel enthousiasme et par des m\u00e9thodes renouvel\u00e9es,  le contenu \u00e9ternel et immuable du patrimoine de notre foi chr\u00e9tienne. Il ne s&rsquo;agit pas seulement, vous le savez bien, de transmettre une doctrine, mais de rencontrer de fa\u00e7on personnelle et profonde le Sauveur.&#013;\nJ&rsquo;invoque Marie, M\u00e8re du R\u00e9dempteur, pour qu&rsquo;elle vous assiste en ce Chemin; \u00e0 Elle, \u00e9toile de la nouvelle \u00e9vang\u00e9lisation, je confie chacun de vous, vos communaut\u00e9s et tous ceux que vous rencontrerez.&#013;\nPendant que je vous exhorte, au nom du Seigneur, \u00e0 partir avec courage et \u00e0 \u00eatre partout t\u00e9moins hardis de l&rsquo;Evangile, je vous b\u00e9nis de tout mon c\u0153ur.<br \/><br \/><em>&#013;\nLe Saint P\u00e8re a ajout\u00e9 ces paroles improvis\u00e9es:<em>&#013;\n<\/em><\/em><\/p>\n\n<p>Alors, ce que j&rsquo;ai dit \u00e9tait une r\u00e9ponse \u00e0 sa belle et r\u00e9aliste, \u00ab\u00a0chr\u00e9tiennement, n\u00e9ocat\u00e9chum\u00e9nalement\u00a0\u00bb, r\u00e9aliste introduction. Mais les introductions doivent toujours avoir une suite : maintenant nous avons cette suite ici, dans la salle Paul VI, mais apr\u00e8s, il y aura une suite ult\u00e9rieure dans vos chemins de familles itin\u00e9rantes, les familles \u00e9vang\u00e9lis\u00e9es profond\u00e9ment dans le N\u00e9ocat\u00e9chum\u00e9nat qui embrasse toute la vie humaine, embrasse toute la vie de la famille \u00e9vang\u00e9lis\u00e9e ou \u00e9vang\u00e9lisant.<\/p>\n\n<p>Et donc je vous souhaite un bon chemin : le Pape itin\u00e9rant aux itin\u00e9rants!<\/p>\n\n<p><em>(*) Cf. \u00ab\u00a0L&rsquo;Osservatore Romano\u00a0\u00bb, 4 janvier 1991, avec des suppl\u00e9ments issus de l&rsquo;enregistrement.<\/em><\/p>\n","protected":false},"excerpt":{"rendered":"<p>Audience pour l&rsquo;envoi de cent familles pour la \u00ab\u00a0Nouvelle \u00c9vang\u00e9lisation\u00a0\u00bb 3 janvier 1991 Saint Jean-Paul II Cit\u00e9 du Vatican \u2013 Salle Paul VI \u2013 03 janvier 1991 * \u00ab\u00a0QUE LES FAMILLES \u00c9VANG\u00c9LISENT LES FAMILLES\u00a0\u00bb Cent familles du Chemin N\u00e9ocat\u00e9chum\u00e9nal ont \u00e9t\u00e9 envoy\u00e9es par le Saint P\u00e8re dans vingt-quatre nations des cinq continents lors d&rsquo;une audience o\u00f9 \u00e9taient \u00e9galement pr\u00e9sentes cent-dix familles d\u00e9j\u00e0 en mission et trois cents autres pr\u00eates \u00e0<\/p>\n<div class=\"read-more\"><a class=\"btn read-more-btn\" href=\"https:\/\/neocatechumenaleiter.org\/fr\/paroles-de-papes\/st-jean-paul-ii\/audience-pour-lenvoi-de-cent-familles-pour-la-nouvelle-evangelisation-3-i-1991\/\">En savoir plus<\/a><\/div>\n","protected":false},"author":2,"featured_media":0,"parent":5064,"menu_order":63,"comment_status":"closed","ping_status":"closed","template":"","meta":{"footnotes":""},"class_list":["post-16712","page","type-page","status-publish","hentry"],"_links":{"self":[{"href":"https:\/\/neocatechumenaleiter.org\/fr\/wp-json\/wp\/v2\/pages\/16712","targetHints":{"allow":["GET"]}}],"collection":[{"href":"https:\/\/neocatechumenaleiter.org\/fr\/wp-json\/wp\/v2\/pages"}],"about":[{"href":"https:\/\/neocatechumenaleiter.org\/fr\/wp-json\/wp\/v2\/types\/page"}],"author":[{"embeddable":true,"href":"https:\/\/neocatechumenaleiter.org\/fr\/wp-json\/wp\/v2\/users\/2"}],"replies":[{"embeddable":true,"href":"https:\/\/neocatechumenaleiter.org\/fr\/wp-json\/wp\/v2\/comments?post=16712"}],"version-history":[{"count":23,"href":"https:\/\/neocatechumenaleiter.org\/fr\/wp-json\/wp\/v2\/pages\/16712\/revisions"}],"predecessor-version":[{"id":16790,"href":"https:\/\/neocatechumenaleiter.org\/fr\/wp-json\/wp\/v2\/pages\/16712\/revisions\/16790"}],"up":[{"embeddable":true,"href":"https:\/\/neocatechumenaleiter.org\/fr\/wp-json\/wp\/v2\/pages\/5064"}],"wp:attachment":[{"href":"https:\/\/neocatechumenaleiter.org\/fr\/wp-json\/wp\/v2\/media?parent=16712"}],"curies":[{"name":"wp","href":"https:\/\/api.w.org\/{rel}","templated":true}]}}