{"id":16732,"date":"2020-08-08T15:06:08","date_gmt":"2020-08-08T14:06:08","guid":{"rendered":"https:\/\/neocatechumenaleiter.org\/paroles-de-papes\/st-jean-paul-ii\/eucharistie-pour-un-groupe-de-jeunes-du-chemin-neocatechumenal-qui-se-preparent-a-entrer-au-seminaire-3-juillet-1983\/"},"modified":"2020-08-27T11:19:50","modified_gmt":"2020-08-27T10:19:50","slug":"eucharistie-pour-un-groupe-de-jeunes-du-chemin-neocatechumenal-qui-se-preparent-a-entrer-au-seminaire-3-juillet-1983","status":"publish","type":"page","link":"https:\/\/neocatechumenaleiter.org\/fr\/paroles-de-papes\/st-jean-paul-ii\/eucharistie-pour-un-groupe-de-jeunes-du-chemin-neocatechumenal-qui-se-preparent-a-entrer-au-seminaire-3-juillet-1983\/","title":{"rendered":"Eucharistie pour un groupe de jeunes du Chemin n\u00e9ocat\u00e9chum\u00e9nal qui se pr\u00e9parent \u00e0 entrer au s\u00e9minaire &#8211; 3 juillet 1983"},"content":{"rendered":"\n<h1 class=\"has-text-align-center wp-block-heading\">Eucharistie pour un groupe de jeunes du Chemin n\u00e9ocat\u00e9chum\u00e9nal qui se pr\u00e9parent \u00e0 entrer au s\u00e9minaire &#8211; 3 juillet 1983<\/h1>\n\n<div style=\"height:20px\" aria-hidden=\"true\" class=\"wp-block-spacer\"><\/div>\n\n<h4 class=\"has-text-align-center wp-block-heading\">Saint Jean-Paul II<\/h4>\n\n<div style=\"height:20px\" aria-hidden=\"true\" class=\"wp-block-spacer\"><\/div>\n\n<p><strong>Jardins du Vatican, 3 juillet 1983<\/strong><\/p>\n\n<p><em>\u00abLa moisson est abondante, mais les ouvriers sont peu nombreux. Priez donc le ma\u00eetre de la moisson d&rsquo;envoyer des ouvriers dans sa moisson. \u00bb Ce c\u00e9l\u00e8bre passage de l&rsquo;\u00e9vangile de Luc, propos\u00e9 par la liturgie du jour, fut le centre de la m\u00e9ditation et de la pri\u00e8re que le saint-p\u00e8re a soumises, hier, dimanche trois juillet, \u00e0 environ quatre cents jeunes. Ceux-ci ont v\u00e9cu, la semaine pass\u00e9e, \u00e0 Porto San Giorgio, une retraite spirituelle de trois jours sur le th\u00e8me des vocations. Le Pape a voulu manifester sa paternelle sympathie et son encouragement \u00e0 ces jeunes engag\u00e9s dans un chemin de vocation s\u00e9rieux et responsable, en c\u00e9l\u00e9brant avec eux l\u2019Eucharistie, t\u00f4t le matin, devant la grotte de la Vierge de Lourdes, dans les jardins du Vatican.<br \/><br \/>&#013;\nParmi ces jeunes &#8211; dont la r\u00e9flexion sur la vocation s&rsquo;est faite \u00e0 l&rsquo;int\u00e9rieur du Chemin n\u00e9ocat\u00e9chum\u00e9nal &#8211; une bonne cinquantaine sur les cent cinquante s\u00e9minaristes que les communaut\u00e9s n\u00e9ocat\u00e9chum\u00e9nales ont d\u00e9j\u00e0 offerts \u00e0 l\u2019Eglise en Italie, \u00e9taient l\u00e0, et plus de soixante autres sont pr\u00eats \u00e0 r\u00e9pondre \u00e0 l&rsquo;appel que la retraite qu&rsquo;ils viennent d&rsquo;achever a contribu\u00e9 de mani\u00e8re d\u00e9cisive, \u00e0 mettre au clair.<\/em>&#013;\n&#013;\nEntourant la grande table dress\u00e9e au centre de l&rsquo;assembl\u00e9e, une trentaine de pr\u00eatres ont conc\u00e9l\u00e9br\u00e9 avec le Pape. Kiko Arg\u00fcello a dirig\u00e9 le chant de l&rsquo;assembl\u00e9e. C&rsquo;est lui qui, avec Carmen Hernandez, elle aussi pr\u00e9sente, est le promoteur et l&rsquo;animateur du Chemin n\u00e9ocat\u00e9chum\u00e9nal.<\/p>\n\n<div class=\"wp-block-image\"><figure class=\"alignright size-medium\"><img loading=\"lazy\" decoding=\"async\" width=\"300\" height=\"242\" src=\"https:\/\/neocatechumenaleiter.org\/wp-content\/uploads\/2020\/03\/Camino_Neocatecumenal_Juan_Pablo_II_eucaristia_jardines_vaticano_1983-300x242.jpg\" alt=\"\" class=\"wp-image-1763\" srcset=\"https:\/\/neocatechumenaleiter.org\/wp-content\/uploads\/2020\/03\/Camino_Neocatecumenal_Juan_Pablo_II_eucaristia_jardines_vaticano_1983-300x242.jpg 300w, https:\/\/neocatechumenaleiter.org\/wp-content\/uploads\/2020\/03\/Camino_Neocatecumenal_Juan_Pablo_II_eucaristia_jardines_vaticano_1983.jpg 701w\" sizes=\"auto, (max-width: 300px) 100vw, 300px\" \/><\/figure><\/div>\n\n<p><em>Dans l&rsquo;hom\u00e9lie, le saint-p\u00e8re a adress\u00e9 \u00e0 l&rsquo;assembl\u00e9e les paroles suivantes:<\/em><\/p>\n\n<p>1. \u00ab\u00a0La moisson est abondante, mais les ouvriers sont peu nombreux.  Priez donc le ma\u00eetre de la moisson qu&rsquo;il envoie des ouvriers \u00e0 sa moisson.\u00a0\u00bb (Lc 10,2) Cette affirmation, pleine de force et d&rsquo;esp\u00e9rance, chers s\u00e9minaristes et chers jeunes, retentit aujourd&rsquo;hui pour nous, ici r\u00e9unis devant cette grotte de Lourdes. Elle ouvre notre c\u00e9l\u00e9bration eucharistique qui se d\u00e9roule dans ce cadre si plein de sens.<br \/><br \/><strong>Les ouvriers sont peu nombreux<\/strong>: le probl\u00e8me \u00e9tait d\u00e9j\u00e0 pr\u00e9sent pour J\u00e9sus lorsqu&rsquo;il confiait \u00e0 ses disciples la mission d&rsquo;annoncer l&rsquo;Evangile au peuple. Le m\u00eame probl\u00e8me surgit aussi de nos jours, tr\u00e8s actuel et toujours pr\u00e9occupant. Des foules innombrables, r\u00e9pandues dans le monde entier, attendent la Parole du Salut. Par cons\u00e9quent un probl\u00e8me d&rsquo;hier, d&rsquo;aujourd&rsquo;hui, de toujours.<br \/><br \/><strong>&#013;\nLes peuples de la terre sont en perp\u00e9tuelle croissance num\u00e9rique et ils aspirent d&rsquo;une mani\u00e8re plus ou moins consciente \u00e0 d\u00e9couvrir les valeurs fondamentales qui donnent un sens \u00e0 la vie humaine.<\/strong> Et combien encore, qui ont d\u00e9j\u00e0 accueilli l&rsquo;Evangile, courent le risque d&rsquo;oublier, assi\u00e9g\u00e9s qu&rsquo;ils sont de toute part par des perspectives all\u00e9chantes mais souvent trompeuses. Ils ont alors besoin de quelqu&rsquo;un qui les aide \u00e0 revivre la Parole de J\u00e9sus. En outre, la v\u00e9rit\u00e9 \u00e0 transmettre est tellement riche et vaste, qu&rsquo;elle a besoin d&rsquo;un perp\u00e9tuel approfondissement pour en extraire tout le prix et en go\u00fbter toute la douceur. Ces quelques indications rapides, inspir\u00e9es par l&rsquo;Evangile d&rsquo;aujourd&rsquo;hui, sont suffisantes pour nous faire entrevoir combien il est n\u00e9cessaire d&rsquo;invoquer sans cesse \u00ab  le ma\u00eetre de la moisson pour qu&rsquo;il envoie des ouvriers \u00e0 la moisson. \u00bb (Lc 10,2)&#013;\n<\/p>\n\n<p>2. Mais plus encore le message \u00e0 annoncer est un message de salut pour l&rsquo;homme: <strong>\u00ab Dites-leur: le r\u00e8gne de Dieu est proche. \u00bb<\/strong> (Lc 19) Le Royaume de Dieu, qui est victoire de son amour sur tout p\u00e9ch\u00e9 et toute mis\u00e8re humaine, est d\u00e9j\u00e0 au milieu de Vous. En outre, c&rsquo;est un message d&rsquo;esp\u00e9rance et de consolation comme le proph\u00e8te Isa\u00efe l&rsquo;avait d&rsquo;avance annonc\u00e9: \u00abr\u00e9jouissez-vous avec J\u00e9rusalem&#8230; comme une m\u00e8re console son enfant, moi aussi je vous consolerai&#8230; Vous verrez et votre c\u0153ur se r\u00e9jouira. \u00bb (Is 66, 13-14) En effet, l&rsquo;homme est appel\u00e9 \u00e0 r\u00e9aliser, dans le Christ R\u00e9dempteur, la pl\u00e9nitude de sa vocation divine propre. Enfin, par-dessus tout, c&rsquo;est un message de paix et de charit\u00e9: \u00abDites d&rsquo;abord paix \u00e0 cette maison&#8230; Gu\u00e9rissez les malades qui s&rsquo;y trouvent. \u00bb (Lc 10, 5-9) Le Royaume de Dieu est en train de se construire dans l&rsquo;Histoire, offrant d\u00e9j\u00e0 sur cette terre ses fruits de conversion, d&rsquo;unification, d&rsquo;amour parmi les hommes.<\/p>\n\n<div class=\"wp-block-image\"><figure class=\"alignleft size-large\"><img loading=\"lazy\" decoding=\"async\" width=\"701\" height=\"569\" src=\"https:\/\/neocatechumenaleiter.org\/wp-content\/uploads\/2020\/03\/Camino_Neocatecumenal_Juan_Pablo_II_eucaristia_jardines_vaticano_19832.jpg\" alt=\"\" class=\"wp-image-1758\" srcset=\"https:\/\/neocatechumenaleiter.org\/wp-content\/uploads\/2020\/03\/Camino_Neocatecumenal_Juan_Pablo_II_eucaristia_jardines_vaticano_19832.jpg 701w, https:\/\/neocatechumenaleiter.org\/wp-content\/uploads\/2020\/03\/Camino_Neocatecumenal_Juan_Pablo_II_eucaristia_jardines_vaticano_19832-300x244.jpg 300w\" sizes=\"auto, (max-width: 701px) 100vw, 701px\" \/><\/figure><\/div>\n\n<p>3. Quel devra \u00eatre <strong>l&rsquo;ap\u00f4tre<\/strong>, dans quel esprit se tournera-t-il vers sa mission?  Il devra, par-dessus tout, \u00eatre conscient de la r\u00e9alit\u00e9 difficile et parfois hostile qui l&rsquo;attend: \u00ab Je vous envoie comme des agneaux au milieu des loups \u00bb (Lc 10, 3); cela se r\u00e9f\u00e8re \u00e0 l\u2019\u0153uvre du Malin. <br \/><br \/>C&rsquo;est pourquoi l&rsquo;ap\u00f4tre s&rsquo;efforcera d&rsquo;\u00eatre libre des conditionnements humains de toute esp\u00e8ce: \u00abn&#8217;emportez ni bourse, ni besace, ni sandales\u00bb (Lc 10, 4) pour ne s&rsquo;appuyer que sur la <strong>Croix du Christ<\/strong> d&rsquo;o\u00f9 provient notre r\u00e9demption. <strong>Se glorifier de la Croix<\/strong>, signifie abandonner tout motif de vantardise personnelle, pour ne vivre que de la foi et dans l&rsquo;action de gr\u00e2ce pour le salut op\u00e9r\u00e9 par le sacrifice de J\u00e9sus. Ce qui doit \u00eatre crucifi\u00e9, c&rsquo;est le monde de l&rsquo;\u00e9go\u00efsme personnel, de l&rsquo;autosuffisance, de la s\u00e9curit\u00e9 mise en ses propres m\u00e9rites.<\/p>\n\n<p>Chers s\u00e9minaristes et chers jeunes, la mission de l&rsquo;ap\u00f4tre est une <strong>mission sublime<\/strong>, enthousiasmante et ordonn\u00e9e au bien du monde entier; elle requiert une telle g\u00e9n\u00e9rosit\u00e9 que celle-ci d\u00e9passe de beaucoup les capacit\u00e9s de l&rsquo;homme. C&rsquo;est pourquoi, il est n\u00e9cessaire de tourner notre esprit vers le haut, en invoquant l&rsquo;aide divine, que vous demanderez par l&rsquo;intercession de la M\u00e8re de J\u00e9sus et notre M\u00e8re.&#013;\nJe vous souhaite d&rsquo;\u00eatre des ap\u00f4tres heureux dans l&rsquo;exercice de votre mission propre, parce que conscients, parce que confiants, parce que spirituellement libres. <br \/><br \/>Les disciples envoy\u00e9s par J\u00e9sus \u00abretourn\u00e8rent pleins de joie\u00bb (Lc 10, 17). Vous aussi, dans ces ann\u00e9es de pr\u00e9paration au sacerdoce, vous apprendrez l&rsquo;art <strong>d&rsquo;\u00eatre joyeux<\/strong>, pour des motifs humains, mais en vous appuyant sur la certitude que <strong>\u00abvos noms sont \u00e9crits dans le ciel\u00bb<\/strong> (Lc 10, 20), et que, par cons\u00e9quent, vous \u00eates pr\u00e9destin\u00e9s \u00e0 l&rsquo;amour du Christ J\u00e9sus. Il vous a appel\u00e9s du sein de vos familles dans le sein de vos communaut\u00e9s eccl\u00e9siales pour faire de vous ses collaborateurs, ses pr\u00eatres, ses dispensateurs des divins myst\u00e8res.&#013;\n<\/p>\n\n<p><strong>La joie est en nous l\u2019\u0153uvre de l&rsquo;Esprit Saint<\/strong> (Gal 5, 22). Confiez votre vocation \u00e0 sa conduite int\u00e9rieure, \u00e0 son soutien vigoureux et ind\u00e9fectible, pour que celle-ci puisse m\u00fbrir \u00abdans la paix et la joie\u00bb et produire ainsi des fruits abondants de Vie Eternelle.<\/p>\n","protected":false},"excerpt":{"rendered":"<p>Eucharistie pour un groupe de jeunes du Chemin n\u00e9ocat\u00e9chum\u00e9nal qui se pr\u00e9parent \u00e0 entrer au s\u00e9minaire &#8211; 3 juillet 1983 Saint Jean-Paul II Jardins du Vatican, 3 juillet 1983 \u00abLa moisson est abondante, mais les ouvriers sont peu nombreux. Priez donc le ma\u00eetre de la moisson d&rsquo;envoyer des ouvriers dans sa moisson. \u00bb Ce c\u00e9l\u00e8bre passage de l&rsquo;\u00e9vangile de Luc, propos\u00e9 par la liturgie du jour, fut le centre de<\/p>\n<div class=\"read-more\"><a class=\"btn read-more-btn\" href=\"https:\/\/neocatechumenaleiter.org\/fr\/paroles-de-papes\/st-jean-paul-ii\/eucharistie-pour-un-groupe-de-jeunes-du-chemin-neocatechumenal-qui-se-preparent-a-entrer-au-seminaire-3-juillet-1983\/\">En savoir plus<\/a><\/div>\n","protected":false},"author":2,"featured_media":0,"parent":5064,"menu_order":22,"comment_status":"closed","ping_status":"closed","template":"","meta":{"footnotes":""},"class_list":["post-16732","page","type-page","status-publish","hentry"],"_links":{"self":[{"href":"https:\/\/neocatechumenaleiter.org\/fr\/wp-json\/wp\/v2\/pages\/16732","targetHints":{"allow":["GET"]}}],"collection":[{"href":"https:\/\/neocatechumenaleiter.org\/fr\/wp-json\/wp\/v2\/pages"}],"about":[{"href":"https:\/\/neocatechumenaleiter.org\/fr\/wp-json\/wp\/v2\/types\/page"}],"author":[{"embeddable":true,"href":"https:\/\/neocatechumenaleiter.org\/fr\/wp-json\/wp\/v2\/users\/2"}],"replies":[{"embeddable":true,"href":"https:\/\/neocatechumenaleiter.org\/fr\/wp-json\/wp\/v2\/comments?post=16732"}],"version-history":[{"count":13,"href":"https:\/\/neocatechumenaleiter.org\/fr\/wp-json\/wp\/v2\/pages\/16732\/revisions"}],"predecessor-version":[{"id":16976,"href":"https:\/\/neocatechumenaleiter.org\/fr\/wp-json\/wp\/v2\/pages\/16732\/revisions\/16976"}],"up":[{"embeddable":true,"href":"https:\/\/neocatechumenaleiter.org\/fr\/wp-json\/wp\/v2\/pages\/5064"}],"wp:attachment":[{"href":"https:\/\/neocatechumenaleiter.org\/fr\/wp-json\/wp\/v2\/media?parent=16732"}],"curies":[{"name":"wp","href":"https:\/\/api.w.org\/{rel}","templated":true}]}}