{"id":16742,"date":"2020-08-08T15:23:33","date_gmt":"2020-08-08T14:23:33","guid":{"rendered":"https:\/\/neocatechumenaleiter.org\/paroles-de-papes\/st-jean-paul-ii\/visite-de-la-paroisse-de-san-tarcisio-3-mars-1985\/"},"modified":"2020-08-08T15:25:27","modified_gmt":"2020-08-08T14:25:27","slug":"visite-de-la-paroisse-de-san-tarcisio-3-mars-1985","status":"publish","type":"page","link":"https:\/\/neocatechumenaleiter.org\/fr\/paroles-de-papes\/st-jean-paul-ii\/visite-de-la-paroisse-de-san-tarcisio-3-mars-1985\/","title":{"rendered":"Visite de la paroisse de San Tarcisio 3 mars 1985"},"content":{"rendered":"\n<h1 class=\"has-text-align-center wp-block-heading\">Visite de la paroisse de San Tarcisio 3 mars 1985<\/h1>\n\n<div style=\"height:20px\" aria-hidden=\"true\" class=\"wp-block-spacer\"><\/div>\n\n<h4 class=\"has-text-align-center wp-block-heading\">Saint Jean-Paul II<\/h4>\n\n<div style=\"height:20px\" aria-hidden=\"true\" class=\"wp-block-spacer\"><\/div>\n\n<p><strong>Rome, 3 mars 1985 *<\/strong><\/p>\n\n<p><em>C&rsquo;est \u00e0 l&rsquo;int\u00e9rieur de l\u2019Eglise paroissiale que le cur\u00e9 a pr\u00e9sent\u00e9 au Pape les communaut\u00e9s n\u00e9ocat\u00e9chum\u00e9nales. Les membres de la premi\u00e8re communaut\u00e9 en sont au point o\u00f9 dans quelques jours ils commenceront une nouvelle mission. Ils iront dans les maisons du quartier annoncer l\u2019\u00e9vangile.&#013;\n\u00ab\u00a0C&rsquo;est un moment important et d\u00e9licat pour la Communaut\u00e9\u00a0\u00bb &#8211; a soulign\u00e9 le cur\u00e9.<\/em><\/p>\n\n<p>\u00ab\u00a0Tr\u00e8s Saint P\u00e8re &#8211; a encha\u00een\u00e9 l&rsquo;un des membres des communaut\u00e9s &#8211; votre bienveillance particuli\u00e8re envers les communaut\u00e9s m&rsquo;encourage \u00e0 prendre la parole devant vous qui repr\u00e9sentez l\u2019Eglise pour t\u00e9moigner de l\u2019\u0153uvre faite par le Seigneur dans ma vie \u00e0 travers le chemin n\u00e9ocat\u00e9chum\u00e9nal. Ce n&rsquo;est pas par hasard que ma vie s&rsquo;est arr\u00eat\u00e9e sous Pie XII pour reprendre sous votre pontificat, faisant une parenth\u00e8se des trois pontifes interm\u00e9diaires. En fait, apr\u00e8s une enfance marqu\u00e9e par une \u00e9ducation catholique rigide, il m&rsquo;en est rest\u00e9 \u00e0 dix huit ans que l&rsquo;homme adulte devait avoir un engagement sp\u00e9cifique: combattre la religion chr\u00e9tienne comme une dangereuse superstition. Consid\u00e9rant le Christ et le christianisme comme une utopie et un \u00e9chec, je reconnaissais \u00e0 l&rsquo;homme la facult\u00e9 d&rsquo;\u00eatre l&rsquo;artisan de sa propre existence. Une telle vision tordue de la vie m&rsquo;a conduit presque vingt cinq ann\u00e9es durant \u00e0 me d\u00e9battre dans un grand d\u00e9sordre int\u00e9rieur, intellectuel et affectif sans parvenir \u00e0 trouver une issue. Le suicide d&rsquo;un ami tr\u00e8s proche avait raviv\u00e9 mes interrogations sur l&rsquo;existence humaine, sur le pourquoi de la vie, sans toutefois m&rsquo;apporter de r\u00e9ponse. Il y a presque six ans, le Seigneur a pris l&rsquo;initiative de venir remplir ma vie \u00e0 l&rsquo;improviste et de fa\u00e7on inattendue, \u00e0 travers quelques cat\u00e9chistes qui \u00e9taient en train de perdre leur vie pour les autres. De ce jour, ma vie s&rsquo;est trouv\u00e9e chang\u00e9e: j&rsquo;ai d\u00e9couvert que le Seigneur m&rsquo;aimait comme personne n&rsquo;aurait jamais pu le faire. J&rsquo;avais fini par d\u00e9former l&rsquo;amour de Dieu en pensant que puisque je m&rsquo;aimais, moi, personne d&rsquo;autre ne pouvait m&rsquo;aimer. Mais peu \u00e0 peu, au fur et \u00e0 mesure que la Parole creusait dans ma vie, j&rsquo;ai d\u00e9couvert toujours davantage la grande mis\u00e9ricorde de Dieu. Cet amour m&rsquo;a r\u00e9g\u00e9n\u00e9r\u00e9 en tant qu\u2019\u00e9poux et en tant que p\u00e8re. J&rsquo;ai red\u00e9couvert une nouvelle \u00e9pouse, celle que le Seigneur, et non moi, avait choisie pour moi. J&rsquo;ai d\u00e9couvert des fils nouveaux parce qu&rsquo;ils sont fils de Dieu. Tr\u00e8s Saint P\u00e8re, voila mon t\u00e9moignage en vue de rendre \u00e0 l\u2019Eglise ce que j&rsquo;ai re\u00e7u, en signe de gratitude et d&rsquo;amour filial\u00bb.<\/p>\n\n<div class=\"wp-block-image\"><figure class=\"alignright size-medium\"><img loading=\"lazy\" decoding=\"async\" width=\"300\" height=\"241\" src=\"https:\/\/neocatechumenaleiter.org\/wp-content\/uploads\/2020\/03\/Camino_Neocatecumenal_Juan_Pablo_II_visita_parroquia_San_Tarsicio_1985-300x241.jpg\" alt=\"\" class=\"wp-image-1863\" srcset=\"https:\/\/neocatechumenaleiter.org\/wp-content\/uploads\/2020\/03\/Camino_Neocatecumenal_Juan_Pablo_II_visita_parroquia_San_Tarsicio_1985-300x241.jpg 300w, https:\/\/neocatechumenaleiter.org\/wp-content\/uploads\/2020\/03\/Camino_Neocatecumenal_Juan_Pablo_II_visita_parroquia_San_Tarsicio_1985.jpg 698w\" sizes=\"auto, (max-width: 300px) 100vw, 300px\" \/><\/figure><\/div>\n\n<p>\u00ab Je vous connais &#8211; a r\u00e9pondu le Pape &#8211; pour vous rencontrer dans de nombreuses paroisses de Rome, je vous rencontre aussi dans divers pays du monde. C&rsquo;est tr\u00e8s facile de vous reconna\u00eetre. En effet, sit\u00f4t que les guitares se mettent \u00e0 jouer tel chant caract\u00e9ristique du chemin n\u00e9o-cat\u00e9chum\u00e9nal en quelque partie du monde que ce soit, le Pape sait tout de suite qui chante l\u00e0 et se r\u00e9jouit. Partout il s&rsquo;en r\u00e9jouit, et ici m\u00eame le voila qui s&rsquo;en r\u00e9jouit. Je me suis adress\u00e9 plusieurs fois aux communaut\u00e9s n\u00e9ocat\u00e9chum\u00e9nales dans les divers secteurs de Rome, et c&rsquo;est pourquoi je sais d\u00e9j\u00e0 parfaitement quels sont les deux \u00e9l\u00e9ments fondamentaux qui caract\u00e9risent votre charisme. Le premier c&rsquo;est un enthousiasme de la foi. Enthousiasme de la foi retrouv\u00e9e. De la foi retrouv\u00e9e m\u00eame pour ceux qui l&rsquo;avaient toujours eue, peut \u00eatre aussi la foi v\u00e9cue, la foi pratiqu\u00e9e; dans ceux qui \u00e9taient d&rsquo;honn\u00eates et braves chr\u00e9tiens, plus ou moins. La foi, une fois retrouv\u00e9e, &#8211; r\u00e9cup\u00e9r\u00e9e dans son sens pl\u00e9nier, dans son myst\u00e8re, dans son ampleur surnaturelle &#8211; cr\u00e9e l&rsquo;enthousiasme. Cet enthousiasme de la foi est si n\u00e9cessaire pour notre \u00e9poque. Notre \u00e9poque froide, indiff\u00e9rente, notre \u00e9poque qui ne veut pas s&rsquo;engager, qui discourt sur les v\u00e9rit\u00e9s de la foi, de Dieu, du Christ et qui dit: qui sait? Peut-\u00eatre bien&#8230; peut-\u00eatre bien&#8230; Voil\u00e0 pourquoi cet enthousiasme, cette conviction personnelle est la seule chose capable de convaincre autrui. <\/p>\n\n<p>Puis, la seconde chose que je pense qui appartient \u00e0 votre charisme, c&rsquo;est la conversion radicale. J&rsquo;ai \u00e9cout\u00e9 vos deux t\u00e9moignages, tout sp\u00e9cialement le premier, avec une profonde \u00e9motion et j&rsquo;ai tout de suite pens\u00e9: que voulons-nous de plus, nous avons un nouveau t\u00e9moignage de Paul de Tarse. En voil\u00e0 un qui \u00e9tait contre, qui voulait jusqu&rsquo;\u00e0 tuer J\u00e9sus, d\u00e9truire le christianisme. Et puis, en un instant, il a trouv\u00e9 le Christ ressuscit\u00e9, il est devenu son disciple, le plus z\u00e9l\u00e9 de ses ap\u00f4tres, le plus efficace. Alors je pense que notre \u00e9poque &#8211; dans laquelle tant de personnes ont perdu la foi et ont emprunt\u00e9 un autre chemin suivant des id\u00e9ologies et des syst\u00e8mes philosophiques et trouvant aussi des associations et des organisations qui proposent un programme antireligieux &#8211; notre \u00e9poque a besoin de conversions radicales du type de celle de Paul de Tarse.&#013;\nJe vous vois avec un grand plaisir et je pense que vous \u00eates tr\u00e8s n\u00e9cessaires dans l&rsquo;Eglise d&rsquo;aujourd&rsquo;hui, dans le monde d&rsquo;aujourd&rsquo;hui. Continuez seulement \u00e0 cultiver vos charismes et \u00e0 approfondir votre identit\u00e9 en restant toujours tr\u00e8s proches des pasteurs de l&rsquo;Eglise et toujours conform\u00e9ment \u00e0 la gr\u00e2ce sp\u00e9cifique qui appartient \u00e0 l&rsquo;identit\u00e9 des communaut\u00e9s n\u00e9ocat\u00e9chum\u00e9nales \u00bb. (*) Cf. \u00ab\u00a0L&rsquo;Osservatore Romano\u00a0\u00bb, 4-5 mars 1985.&#013;\n<\/p>\n","protected":false},"excerpt":{"rendered":"<p>Visite de la paroisse de San Tarcisio 3 mars 1985 Saint Jean-Paul II Rome, 3 mars 1985 * C&rsquo;est \u00e0 l&rsquo;int\u00e9rieur de l\u2019Eglise paroissiale que le cur\u00e9 a pr\u00e9sent\u00e9 au Pape les communaut\u00e9s n\u00e9ocat\u00e9chum\u00e9nales. Les membres de la premi\u00e8re communaut\u00e9 en sont au point o\u00f9 dans quelques jours ils commenceront une nouvelle mission. Ils iront dans les maisons du quartier annoncer l\u2019\u00e9vangile.&#013; \u00ab\u00a0C&rsquo;est un moment important et d\u00e9licat pour la<\/p>\n<div class=\"read-more\"><a class=\"btn read-more-btn\" href=\"https:\/\/neocatechumenaleiter.org\/fr\/paroles-de-papes\/st-jean-paul-ii\/visite-de-la-paroisse-de-san-tarcisio-3-mars-1985\/\">En savoir plus<\/a><\/div>\n","protected":false},"author":2,"featured_media":0,"parent":5064,"menu_order":31,"comment_status":"closed","ping_status":"closed","template":"","meta":{"footnotes":""},"class_list":["post-16742","page","type-page","status-publish","hentry"],"_links":{"self":[{"href":"https:\/\/neocatechumenaleiter.org\/fr\/wp-json\/wp\/v2\/pages\/16742","targetHints":{"allow":["GET"]}}],"collection":[{"href":"https:\/\/neocatechumenaleiter.org\/fr\/wp-json\/wp\/v2\/pages"}],"about":[{"href":"https:\/\/neocatechumenaleiter.org\/fr\/wp-json\/wp\/v2\/types\/page"}],"author":[{"embeddable":true,"href":"https:\/\/neocatechumenaleiter.org\/fr\/wp-json\/wp\/v2\/users\/2"}],"replies":[{"embeddable":true,"href":"https:\/\/neocatechumenaleiter.org\/fr\/wp-json\/wp\/v2\/comments?post=16742"}],"version-history":[{"count":5,"href":"https:\/\/neocatechumenaleiter.org\/fr\/wp-json\/wp\/v2\/pages\/16742\/revisions"}],"predecessor-version":[{"id":16747,"href":"https:\/\/neocatechumenaleiter.org\/fr\/wp-json\/wp\/v2\/pages\/16742\/revisions\/16747"}],"up":[{"embeddable":true,"href":"https:\/\/neocatechumenaleiter.org\/fr\/wp-json\/wp\/v2\/pages\/5064"}],"wp:attachment":[{"href":"https:\/\/neocatechumenaleiter.org\/fr\/wp-json\/wp\/v2\/media?parent=16742"}],"curies":[{"name":"wp","href":"https:\/\/api.w.org\/{rel}","templated":true}]}}