{"id":16759,"date":"2020-03-02T02:02:53","date_gmt":"2020-03-02T01:02:53","guid":{"rendered":"https:\/\/neocatechumenaleiter.org\/paroles-de-papes\/st-jean-paul-ii\/visite-du-pape-jean-paul-ii-a-la-paroisse-saint-timothee-10-fevrier1980\/"},"modified":"2021-08-10T11:00:38","modified_gmt":"2021-08-10T10:00:38","slug":"visite-du-pape-jean-paul-ii-a-la-paroisse-saint-timothee-10-fevrier1980","status":"publish","type":"page","link":"https:\/\/neocatechumenaleiter.org\/fr\/paroles-de-papes\/st-jean-paul-ii\/visite-du-pape-jean-paul-ii-a-la-paroisse-saint-timothee-10-fevrier1980\/","title":{"rendered":"Visite du Pape Jean-Paul II \u00e0 la paroisse Saint Timoth\u00e9e 10 f\u00e9vrier 1980"},"content":{"rendered":"\n<h1 class=\"has-text-align-center wp-block-heading\">Visite du Pape Jean-Paul II \u00e0 la paroisse Saint Timoth\u00e9e 10 f\u00e9vrier 1980<\/h1>\n\n<div style=\"height:20px\" aria-hidden=\"true\" class=\"wp-block-spacer\"><\/div>\n\n<h4 class=\"has-text-align-center wp-block-heading\">Saint Jean-Paul II<\/h4>\n\n<div style=\"height:20px\" aria-hidden=\"true\" class=\"wp-block-spacer\"><\/div>\n\n<p><strong>Rome, 10 f\u00e9vrier 1980 *<\/strong><\/p>\n\n<p><em>Accueilli par le chant de l&rsquo;assembl\u00e9e, le Saint p\u00e8re est entr\u00e9 dans la salle o\u00f9 \u00e9taient r\u00e9unies les communaut\u00e9s n\u00e9ocat\u00e9chum\u00e9nales n\u00e9es dans la paroisse.&#13;\nIntroduits par les paroles du cur\u00e9, qui a soulign\u00e9 comment lui-m\u00eame, avec l&rsquo;aide des fr\u00e8res, a commenc\u00e9 un nouveau chemin de conversion, les t\u00e9moignages de quelques cat\u00e9chum\u00e8nes ont \u00e9t\u00e9 \u00e9cout\u00e9s.<\/em>&#13;\n&#13;\n<em>Dominique, un homme d\u2019\u00e2ge moyen, a rappel\u00e9 comment l&rsquo;exp\u00e9rience n\u00e9ocat\u00e9chum\u00e9nale lui a fait d\u00e9couvrir la vraie dimension du christianisme, qui est une vie v\u00e9cue et non pas seulement une adh\u00e9sion intellectuelle, ce qui lui a permis de surmonter de graves difficult\u00e9s familiales.&#13;\nElisabeth, 21 ans, a racont\u00e9 son exp\u00e9rience de contestation, m\u00fbrie ensuite avec la d\u00e9couverte de Dieu. Une femme mari\u00e9e et m\u00e8re de quatre enfants a racont\u00e9 comment une phrase: \u00abil y aura un chemin pour les d\u00e9sesp\u00e9r\u00e9s\u00bb, qu&rsquo;elle avait entendue dans une \u00e9glise o\u00f9 elle \u00e9tait entr\u00e9e par hasard, l&rsquo;avait sauv\u00e9e de l&rsquo;angoisse et du suicide. Fran\u00e7ois a racont\u00e9 comment le don gratuit de l&rsquo;amour de Dieu lui a fait d\u00e9couvrir la richesse de la vie.&#13;\nEnsuite un cat\u00e9chiste, Giampiero Donnini a rappel\u00e9 comment la formation de ces communaut\u00e9s n\u00e9ocat\u00e9chum\u00e9nales \u00e9tait tr\u00e8s importante pour la vie d&rsquo;une paroisse. Ces communaut\u00e9s s&rsquo;offrent comme des structures permanentes qui peuvent accueillir tous ceux qui veulent commencer un cheminement vers une foi plus adulte et plus m\u00fbre.<\/em>&#13;\n<\/p>\n\n<div class=\"wp-block-image\"><figure class=\"alignright size-medium\"><img loading=\"lazy\" decoding=\"async\" width=\"300\" height=\"241\" src=\"https:\/\/neocatechumenaleiter.org\/wp-content\/uploads\/2020\/03\/Camino_Neocatecumenal_Juan_Pablo_II_visita_parroquia_San_Timoteo-300x241.jpg\" alt=\"\" class=\"wp-image-1460\" srcset=\"https:\/\/neocatechumenaleiter.org\/wp-content\/uploads\/2020\/03\/Camino_Neocatecumenal_Juan_Pablo_II_visita_parroquia_San_Timoteo-300x241.jpg 300w, https:\/\/neocatechumenaleiter.org\/wp-content\/uploads\/2020\/03\/Camino_Neocatecumenal_Juan_Pablo_II_visita_parroquia_San_Timoteo.jpg 697w\" sizes=\"auto, (max-width: 300px) 100vw, 300px\" \/><\/figure><\/div>\n\n<p><em>Le Pape a remerci\u00e9 ceux qui ont donn\u00e9 ces t\u00e9moignages profonds et simples, en rappelant comment nous tous comprenons tr\u00e8s bien ce que signifie le mot cat\u00e9chum\u00e8ne.<\/em><\/p>\n\n<p>Le mot \u00ab cat\u00e9chum\u00e8ne\u00bb a presque disparu. Les cat\u00e9chum\u00e8nes, surtout parmi les peuples traditionnellement catholiques, sont des petits enfants, des b\u00e9b\u00e9s. Mais ces derniers ne sont pas des cat\u00e9chum\u00e8nes, puisqu&rsquo;ils ne sont pas en mesure d&rsquo;\u00eatre pr\u00e9par\u00e9s au bapt\u00eame. Les cat\u00e9chum\u00e8nes des premiers si\u00e8cles repr\u00e9sentaient une r\u00e9alit\u00e9 extr\u00eamement importante dans l&rsquo;Eglise; je pense que ce que faisaient les cat\u00e9chum\u00e8nes dans l&rsquo;Eglise primitive, maintenant les communaut\u00e9s n\u00e9ocat\u00e9chum\u00e9nales le font. Mais elles le font parce qu&rsquo;elles ont \u00e9t\u00e9 baptis\u00e9es par d&rsquo;autres, au commencement de la vie.&#13;\nLe sens du n\u00e9o-cat\u00e9chum\u00e9nat est de pr\u00e9parer au bapt\u00eame; se pr\u00e9parer, au plein sens du mot, signifie \u00eatre initi\u00e9 aux myst\u00e8res du Dieu Vivant, parce que dans le bapt\u00eame, on ne re\u00e7oit pas seulement le nom de chr\u00e9tien, mais nous sommes faits participants du myst\u00e8re du Christ-m\u00eame, du myst\u00e8re du Dieu vivant pour l&rsquo;homme.&#13;\nLes t\u00e9moignages que vous nous avez donn\u00e9s prouvent tous qu&rsquo;il y a un moment de la gr\u00e2ce, un moment d&rsquo;illumination, un moment dans lequel on rencontre le Dieu Vivant, qui cherchait \u00e0 vivre dans notre vie, \u00e0 vivre notre vie. Ceci est tr\u00e8s pr\u00e9cieux pour votre exp\u00e9rience de chr\u00e9tiens, mais c&rsquo;est surtout pr\u00e9cieux pour la formation apostolique. A la base de chaque formation apostolique, disons cat\u00e9ch\u00e9tique, il doit y avoir cette exp\u00e9rience: il ne faut pas conna\u00eetre seulement des formules de th\u00e9ologie, mais il faut aussi entrer en contact avec le myst\u00e8re de la vie divine ouverte \u00e0 nous tous avec J\u00e9sus Christ.&#13;\n<\/p>\n\n<p>On ne peut donner un t\u00e9moignage qu&rsquo;apr\u00e8s une exp\u00e9rience personnelle. Je vous souhaite d&rsquo;approfondir toujours plus votre foi et de go\u00fbter toujours la joie.<\/p>\n\n<p><em>(*) Cf. \u00ab\u00a0L&rsquo;Osservatore Romano\u00a0\u00bb, 11-12 f\u00e9vrier 1980.<\/em><\/p>\n","protected":false},"excerpt":{"rendered":"<p>Visite du Pape Jean-Paul II \u00e0 la paroisse Saint Timoth\u00e9e 10 f\u00e9vrier 1980 Saint Jean-Paul II Rome, 10 f\u00e9vrier 1980 * Accueilli par le chant de l&rsquo;assembl\u00e9e, le Saint p\u00e8re est entr\u00e9 dans la salle o\u00f9 \u00e9taient r\u00e9unies les communaut\u00e9s n\u00e9ocat\u00e9chum\u00e9nales n\u00e9es dans la paroisse.&#13; Introduits par les paroles du cur\u00e9, qui a soulign\u00e9 comment lui-m\u00eame, avec l&rsquo;aide des fr\u00e8res, a commenc\u00e9 un nouveau chemin de conversion, les t\u00e9moignages de<\/p>\n<div class=\"read-more\"><a class=\"btn read-more-btn\" href=\"https:\/\/neocatechumenaleiter.org\/fr\/paroles-de-papes\/st-jean-paul-ii\/visite-du-pape-jean-paul-ii-a-la-paroisse-saint-timothee-10-fevrier1980\/\">En savoir plus<\/a><\/div>\n","protected":false},"author":2,"featured_media":0,"parent":5064,"menu_order":5,"comment_status":"closed","ping_status":"closed","template":"","meta":{"footnotes":""},"class_list":["post-16759","page","type-page","status-publish","hentry"],"_links":{"self":[{"href":"https:\/\/neocatechumenaleiter.org\/fr\/wp-json\/wp\/v2\/pages\/16759","targetHints":{"allow":["GET"]}}],"collection":[{"href":"https:\/\/neocatechumenaleiter.org\/fr\/wp-json\/wp\/v2\/pages"}],"about":[{"href":"https:\/\/neocatechumenaleiter.org\/fr\/wp-json\/wp\/v2\/types\/page"}],"author":[{"embeddable":true,"href":"https:\/\/neocatechumenaleiter.org\/fr\/wp-json\/wp\/v2\/users\/2"}],"replies":[{"embeddable":true,"href":"https:\/\/neocatechumenaleiter.org\/fr\/wp-json\/wp\/v2\/comments?post=16759"}],"version-history":[{"count":6,"href":"https:\/\/neocatechumenaleiter.org\/fr\/wp-json\/wp\/v2\/pages\/16759\/revisions"}],"predecessor-version":[{"id":23970,"href":"https:\/\/neocatechumenaleiter.org\/fr\/wp-json\/wp\/v2\/pages\/16759\/revisions\/23970"}],"up":[{"embeddable":true,"href":"https:\/\/neocatechumenaleiter.org\/fr\/wp-json\/wp\/v2\/pages\/5064"}],"wp:attachment":[{"href":"https:\/\/neocatechumenaleiter.org\/fr\/wp-json\/wp\/v2\/media?parent=16759"}],"curies":[{"name":"wp","href":"https:\/\/api.w.org\/{rel}","templated":true}]}}