{"id":16773,"date":"2020-03-01T02:52:20","date_gmt":"2020-03-01T01:52:20","guid":{"rendered":"https:\/\/neocatechumenaleiter.org\/paroles-de-papes\/st-jean-paul-ii\/visite-du-pape-jean-paul-ii-a-la-paroisse-saint-luc-evangeliste-4-novembre-1979\/"},"modified":"2021-08-10T11:00:26","modified_gmt":"2021-08-10T10:00:26","slug":"visite-du-pape-jean-paul-ii-a-la-paroisse-saint-luc-evangeliste-4-novembre-1979","status":"publish","type":"page","link":"https:\/\/neocatechumenaleiter.org\/fr\/paroles-de-papes\/st-jean-paul-ii\/visite-du-pape-jean-paul-ii-a-la-paroisse-saint-luc-evangeliste-4-novembre-1979\/","title":{"rendered":"Visite du Pape Jean-Paul II \u00e0 la paroisse Saint Luc \u00c9vang\u00e9liste 4 novembre 1979"},"content":{"rendered":"\n<h1 class=\"has-text-align-center wp-block-heading\">Visite \u00e0 la paroisse Saint Luc \u00c9vang\u00e9liste 4 novembre 1979<\/h1>\n\n<div style=\"height:20px\" aria-hidden=\"true\" class=\"wp-block-spacer\"><\/div>\n\n<h4 class=\"has-text-align-center wp-block-heading\">Saint Jean-Paul II<\/h4>\n\n<div style=\"height:20px\" aria-hidden=\"true\" class=\"wp-block-spacer\"><\/div>\n\n<p><strong>Rome, 4 novembre 1979 *<\/strong><\/p>\n\n<p><em>La rencontre avec les cinq communaut\u00e9s n\u00e9ocat\u00e9chum\u00e9nales qui ont commenc\u00e9 leur activit\u00e9 dans la paroisse sept ans auparavant (1972) est particuli\u00e8rement significative.<\/em><br\/><em>&#13;\nLe Saint P\u00e8re a r\u00e9pondu aux repr\u00e9sentants de ces communaut\u00e9s qui lui avaient adress\u00e9 quelques paroles de salut et de pr\u00e9sentation.  Entre autres, leur cat\u00e9chiste, Franco, a dit:<\/em>&#13;\n<\/p>\n\n<p>Nous voudrions ajouter quelque chose, nous aussi, comme cat\u00e9chistes de la paroisse. Saint P\u00e8re, nous sommes tr\u00e8s heureux, et nous avons lu avec admiration, m\u00eame si nous ne l&rsquo;avons pas encore approfondi, ce merveilleux document qu&rsquo;est \u00abDe Catechesi Tradendae\u00bb. Pour nous, cela a \u00e9t\u00e9 vraiment une joie immense de voir comment, en m\u00eame temps que ces documents surgissent du Magist\u00e8re de l&rsquo;\u00c9glise, il existe d\u00e9j\u00e0 une r\u00e9alit\u00e9.  Dans ce document, vous disiez qu&rsquo;il doit y avoir une croissance dans la foi, afin qu&rsquo;il y ait des personnes qui puissent accueillir, au premier chef, les lointains, les dispers\u00e9s. Voici, qu&rsquo;ici, comme une merveille qui vient du Seigneur, nous avons une r\u00e9alit\u00e9 qui est en train de cro\u00eetre, conforme \u00e0 ce v\u0153u. Voil\u00e0, donc pourquoi nous sommes tr\u00e8s contents. Pareillement des visites que vous faites. Nous aimons beaucoup les itin\u00e9rants. Vous \u00eates vraiment, Saint-P\u00e8re, un Pape itin\u00e9rant, qui portez le K\u00e9rygme, qui \u00eates en train de porter cette annonce de J\u00e9sus-Christ ressuscit\u00e9 de la mort, qui tous nous a tir\u00e9s de notre mort.<\/p>\n\n<p><em>Puis le saint P\u00e8re a prononc\u00e9 le discours suivant :<\/em><\/p>\n\n<p>Oui, ils ont tr\u00e8s bien parl\u00e9. Tant votre pr\u00eatre assistant, qui a une barbe, Don Giancarlo, que Franco (Franco, c&rsquo;est l&rsquo;un de vous; votre porte-parole) me semble-t-il.  Il nous a expliqu\u00e9 exactement, l&rsquo;esprit, l&rsquo;atmosph\u00e8re, tout ce qui constitue votre groupe, parce qu&rsquo;un groupe ce n&rsquo;est pas seulement un num\u00e9ro: c&rsquo;est un esprit. Le groupe, ou plut\u00f4t la communaut\u00e9, se constitue toujours du dedans, int\u00e9rieurement et c\u2019est int\u00e9rieurement que l\u2019Esprit Saint nous touche aussi, il touche chacun de nous, ce que chacun de nous est, son intimit\u00e9 personnelle, son intimit\u00e9 spirituelle, mais il ne touche aucun de nous s\u00e9par\u00e9ment, individuellement, parce qu\u2019<strong>il nous a cr\u00e9\u00e9s pour \u00eatre communaut\u00e9<\/strong>, pour vivre dans la communion. C&rsquo;est ainsi que s&rsquo;expliquent toutes ces communaut\u00e9s qui sont dans la communion chr\u00e9tienne, comme la v\u00f4tre, comme toutes les v\u00f4tres, puisqu&rsquo;elles sont au nombre de cinq communaut\u00e9s.<\/p>\n\n<p>Je pense qu&rsquo;il existe une r\u00e8gle simple: pour pouvoir donner: il faut quelque chose \u00e0 donner. Pas au sens de donner mat\u00e9riellement quelque chose, mais au sens spirituel; pour donner, il faut poss\u00e9der, \u00e0 l&rsquo;int\u00e9rieur, quelque chose d&rsquo;invisible, il est n\u00e9cessaire de le d\u00e9couvrir d&rsquo;abord.<\/p>\n\n<div class=\"wp-block-image is-style-default\"><figure class=\"alignright size-large\"><img loading=\"lazy\" decoding=\"async\" width=\"400\" height=\"322\" src=\"https:\/\/neocatechumenaleiter.org\/wp-content\/uploads\/2020\/03\/Camino_Neocatecumenal_Juan_Pablo_II_visita_parroquia_Luca_Evangelista_1979.jpg\" alt=\"\" class=\"wp-image-1301\" srcset=\"https:\/\/neocatechumenaleiter.org\/wp-content\/uploads\/2020\/03\/Camino_Neocatecumenal_Juan_Pablo_II_visita_parroquia_Luca_Evangelista_1979.jpg 400w, https:\/\/neocatechumenaleiter.org\/wp-content\/uploads\/2020\/03\/Camino_Neocatecumenal_Juan_Pablo_II_visita_parroquia_Luca_Evangelista_1979-300x242.jpg 300w\" sizes=\"auto, (max-width: 400px) 100vw, 400px\" \/><\/figure><\/div>\n\n<p>Voil\u00e0, le pense, ce qu&rsquo;est la r\u00e8gle de votre mouvement n\u00e9ocat\u00e9chum\u00e9nal: il s&rsquo;agit de d\u00e9couvrir, de red\u00e9couvrir ce quelque chose qui existe. Il y a beaucoup de chr\u00e9tiens baptis\u00e9s; mais, peut-\u00eatre, n&rsquo;ont-ils pas d\u00e9couvert leur bapt\u00eame, ils ont presque oubli\u00e9 leur bapt\u00eame; ils sont baptis\u00e9s, mais leur bapt\u00eame est dans les archives, il se trouve dans les registres paroissiaux. C&rsquo;est enregistr\u00e9 \u00e0 la paroisse. C&rsquo;est enregistr\u00e9 aussi dans leur c\u0153ur, mais cet enregistrement int\u00e9rieur reste presque mort, \u00e0 peine \u00e9veill\u00e9. On doit le d\u00e9couvrir.&#13;\nQuand on d\u00e9couvre, on a; puis, on doit donner. Quand on a d\u00e9couvert, on ne peut pas ne pas donner, parce que ce qu&rsquo;on d\u00e9couvre nous pousse \u00e0 donner. C&rsquo;est ainsi que sont n\u00e9s tous les ap\u00f4tres, tous les ap\u00f4tres sont n\u00e9s de cette mani\u00e8re. Je pense que, si maintenant, il y a des cat\u00e9chistes itin\u00e9rants, si le Pape aussi est devenu itin\u00e9rant, c&rsquo;est aussi un fruit qu&rsquo;il a d\u00e9couvert. Quand on a d\u00e9couvert la richesse, le myst\u00e8re du Christ, le myst\u00e8re que constitue notre identit\u00e9 personnelle, spirituelle, chr\u00e9tienne, on ne peut pas ne pas chercher \u00e0 le donner aux autres. Je pense que nous avons plus ou moins parl\u00e9: un, deux, trois ont parl\u00e9 mais nous avons un peu tout expliqu\u00e9.&#13;\n<\/p>\n\n<p>Je suis tr\u00e8s content de cette rencontre, je vous souhaite de continuer. Continuer signifie suivre l&rsquo;Esprit-Saint et suivre aussi votre vocation propre, parce qu&rsquo;en d\u00e9couvrant le myst\u00e8re du Christ vivant en nous, on d\u00e9couvre notre vocation.&#13;\nMaintenant, je vous donne \u00e0 vous tous ma b\u00e9n\u00e9diction.&#13;\nEt je suis tr\u00e8s reconnaissant pour cette rencontre et sp\u00e9cialement du fait que vous \u00eates venus aussi avec vos enfants. Je suis heureux de ce que ces enfants grandissent dans un milieu et une atmosph\u00e8re chr\u00e9tienne.&#13;\n<\/p>\n\n<p><em>(*) Cf. \u00ab\u00a0L&rsquo;Osservatore Romano\u00a0\u00bb, 5-6 novembre 1979.<\/em><\/p>\n","protected":false},"excerpt":{"rendered":"<p>Visite \u00e0 la paroisse Saint Luc \u00c9vang\u00e9liste 4 novembre 1979 Saint Jean-Paul II Rome, 4 novembre 1979 * La rencontre avec les cinq communaut\u00e9s n\u00e9ocat\u00e9chum\u00e9nales qui ont commenc\u00e9 leur activit\u00e9 dans la paroisse sept ans auparavant (1972) est particuli\u00e8rement significative.&#13; Le Saint P\u00e8re a r\u00e9pondu aux repr\u00e9sentants de ces communaut\u00e9s qui lui avaient adress\u00e9 quelques paroles de salut et de pr\u00e9sentation. Entre autres, leur cat\u00e9chiste, Franco, a dit:&#13; Nous voudrions<\/p>\n<div class=\"read-more\"><a class=\"btn read-more-btn\" href=\"https:\/\/neocatechumenaleiter.org\/fr\/paroles-de-papes\/st-jean-paul-ii\/visite-du-pape-jean-paul-ii-a-la-paroisse-saint-luc-evangeliste-4-novembre-1979\/\">En savoir plus<\/a><\/div>\n","protected":false},"author":2,"featured_media":0,"parent":5064,"menu_order":3,"comment_status":"closed","ping_status":"closed","template":"","meta":{"footnotes":""},"class_list":["post-16773","page","type-page","status-publish","hentry"],"_links":{"self":[{"href":"https:\/\/neocatechumenaleiter.org\/fr\/wp-json\/wp\/v2\/pages\/16773","targetHints":{"allow":["GET"]}}],"collection":[{"href":"https:\/\/neocatechumenaleiter.org\/fr\/wp-json\/wp\/v2\/pages"}],"about":[{"href":"https:\/\/neocatechumenaleiter.org\/fr\/wp-json\/wp\/v2\/types\/page"}],"author":[{"embeddable":true,"href":"https:\/\/neocatechumenaleiter.org\/fr\/wp-json\/wp\/v2\/users\/2"}],"replies":[{"embeddable":true,"href":"https:\/\/neocatechumenaleiter.org\/fr\/wp-json\/wp\/v2\/comments?post=16773"}],"version-history":[{"count":2,"href":"https:\/\/neocatechumenaleiter.org\/fr\/wp-json\/wp\/v2\/pages\/16773\/revisions"}],"predecessor-version":[{"id":23957,"href":"https:\/\/neocatechumenaleiter.org\/fr\/wp-json\/wp\/v2\/pages\/16773\/revisions\/23957"}],"up":[{"embeddable":true,"href":"https:\/\/neocatechumenaleiter.org\/fr\/wp-json\/wp\/v2\/pages\/5064"}],"wp:attachment":[{"href":"https:\/\/neocatechumenaleiter.org\/fr\/wp-json\/wp\/v2\/media?parent=16773"}],"curies":[{"name":"wp","href":"https:\/\/api.w.org\/{rel}","templated":true}]}}