{"id":16775,"date":"2020-08-11T14:25:45","date_gmt":"2020-08-11T13:25:45","guid":{"rendered":"https:\/\/neocatechumenaleiter.org\/paroles-de-papes\/st-jean-paul-ii\/audience-aux-jeunes-du-chemin-neocatechumenal-27-mars-1988\/"},"modified":"2020-08-11T14:27:14","modified_gmt":"2020-08-11T13:27:14","slug":"audience-aux-jeunes-du-chemin-neocatechumenal-27-mars-1988","status":"publish","type":"page","link":"https:\/\/neocatechumenaleiter.org\/fr\/paroles-de-papes\/st-jean-paul-ii\/audience-aux-jeunes-du-chemin-neocatechumenal-27-mars-1988\/","title":{"rendered":"Audience aux jeunes du Chemin N\u00e9ocat\u00e9chum\u00e9nal 27 mars 1988"},"content":{"rendered":"\n<h1 class=\"has-text-align-center wp-block-heading\">Audience aux jeunes du Chemin N\u00e9ocat\u00e9chum\u00e9nal 27 mars 1988<\/h1>\n\n<div style=\"height:20px\" aria-hidden=\"true\" class=\"wp-block-spacer\"><\/div>\n\n<h4 class=\"has-text-align-center wp-block-heading\">Saint Jean-Paul II<\/h4>\n\n<div style=\"height:20px\" aria-hidden=\"true\" class=\"wp-block-spacer\"><\/div>\n\n<div class=\"wp-block-image\"><figure class=\"alignright size-medium\"><img loading=\"lazy\" decoding=\"async\" width=\"300\" height=\"252\" src=\"https:\/\/neocatechumenaleiter.org\/wp-content\/uploads\/2020\/03\/Camino_Neocatecumenal_Juan_Pablo_II_audiencia_con_los_jovenes_1988-300x252.jpg\" alt=\"\" class=\"wp-image-2103\" srcset=\"https:\/\/neocatechumenaleiter.org\/wp-content\/uploads\/2020\/03\/Camino_Neocatecumenal_Juan_Pablo_II_audiencia_con_los_jovenes_1988-300x252.jpg 300w, https:\/\/neocatechumenaleiter.org\/wp-content\/uploads\/2020\/03\/Camino_Neocatecumenal_Juan_Pablo_II_audiencia_con_los_jovenes_1988.jpg 665w\" sizes=\"auto, (max-width: 300px) 100vw, 300px\" \/><\/figure><\/div>\n\n<p><strong>Cit\u00e9 du Vatican -Dimanche des Rameaux 27 mars 1988 *<\/strong><\/p>\n\n<p><em>Environ dix mille jeunes ont particip\u00e9 \u00e0 une rencontre organis\u00e9e par le chemin n\u00e9ocat\u00e9chum\u00e9nal. Rassembl\u00e9s pour tout l&rsquo;apr\u00e8s-midi du dimanche des Rameaux dans la Salle Paul VI, ils ont attendu en priant l&rsquo;arriv\u00e9e du Saint P\u00e8re.&#013;\nApr\u00e8s vingt ann\u00e9es de crise profonde les vocations sont en train de r\u00e9appara\u00eetre dans l&rsquo;Eglise Catholique. Le sympt\u00f4me de ce processus est apparu avant-hier au cours de la rencontre de douze mille chanteurs et jeunes des communaut\u00e9s n\u00e9ocat\u00e9chum\u00e9nales avec le Saint P\u00e8re qui s&rsquo;est d\u00e9roul\u00e9e dans la Salle Paul VI au Vatican \u00e0 l&rsquo;occasion du dimanche des Rameaux.&#013;\n<\/em><\/p>\n\n<p><em>Tandis qu&rsquo;ils attendaient la visite du Saint p\u00e8re, Kiko Arg\u00fcello, un des initiateurs du chemin n\u00e9ocat\u00e9chum\u00e9nal, avec Carmen Hernandez et le p\u00e8re Mario Pezzi, a r\u00e9p\u00e9t\u00e9 les chants pour le triduum et la Veill\u00e9e Pascale que les n\u00e9ocat\u00e9chum\u00e8nes c\u00e9l\u00e8brent durant toute la nuit et qu&rsquo;ils ressentent comme l&rsquo; axe de toute la spiritualit\u00e9 baptismale. Apr\u00e8s l&rsquo;entr\u00e9e du Saint P\u00e8re, une grande sculpture en bois, grandeur nature, du Christ crucifi\u00e9, don de la communaut\u00e9 de l&rsquo;Equateur, accompagn\u00e9e de branches de rameaux et port\u00e9e \u00e0 bras par les s\u00e9minaristes du Coll\u00e8ge romain \u00ab\u00a0Redemptoris Mater\u00a0\u00bb a \u00e9t\u00e9 introduite en procession pour pr\u00e9sider la r\u00e9union.&#013;\n<\/em><br \/><br \/>&#013;\n\u00ab\u00a0Porter Christ crucifi\u00e9 dans le monde, cette nouvelle dimension de l&rsquo;amour &#8211; <em>a dit Kiko devant le Pape<\/em> \u2013 Christ crucifi\u00e9 est une bonne nouvelle, ce n&rsquo;est pas un exemple d&rsquo;oppression ou de masochisme. Aujourd&rsquo;hui le monde veut \u00e9liminer le crucifix et il vit, terroris\u00e9 par n&rsquo;importe quelle souffrance. Christ a ouvert un passage \u00e0 travers la mort. Nous souffrons justement parce que nous n&rsquo;aimons pas de cette fa\u00e7on, en nous donnant totalement aux autres. Il est possible d&rsquo;aimer ainsi ? Oui, parce que Lui nous donne sa nature, il nous envoie du ciel l&rsquo;Esprit Saint qui a vaincu la mort et qui donne en nous la vie \u00e9ternelle, la vie \u00e9ternelle en nous, une vie nouvelle qui nous permet d&rsquo;aimer l&rsquo;autre au del\u00e0 de la mort avec ses d\u00e9fauts. Nous aimer ainsi c&rsquo;est le bonheur. Comment ne pas porter cette eau dans un d\u00e9sert tel qu&rsquo;est le monde d&rsquo;aujourd&rsquo;hui ?\u00a0\u00bb.&#013;\n<em><br \/><br \/>&#013;\nKiko a ensuite invit\u00e9 celui qui a d\u00e9j\u00e0 senti ou sent l&rsquo;appel au sacerdoce ou \u00e0 la vie contemplative \u00e0 se lever et soixante cinq jeunes sont all\u00e9es s&rsquo;agenouiller aux pieds du Saint P\u00e8re : quarante gar\u00e7ons pour rentrer au s\u00e9minaire et vingt cinq jeunes filles pour entrer dans un couvent de cl\u00f4ture.<\/em>&#013;\n<\/p>\n\n<p><em>Il est surprenant de voir refleurir les vocations. Dans les trois derni\u00e8res ann\u00e9es, deux mille jeunes, provenant des communaut\u00e9s n\u00e9ocat\u00e9chum\u00e9nales, sont entr\u00e9s dans divers s\u00e9minaires dans le monde pour se pr\u00e9parer au sacerdoce. A Rome il a \u00e9t\u00e9 ouvert un coll\u00e8ge dioc\u00e9sain, le \u00ab\u00a0Redemptoris Mater\u00a0\u00bb, pour former les pr\u00eatres pour la nouvelle \u00e9vang\u00e9lisation ouverte par Jean Paul II. Ces futurs pr\u00eatres, sans former une congr\u00e9gation, mais en partant de leur dioc\u00e8se et soutenus par leur communaut\u00e9 concr\u00e8te, partiront avec les familles qui ont fini le temps de formation cat\u00e9chum\u00e9nal et qui, par centaine, se sont offertes pour aller \u00e9vang\u00e9liser dans les zones les plus pauvres, les plus mis\u00e9rables et d\u00e9christianis\u00e9es du monde.Il est surprenant de voir refleurir les vocations. Dans les trois derni\u00e8res ann\u00e9es, deux mille jeunes, provenant des communaut\u00e9s n\u00e9ocat\u00e9chum\u00e9nales, sont entr\u00e9s dans divers s\u00e9minaires dans le monde pour se pr\u00e9parer au sacerdoce. A Rome il a \u00e9t\u00e9 ouvert un coll\u00e8ge dioc\u00e9sain, le \u00ab\u00a0Redemptoris Mater\u00a0\u00bb, pour former les pr\u00eatres pour la nouvelle \u00e9vang\u00e9lisation ouverte par Jean Paul II. Ces futurs pr\u00eatres, sans former une congr\u00e9gation, mais en partant de leur dioc\u00e8se et soutenus par leur communaut\u00e9 concr\u00e8te, partiront avec les familles qui ont fini le temps de formation cat\u00e9chum\u00e9nal et qui, par centaine, se sont offertes pour aller \u00e9vang\u00e9liser dans les zones les plus pauvres, les plus mis\u00e9rables et d\u00e9christianis\u00e9es du monde.<\/em><br \/><br \/><em>Voici les paroles du Saint P\u00e8re :<\/em><\/p>\n\n<p>Aujourd&rsquo;hui, avec le dimanche des Rameaux, nous avons ouvert la Semaine Sainte et, en m\u00eame temps, nous avons c\u00e9l\u00e9br\u00e9 la troisi\u00e8me journ\u00e9e mondiale de la Jeunesse. Ce matin, sur le parvis de St Pierre, nous avons c\u00e9l\u00e9br\u00e9 l&rsquo;une et l&rsquo;autre. Je suis tr\u00e8s content de me trouver au milieu de vous, jeunes : de me trouver en chantant parce que c&rsquo;est une journ\u00e9e de chant : \u00ab\u00a0Pueri hebraeorum portantes ramos olivarum\u2026\u00a0\u00bb.&#013;\nNous connaissons tr\u00e8s bien cette antienne du dimanche des Rameaux. C&rsquo;est une journ\u00e9e pour vous les jeunes, pour chanter : hosanna ! B\u00e9ni soit Celui qui vient au nom du Seigneur ! C&rsquo;est une journ\u00e9e caract\u00e9ris\u00e9e par l&rsquo;annonce des proph\u00e8tes. Mais nous savons bien que dans cette c\u00e9l\u00e9bration exaltante et joyeuse des Rameaux, l&rsquo;Eglise nous conduit par la main \u00e0 la Passion du Christ. Cette joie transitoire couvre et cache en elle le myst\u00e8re de la Passion et de la croix qui est le myst\u00e8re pascal.&#013;\nVous vous \u00eates r\u00e9unis en cette journ\u00e9e non seulement pour chanter comme les jeunes de J\u00e9rusalem, mais pour d\u00e9couvrir la figure de crucifi\u00e9 de J\u00e9sus sur la croix, agonisant. Pendant plusieurs heures cet apr\u00e8s-midi vous avez pri\u00e9. Vous avez m\u00e9dit\u00e9 et pri\u00e9. En entrant dans le myst\u00e8re du dimanche des Rameaux, myst\u00e8re de la Passion du Christ, de la croix et de sa R\u00e9surrection, ensemble vous pensez \u00e0 l&rsquo;Eglise et \u00e0 la mission de l&rsquo;Eglise, parce que le Christ est mort sur la croix pour donner \u00e0 l&rsquo;humanit\u00e9 une vie nouvelle.&#013;\n<\/p>\n\n<div class=\"wp-block-image\"><figure class=\"alignleft size-medium\"><img loading=\"lazy\" decoding=\"async\" width=\"300\" height=\"239\" src=\"https:\/\/neocatechumenaleiter.org\/wp-content\/uploads\/2020\/03\/Camino_Neocatecumenal_Juan_Pablo_II_audiencia_con_los_jovenes_1988_2-300x239.jpg\" alt=\"\" class=\"wp-image-2110\" srcset=\"https:\/\/neocatechumenaleiter.org\/wp-content\/uploads\/2020\/03\/Camino_Neocatecumenal_Juan_Pablo_II_audiencia_con_los_jovenes_1988_2-300x239.jpg 300w, https:\/\/neocatechumenaleiter.org\/wp-content\/uploads\/2020\/03\/Camino_Neocatecumenal_Juan_Pablo_II_audiencia_con_los_jovenes_1988_2.jpg 709w\" sizes=\"auto, (max-width: 300px) 100vw, 300px\" \/><\/figure><\/div>\n\n<p>L&rsquo;Eglise, comme disent les P\u00e8res a \u00e9t\u00e9 fond\u00e9e surtout au moment de Sa mort, de son cot\u00e9 s&rsquo;est d\u00e9vers\u00e9 notre salut. Symboliquement une nouvelle r\u00e9alit\u00e9 s&rsquo;ouvre, une nouvelle mission divine qui embrasse l&rsquo;humanit\u00e9. L&rsquo;Eglise na\u00eet ainsi, l&rsquo;Eglise qui, comme nous le dit le Concile Vatican II, est \u00ab\u00a0en Christ comme un sacrement\u2026de l&rsquo;intime union avec Dieu et de l&rsquo;unit\u00e9 de tout le genre humain\u00a0\u00bb( <em>Lumen Gentium <\/em>1). J\u00e9sus a pr\u00e9par\u00e9 ses ap\u00f4tres \u00e0 ce moment pascal. En effet, apr\u00e8s la R\u00e9surrection, avec les mains, les pieds et son cot\u00e9 transperc\u00e9s, il se pr\u00e9sentera \u00e0 ses ap\u00f4tres pour leur donner l&rsquo;Esprit Saint et pour d\u00e9j\u00e0 annoncer cette mission qu&rsquo;il attend d&rsquo;eux, \u00e0 ce nouvel Isra\u00ebl, dont les ap\u00f4tres sont l&rsquo;origine et la pr\u00e9figuration.<\/p>\n\n<p>L&rsquo;Eglise commence \u00e0 accomplir sa mission et devient missionnaire. Si nous pensons s\u00e9rieusement au myst\u00e8re pascal du Christ nous ne pouvons pas s\u00e9parer l&rsquo;Eglise de son myst\u00e8re et de sa mission. Vous r\u00e9fl\u00e9chissez, priez et pensez ici \u00e0 la mission de l&rsquo;Eglise dans le monde entier. Cette mission demande des missionnaires, demande des ap\u00f4tres. Les missionnaires continuent la mission des ap\u00f4tres. Le Concile Vatican II nous dit que toute l&rsquo;Eglise est missionnaire par sa nature. Missionnaire veut dire apostolique, veut dire envoy\u00e9e. Vous vivez ce moment de l&rsquo;appel et de la mission de l&rsquo;Eglise qui est compos\u00e9e de divers charismes et minist\u00e8res. L&rsquo;unique mission de l&rsquo;Eglise \u00e9merge aussi, surtout aujourd&rsquo;hui, dans l&rsquo;apostolat des la\u00efcs. Mais, pour l&rsquo;Eglise et pour sa mission nous voulons les vocations sacerdotales et les vocations religieuses. J&rsquo;ai vu ici quelques jeunes qui se sont pr\u00e9sent\u00e9s spontan\u00e9ment pour dire \u00e0 cette assembl\u00e9e : \u00ab\u00a0Voici, je viens\u00a0\u00bb. J&rsquo;ai pens\u00e9 aussit\u00f4t que cette offrande ne peut se faire que devant Dieu. Mais si on la fait devant les hommes, on la fait surtout dans la famille. Et vous \u00eates une famille. Si ces choix peuvent se faire ainsi, spontan\u00e9ment, sous la force de l&rsquo;Esprit, cela veut dire que vous \u00eates une famille. Si en effet un gar\u00e7on, une fille peut se pr\u00e9senter devant tous et dire \u00e0 tous et \u00e0 Christ crucifi\u00e9 : \u00ab\u00a0Voici, je suis \u00e0 toi\u00a0\u00bb, cela veut dire que Dieu vous aime, que Dieu vous appelle.&#013;\nJe suis tr\u00e8s conscient, profond\u00e9ment conscient de la gr\u00e2ce de la vocation sacerdotale et de la vocation religieuse. C&rsquo;est une gr\u00e2ce pour les appel\u00e9s, mais en m\u00eame temps, c&rsquo;est un don pour la communaut\u00e9, pour l&rsquo;Eglise, pour sa mission et pour sa consistance.<\/p>\n\n<p>Si l&rsquo;Eglise, comme nous le rappelle le Concile Vatican II, est un peuple sacerdotal, si tous les fid\u00e8les ont un sacerdoce en commun, baptismal, alors on voit d&rsquo;autant plus la n\u00e9cessit\u00e9 de ceux qui sont appel\u00e9s au sacerdoce pour susciter la conscience du sacerdoce commun \u00e0 tous et pour exprimer cette caract\u00e9ristique sacerdotale de tous les partenaires et puis pour servir. Le sacerdoce est en effet un minist\u00e8re tr\u00e8s important. Nous le savons par exp\u00e9rience, m\u00eame n\u00e9gative et douloureuse, par le manque de vocations sacerdotales et religieuses. L&rsquo;Eglise ne peut-\u00eatre elle-m\u00eame si elle n&rsquo;aspire pas \u00e0 ce r\u00e8gne des cieux ou plut\u00f4t si elle n&rsquo;anticipe pas ce r\u00e8gne ici-bas, sur la terre. Les personnes, hommes et femmes, doivent \u00eatre capables de suivre le Christ pauvre, le Christ vierge, le Christ ob\u00e9issant jusqu&rsquo;\u00e0 la mort. Il est question des dimensions fondamentales, essentielles, constitutives de l&rsquo;Eglise.<\/p>\n\n<p>Quand elles ont des vocations sacerdotales et religieuses, on a la preuve de l&rsquo;authenticit\u00e9 catholique des Eglises locales et des paroisses, comme aussi des familles chr\u00e9tiennes. Autrefois, et peut-\u00eatre aussi aujourd&rsquo;hui, les familles se vantaient d&rsquo;avoir leurs fils et leurs filles pr\u00eatres et religieuses. La famille, nous le savons, est l&rsquo;Eglise domestique, cellule vivante et vivifiante de l&rsquo;Eglise.<\/p>\n\n<p>Je vous ai dit ainsi ce qui me tenait \u00e0 c\u0153ur. Je suis reconnaissant aux parents, aux familles et aux communaut\u00e9s capables de faire grandir et m\u00fbrir les vocations toujours et partout. Je suis reconnaissant \u00e0 votre famille et \u00e0 votre communaut\u00e9 qui se pr\u00e9occupe de susciter, de faire grandir et m\u00fbrir les vocations. Notre Seigneur crucifi\u00e9 et ressuscit\u00e9 b\u00e9nit cette \u0153uvre de vocation de votre grande famille qui cro\u00eet de jour en jour. Notre Seigneur donne \u00e0 tous une profonde et courageuse vocation chr\u00e9tienne, aux \u00e9poux la vocation matrimoniale, conjugale, familiale de parents et d&rsquo;\u00e9ducateurs. A ceux qui sentent en eux un autre appel, la capacit\u00e9 de suivre la vocation sacerdotale et religieuse, en accueillant ce don de l&rsquo;Esprit qui vient toujours du C\u0153ur transperc\u00e9 de Notre Sauveur qui est suspendu \u00e0 la croix.<\/p>\n\n<p><em>(*) Cf. \u00ab\u00a0Avvenire\u00a0\u00bb, 29 mars 1988 et \u00ab\u00a0L&rsquo;Osservatore Romano\u00a0\u00bb, 28-29 mars 1988.<\/em><\/p>\n","protected":false},"excerpt":{"rendered":"<p>Audience aux jeunes du Chemin N\u00e9ocat\u00e9chum\u00e9nal 27 mars 1988 Saint Jean-Paul II Cit\u00e9 du Vatican -Dimanche des Rameaux 27 mars 1988 * Environ dix mille jeunes ont particip\u00e9 \u00e0 une rencontre organis\u00e9e par le chemin n\u00e9ocat\u00e9chum\u00e9nal. Rassembl\u00e9s pour tout l&rsquo;apr\u00e8s-midi du dimanche des Rameaux dans la Salle Paul VI, ils ont attendu en priant l&rsquo;arriv\u00e9e du Saint P\u00e8re.&#013; Apr\u00e8s vingt ann\u00e9es de crise profonde les vocations sont en train de<\/p>\n<div class=\"read-more\"><a class=\"btn read-more-btn\" href=\"https:\/\/neocatechumenaleiter.org\/fr\/paroles-de-papes\/st-jean-paul-ii\/audience-aux-jeunes-du-chemin-neocatechumenal-27-mars-1988\/\">En savoir plus<\/a><\/div>\n","protected":false},"author":2,"featured_media":0,"parent":5064,"menu_order":49,"comment_status":"closed","ping_status":"closed","template":"","meta":{"footnotes":""},"class_list":["post-16775","page","type-page","status-publish","hentry"],"_links":{"self":[{"href":"https:\/\/neocatechumenaleiter.org\/fr\/wp-json\/wp\/v2\/pages\/16775","targetHints":{"allow":["GET"]}}],"collection":[{"href":"https:\/\/neocatechumenaleiter.org\/fr\/wp-json\/wp\/v2\/pages"}],"about":[{"href":"https:\/\/neocatechumenaleiter.org\/fr\/wp-json\/wp\/v2\/types\/page"}],"author":[{"embeddable":true,"href":"https:\/\/neocatechumenaleiter.org\/fr\/wp-json\/wp\/v2\/users\/2"}],"replies":[{"embeddable":true,"href":"https:\/\/neocatechumenaleiter.org\/fr\/wp-json\/wp\/v2\/comments?post=16775"}],"version-history":[{"count":5,"href":"https:\/\/neocatechumenaleiter.org\/fr\/wp-json\/wp\/v2\/pages\/16775\/revisions"}],"predecessor-version":[{"id":16780,"href":"https:\/\/neocatechumenaleiter.org\/fr\/wp-json\/wp\/v2\/pages\/16775\/revisions\/16780"}],"up":[{"embeddable":true,"href":"https:\/\/neocatechumenaleiter.org\/fr\/wp-json\/wp\/v2\/pages\/5064"}],"wp:attachment":[{"href":"https:\/\/neocatechumenaleiter.org\/fr\/wp-json\/wp\/v2\/media?parent=16775"}],"curies":[{"name":"wp","href":"https:\/\/api.w.org\/{rel}","templated":true}]}}