{"id":16781,"date":"2020-08-11T15:49:35","date_gmt":"2020-08-11T14:49:35","guid":{"rendered":"https:\/\/neocatechumenaleiter.org\/paroles-de-papes\/st-jean-paul-ii\/discours-aux-initiateurs-aux-catechistes-itinerants-et-aux-pretres-du-chemin-neocatechumenal-21-septembre-2002\/"},"modified":"2020-08-11T15:51:25","modified_gmt":"2020-08-11T14:51:25","slug":"discours-aux-initiateurs-aux-catechistes-itinerants-et-aux-pretres-du-chemin-neocatechumenal-21-septembre-2002","status":"publish","type":"page","link":"https:\/\/neocatechumenaleiter.org\/fr\/paroles-de-papes\/st-jean-paul-ii\/discours-aux-initiateurs-aux-catechistes-itinerants-et-aux-pretres-du-chemin-neocatechumenal-21-septembre-2002\/","title":{"rendered":"Discours aux initiateurs, aux cat\u00e9chistes itin\u00e9rants et aux pr\u00eatres du Chemin N\u00e9ocat\u00e9chum\u00e9nal 21 septembre 2002"},"content":{"rendered":"\n<h1 class=\"has-text-align-center wp-block-heading\">Discours aux initiateurs, aux cat\u00e9chistes itin\u00e9rants et aux pr\u00eatres du Chemin N\u00e9ocat\u00e9chum\u00e9nal 21 septembre 2002<\/h1>\n\n<div style=\"height:20px\" aria-hidden=\"true\" class=\"wp-block-spacer\"><\/div>\n\n<h4 class=\"has-text-align-center wp-block-heading\">Saint Jean-Paul II<\/h4>\n\n<div style=\"height:20px\" aria-hidden=\"true\" class=\"wp-block-spacer\"><\/div>\n\n<p><strong>Castel Gandolfo, 21 septembre 2002 *<\/strong><\/p>\n\n<p><strong>LES STATUTS: UNE R\u00c8GLE DE VIE CLAIRE ET S\u00dbRE<br \/>POUR LE CHEMIN N\u00c9OCAT\u00c9CHUM\u00c9NAL<\/strong><\/p>\n\n<p><em>Les Statuts doivent constituer pour le Chemin N\u00e9ocat\u00e9chum\u00e9nal une \u00ab\u00a0r\u00e8gle de vie claire et s\u00fbre\u00a0\u00bb. C&rsquo;est ce que le Pape a recommand\u00e9 aux cat\u00e9chistes et presbytres des Communaut\u00e9s n\u00e9ocat\u00e9chum\u00e9nales, re\u00e7us en audience dans la matin\u00e9e du samedi 21 septembre, dans la cour du Palais pontifical de Castel Gandolfo.<\/em><\/p>\n\n<p><em>Salutation de Kiko Argu\u00ebllo adress\u00e9e au Saint P\u00e8re :<\/em><br \/>&#013;\nCher P\u00e8re, noujs n&rsquo;avons pas les mots pour exprimer la joie et la consolation que nous donne cette rencontre tant d\u00e9sir\u00e9e.<br \/>&#013;\nNous sommes ici pr\u00e9sents les \u00e9quipes de cat\u00e9chistes itin\u00e9rants venus de totes les nations, avec les cur\u00e9s, les presbytres, les responsables et les cat\u00e9chistes des communaut\u00e9s d&rsquo;Espagne, d&rsquo;Italie et de Paris, qui sont les plus anciennes, par le z\u00e8le desquelles est n\u00e9e toute l\u2019\u00e9vang\u00e9lisation.<br \/>&#013;\nNous sommes heureux de pouvoir vous remercier en personne pour l&rsquo;approbation des Statuts par le Conseil Pontifical pour les La\u00efcs, surtout parce que il a \u00e9t\u00e9 reconnu en eux ce que nous sommes : un itin\u00e9raire de formation catholique, un cat\u00e9chum\u00e9nat post-baptismal qui, v\u00e9cu en petites communaut\u00e9s, aide \u00e0 red\u00e9couvrir et \u00e0 vivre les richesses immenses du Bapt\u00eame re\u00e7u. Certains canonistes ont signal\u00e9 dans quelques commentaires combien cette approbation est de grande importance pour toute l&rsquo;\u00c9glise, car c&rsquo;est la premi\u00e8re fois qu&rsquo;un cat\u00e9chum\u00e9nat post-baptismal est reconnu et approuv\u00e9.<br \/>&#013;\nQuelle consolation nous a toujours donn\u00e9 votre Parole ! D\u00e9j\u00e0, en 1952, vous avez soulign\u00e9 la n\u00e9cessit\u00e9 de r\u00e9-introduire le Cat\u00e9chum\u00e9nat. Pendant le Concile, vous avez contribu\u00e9 de fa\u00e7on fondamentale \u00e0 la red\u00e9couverte et \u00e0 la restauration de l&rsquo;Initiation Chr\u00e9tienne et du Cat\u00e9chum\u00e9nat. Ici, justement, \u00e0 Castel Gandolfo, quand vous nous avez re\u00e7us la premi\u00e8re fois il y a 23 ans, vous avez exprim\u00e9 la conviction que, vu l&rsquo;ath\u00e9isme moderne, les baptis\u00e9s avaient besoin d&rsquo;un Cat\u00e9chum\u00e9nat qui renforce leur foi.<\/p>\n\n<div class=\"wp-block-image\"><figure class=\"alignleft size-large\"><img loading=\"lazy\" decoding=\"async\" width=\"569\" height=\"842\" src=\"https:\/\/neocatechumenaleiter.org\/wp-content\/uploads\/2020\/03\/Camino_Neocatecumenal_Juan_Pablo_II_audiencia_itinerantes_estatutos_del_camino_2002.jpg\" alt=\"\" class=\"wp-image-2842\" srcset=\"https:\/\/neocatechumenaleiter.org\/wp-content\/uploads\/2020\/03\/Camino_Neocatecumenal_Juan_Pablo_II_audiencia_itinerantes_estatutos_del_camino_2002.jpg 569w, https:\/\/neocatechumenaleiter.org\/wp-content\/uploads\/2020\/03\/Camino_Neocatecumenal_Juan_Pablo_II_audiencia_itinerantes_estatutos_del_camino_2002-203x300.jpg 203w\" sizes=\"auto, (max-width: 569px) 100vw, 569px\" \/><\/figure><\/div>\n\n<p>Cher P\u00e8re, face \u00e0 l&rsquo;urgence d&rsquo;une Nouvelle \u00c9vang\u00e9lisation et \u00e0 la situation si complexe de l&rsquo;\u00c9glise aujourd&rsquo;hui, nous vous demandons humblement une parole de confirmation et d&rsquo;appui aux Statuts, une invitation aux \u00c9v\u00eaques et aux Conf\u00e9rences \u00e9piscopales \u00e0 accueillir sans peur ce don pour l&rsquo;aide \u00e0 l&rsquo;\u00e9vang\u00e9lisation dans leur Dioc\u00e8se. Un soutien qui puisse sauvegarder la pratique cat\u00e9ch\u00e9tico-liturgique que le Chemin a d\u00e9velopp\u00e9 depuis plus de trente ans dans le monde entier et qui a donn\u00e9 des fruits reconnus par vous et par beaucoup d&rsquo;\u00e9v\u00eaques, et dont la synth\u00e8se est d\u00e9crite dans les Statuts. Nous pensons qu&rsquo;un des dons les plus grands que la Sainte  Vierge Marie fait aujourd&rsquo;hui \u00e0 l&rsquo;\u00c9glise \u00e0 travers le Chemin n\u00e9ocat\u00e9chum\u00e9nal, c&rsquo;est la possibilit\u00e9 d&rsquo;offrir aux chr\u00e9tiens des paroisses et \u00e0 ceux qui cherchent Dieu de vivre la foi en petites communaut\u00e9s comme les premiers chr\u00e9tiens. Le cri \u00ab\u00a0Voyez comme ils s&rsquo;aiment\u00a0\u00bb doit r\u00e9sonner \u00e0 nouveau et \u00eatre entendu dans le monde.  Nous vous remercions pour la confiance que vous m&rsquo;avez donn\u00e9e, ainsi qu&rsquo;\u00e0 Carmen et au P\u00e8re Mario dans la conduite de ce Chemin. Nous remercions la Vierge Marie surtout pour le Concile sans lequel nous n&rsquo;aurions rien pu faire et pour votre pr\u00e9d\u00e9cesseur le Pape Paul VI et pour vous, qui nous avez beaucoup aid\u00e9s et soutenus. Merci, bienheureux P\u00e8re.<\/p>\n\n<p><em>Discours du Saint P\u00e8re :<\/em><br \/><br \/>&#013;\n1. C&rsquo;est avec un grand plaisir que je vous re\u00e7ois, chers cat\u00e9chistes et pr\u00eatres du Chemin n\u00e9ocat\u00e9chum\u00e9nal, r\u00e9unis ici pour rencontrer le Pape. Je salue et j&rsquo;accueille chacun de vous avec affection, et, \u00e0 travers vos personnes, je salue tout le Chemin n\u00e9ocat\u00e9chum\u00e9nal, une r\u00e9alit\u00e9 eccl\u00e9siale d\u00e9sormais pr\u00e9sente dans de nombreux pays, et b\u00e9n\u00e9ficiant de la reconnaissance de nombreux Pasteurs. Je remercie M. Kiko Arg\u00fcello, initiateur du Chemin avec Mme Carmen Hern\u00e1ndez, pour l&rsquo;hommage chaleureux qu&rsquo;il m&rsquo;a adress\u00e9. A travers ses paroles, il a non seulement exprim\u00e9 votre attachement fid\u00e8le au Si\u00e8ge de Pierre, mais a \u00e9galement t\u00e9moign\u00e9 de votre amour commun pour l&rsquo;Eglise.<\/p>\n\n<p>2. Comment ne pas remercier le Seigneur pour les fruits apport\u00e9s par le Chemin n\u00e9ocat\u00e9chum\u00e9nal au cours de ses plus de trente ans d&rsquo;existence? Dans une soci\u00e9t\u00e9 s\u00e9cularis\u00e9e comme la n\u00f4tre, o\u00f9 se diffuse l&rsquo;indiff\u00e9rence religieuse et o\u00f9 de nombreuses personnes vivent comme si Dieu n&rsquo;existait pas, nombreux sont ceux qui ont besoin de d\u00e9couvrir \u00e0 nouveau les sacrements de l&rsquo;initiation chr\u00e9tienne, en particulier celui du Bapt\u00eame. Le Chemin est sans aucun doute l&rsquo;une des r\u00e9ponses providentielles \u00e0 cette n\u00e9cessit\u00e9 urgente. Regardons vos communaut\u00e9s: que de red\u00e9couvertes de la beaut\u00e9 et de la grandeur de la vocation baptismale re\u00e7ue! Que de z\u00e8le et de g\u00e9n\u00e9rosit\u00e9 dans l&rsquo;annonce de l&rsquo;Evangile de J\u00e9sus-Christ, en particulier \u00e0 ceux qui sont le plus \u00e9loign\u00e9s! Que de vocations au sacerdoce et \u00e0 la vie religieuses n\u00e9es gr\u00e2ce \u00e0 cet itin\u00e9raire de formation chr\u00e9tienne!<\/p>\n\n<div class=\"wp-block-image\"><figure class=\"alignright size-large\"><img loading=\"lazy\" decoding=\"async\" width=\"768\" height=\"523\" src=\"https:\/\/neocatechumenaleiter.org\/wp-content\/uploads\/2020\/03\/Camino_Neocatecumenal_Juan_Pablo_II_audiencia_itinerantes_estatutos_del_camino_2002_2.jpg\" alt=\"\" class=\"wp-image-2849\" srcset=\"https:\/\/neocatechumenaleiter.org\/wp-content\/uploads\/2020\/03\/Camino_Neocatecumenal_Juan_Pablo_II_audiencia_itinerantes_estatutos_del_camino_2002_2.jpg 768w, https:\/\/neocatechumenaleiter.org\/wp-content\/uploads\/2020\/03\/Camino_Neocatecumenal_Juan_Pablo_II_audiencia_itinerantes_estatutos_del_camino_2002_2-300x204.jpg 300w\" sizes=\"auto, (max-width: 768px) 100vw, 768px\" \/><\/figure><\/div>\n\n<p>3. J&rsquo;ai en m\u00e9moire le souvenir vivant de notre derni\u00e8re rencontre qui s&rsquo;est d\u00e9roul\u00e9e au mois de janvier 1997, imm\u00e9diatement apr\u00e8s votre rassemblement pr\u00e8s du Mont Sina\u00ef pour comm\u00e9morer les trente ans de vie du Chemin n\u00e9ocat\u00e9chum\u00e9nal. A cette \u00e9poque, je vous ai dit que la mise en place de Statuts du Chemin \u00ab\u00a0est un pas tr\u00e8s important, qui ouvre la voie \u00e0 la reconnaissance formelle de la part de l&rsquo;Eglise, en vous donnant une garantie suppl\u00e9mentaire de l&rsquo;authenticit\u00e9 de votre charisme\u00a0\u00bb (<em>Insegnamenti<\/em>, vol. XX\/1, p. 143). <br \/><br \/>&#013;\n&#013;\nNotre rencontre d&rsquo;aujourd&rsquo;hui exprime la joie pour la r\u00e9cente approbation des Statuts du Chemin n\u00e9ocat\u00e9chum\u00e9nal de la part du Saint-Si\u00e8ge. Je suis heureux que cet itin\u00e9raire, qui a commenc\u00e9 il y a plus de cinq ans, soit parvenu \u00e0 son terme \u00e0 travers un travail intense de consultation, de r\u00e9flexion et de dialogue. Ma pens\u00e9e va \u00e0 pr\u00e9sent au Cardinal James Francis Stafford, auquel je d\u00e9sire pr\u00e9senter mon remerciement pour l&rsquo;engagement et la sollicitude avec lesquels le Conseil pontifical pour les La\u00efcs a accompagn\u00e9 l&rsquo;<em>Equipe<\/em> responsable du Chemin au niveau international de ce processus. &#013;\n<\/p>\n\n<p><strong>4. Je d\u00e9sire souligner l&rsquo;importance des Statuts qui viennent d&rsquo;\u00eatre approuv\u00e9s pour la vie pr\u00e9sente et future du Chemin n\u00e9ocat\u00e9chum\u00e9nal. <\/strong>Avant tout, en effet, cette r\u00e8gle rappelle une fois de plus <strong>la nature eccl\u00e9siale du Chemin n\u00e9ocat\u00e9chum\u00e9nal<\/strong> qui, comme j&rsquo;ai d\u00e9j\u00e0 eu l&rsquo;occasion de le dire il y a quelques ann\u00e9es, <strong>constitue \u00ab\u00a0un itin\u00e9raire de formation catholique pr\u00e9cieuse pour la soci\u00e9t\u00e9 et pour les temps modernes<\/strong>\u00a0\u00bb (AAS 82 [1990] 1515).&#013;\n<br \/><br \/>&#013;\nLes Statuts du Chemin n\u00e9ocat\u00e9chum\u00e9nal d\u00e9crivent en outre les aspects essentiels de cet itin\u00e9raire adress\u00e9 aux fid\u00e8les qui, dans leur communaut\u00e9 paroissiale, d\u00e9sirent raviver leur foi, ainsi qu&rsquo;aux personnes d\u00e9sormais adultes qui se pr\u00e9parent \u00e0 recevoir le sacrement du Bapt\u00eame. Mais les Statuts \u00e9tablissent surtout les devoirs fondamentaux des diverses personnes qui ont des responsabilit\u00e9s particuli\u00e8res pour mener \u00e0 bien ce chemin de formation au sein des communaut\u00e9s n\u00e9ocat\u00e9chum\u00e9nales, c&rsquo;est-\u00e0-dire: les pr\u00eatres, les cat\u00e9chistes, les familles en mission et les <em>\u00e9quipes<\/em> responsables \u00e0 tous les niveaux. De cette mani\u00e8re, <strong>les Statuts doivent constituer pour le Chemin n\u00e9ocat\u00e9chum\u00e9nal une \u00ab\u00a0r\u00e8gle de vie s\u00fbre et claire\u00a0\u00bb<\/strong> (<em>Lettre<\/em> au S.Em. le Card. James F. Stafford, 5 avril 2001; cf. ORLF n. 18 du 1 mai 2001), un point de r\u00e9f\u00e9rence fondamental afin que ce processus de formation qui a comme objectif de conduire les fid\u00e8les \u00e0 une foi m\u00fbre, puisse \u00eatre r\u00e9alis\u00e9 d&rsquo;une fa\u00e7on adapt\u00e9e \u00e0 la doctrine et \u00e0 la discipline de l&rsquo;Eglise.&#013;\n<\/p>\n\n<div class=\"wp-block-image\"><figure class=\"alignleft size-medium\"><img loading=\"lazy\" decoding=\"async\" width=\"201\" height=\"300\" src=\"https:\/\/neocatechumenaleiter.org\/wp-content\/uploads\/2020\/03\/Camino_Neocatecumenal_Juan_Pablo_II_audiencia_itinerantes_estatutos_del_camino_2002_3-201x300.jpg\" alt=\"\" class=\"wp-image-2854\" srcset=\"https:\/\/neocatechumenaleiter.org\/wp-content\/uploads\/2020\/03\/Camino_Neocatecumenal_Juan_Pablo_II_audiencia_itinerantes_estatutos_del_camino_2002_3-201x300.jpg 201w, https:\/\/neocatechumenaleiter.org\/wp-content\/uploads\/2020\/03\/Camino_Neocatecumenal_Juan_Pablo_II_audiencia_itinerantes_estatutos_del_camino_2002_3.jpg 563w\" sizes=\"auto, (max-width: 201px) 100vw, 201px\" \/><\/figure><\/div>\n\n<p>5. L&rsquo;approbation des Statuts marque une nouvelle \u00e9tape dans la vie du Chemin. <strong>L&rsquo;Eglise attend de vous \u00e0 pr\u00e9sent un engagement encore plus grand et g\u00e9n\u00e9reux dans la nouvelle \u00e9vang\u00e9lisation et dans le service aux Eglises locales et aux paroisses. C&rsquo;est pourquoi vous<\/strong>, pr\u00eatres et cat\u00e9chistes du Chemin, <strong>avez la responsabilit\u00e9 que les Statuts soient mis en oeuvre fid\u00e8lement dans tous leurs aspects afin de devenir un v\u00e9ritable ferment pour un nouvel \u00e9lan missionnaire.<\/strong> &#013;\n<br \/><br \/>&#013;\nLes Statuts constituent \u00e9galement une aide importante pour tous les Pasteurs de l&rsquo;Eglise, en particulier pour les Ev\u00eaques dioc\u00e9sains, auxquels est confi\u00e9 le soin pastoral et, en particulier, l&rsquo;initiation chr\u00e9tienne des personnes dans le dioc\u00e8se. \u00ab\u00a0Dans leur accompagnement paternel et vigilant des communaut\u00e9s n\u00e9ocat\u00e9chum\u00e9nales\u00a0\u00bb (<em>D\u00e9cret du Conseil pontifical pour les La\u00efcs<\/em>, 29 juin 2002; cf. ORLF n. 28 du 9 juillet 2002), les \u00e9v\u00eaques dioc\u00e9sains pourront trouver dans les Statuts les principes de base d&rsquo;application du Chemin n\u00e9ocat\u00e9chum\u00e9nal en fid\u00e9lit\u00e9 \u00e0 son projet originel. &#013;\n<br \/><br \/>&#013;\nJe d\u00e9sire adresser une parole particuli\u00e8re aux pr\u00eatres, vous qui \u00eates engag\u00e9s au service des communaut\u00e9s n\u00e9ocat\u00e9chum\u00e9nales. N&rsquo;oubliez jamais que, en tant que Ministres du Christ, vous jouez un r\u00f4le irrempla\u00e7able de sanctification, d&rsquo;enseignement et d&rsquo;orientation pastorale \u00e0 l&rsquo;\u00e9gard de ceux qui parcourent l&rsquo;itin\u00e9raire du Chemin. Servez avec amour et g\u00e9n\u00e9rosit\u00e9 les Communaut\u00e9s qui vous ont \u00e9t\u00e9 confi\u00e9es! &#013;\n<\/p>\n\n<p>6. Chers fr\u00e8res et soeurs, l&rsquo;approbation des Statuts du Chemin n\u00e9ocat\u00e9chum\u00e9nal a r\u00e9ussi \u00e0 d\u00e9finir de fa\u00e7on opportune le cadre eccl\u00e9sial fondamental. Nous en remercions ensemble le Seigneur.&#013;\n<br \/><br \/>&#013;\nC&rsquo;est \u00e0 pr\u00e9sent aux dicast\u00e8res comp\u00e9tents du Saint-Si\u00e8ge qu&rsquo;il revient d&rsquo;examiner le Directoire cat\u00e9ch\u00e9tique et toute la pratique cat\u00e9ch\u00e9tique et liturgique du Chemin lui-m\u00eame. Je suis certain que ses membres ne manqueront pas de r\u00e9pondre avec une g\u00e9n\u00e9reuse disponibilit\u00e9 aux orientations qui leur seront fournies par les sources autoris\u00e9es.&#013;\n<br \/><br \/>&#013;\nJe continue de suivre avec une vive attention votre oeuvre dans l&rsquo;Eglise. Dans mes pri\u00e8res, je vous confie tous \u00e0 la Tr\u00e8s Sainte Vierge Marie, Etoile de la Nouvelle Evang\u00e9lisation, et je vous donne de tout coeur la B\u00e9n\u00e9diction apostolique. &#013;\n<\/p>\n\n<p>(*) Cf. \u00abL\u2019Osservatore Romano\u00bb, 22 septembre 2002.<\/p>\n","protected":false},"excerpt":{"rendered":"<p>Discours aux initiateurs, aux cat\u00e9chistes itin\u00e9rants et aux pr\u00eatres du Chemin N\u00e9ocat\u00e9chum\u00e9nal 21 septembre 2002 Saint Jean-Paul II Castel Gandolfo, 21 septembre 2002 * LES STATUTS: UNE R\u00c8GLE DE VIE CLAIRE ET S\u00dbREPOUR LE CHEMIN N\u00c9OCAT\u00c9CHUM\u00c9NAL Les Statuts doivent constituer pour le Chemin N\u00e9ocat\u00e9chum\u00e9nal une \u00ab\u00a0r\u00e8gle de vie claire et s\u00fbre\u00a0\u00bb. C&rsquo;est ce que le Pape a recommand\u00e9 aux cat\u00e9chistes et presbytres des Communaut\u00e9s n\u00e9ocat\u00e9chum\u00e9nales, re\u00e7us en audience dans la<\/p>\n<div class=\"read-more\"><a class=\"btn read-more-btn\" href=\"https:\/\/neocatechumenaleiter.org\/fr\/paroles-de-papes\/st-jean-paul-ii\/discours-aux-initiateurs-aux-catechistes-itinerants-et-aux-pretres-du-chemin-neocatechumenal-21-septembre-2002\/\">En savoir plus<\/a><\/div>\n","protected":false},"author":2,"featured_media":0,"parent":5064,"menu_order":99,"comment_status":"closed","ping_status":"closed","template":"","meta":{"footnotes":""},"class_list":["post-16781","page","type-page","status-publish","hentry"],"_links":{"self":[{"href":"https:\/\/neocatechumenaleiter.org\/fr\/wp-json\/wp\/v2\/pages\/16781","targetHints":{"allow":["GET"]}}],"collection":[{"href":"https:\/\/neocatechumenaleiter.org\/fr\/wp-json\/wp\/v2\/pages"}],"about":[{"href":"https:\/\/neocatechumenaleiter.org\/fr\/wp-json\/wp\/v2\/types\/page"}],"author":[{"embeddable":true,"href":"https:\/\/neocatechumenaleiter.org\/fr\/wp-json\/wp\/v2\/users\/2"}],"replies":[{"embeddable":true,"href":"https:\/\/neocatechumenaleiter.org\/fr\/wp-json\/wp\/v2\/comments?post=16781"}],"version-history":[{"count":5,"href":"https:\/\/neocatechumenaleiter.org\/fr\/wp-json\/wp\/v2\/pages\/16781\/revisions"}],"predecessor-version":[{"id":16786,"href":"https:\/\/neocatechumenaleiter.org\/fr\/wp-json\/wp\/v2\/pages\/16781\/revisions\/16786"}],"up":[{"embeddable":true,"href":"https:\/\/neocatechumenaleiter.org\/fr\/wp-json\/wp\/v2\/pages\/5064"}],"wp:attachment":[{"href":"https:\/\/neocatechumenaleiter.org\/fr\/wp-json\/wp\/v2\/media?parent=16781"}],"curies":[{"name":"wp","href":"https:\/\/api.w.org\/{rel}","templated":true}]}}