{"id":16787,"date":"2020-08-12T13:44:27","date_gmt":"2020-08-12T12:44:27","guid":{"rendered":"https:\/\/neocatechumenaleiter.org\/paroles-de-papes\/st-jean-paul-ii\/visite-a-la-paroisse-san-felice-da-cantalice-4-mai-1986\/"},"modified":"2020-08-12T13:44:27","modified_gmt":"2020-08-12T12:44:27","slug":"visite-a-la-paroisse-san-felice-da-cantalice-4-mai-1986","status":"publish","type":"page","link":"https:\/\/neocatechumenaleiter.org\/fr\/paroles-de-papes\/st-jean-paul-ii\/visite-a-la-paroisse-san-felice-da-cantalice-4-mai-1986\/","title":{"rendered":"Visite \u00e0 la paroisse San Felice da Cantalice 4 mai 1986"},"content":{"rendered":"\n<h1 class=\"has-text-align-center wp-block-heading\">Visite \u00e0 la paroisse San Felice da Cantalice 4 mai 1986<\/h1>\n\n<div style=\"height:20px\" aria-hidden=\"true\" class=\"wp-block-spacer\"><\/div>\n\n<h4 class=\"has-text-align-center wp-block-heading\">Saint Jean-Paul II<\/h4>\n\n<div style=\"height:20px\" aria-hidden=\"true\" class=\"wp-block-spacer\"><\/div>\n\n<div class=\"wp-block-image\"><figure class=\"alignleft size-large\"><img loading=\"lazy\" decoding=\"async\" width=\"495\" height=\"396\" src=\"https:\/\/neocatechumenaleiter.org\/wp-content\/uploads\/2020\/06\/Camino-Neocatecumenal-Visita-parroquia-San-Felice-Cantalice.jpg\" alt=\"\" class=\"wp-image-13916\" srcset=\"https:\/\/neocatechumenaleiter.org\/wp-content\/uploads\/2020\/06\/Camino-Neocatecumenal-Visita-parroquia-San-Felice-Cantalice.jpg 495w, https:\/\/neocatechumenaleiter.org\/wp-content\/uploads\/2020\/06\/Camino-Neocatecumenal-Visita-parroquia-San-Felice-Cantalice-300x240.jpg 300w\" sizes=\"auto, (max-width: 495px) 100vw, 495px\" \/><\/figure><\/div>\n\n<p><strong>Rome, 4 mai 1986 *<\/strong><\/p>\n\n<p><em>La repr\u00e9sentation des groupes du n\u00e9ocat\u00e9chum\u00e9nat, dans la paroisse, est nourrie. Le Pape a eu avec eux une rencontre particuli\u00e8re, au cours de laquelle, apr\u00e8s avoir \u00e9cout\u00e9 le t\u00e9moignage d&rsquo;un des cat\u00e9chistes de la communaut\u00e9, il a voulu rappeler les nombreuses rencontres qu&rsquo;il a eues avec les groupes du n\u00e9ocat\u00e9chum\u00e9nat, dans toutes les paroisses romaines et au cours des visites qu&rsquo;il a fait dans d&rsquo;autres villes d&rsquo;Italie et dans le monde. Groupes qui, a rappel\u00e9 le Pape, ont quelque chose qui permet rapidement de les distinguer des autres.<\/em><\/p>\n\n<p><em>Pr\u00e9sentation des cat\u00e9chistes de la paroisse (Giacomo) :<\/em>&#013;\nSa Saintet\u00e9, je parle parce que je suis le cat\u00e9chiste de ces fr\u00e8res. Tout d&rsquo;abord je suis tr\u00e8s heureux d&rsquo;\u00eatre avec Vous, avec la gr\u00e2ce que l&rsquo;Eglise nous donne en pl\u00e9nitude, avec douceur. Ceci, je le dis parce que moi, par nature, je suis un violent et j&rsquo;ai eu une enfance tr\u00e8s difficile, tr\u00e8s douloureuse; comme je n&rsquo;\u00e9tais pas dans l&rsquo;Eglise, cela a cr\u00e9\u00e9e en moi une image d&rsquo;un Dieu justicier qui devait, en quelque sorte, me r\u00e9compenser pour tout ce que j&rsquo;avais subi. Cela m&rsquo;a conduit \u00e0 beaucoup souffrir, \u00e0 grandir d&rsquo;une fa\u00e7on compl\u00e8tement fausse et \u00e0 \u00eatre un de ces chr\u00e9tiens qui sont un scandale parce qu&rsquo;ils pr\u00eachent des choses qu&rsquo;ils ne mettent pas en pratique. Quand je pris conscience de cette r\u00e9alit\u00e9, qui \u00e9tait un scandale pour les autres parce que j&rsquo;avais fait de la violence mon credo, j&rsquo;\u00e9tais d\u00e9j\u00e0 mari\u00e9 et j&rsquo;avais deux enfants tout jeunes, j&rsquo;avais peur de moi-m\u00eame, P\u00e8re, et j&rsquo;ai pens\u00e9 aussi \u00e0 mettre fin \u00e0 ma vie, j&rsquo;ai demand\u00e9 \u00e0 la Vierge Marie, pour laquelle j&rsquo;avais de la d\u00e9votion, qu&rsquo;elle m&rsquo;aide, qu&rsquo;elle donne un sens \u00e0 ce que je faisais parce que j&rsquo;\u00e9tais compl\u00e8tement perdu. Un dimanche, en allant \u00e0 la messe, j&rsquo;ai trouv\u00e9 un la\u00efc, un barbu comme moi, qui m&rsquo;a annonc\u00e9 le pardon et la mis\u00e9ricorde de J\u00e9sus Christ pour les gens violents comme moi, P\u00e8re. Le Seigneur avait un chemin pour retrouver l&rsquo;amour et le pardon m\u00eame pour les violents comme moi. Voici, P\u00e8re, cela fait 15 ans que je suis dans ce chemin et l&rsquo;Eglise m&rsquo;envoie dans le monde pour annoncer le pardon et la mis\u00e9ricorde.<\/p>\n\n<p><em>Le Pape a adress\u00e9 ces paroles aux communaut\u00e9s n\u00e9ocat\u00e9chum\u00e9nales pr\u00e9sentes :<\/em><\/p>\n\n<p>Merci pour ce t\u00e9moignage. Ce n&rsquo;est pas la premi\u00e8re fois que j&rsquo;entends le t\u00e9moignage d&rsquo;un n\u00e9ocat\u00e9chum\u00e8ne et je suis toujours tr\u00e8s \u00e9mu. Mais surtout quand je me suis approch\u00e9 et que j&rsquo;ai entendu le chant \u00ab\u00a0Marie, bienheureuse Marie\u00a0\u00bb alors j&rsquo;ai tout de suite su qui \u00e9taient ceux qui chantaient, parce qu&rsquo;avec ce chant je vous reconnais partout : au milieu du continent africain ou en Inde, n&rsquo;importe o\u00f9 dans le monde je vous distingue par ce chant \u00ab\u00a0Marie, bienheureuse Marie tu as cru \u00e0 la Parole du seigneur\u00a0\u00bb. <br \/><br \/>Ceci caract\u00e9rise votre chemin, caract\u00e9rise le chemin de toutes les communaut\u00e9s n\u00e9ocat\u00e9chum\u00e9nales, de chacun de vous parce que ce chemin est chemin de la foi, de la foi quelque fois compl\u00e8tement retrouv\u00e9e, retrouv\u00e9e dans la conversion profonde, comme on l&rsquo;entend dans les diff\u00e9rents t\u00e9moignages. Quelques fois, une foi retrouv\u00e9e de nouveau, dans le sens qu&rsquo;elle est approfondie, retrouv\u00e9e dans sa profondeur, parce que la foi a une profondeur \u00e9tonnante, immense, dont nous les croyants nous n&rsquo;avons pas toujours conscience. Profondeur de la foi ! La foi est la participation \u00e0 la connaissance m\u00eame de Dieu. Dieu se fait conna\u00eetre lui-m\u00eame, presque avec sa propre connaissance. La foi nous pr\u00e9pare \u00e0 la vision de Dieu et porte d\u00e9j\u00e0 en elle les germes de cette vision de Dieu, vision bienheureuse du ciel. Voici, la foi doit \u00eatre toujours retrouv\u00e9e pendant notre vie, et cette r\u00e9alit\u00e9 de la foi, cette profondeur de la foi bien des fois est n\u00e9glig\u00e9e par des croyants, des chr\u00e9tiens : ils ne savent pas ce que c&rsquo;est, ce qu&rsquo;ils portent en eux en \u00e9tant croyant, en ayant la foi.<br \/><br \/>&#013;\nAlors votre chemin consiste en ceci : retrouver la foi ou presque totalement ou dans le sens d&rsquo;un approfondissement de ce que vous aviez d\u00e9j\u00e0 avant. Et ce chant \u00ab\u00a0Marie, bienheureuse Marie, tu as cru \u00e0 la parole du Seigneur\u00a0\u00bb convient tr\u00e8s bien.&#013;\n<\/p>\n\n<p>On ne peut imaginer une foi plus grande, plus parfaite que la foi de Marie. Ceci est <strong>le sommet de la foi qu&rsquo;aucune cr\u00e9ature humaine n&rsquo;a jamais eu : la foi de Marie<\/strong>, cette foi qui s&rsquo;est surtout montr\u00e9e au moment de l&rsquo;Annonciation.&#013;\nNous pouvons dire que c&rsquo;est une foi incroyable, parce qu&rsquo;il faut un paradoxe pour exprimer cette foi. Quand la Vierge est all\u00e9e chez Elisabeth, Elisabeth a exprim\u00e9 ceci en disant : \u00ab\u00a0Bienheureuse celle qui a cru \u00e0 la Parole du Seigneur\u00a0\u00bb. <strong>La foi de Marie est certainement un exemple de la foi de tous les croyants<\/strong>, de tous ceux qui retrouvent la foi, qui approfondissent la foi et sp\u00e9cialement de vous tous qui avaient ce chemin de la foi comme devoir, je dirai comme charisme propre de votre \u00eatre n\u00e9ocat\u00e9chum\u00e9nal.<br \/><br \/>&#013;\nAinsi j&rsquo;ai toujours de la joie \u00e0 rencontrer vos groupes, parce que je trouve ensemble les parents, les adultes, je trouve tant d&rsquo;enfants. On dit que <strong>les n\u00e9ocat\u00e9chum\u00e8nes ont des familles nombreuses, ont des enfants ou plut\u00f4t beaucoup d&rsquo;enfants : ceci est aussi une preuve de foi, de la foi en Dieu.<\/strong> Pour donner la vie \u00e0 l&rsquo;homme il faut la foi en Dieu. Si aujourd&rsquo;hui nous vivons une grande crise ainsi dite d\u00e9mographique, crise de la famille, crise de la paternit\u00e9, de la maternit\u00e9, crise grande et profonde, c&rsquo;est une cons\u00e9quence du manque de foi en Dieu.<\/p>\n\n<p>On ne peut changer, transformer, am\u00e9liorer cela, sinon avec une foi profonde. Il faut une foi en Dieu pour donner la vie \u00e0 l&rsquo;homme.&#013;\nJe voulais ajouter ceci \u00e0 ce que j&rsquo;ai dit avant pour confirmer aussi cet aspect de votre chemin. Que Dieu tout puissant, P\u00e8re, Fils et Saint Esprit, vous b\u00e9nisse, b\u00e9nisse vos familles.&#013;\n<\/p>\n\n<p>(*) Cf. \u00abL\u2019Osservatore Romano\u00bb, 5-6 mai 1986, avec des suppl\u00e9ments issus de l&rsquo;enregistrement de la rencontre.<\/p>\n","protected":false},"excerpt":{"rendered":"<p>Visite \u00e0 la paroisse San Felice da Cantalice 4 mai 1986 Saint Jean-Paul II Rome, 4 mai 1986 * La repr\u00e9sentation des groupes du n\u00e9ocat\u00e9chum\u00e9nat, dans la paroisse, est nourrie. Le Pape a eu avec eux une rencontre particuli\u00e8re, au cours de laquelle, apr\u00e8s avoir \u00e9cout\u00e9 le t\u00e9moignage d&rsquo;un des cat\u00e9chistes de la communaut\u00e9, il a voulu rappeler les nombreuses rencontres qu&rsquo;il a eues avec les groupes du n\u00e9ocat\u00e9chum\u00e9nat, dans<\/p>\n<div class=\"read-more\"><a class=\"btn read-more-btn\" href=\"https:\/\/neocatechumenaleiter.org\/fr\/paroles-de-papes\/st-jean-paul-ii\/visite-a-la-paroisse-san-felice-da-cantalice-4-mai-1986\/\">En savoir plus<\/a><\/div>\n","protected":false},"author":2,"featured_media":0,"parent":5064,"menu_order":37,"comment_status":"closed","ping_status":"closed","template":"","meta":{"footnotes":""},"class_list":["post-16787","page","type-page","status-publish","hentry"],"_links":{"self":[{"href":"https:\/\/neocatechumenaleiter.org\/fr\/wp-json\/wp\/v2\/pages\/16787","targetHints":{"allow":["GET"]}}],"collection":[{"href":"https:\/\/neocatechumenaleiter.org\/fr\/wp-json\/wp\/v2\/pages"}],"about":[{"href":"https:\/\/neocatechumenaleiter.org\/fr\/wp-json\/wp\/v2\/types\/page"}],"author":[{"embeddable":true,"href":"https:\/\/neocatechumenaleiter.org\/fr\/wp-json\/wp\/v2\/users\/2"}],"replies":[{"embeddable":true,"href":"https:\/\/neocatechumenaleiter.org\/fr\/wp-json\/wp\/v2\/comments?post=16787"}],"version-history":[{"count":1,"href":"https:\/\/neocatechumenaleiter.org\/fr\/wp-json\/wp\/v2\/pages\/16787\/revisions"}],"predecessor-version":[{"id":16788,"href":"https:\/\/neocatechumenaleiter.org\/fr\/wp-json\/wp\/v2\/pages\/16787\/revisions\/16788"}],"up":[{"embeddable":true,"href":"https:\/\/neocatechumenaleiter.org\/fr\/wp-json\/wp\/v2\/pages\/5064"}],"wp:attachment":[{"href":"https:\/\/neocatechumenaleiter.org\/fr\/wp-json\/wp\/v2\/media?parent=16787"}],"curies":[{"name":"wp","href":"https:\/\/api.w.org\/{rel}","templated":true}]}}