{"id":16791,"date":"2020-08-12T14:35:42","date_gmt":"2020-08-12T13:35:42","guid":{"rendered":"https:\/\/neocatechumenaleiter.org\/paroles-de-papes\/st-jean-paul-ii\/discours-aux-superieurs-et-aux-eleves-du-seminaire-diocesain-redemptoris-mater-de-rome-18-mars-2004\/"},"modified":"2020-08-12T14:38:05","modified_gmt":"2020-08-12T13:38:05","slug":"discours-aux-superieurs-et-aux-eleves-du-seminaire-diocesain-redemptoris-mater-de-rome-18-mars-2004","status":"publish","type":"page","link":"https:\/\/neocatechumenaleiter.org\/fr\/paroles-de-papes\/st-jean-paul-ii\/discours-aux-superieurs-et-aux-eleves-du-seminaire-diocesain-redemptoris-mater-de-rome-18-mars-2004\/","title":{"rendered":"Discours aux sup\u00e9rieurs et aux \u00e9l\u00e8ves du s\u00e9minaire dioc\u00e9sain \u00ab\u00a0Redemptoris Mater\u00a0\u00bb de Rome 18 mars 2004"},"content":{"rendered":"\n<h1 class=\"has-text-align-center wp-block-heading\">Discours aux sup\u00e9rieurs et aux \u00e9l\u00e8ves du s\u00e9minaire dioc\u00e9sain \u00ab\u00a0Redemptoris Mater\u00a0\u00bb de Rome 18 mars 2004<\/h1>\n\n<div style=\"height:20px\" aria-hidden=\"true\" class=\"wp-block-spacer\"><\/div>\n\n<h4 class=\"has-text-align-center wp-block-heading\">Saint Jean-Paul II<\/h4>\n\n<div style=\"height:20px\" aria-hidden=\"true\" class=\"wp-block-spacer\"><\/div>\n\n<p><strong>Cit\u00e9 du Vatican, 18 mars 2004<\/strong><\/p>\n\n<p><em>Le Saint P\u00e8re Jean-Paul II a re\u00e7u en audience priv\u00e9e, dans la salle Cl\u00e9mentine du Palais Apostolique du Vatican, les membres de la Communaut\u00e9 du S\u00e9minaire Dioc\u00e9sain \u00ab\u00a0Redemptoris Mater\u00a0\u00bb de Rome.<\/em>&#013;\n<em>Au d\u00e9but de l&rsquo;Audience, le cardinal Camillo Ruini, Vicaire G\u00e9n\u00e9ral de sa Saintet\u00e9 pour le dioc\u00e8se de Rome, a adress\u00e9 \u00e0 Jean-Paul II le discours d&rsquo;hommage suivant :<\/em><\/p>\n\n<p>Saint P\u00e8re, les Sup\u00e9rieurs et les \u00e9l\u00e8ves du S\u00e9minaire <em>Redemptoris Mater\u00a0\u00bb<\/em> de Rome vous expriment, par mon entremise, toute la joie et la gratitude de leurs coeurs pour cette audience, qui signe une \u00e9tape hautement significative pour les 6 ann\u00e9es de vie de ce S\u00e9minaire apr\u00e8s l&rsquo;Eucharistie c\u00e9l\u00e9br\u00e9e avec eux par votre Saintet\u00e9 le 31 octobre 1993.<br \/><br \/>&#013;\nSaint P\u00e8re, ce S\u00e9minaire dioc\u00e9sain et missionnaire, dans lequel les Sup\u00e9rieurs et les \u00e9l\u00e8ves partagent tous l&rsquo;exp\u00e9rience du Chemin N\u00e9ocat\u00e9chum\u00e9nal, a fourni jusqu&rsquo;\u00e0 maintenant 196 pr\u00eatres d\u00e9j\u00e0 ordonn\u00e9s, parmi lesquels 170 sont incardin\u00e9s dans le dioc\u00e8se de Rome. 74 d&rsquo;entre eux rendent actuellement leur service dans les paroisses de notre dioc\u00e8se ou aupr\u00e8s du Vicariat, tandis que les autres oeuvrent comme \u00ab\u00a0fidei donum\u00a0\u00bb un peu partout dans le monde. Il y a en outre onze diacres qui attendent d&rsquo;\u00eatre ordonn\u00e9s pr\u00eatres par votre Saintet\u00e9 dimanche 2 mai, ensemble avec les autres diacres du dioc\u00e8se de Rome.<\/p>\n\n<p>L\u2019exp\u00e9rience que j&rsquo;ai pu faire pendant ces ann\u00e9es, soit en visitant personnellement le S\u00e9minaire, soit dans le contact avec les pr\u00eatres qui y ont \u00e9t\u00e9 form\u00e9s, me confirme, Saint P\u00e8re, que le \u00ab\u00a0Redemptoris Mater\u00a0\u00bb repr\u00e9sente un grand don pour le dioc\u00e8se de Rome et pour l&rsquo;Eglise r\u00e9pandue dans le monde. Ces s\u00e9minaristes et ces pr\u00eatres, en fait, aiment la pri\u00e8re et la Parole de Dieu, pratiquent avec fid\u00e9lit\u00e9 la discipline et la vie communautaire, ils sont int\u00e8gres dans l&rsquo;adh\u00e9sion \u00e0 la doctrine de l&rsquo;Eglise et anim\u00e9s d&rsquo;un grand \u00e9lan missionnaire. De plus, je peux t\u00e9moigner avec joie, Saint P\u00e8re, qu&rsquo;ils ont un grand amour pour votre Personne et pour votre minist\u00e8re de Successeur de Pierre. Saint P\u00e8re, ces s\u00e9minaristes et leurs Sup\u00e9rieurs attendent de votre Parole et de votre bienveillance paternelle d&rsquo;\u00eatre illumin\u00e9s dans leur itin\u00e9raire formatif et renforc\u00e9s dans leur vocation de servir l&rsquo;Eglise, sur les traces du Bon Pasteur, J\u00e9sus-Christ. Merci encore, Saint P\u00e8re, b\u00e9nissez-nous.<\/p>\n\n<div class=\"wp-block-image\"><figure class=\"alignleft size-large\"><img loading=\"lazy\" decoding=\"async\" width=\"768\" height=\"524\" src=\"https:\/\/neocatechumenaleiter.org\/wp-content\/uploads\/2020\/03\/Camino_Neocatecumenal_Juan_Pablo_II_exhortacion_seminaristas_redemptoris_mater_roma_2004.jpg\" alt=\"\" class=\"wp-image-2866\" srcset=\"https:\/\/neocatechumenaleiter.org\/wp-content\/uploads\/2020\/03\/Camino_Neocatecumenal_Juan_Pablo_II_exhortacion_seminaristas_redemptoris_mater_roma_2004.jpg 768w, https:\/\/neocatechumenaleiter.org\/wp-content\/uploads\/2020\/03\/Camino_Neocatecumenal_Juan_Pablo_II_exhortacion_seminaristas_redemptoris_mater_roma_2004-300x205.jpg 300w\" sizes=\"auto, (max-width: 768px) 100vw, 768px\" \/><\/figure><\/div>\n\n<p><em>Apr\u00e8s la salutation du card. Vicaire, Camillo Ruini, le Pape a  adress\u00e9 aux personnes pr\u00e9sentes le discours suivant que nous reportons:<\/em><br \/><br \/><strong><em>\u00ab\u00a0Allez dans le monde entier, proclamez l&rsquo;Evangile \u00e0 toute la cr\u00e9ation\u00a0\u00bb<\/em><\/strong> (Mc 16, 15). <\/p>\n\n<p>1. Tr\u00e8s chers Sup\u00e9rieurs et \u00e9l\u00e8ves du s\u00e9minaire dioc\u00e9sain \u00ab\u00a0<em>Redemptoris Mater<\/em>\u00ab\u00a0, je suis heureux de vous accueillir avec ces paroles de J\u00e9sus Ressuscit\u00e9, que vous \u00e9coutez et m\u00e9ditez en la F\u00eate des saints Cyrille et M\u00e9thode, anniversaire de l&rsquo;\u00e9rection canonique de votre s\u00e9minaire. <br \/><br \/>&#013;\nJe salue avant tout le Cardinal-Vicaire et je le remercie des paroles qu&rsquo;il m&rsquo;a adress\u00e9es. Je salue avec affection votre Recteur, Mgr Claudiano Strazzari, les  autres  Sup\u00e9rieurs  et \u00e9ducateurs, ainsi que chacun de vous, tr\u00e8s chers \u00e9l\u00e8ves. &#013;\n<\/p>\n\n<p>2. Plus de seize ans se sont \u00e9coul\u00e9s d\u00e9sormais depuis la cr\u00e9ation de votre s\u00e9minaire, qui a repr\u00e9sent\u00e9 une exp\u00e9rience nouvelle et tout \u00e0 fait significative, en vue de la formation de pr\u00eatres pour la nouvelle \u00e9vang\u00e9lisation. Depuis lors sont apparus dans le monde divers autres s\u00e9minaires \u00ab\u00a0<em>Redemptoris Mater<\/em>\u00ab\u00a0, qui s&rsquo;inspirent de votre mod\u00e8le et qui partagent vos finalit\u00e9s. <br \/><br \/><strong>Les fruits de bien produits au cours de ces ann\u00e9es par votre s\u00e9minaire sont particuli\u00e8rement abondants.<\/strong> Je rends gr\u00e2ce avec vous au Seigneur pour ceux-ci. Je d\u00e9sire en outre remercier pour ces m\u00eames fruits le Chemin n\u00e9ocat\u00e9chum\u00e9nal, au sein duquel sont n\u00e9es et se sont d\u00e9velopp\u00e9es vos vocations. Je remercie \u00e9galement le Recteur et vos autres Sup\u00e9rieurs qui, sous la direction bienveillante du Cardinal-Vicaire, pr\u00e9sident avec amour et sagesse votre pr\u00e9paration au sacerdoce.<br \/><br \/>&#013;\nJ&rsquo;adresse, en outre, une pens\u00e9e reconnaissante aux Fondateurs du Chemin, auxquels on doit l&rsquo;heureuse intuition d&rsquo;avoir propos\u00e9 l&rsquo;\u00e9rection de votre s\u00e9minaire, et qui se prodiguent tant pour favoriser au sein du Chemin m\u00eame la naissance de vocations au sacerdoce et \u00e0 la vie consacr\u00e9e. Je voudrais ensuite rappeler avec vous deux Ev\u00eaques, Mgr Giulio Salimei et Mgr Maximino Romero, qui, l&rsquo;un comme Recteur et l&rsquo;autre comme P\u00e8re spirituel, ont contribu\u00e9 dans une large mesure, \u00e0 travers leur d\u00e9vouement \u00e9clair\u00e9 et leur vie exemplaire, au d\u00e9veloppement initial et \u00e0 l&rsquo;heureuse configuration du s\u00e9minaire \u00ab\u00a0<em>Redemptoris Mater<\/em>\u00ab\u00a0. <br \/><br \/>&#013;\nJ&rsquo;ai \u00e9galement \u00e0 coeur de souligner &#8211; comme l&rsquo;a d\u00e9j\u00e0 rappel\u00e9 le Cardinal-Vicaire &#8211; qu&rsquo;au cours de ces seize ans, un grand nombre de pr\u00eatres z\u00e9l\u00e9s sont sortis de ce s\u00e9minaire, consacr\u00e9s de fa\u00e7on opportune en partie au service pastoral dans le dioc\u00e8se de Rome et en partie \u00e0 la mission dans toutes les parties du monde, comme pr\u00eatres \u00ab\u00a0<em>fidei donum<\/em>\u00ab\u00a0. &#013;\n<\/p>\n\n<p>3. Pour atteindre ces r\u00e9sultats positifs, il est fondamental d&rsquo;avoir toujours clairement \u00e0 l&rsquo;esprit, dans votre itin\u00e9raire de formation, la nature et les caract\u00e9ristiques du sacerdoce minist\u00e9riel, telles qu&rsquo;elles ont \u00e9t\u00e9 illustr\u00e9es par le Concile Vatican II, puis par l&rsquo;Exhortation apostolique <em>Pastores dabo vobis<\/em>. <br \/><br \/><strong>Le sacerdoce commun des fid\u00e8les et le sacerdoce minist\u00e9riel sont en effet ordonn\u00e9s l&rsquo;un \u00e0 l&rsquo;autre et sont intimement li\u00e9s, <\/strong>participant tous deux, chacun \u00e0 sa mani\u00e8re, \u00e0 l&rsquo;unique sacerdoce du Christ. Ils diff\u00e8rent cependant essentiellement et non seulement par leur degr\u00e9 (cf. <em>Lumen gentium<\/em>, n. 10). En vertu du sacrement de l&rsquo;Ordre, en effet, les pr\u00eatres sont configur\u00e9s de fa\u00e7on sp\u00e9ciale \u00e0 J\u00e9sus Christ comme T\u00eate et Pasteur de son peuple, et c&rsquo;est au service de ce peuple qu&rsquo;ils doivent &#8211; \u00e0 l&rsquo;image du Christ &#8211; consacrer et donner leur vie. C&rsquo;est pr\u00e9cis\u00e9ment parce qu&rsquo;ils repr\u00e9sentent de fa\u00e7on sacramentelle J\u00e9sus Christ T\u00eate et Pasteur, qu&rsquo;ils sont donc appel\u00e9s \u00e0 pr\u00e9sider, en \u00e9troite communion avec l&rsquo;Ev\u00eaque, les communaut\u00e9s qui leur sont confi\u00e9es, selon chacune des trois dimensions &#8211; proph\u00e9tique, sacerdotale et royale &#8211; autour desquelles s&rsquo;articule l&rsquo;unique mission du Christ et de l&rsquo;Eglise (cf. <em>Pastores dabo vobis<\/em>, nn. 12-16). &#013;\n<\/p>\n\n<div class=\"wp-block-image\"><figure class=\"alignright size-large\"><img loading=\"lazy\" decoding=\"async\" width=\"768\" height=\"522\" src=\"https:\/\/neocatechumenaleiter.org\/wp-content\/uploads\/2020\/03\/Camino_Neocatecumenal_Juan_Pablo_II_exhortacion_seminaristas_redemptoris_mater_roma_2004_2.jpg\" alt=\"\" class=\"wp-image-2873\" srcset=\"https:\/\/neocatechumenaleiter.org\/wp-content\/uploads\/2020\/03\/Camino_Neocatecumenal_Juan_Pablo_II_exhortacion_seminaristas_redemptoris_mater_roma_2004_2.jpg 768w, https:\/\/neocatechumenaleiter.org\/wp-content\/uploads\/2020\/03\/Camino_Neocatecumenal_Juan_Pablo_II_exhortacion_seminaristas_redemptoris_mater_roma_2004_2-300x204.jpg 300w\" sizes=\"auto, (max-width: 768px) 100vw, 768px\" \/><\/figure><\/div>\n\n<p>Tr\u00e8s chers s\u00e9minaristes, en restant fid\u00e8les \u00e0 cette solide doctrine dans votre formation, puis dans l&rsquo;exercice quotidien du minist\u00e8re sacerdotal, vous pourrez vivre de fa\u00e7on joyeuse la gr\u00e2ce du sacerdoce et assurer un service authentique et f\u00e9cond au dioc\u00e8se de Rome et aux Eglises-soeurs dans lesquelles vous serez envoy\u00e9s. <br \/><br \/>&#013;\nLa pri\u00e8re, l&rsquo;\u00e9tude, la vie communautaire, bien harmonis\u00e9es dans le projet de formation et mises en pratique avec fid\u00e9lit\u00e9 et g\u00e9n\u00e9rosit\u00e9 dans l&rsquo;existence concr\u00e8te de votre s\u00e9minaire, sont les voies \u00e0 travers lesquelles le Seigneur forme en vous, jour apr\u00e8s jour, l&rsquo;image du Christ Bon Pasteur. &#013;\n<\/p>\n\n<p>4. C&rsquo;est sur ces bases que vous pouvez \u00e9galement vous pr\u00e9parer \u00e0 vivre, lorsque vous serez pr\u00eatres, de fa\u00e7on sereine et b\u00e9n\u00e9fique, votre appartenance constitutive et sans r\u00e9serve au sacerdoce dioc\u00e9sain, qui trouve dans l&rsquo;Ev\u00eaque son point de r\u00e9f\u00e9rence essentiel et, dans le m\u00eame temps, le lien profond qui vous unit \u00e0 l&rsquo;exp\u00e9rience du Chemin n\u00e9ocat\u00e9chum\u00e9nal. En effet, comme cela est \u00e9crit dans l&rsquo;art. 18 du Statut du Chemin, dans les s\u00e9minaires dioc\u00e9sains et missionnaires \u00ab\u00a0Redemptoris Mater\u00a0\u00bb, \u00ab\u00a0les candidats au sacerdoce trouvent dans la participation au Chemin n\u00e9ocat\u00e9chum\u00e9nal un \u00e9l\u00e9ment sp\u00e9cifique et fondamental de leur chemin de formation, et dans le m\u00eame temps, sont pr\u00e9par\u00e9s au choix sacerdotal authentique de service au peuple de Dieu tout entier, dans la communion fraternelle du sacerdoce\u00a0\u00bb. <\/p>\n\n<p>De m\u00eame, il faut \u00e9viter une fausse alternative entre le service pastoral dans le dioc\u00e8se auquel vous appartenez et la mission universelle, jusqu&rsquo;aux extr\u00e9mit\u00e9s de la terre, qui est enracin\u00e9e dans la m\u00eame participation sacramentelle au sacerdoce du Christ (cf. Pastores dabo vobis, nn. 17-18) et \u00e0 laquelle vous \u00eates pr\u00e9par\u00e9s de fa\u00e7on particuli\u00e8re \u00e0 travers l&rsquo;exp\u00e9rience du Chemin n\u00e9ocat\u00e9chum\u00e9nal.&#013;\nVotre destination concr\u00e8te d\u00e9pend en effet de l&rsquo;Ev\u00eaque, qui a \u00e0 coeur tant les besoins de son dioc\u00e8se, que les exigences de la mission universelle. En vous en remettant, dans une attitude d&rsquo;ob\u00e9issance confiante et cordiale, \u00e0 ses d\u00e9cisions, vous trouverez votre paix et votre s\u00e9r\u00e9nit\u00e9 int\u00e9rieures et vous pourrez dans tous les cas exprimer votre charisme missionnaire, \u00e9tant donn\u00e9 qu&rsquo;ici \u00e9galement, \u00e0 Rome, la pastorale est et devra toujours plus \u00eatre caract\u00e9ris\u00e9e par la priorit\u00e9 de l&rsquo;\u00e9vang\u00e9lisation. &#013;\n<\/p>\n\n<p>5. Tr\u00e8s chers Sup\u00e9rieurs et \u00e9l\u00e8ves du s\u00e9minaire \u00ab\u00a0Redemptoris Mater\u00a0\u00bb de Rome, contemplez toujours avec les yeux de la foi votre vie, votre vocation et votre mission. Au terme de cette rencontre, je d\u00e9sire \u00e0 nouveau vous manifester l&rsquo;affection et la confiance que j&rsquo;ai pour vous et vous assurer de ma pri\u00e8re constante pour chacun de vous, pour le s\u00e9minaire tout entier, pour les communaut\u00e9s du Chemin n\u00e9ocat\u00e9chum\u00e9nal, et en particulier pour les vocations au sacerdoce qui m\u00fbrissent en son sein. <\/p>\n\n<p>Avec ces sentiments, je vous donne ma  B\u00e9n\u00e9diction  apostolique  \u00e0 tous, ainsi qu&rsquo;\u00e0 tous ceux qui vous sont chers. (*) Cf. \u00ab\u00a0L&rsquo;Osservatore Romano\u00a0\u00bb, 19 mars 2004.<\/p>\n","protected":false},"excerpt":{"rendered":"<p>Discours aux sup\u00e9rieurs et aux \u00e9l\u00e8ves du s\u00e9minaire dioc\u00e9sain \u00ab\u00a0Redemptoris Mater\u00a0\u00bb de Rome 18 mars 2004 Saint Jean-Paul II Cit\u00e9 du Vatican, 18 mars 2004 Le Saint P\u00e8re Jean-Paul II a re\u00e7u en audience priv\u00e9e, dans la salle Cl\u00e9mentine du Palais Apostolique du Vatican, les membres de la Communaut\u00e9 du S\u00e9minaire Dioc\u00e9sain \u00ab\u00a0Redemptoris Mater\u00a0\u00bb de Rome.&#013; Au d\u00e9but de l&rsquo;Audience, le cardinal Camillo Ruini, Vicaire G\u00e9n\u00e9ral de sa Saintet\u00e9 pour<\/p>\n<div class=\"read-more\"><a class=\"btn read-more-btn\" href=\"https:\/\/neocatechumenaleiter.org\/fr\/paroles-de-papes\/st-jean-paul-ii\/discours-aux-superieurs-et-aux-eleves-du-seminaire-diocesain-redemptoris-mater-de-rome-18-mars-2004\/\">En savoir plus<\/a><\/div>\n","protected":false},"author":2,"featured_media":0,"parent":5064,"menu_order":100,"comment_status":"closed","ping_status":"closed","template":"","meta":{"footnotes":""},"class_list":["post-16791","page","type-page","status-publish","hentry"],"_links":{"self":[{"href":"https:\/\/neocatechumenaleiter.org\/fr\/wp-json\/wp\/v2\/pages\/16791","targetHints":{"allow":["GET"]}}],"collection":[{"href":"https:\/\/neocatechumenaleiter.org\/fr\/wp-json\/wp\/v2\/pages"}],"about":[{"href":"https:\/\/neocatechumenaleiter.org\/fr\/wp-json\/wp\/v2\/types\/page"}],"author":[{"embeddable":true,"href":"https:\/\/neocatechumenaleiter.org\/fr\/wp-json\/wp\/v2\/users\/2"}],"replies":[{"embeddable":true,"href":"https:\/\/neocatechumenaleiter.org\/fr\/wp-json\/wp\/v2\/comments?post=16791"}],"version-history":[{"count":3,"href":"https:\/\/neocatechumenaleiter.org\/fr\/wp-json\/wp\/v2\/pages\/16791\/revisions"}],"predecessor-version":[{"id":16794,"href":"https:\/\/neocatechumenaleiter.org\/fr\/wp-json\/wp\/v2\/pages\/16791\/revisions\/16794"}],"up":[{"embeddable":true,"href":"https:\/\/neocatechumenaleiter.org\/fr\/wp-json\/wp\/v2\/pages\/5064"}],"wp:attachment":[{"href":"https:\/\/neocatechumenaleiter.org\/fr\/wp-json\/wp\/v2\/media?parent=16791"}],"curies":[{"name":"wp","href":"https:\/\/api.w.org\/{rel}","templated":true}]}}