{"id":16795,"date":"2020-08-12T14:51:08","date_gmt":"2020-08-12T13:51:08","guid":{"rendered":"https:\/\/neocatechumenaleiter.org\/paroles-de-papes\/st-jean-paul-ii\/lettre-du-saint-pere-jean-paul-ii-au-cardinal-james-francis-stafford-5-avril-2001\/"},"modified":"2020-08-12T14:51:08","modified_gmt":"2020-08-12T13:51:08","slug":"lettre-du-saint-pere-jean-paul-ii-au-cardinal-james-francis-stafford-5-avril-2001","status":"publish","type":"page","link":"https:\/\/neocatechumenaleiter.org\/fr\/paroles-de-papes\/st-jean-paul-ii\/lettre-du-saint-pere-jean-paul-ii-au-cardinal-james-francis-stafford-5-avril-2001\/","title":{"rendered":"Lettre du Saint P\u00e8re Jean-Paul II au cardinal James Francis Stafford 5 avril 2001"},"content":{"rendered":"\n<h1 class=\"has-text-align-center wp-block-heading\">Lettre du Saint P\u00e8re Jean-Paul II au cardinal James Francis Stafford 5 avril 2001<\/h1>\n\n<div style=\"height:20px\" aria-hidden=\"true\" class=\"wp-block-spacer\"><\/div>\n\n<h4 class=\"has-text-align-center wp-block-heading\">Saint Jean-Paul II<\/h4>\n\n<div style=\"height:20px\" aria-hidden=\"true\" class=\"wp-block-spacer\"><\/div>\n\n<p><strong>Cit\u00e9 du Vatican, 5 avril 2001<\/strong><\/p>\n\n<p><em>Jean-Paul II a fait parvenir un message au cardinal James Francis Stafford, Pr\u00e9sident du Conseil pontifical pour les La\u00efcs, dans laquelle il confirme la comp\u00e9tence du Dicast\u00e8re dans l&rsquo;approbation des statuts du Chemin n\u00e9ocat\u00e9chum\u00e9nal, \u00ab\u00a0une fois qu&rsquo;ils seront r\u00e9dig\u00e9s comme il se doit\u00a0\u00bb et le charge \u00ab\u00a0de continuer \u00e0 accompagner le Chemin, \u00e9galement \u00e0 l&rsquo;avenir.\u00a0\u00bb<\/em> <\/p>\n\n<p><em>Voici le texte du message :<\/em><br \/><br \/><em>A mon V\u00e9n\u00e9r\u00e9 Fr\u00e8re James Francis Card. STAFFORD <br \/>&#013;\nPr\u00e9sident du Conseil pontifical pour les La\u00efcs<\/em>&#013;\n&#013;\n<\/p>\n\n<p>1. Quatre ann\u00e9es se sont d\u00e9sormais \u00e9coul\u00e9es depuis le m\u00e9morable 24 janvier 1997, date \u00e0 laquelle j&rsquo;eus l&rsquo;occasion de rencontrer les Initiateurs du Chemin n\u00e9ocat\u00e9chum\u00e9nal et, avec eux, les nombreux responsables des communaut\u00e9s du Chemin pr\u00e9sentes dans le monde. En cette circonstance, m&rsquo;unissant \u00e0 leur pri\u00e8re de louange et d&rsquo;action de gr\u00e2ce au Seigneur pour les fruits pr\u00e9cieux produits par le Chemin en trente ans de vie, je ne manquai pas de souligner l&rsquo;importance de certaines d\u00e9marches in\u00e9luctables, dont d\u00e9pend l&rsquo;existence m\u00eame du Chemin. Parmi celles-ci, la r\u00e9daction d&rsquo;une r\u00e9gle des statuts pr\u00e9cise en vue de sa reconnaissance juridique formelle (cf. <em>L&rsquo;Osservatore Romano<\/em>, 25 janvier 1997, p. 4). C&rsquo;est ainsi que s&rsquo;ouvrait une phase nouvelle d\u00e9cisive pour l&rsquo;avenir de cette r\u00e9alit\u00e9 eccl\u00e9siale. <\/p>\n\n<p>2. Dans l&rsquo;Exhortation apostolique <em>Christifideles laici <\/em>(30 d\u00e9cembre 1988) je rappelai d\u00e9j\u00e0 que \u00ab\u00a0aucun charisme ne dispense de la r\u00e9f\u00e9rence et de la soumission   aux   Pasteurs   de   l&rsquo;Eglise\u00a0\u00bb (n. 24), et je renvoyai \u00e0 ce qui est \u00e9crit \u00e0 ce propos dans la Constitution dogmatique <em>Lumen gentium<\/em>:  \u00ab\u00a0C&rsquo;est \u00e0 ceux qui ont la charge de l&rsquo;Eglise de porter un jugement sur l&rsquo;authenticit\u00e9 de ces dons et sur leur usage bien entendu. C&rsquo;est \u00e0 eux qu&rsquo;il convient sp\u00e9cialement, non pas d&rsquo;\u00e9teindre l&rsquo;Esprit, mais de tout \u00e9prouver pour retenir ce qui est bon (cf. 1 Th 5, 12. 19-21)\u00a0\u00bb (n. 12). En effet, c&rsquo;est \u00e0 cette condition que les charismes, dans leur diversit\u00e9 et compl\u00e9mentarit\u00e9, peuvent coop\u00e9rer au bien commun (cf. <em>Christifideles laici<\/em>, n. 24).&#013;\n<br \/><br \/>&#013;\nCe n&rsquo;est donc pas un processus facile que de reconna\u00eetre et d&rsquo;accueillir les charismes. Cela demande un discernement profond de la volont\u00e9 de Dieu et doit \u00eatre accompagn\u00e9 d&rsquo;une pri\u00e8re constante, afin que les coeurs s&rsquo;ouvrent docilement \u00e0 la voix de l&rsquo;Esprit dans la communion eccl\u00e9siale. Le sommet de ce processus est l&rsquo;acte officiel de la reconnaissance et de l&rsquo;approbation des statuts comme une r\u00e8gle de vie claire et s\u00fbre, un moment que les r\u00e9alit\u00e9s eccl\u00e9siales concern\u00e9es vivent toujours avec une grande joie et une vive gratitude \u00e0 l&rsquo;\u00e9gard de Dieu et \u00e0 l&rsquo;\u00e9gard de l&rsquo;Eglise. Nouveau point de d\u00e9part, il constitue en effet un signe visible d&rsquo;une identit\u00e9 eccl\u00e9siale m\u00fbre (cf. <em>Christifideles laici<\/em>, n. 30). &#013;\n<\/p>\n\n<p>3. Je sais avec combien de z\u00e8le et de sollicitude pastorale le Conseil pontifical pour les La\u00efcs s&rsquo;est prodigu\u00e9 et se prodigue pour accompagner le chemin n\u00e9ocat\u00e9chum\u00e9nal dans cette \u00e9tape d\u00e9terminante de sa propre vie, l&rsquo;\u00e9laboration des statuts. Monsieur le Cardinal, j&rsquo;ai confi\u00e9 cette t\u00e2che d\u00e9licate \u00e0 ce Conseil pontifical pour les La\u00efcs, en raison de l&rsquo;autorit\u00e9 qui lui revient, sur la base des normes canoniques en vigueur, ainsi qu&rsquo;en raison de l&rsquo;exp\u00e9rience singuli\u00e8re qu&rsquo;il poss\u00e8de en la mati\u00e8re. C&rsquo;est pr\u00e9cis\u00e9ment sur ce fait que se fonde l&rsquo;esp\u00e9rance d&rsquo;une heureuse issue de la proc\u00e9dure, qui s&rsquo;approche d\u00e9sormais de son terme.&#013;\n<br \/><br \/>&#013;\nAlors que j&rsquo;exprime au Conseil pontifical pour les La\u00efcs ma vive satisfaction et ma reconnaissance pour le s\u00e9rieux et la rigueur d\u00e9montr\u00e9s dans l&rsquo;accomplissement de la t\u00e2che qui lui a \u00e9t\u00e9 confi\u00e9e, je confirme sa comp\u00e9tence dans l&rsquo;approbation des statuts susmentionn\u00e9s, une fois qu&rsquo;ils seront r\u00e9dig\u00e9s comme il se doit, et je le charge de continuer \u00e0 accompagner le Chemin, \u00e9galement \u00e0 l&rsquo;avenir. Je suis certain que, dans l&rsquo;accomplissement de ce mandat, le Conseil pontifical pour les La\u00efcs pourra compter sur la collaboration et sur l&rsquo;esprit de docilit\u00e9 filiale du Chemin n\u00e9ocat\u00e9chum\u00e9nal. <br \/><br \/>&#013;\nEn confiant au Seigneur, par l&rsquo;intercession de Marie M\u00e8re de l&rsquo;Eglise, l&rsquo;activit\u00e9 du dicast\u00e8re que vous pr\u00e9sidez, je vous donne de tout coeur, V\u00e9n\u00e9r\u00e9 fr\u00e8re, ainsi qu&rsquo;\u00e0 vos collaborateurs et collaboratrices, mon affectueuse B\u00e9n\u00e9diction.&#013;\n<\/p>\n","protected":false},"excerpt":{"rendered":"<p>Lettre du Saint P\u00e8re Jean-Paul II au cardinal James Francis Stafford 5 avril 2001 Saint Jean-Paul II Cit\u00e9 du Vatican, 5 avril 2001 Jean-Paul II a fait parvenir un message au cardinal James Francis Stafford, Pr\u00e9sident du Conseil pontifical pour les La\u00efcs, dans laquelle il confirme la comp\u00e9tence du Dicast\u00e8re dans l&rsquo;approbation des statuts du Chemin n\u00e9ocat\u00e9chum\u00e9nal, \u00ab\u00a0une fois qu&rsquo;ils seront r\u00e9dig\u00e9s comme il se doit\u00a0\u00bb et le charge \u00ab\u00a0de<\/p>\n<div class=\"read-more\"><a class=\"btn read-more-btn\" href=\"https:\/\/neocatechumenaleiter.org\/fr\/paroles-de-papes\/st-jean-paul-ii\/lettre-du-saint-pere-jean-paul-ii-au-cardinal-james-francis-stafford-5-avril-2001\/\">En savoir plus<\/a><\/div>\n","protected":false},"author":2,"featured_media":0,"parent":5064,"menu_order":97,"comment_status":"closed","ping_status":"closed","template":"","meta":{"footnotes":""},"class_list":["post-16795","page","type-page","status-publish","hentry"],"_links":{"self":[{"href":"https:\/\/neocatechumenaleiter.org\/fr\/wp-json\/wp\/v2\/pages\/16795","targetHints":{"allow":["GET"]}}],"collection":[{"href":"https:\/\/neocatechumenaleiter.org\/fr\/wp-json\/wp\/v2\/pages"}],"about":[{"href":"https:\/\/neocatechumenaleiter.org\/fr\/wp-json\/wp\/v2\/types\/page"}],"author":[{"embeddable":true,"href":"https:\/\/neocatechumenaleiter.org\/fr\/wp-json\/wp\/v2\/users\/2"}],"replies":[{"embeddable":true,"href":"https:\/\/neocatechumenaleiter.org\/fr\/wp-json\/wp\/v2\/comments?post=16795"}],"version-history":[{"count":1,"href":"https:\/\/neocatechumenaleiter.org\/fr\/wp-json\/wp\/v2\/pages\/16795\/revisions"}],"predecessor-version":[{"id":16796,"href":"https:\/\/neocatechumenaleiter.org\/fr\/wp-json\/wp\/v2\/pages\/16795\/revisions\/16796"}],"up":[{"embeddable":true,"href":"https:\/\/neocatechumenaleiter.org\/fr\/wp-json\/wp\/v2\/pages\/5064"}],"wp:attachment":[{"href":"https:\/\/neocatechumenaleiter.org\/fr\/wp-json\/wp\/v2\/media?parent=16795"}],"curies":[{"name":"wp","href":"https:\/\/api.w.org\/{rel}","templated":true}]}}