{"id":16803,"date":"2020-08-13T13:15:50","date_gmt":"2020-08-13T12:15:50","guid":{"rendered":"https:\/\/neocatechumenaleiter.org\/paroles-de-papes\/st-jean-paul-ii\/eucharistie-du-saint-pere-jean-paul-ii-sur-le-mont-des-beatitudes-avec-100-000-jeunes-24-mars-2000\/"},"modified":"2020-08-13T13:27:49","modified_gmt":"2020-08-13T12:27:49","slug":"eucharistie-du-saint-pere-jean-paul-ii-sur-le-mont-des-beatitudes-avec-100-000-jeunes-24-mars-2000","status":"publish","type":"page","link":"https:\/\/neocatechumenaleiter.org\/fr\/paroles-de-papes\/st-jean-paul-ii\/eucharistie-du-saint-pere-jean-paul-ii-sur-le-mont-des-beatitudes-avec-100-000-jeunes-24-mars-2000\/","title":{"rendered":"Eucharistie du Saint P\u00e8re Jean-Paul II sur le mont des B\u00e9atitudes avec 100.000 jeunes 24 mars 2000"},"content":{"rendered":"\n<h1 class=\"has-text-align-center wp-block-heading\">Eucharistie du Saint P\u00e8re Jean-Paul II sur le mont des B\u00e9atitudes avec 100.000 jeunes 24 mars 2000<\/h1>\n\n<div style=\"height:20px\" aria-hidden=\"true\" class=\"wp-block-spacer\"><\/div>\n\n<h4 class=\"has-text-align-center wp-block-heading\">Saint Jean-Paul II<\/h4>\n\n<div style=\"height:20px\" aria-hidden=\"true\" class=\"wp-block-spacer\"><\/div>\n\n<div class=\"wp-block-image\"><figure class=\"alignleft size-large\"><img loading=\"lazy\" decoding=\"async\" width=\"605\" height=\"254\" src=\"https:\/\/neocatechumenaleiter.org\/wp-content\/uploads\/2020\/03\/Camino_Neocatecumenal_Juan_Pablo_II_eucaristia_monte_Bienaventuranzas_2000.jpg\" alt=\"\" class=\"wp-image-2773\" srcset=\"https:\/\/neocatechumenaleiter.org\/wp-content\/uploads\/2020\/03\/Camino_Neocatecumenal_Juan_Pablo_II_eucaristia_monte_Bienaventuranzas_2000.jpg 605w, https:\/\/neocatechumenaleiter.org\/wp-content\/uploads\/2020\/03\/Camino_Neocatecumenal_Juan_Pablo_II_eucaristia_monte_Bienaventuranzas_2000-300x126.jpg 300w\" sizes=\"auto, (max-width: 605px) 100vw, 605px\" \/><\/figure><\/div>\n\n<p><strong>Korazim, 24 mars 2000<\/strong><\/p>\n\n<p><em>Jean-Paul II a c\u00e9l\u00e9bra &#8211; dans la matin\u00e9e du vendredi 24 mars &#8211; la Messe pour les jeunes sur le Mont des B\u00e9atitudes. Au d\u00e9but de la rencontre, l&rsquo;Archev\u00eaque de Acre des Grecs-Melkites, Mgr Boutrous Mouallem et un jeune ont adress\u00e9 au Pape un hommage.<br \/><br \/>&#013;\nVoici notre traduction de l&rsquo;hom\u00e9lie de Jean-Paul II : <\/em>&#013;\n<br \/><br \/><strong>\u201cAussi bien, fr\u00e8res, consid\u00e9rez votre appel\u201d <\/strong>(1 Co 1, 26).<\/p>\n\n<p>1. Aujourd&rsquo;hui, ces paroles de saint Paul nous sont adress\u00e9es, \u00e0 nous tous qui sommes r\u00e9unis ici sur le Mont des B\u00e9atitudes. Nous sommes assis sur cette colline comme les premiers disciples et nous \u00e9coutons J\u00e9sus. Nous \u00e9coutons en silence sa voix aimable et pressante. Aimable comme cette terre m\u00eame et pressante comme l&rsquo;invitation \u00e0 <strong>choisir entre la vie et la mort<\/strong>.<br \/><br \/>&#013;\nCombien de g\u00e9n\u00e9rations avant nous se sont profond\u00e9ment \u00e9mues en entendant le Discours sur la montagne! Combien de jeunes, au cours des si\u00e8cles, se sont r\u00e9unis autour de J\u00e9sus pour apprendre les paroles de vie \u00e9ternelle, pr\u00e9cis\u00e9ment comme vous \u00eates r\u00e9unis aujourd&rsquo;hui ici! Combien de jeunes c\u0153urs ont \u00e9t\u00e9 inspir\u00e9s par la force de sa personnalit\u00e9 et par la v\u00e9rit\u00e9 \u00e9clatante de son message! C&rsquo;est merveilleux que vous soyez ici!<br \/><br \/>&#013;\nMerci, Mgr Boutros Mouallem, de votre accueil cordial. Je vous prie de transmettre mes salutations dans la pri\u00e8re \u00e0 toute la communaut\u00e9 grecque-melkite que vous pr\u00e9sidez. &#013;\nJ&rsquo;\u00e9tends mes v\u0153ux fraternels aux nombreux cardinaux, au Patriarche Sabbah et aux \u00e9v\u00eaques et pr\u00eatres ici pr\u00e9sents. &#013;\nJe salue les membres des communaut\u00e9s latine, maronite, syrienne, arm\u00e9nienne, chald\u00e9enne, ainsi que tous nos fr\u00e8res et s\u0153urs des autres Eglises chr\u00e9tiennes et communaut\u00e9s eccl\u00e9siales. &#013;\nJ&rsquo;adresse une parole sp\u00e9ciale de remerciement \u00e0 nos amis musulmans qui sont ici et aux membres de la foi juive.<br \/><br \/>&#013;\nCe grand rassemblement est comme une r\u00e9p\u00e9tition g\u00e9n\u00e9rale pour la Journ\u00e9e mondiale de la jeunesse qui se tiendra \u00e0 Rome au mois d&rsquo;ao\u00fbt! Le jeune qui a pris la parole a promis que vous aurez une autre montagne, le Mont Sina\u00ef. Jeunes d&rsquo;Isra\u00ebl, des Territoires palestiniens, de la Jordanie et de Chypre, jeunes du Moyen Orient, de l&rsquo;Afrique et de l&rsquo;Asie, de l&rsquo;Europe, de l&rsquo;Am\u00e9rique et de l&rsquo;Oc\u00e9anie! Je salue chacun de vous avec affection et amour!&#013;\n<\/p>\n\n<div class=\"wp-block-image\"><figure class=\"alignright size-large\"><img loading=\"lazy\" decoding=\"async\" width=\"768\" height=\"520\" src=\"https:\/\/neocatechumenaleiter.org\/wp-content\/uploads\/2020\/03\/Camino_Neocatecumenal_Juan_Pablo_II_eucaristia_monte_Bienaventuranzas_2000_2.jpg\" alt=\"\" class=\"wp-image-2780\" srcset=\"https:\/\/neocatechumenaleiter.org\/wp-content\/uploads\/2020\/03\/Camino_Neocatecumenal_Juan_Pablo_II_eucaristia_monte_Bienaventuranzas_2000_2.jpg 768w, https:\/\/neocatechumenaleiter.org\/wp-content\/uploads\/2020\/03\/Camino_Neocatecumenal_Juan_Pablo_II_eucaristia_monte_Bienaventuranzas_2000_2-300x203.jpg 300w\" sizes=\"auto, (max-width: 768px) 100vw, 768px\" \/><\/figure><\/div>\n\n<p><strong>2. Les  premiers qui ont entendu les B\u00e9atitudes de J\u00e9sus gardaient dans le coeur le souvenir d&rsquo;un autre mont, le mont Sina\u00ef<\/strong>. Il y a pr\u00e9cis\u00e9ment un mois, j&rsquo;ai eu la gr\u00e2ce de me rendre l\u00e0 o\u00f9 Dieu parla \u00e0 Mo\u00efse et lui donna la Loi \u00e9crite \u201cdu doigt de Dieu\u201d (Ex 31, 18) sur des tables de pierre. Ces deux monts, <strong>le Mont Sina\u00ef et le Mont des B\u00e9atitudes, nous offrent la carte de notre vie chr\u00e9tienne et une synth\u00e8se de nos responsabilit\u00e9s envers Dieu et le prochain.<\/strong> &#013;\n<em>La Loi et les B\u00e9atitudes<\/em> tracent ensemble le chemin \u00e0 la suite du Christ et le sentier royal vers la maturit\u00e9 et la libert\u00e9 spirituelle.<br \/><br \/>&#013;\nLes Dix Commandements du Sina\u00ef peuvent sembler n\u00e9gatifs :  \u201cTu n&rsquo;auras pas d&rsquo;autres dieux devant moi [&#8230;]. Tu ne tueras pas. Tu ne commettras pas d&rsquo;adult\u00e8re. Tu ne voleras pas. Tu ne porteras pas de t\u00e9moignage mensonger&#8230;\u201d (Ex 20, 3, 13-16). Au contraire, ceux-ci sont extr\u00eamement positifs.&#013;\nEn allant au-del\u00e0 du mal qu&rsquo;ils nomment, ils indiquent le chemin vers la loi d&rsquo;amour qui est le premier et le plus grand des Commandements :  \u201cTu aimeras le Seigneur ton Dieu de tout ton c\u0153ur, de toute ton \u00e2me et de tout ton esprit [&#8230;] Tu aimeras ton prochain comme toi-m\u00eame\u201d (Mt 22, 37-39). &#013;\nJ\u00e9sus lui-m\u00eame affirme ne pas \u00eatre venu pour abolir la Loi, mais pour l&rsquo;accomplir (cf. Mt 5, 17). Son message est nouveau, mais il ne d\u00e9truit pas ce qui existe d\u00e9j\u00e0.  &#013;\nAu contraire, il en d\u00e9veloppe au maximum les potentialit\u00e9s. <em>J\u00e9sus enseigne que la voie de l&rsquo;amour conduit la loi \u00e0 son plein accomplissement <\/em>(cf. Ga 5, 14). Et il a enseign\u00e9 cette v\u00e9rit\u00e9 tr\u00e8s importante sur cette colline, ici, en Galil\u00e9e.&#013;\n<\/p>\n\n<p>3. \u00ab\u00a0Heureux \u00eates-vous, dit-Il. Heureux sont ceux qui ont une \u00e2me de pauvre, les doux et les mis\u00e9ricordieux, les afflig\u00e9s, les <em>affam\u00e9s et assoiff\u00e9s de la justice, les c\u0153urs purs, les artisans de paix, les pers\u00e9cut\u00e9s!<\/em> Heureux \u00eates-vous!\u00a0\u00bb&#013;\nLes paroles de J\u00e9sus peuvent sembler \u00e9tranges. <strong>Il est \u00e9trange que J\u00e9sus exalte ceux que le monde consid\u00e8re en g\u00e9n\u00e9ral comme des faibles. <\/strong>&#013;\nIl leur dit : \u201cHeureux \u00eates-vous qui semblez perdants, car vous \u00eates les v\u00e9ritables vainqueurs, vous \u00eates les v\u00e9ritables vainqueurs :  le Royaume des Cieux est \u00e0 vous!\u201d&#013;\nPrononc\u00e9es par Lui, qui est \u201cdoux et humble de c\u0153ur\u201d (Mt 11, 29), ces paroles lancent un d\u00e9fi qui exige une metanoia profonde et constante de l&rsquo;esprit, une profonde transformation du c\u0153ur.<br \/><br \/>&#013;\nVous jeunes, vous comprendrez le motif pour lequel ce changement de c\u0153ur est n\u00e9cessaire! Vous \u00eates en effet conscients qu&rsquo;il existe une autre voix en vous et autour de vous, une voix contradictoire. C&rsquo;est une voix qui dit :  \u201cHeureux les fiers et les violents, ceux qui prosp\u00e8rent \u00e0 n&rsquo;importe quel prix, qui n&rsquo;ont pas de scrupules, qui sont sans piti\u00e9, malhonn\u00eates, qui font la guerre au lieu de la paix et pers\u00e9cutent ceux qui repr\u00e9sentent un obstacle sur leur chemin. \u201d&#013;\nCette voix semble avoir un sens dans un monde dans lequel les violents triomphent souvent et o\u00f9 il semble que les personnes malhonn\u00eates l&#8217;emportent. \u201cOui, dit la voix du mal, ce sont eux qui gagnent. Heureux sont-ils! \u201d&#013;\n<\/p>\n\n<div class=\"wp-block-image\"><figure class=\"alignleft size-medium\"><img loading=\"lazy\" decoding=\"async\" width=\"300\" height=\"204\" src=\"https:\/\/neocatechumenaleiter.org\/wp-content\/uploads\/2020\/03\/Camino_Neocatecumenal_Juan_Pablo_II_eucaristia_monte_Bienaventuranzas_2000_3-300x204.jpg\" alt=\"\" class=\"wp-image-2785\" srcset=\"https:\/\/neocatechumenaleiter.org\/wp-content\/uploads\/2020\/03\/Camino_Neocatecumenal_Juan_Pablo_II_eucaristia_monte_Bienaventuranzas_2000_3-300x204.jpg 300w, https:\/\/neocatechumenaleiter.org\/wp-content\/uploads\/2020\/03\/Camino_Neocatecumenal_Juan_Pablo_II_eucaristia_monte_Bienaventuranzas_2000_3.jpg 768w\" sizes=\"auto, (max-width: 300px) 100vw, 300px\" \/><\/figure><\/div>\n\n<p>4.  J\u00e9sus offre un message tr\u00e8s diff\u00e9rent. Non loin d&rsquo;ici, il appela ses premiers disciples, comme Il vous appelle maintenant. Son appel a toujours impos\u00e9 un choix entre les deux voix en comp\u00e9tition pour conqu\u00e9rir votre c\u0153ur, m\u00eame \u00e0 pr\u00e9sent, ici, sur la colline, le choix entre le bien et le mal, entre la vie et la mort.&#013;\nQuelle voix les jeunes du XXIe si\u00e8cle choisiront-ils de suivre ?&#013;\nPlacer votre confiance en J\u00e9sus signifie choisir de croire en ce qu&rsquo;il dit, ind\u00e9pendamment de combien cela peut sembler \u00e9trange, et choisir de ne pas c\u00e9der aux  espoirs illusoires, aussi attrayants semblent-ils.&#013;\nApr\u00e8s tout, J\u00e9sus ne proclame pas seulement les B\u00e9atitudes. Il vit les B\u00e9atitudes. Il est les B\u00e9atitudes. En Le voyant, vous verrez ce que signifie avoir une \u00e2me de pauvres, \u00eatre doux et mis\u00e9ricordieux, afflig\u00e9s, \u00eatre affam\u00e9s et assoiff\u00e9s de justice, \u00eatre purs de c\u0153ur, \u00eatre des artisans de paix, des pers\u00e9cut\u00e9s. &#013;\nC&rsquo;est pour ce motif que J\u00e9sus a le droit d&rsquo;affirmer \u201cVenez, suivez-moi!\u201d Il ne dit pas simplement \u201cFaites ce que je vous dis\u201d. Il dit :  \u201cVenez, suivez-moi\u201d.&#013;\n<\/p>\n\n<p>Vous \u00e9coutez sa voix sur cette colline et vous croyez ce qu&rsquo;Il dit. Toutefois, comme les premiers disciples sur la mer de Galil\u00e9e, vous devez abandonner vos barques et vos filets et cela n&rsquo;est jamais facile, en particulier lorsque vous devez affronter un avenir incertain et que vous \u00eates tent\u00e9s de perdre confiance dans votre patrimoine chr\u00e9tien. &#013;\nEtre de bons chr\u00e9tiens peut sembler une entreprise au-dessus de vos forces dans le monde d&rsquo;aujourd&rsquo;hui.&#013;\nToutefois, <strong>J\u00e9sus<\/strong> ne reste pas immobile et ne vous laisse pas seuls pour affronter ce d\u00e9fi. Il <strong>est toujours avec vous pour transformer votre faiblesse en force.<\/strong> Croyez-Le lorsqu&rsquo;il vous dit : \u201cMa gr\u00e2ce te suffit : car la puissance se d\u00e9ploie dans la faiblesse!\u201d (2 Co 12, 9)<\/p>\n\n<div class=\"wp-block-image\"><figure class=\"alignright size-large\"><img loading=\"lazy\" decoding=\"async\" width=\"433\" height=\"655\" src=\"https:\/\/neocatechumenaleiter.org\/wp-content\/uploads\/2020\/03\/Camino_Neocatecumenal_Juan_Pablo_II_eucaristia_monte_Bienaventuranzas_2000_4.jpg\" alt=\"\" class=\"wp-image-2794\" srcset=\"https:\/\/neocatechumenaleiter.org\/wp-content\/uploads\/2020\/03\/Camino_Neocatecumenal_Juan_Pablo_II_eucaristia_monte_Bienaventuranzas_2000_4.jpg 433w, https:\/\/neocatechumenaleiter.org\/wp-content\/uploads\/2020\/03\/Camino_Neocatecumenal_Juan_Pablo_II_eucaristia_monte_Bienaventuranzas_2000_4-198x300.jpg 198w\" sizes=\"auto, (max-width: 433px) 100vw, 433px\" \/><\/figure><\/div>\n\n<p>5. Les disciples pass\u00e8rent du temps avec le Seigneur. Ils apprirent \u00e0 le conna\u00eetre et \u00e0 l&rsquo;aimer profond\u00e9ment. Ils d\u00e9couvrirent la signification de ce que l&rsquo;Ap\u00f4tre Pierre dit un jour \u00e0 J\u00e9sus : \u201c<em>Seigneur, \u00e0 qui irons-nous ? Tu as les paroles de la vie \u00e9ternelle<\/em>\u201d (Jn 6, 68). Ils d\u00e9couvrirent que <strong>les paroles de la vie \u00e9ternelle sont les paroles du Sina\u00ef et les paroles des B\u00e9atitudes<\/strong>. Tel est le message qu&rsquo;ils diffus\u00e8rent partout.<br \/><br \/>&#013;\nAu moment de son Ascension, J\u00e9sus confia \u00e0 ses disciples une mission et ces paroles de r\u00e9confort : \u201cTout pouvoir m&rsquo;a \u00e9t\u00e9 donn\u00e9 au ciel et sur la terre. <strong>Allez donc, de toutes les nations faites des disciples [&#8230;] Et voici que je suis avec vous pour toujours jusqu&rsquo;\u00e0 la fin du monde\u201d<\/strong> (Mt 28, 18-20). &#013;\nDepuis deux mille ans, les fid\u00e8les du Christ accomplissent cette mission. A pr\u00e9sent, \u00e0 l&rsquo;aube du troisi\u00e8me mill\u00e9naire, <em>c&rsquo;est \u00e0 votre tour<\/em>. <strong>C&rsquo;est \u00e0 vous d&rsquo;aller dans le monde et d&rsquo;annoncer le message des Dix Commandements et des B\u00e9atitudes.<\/strong> &#013;\n<\/p>\n\n<p>Lorsque Dieu parle, Il parle de choses qui ont la plus grande importance pour chaque personne, pour les personnes du XXIe si\u00e8cle, tout autant que pour celles du Ier si\u00e8cle. Les Dix Commandements et les B\u00e9atitudes parlent de v\u00e9rit\u00e9 et de bont\u00e9, de gr\u00e2ce et de libert\u00e9, de ce qui est n\u00e9cessaire pour entrer dans le Royaume du Christ. Maintenant, c&rsquo;est \u00e0 vous d&rsquo;\u00eatre de courageux <em>ap\u00f4tres de ce Royaume!<\/em><br \/><br \/>&#013;\nJeunes de Terre Sainte, <strong>jeunes du monde, r\u00e9pondez au Seigneur, r\u00e9pondez au Seigneur avec un c\u0153ur ouvert et plein de bonne volont\u00e9!<\/strong> Plein de bonne volont\u00e9 et ouvert comme le c\u0153ur de la fille a\u00een\u00e9e de Galil\u00e9e, Marie, la M\u00e8re de Dieu. Que r\u00e9pondit-elle ? Elle dit : \u201cJe suis la servante du Seigneur ; qu&rsquo;il m&rsquo;advienne selon ta parole!\u201d (Lc 1, 38).<br \/><br \/>&#013;\nO Seigneur J\u00e9sus-Christ, en ce lieu que Tu as connu et que Tu as tant aim\u00e9, \u00e9coute ces jeunes c\u0153urs g\u00e9n\u00e9reux! <strong>Continue \u00e0 enseigner \u00e0 ces jeunes la v\u00e9rit\u00e9 des Commandements et des B\u00e9atitudes!<\/strong> Fais d&rsquo;eux de joyeux t\u00e9moins de ta v\u00e9rit\u00e9 et des ap\u00f4tres convaincus de ton Royaume! Sois toujours avec eux, en particulier lorsque te suivre, ainsi que ton Evangile, devient difficile et dur! Tu seras leur force, Tu seras leur victoire!&#013;\nO Seigneur J\u00e9sus, Tu as fait de ces jeunes tes amis : garde-les toujours aupr\u00e8s de toi!&#013;\n<\/p>\n\n<p><strong>Amen!<\/strong><\/p>\n\n<div class=\"wp-block-image\"><figure class=\"alignleft size-medium\"><img loading=\"lazy\" decoding=\"async\" width=\"204\" height=\"300\" src=\"https:\/\/neocatechumenaleiter.org\/wp-content\/uploads\/2020\/03\/Camino_Neocatecumenal_Juan_Pablo_II_eucaristia_monte_Bienaventuranzas_2000_5-204x300.jpg\" alt=\"\" class=\"wp-image-2799\" srcset=\"https:\/\/neocatechumenaleiter.org\/wp-content\/uploads\/2020\/03\/Camino_Neocatecumenal_Juan_Pablo_II_eucaristia_monte_Bienaventuranzas_2000_5-204x300.jpg 204w, https:\/\/neocatechumenaleiter.org\/wp-content\/uploads\/2020\/03\/Camino_Neocatecumenal_Juan_Pablo_II_eucaristia_monte_Bienaventuranzas_2000_5.jpg 566w\" sizes=\"auto, (max-width: 204px) 100vw, 204px\" \/><\/figure><\/div>\n\n<p><em>\u00c0 la fin de la Messe,  c\u00e9l\u00e9br\u00e9e sur le Mont des B\u00e9atitudes, le Saint P\u00e8re a voulu adresser sa salutation aux diff\u00e9rents groupes de p\u00e8lerins qui se sont serr\u00e9s autour de Lui pour la c\u00e9l\u00e9bration. Apr\u00e8s avoir salu\u00e9 les jeunes italiens, le Pape s&rsquo;est adress\u00e9 \u00e0 ceux de langue fran\u00e7aise, allemande, espagnole, anglaise, polonaise, h\u00e9bra\u00efque et arabe. Voici notre traduction* des paroles du Pape :<\/em>&#013;\n<br \/><br \/>&#013;\nAu terme de cette joyeuse c\u00e9l\u00e9bration eucharistique, je veux vous remercier, vous tous, chers jeunes qui \u00eates venus de pr\u00e8s et de loin, comme disciples de J\u00e9sus, pour \u00e9couter sa parole. En partant de ce Mont des B\u00e9atitudes, chacun de vous doit \u00eatre un messager de l&rsquo;Evangile des B\u00e9atitudes.<br \/><br \/>&#013;\nJe salue en particulier les jeunes n\u00e9ocat\u00e9chum\u00e8nes qui sont ici, avec Kiko et Carmen, nombreux de toutes les parties du monde. A tous, je dis :  le Christ vous accompagne sur les routes du monde.&#013;\n<\/p>\n\n<p>Que vous accompagne \u00e9galement Marie, qui, comme je le rappellerai demain \u00e0 Nazareth, coop\u00e9ra \u00e0 travers son fiat au grand myst\u00e8re de l&rsquo;Incarnation dont l&rsquo;Ann\u00e9e jubilaire c\u00e9l\u00e8bre les deux mille ans. Que Dieu vous b\u00e9nisse!&#013;\nJe salue chaleureusement les jeunes francophones pr\u00e9sents \u00e0 cette merveilleuse rencontre au cours de laquelle, sur ce Mont, nous avons pu entendre de mani\u00e8re renouvel\u00e9e la Bonne Nouvelle des B\u00e9atitudes. &#013;\nJe vous attends \u00e0 Rome pour les Journ\u00e9es mondiales de la jeunesse!&#013;\n<\/p>\n\n<p> (*) Cf. \u00ab\u00a0L&rsquo;Osservatore Romano\u00a0\u00bb, 25 mars 2000<\/p>\n\n<div class=\"wp-block-image\"><figure class=\"alignright size-large\"><img loading=\"lazy\" decoding=\"async\" width=\"264\" height=\"400\" src=\"https:\/\/neocatechumenaleiter.org\/wp-content\/uploads\/2020\/03\/Camino_Neocatecumenal_Juan_Pablo_II_eucaristia_monte_Bienaventuranzas_2000_6.jpg\" alt=\"\" class=\"wp-image-2808\" srcset=\"https:\/\/neocatechumenaleiter.org\/wp-content\/uploads\/2020\/03\/Camino_Neocatecumenal_Juan_Pablo_II_eucaristia_monte_Bienaventuranzas_2000_6.jpg 264w, https:\/\/neocatechumenaleiter.org\/wp-content\/uploads\/2020\/03\/Camino_Neocatecumenal_Juan_Pablo_II_eucaristia_monte_Bienaventuranzas_2000_6-198x300.jpg 198w\" sizes=\"auto, (max-width: 264px) 100vw, 264px\" \/><\/figure><\/div>\n\n<p> <\/p>\n\n<p> <\/p>\n\n<p> <\/p>\n","protected":false},"excerpt":{"rendered":"<p>Eucharistie du Saint P\u00e8re Jean-Paul II sur le mont des B\u00e9atitudes avec 100.000 jeunes 24 mars 2000 Saint Jean-Paul II Korazim, 24 mars 2000 Jean-Paul II a c\u00e9l\u00e9bra &#8211; dans la matin\u00e9e du vendredi 24 mars &#8211; la Messe pour les jeunes sur le Mont des B\u00e9atitudes. Au d\u00e9but de la rencontre, l&rsquo;Archev\u00eaque de Acre des Grecs-Melkites, Mgr Boutrous Mouallem et un jeune ont adress\u00e9 au Pape un hommage. &#013;<\/p>\n<div class=\"read-more\"><a class=\"btn read-more-btn\" href=\"https:\/\/neocatechumenaleiter.org\/fr\/paroles-de-papes\/st-jean-paul-ii\/eucharistie-du-saint-pere-jean-paul-ii-sur-le-mont-des-beatitudes-avec-100-000-jeunes-24-mars-2000\/\">En savoir plus<\/a><\/div>\n","protected":false},"author":2,"featured_media":0,"parent":5064,"menu_order":94,"comment_status":"closed","ping_status":"closed","template":"","meta":{"footnotes":""},"class_list":["post-16803","page","type-page","status-publish","hentry"],"_links":{"self":[{"href":"https:\/\/neocatechumenaleiter.org\/fr\/wp-json\/wp\/v2\/pages\/16803","targetHints":{"allow":["GET"]}}],"collection":[{"href":"https:\/\/neocatechumenaleiter.org\/fr\/wp-json\/wp\/v2\/pages"}],"about":[{"href":"https:\/\/neocatechumenaleiter.org\/fr\/wp-json\/wp\/v2\/types\/page"}],"author":[{"embeddable":true,"href":"https:\/\/neocatechumenaleiter.org\/fr\/wp-json\/wp\/v2\/users\/2"}],"replies":[{"embeddable":true,"href":"https:\/\/neocatechumenaleiter.org\/fr\/wp-json\/wp\/v2\/comments?post=16803"}],"version-history":[{"count":9,"href":"https:\/\/neocatechumenaleiter.org\/fr\/wp-json\/wp\/v2\/pages\/16803\/revisions"}],"predecessor-version":[{"id":16812,"href":"https:\/\/neocatechumenaleiter.org\/fr\/wp-json\/wp\/v2\/pages\/16803\/revisions\/16812"}],"up":[{"embeddable":true,"href":"https:\/\/neocatechumenaleiter.org\/fr\/wp-json\/wp\/v2\/pages\/5064"}],"wp:attachment":[{"href":"https:\/\/neocatechumenaleiter.org\/fr\/wp-json\/wp\/v2\/media?parent=16803"}],"curies":[{"name":"wp","href":"https:\/\/api.w.org\/{rel}","templated":true}]}}