{"id":16813,"date":"2020-08-13T13:39:19","date_gmt":"2020-08-13T12:39:19","guid":{"rendered":"https:\/\/neocatechumenaleiter.org\/paroles-de-papes\/st-jean-paul-ii\/vigile-pascale-a-la-basilique-saint-pierre-renovation-solennelle-des-promesses-baptismales-30-uars-1997\/"},"modified":"2020-08-13T13:39:19","modified_gmt":"2020-08-13T12:39:19","slug":"vigile-pascale-a-la-basilique-saint-pierre-renovation-solennelle-des-promesses-baptismales-30-uars-1997","status":"publish","type":"page","link":"https:\/\/neocatechumenaleiter.org\/fr\/paroles-de-papes\/st-jean-paul-ii\/vigile-pascale-a-la-basilique-saint-pierre-renovation-solennelle-des-promesses-baptismales-30-uars-1997\/","title":{"rendered":"Vigile pascale \u00e0 la Basilique Saint Pierre : R\u00e9novation solennelle des Promesses Baptismales 30 \u00f9ars 1997"},"content":{"rendered":"\n<h1 class=\"has-text-align-center wp-block-heading\">Vigile pascale \u00e0 la Basilique Saint Pierre : R\u00e9novation solennelle des Promesses Baptismales 30 \u00f9ars 1997<\/h1>\n\n<div style=\"height:20px\" aria-hidden=\"true\" class=\"wp-block-spacer\"><\/div>\n\n<h4 class=\"has-text-align-center wp-block-heading\">Saint Jean-Paul II<\/h4>\n\n<div style=\"height:20px\" aria-hidden=\"true\" class=\"wp-block-spacer\"><\/div>\n\n<p><strong>Saint Pierre, 30 mars 1997<\/strong><\/p>\n\n<p><em>Accompagn\u00e9s par leurs cat\u00e9chistes, pendant la Vigile Pascale, pr\u00e9sid\u00e9e par le Saint P\u00e8re Jean-Paul II, quatre communaut\u00e9s ont r\u00e9nov\u00e9 solennellement leurs promesses baptismales, \u00e0 la fin de l&rsquo;itin\u00e9raire N\u00e9ocat\u00e9chum\u00e9nal: la troisi\u00e8me, la quatri\u00e8me et la cinqui\u00e8me Communaut\u00e9 de la paroisse des Martyrs Canadiens et la quatri\u00e8me communaut\u00e9 de la paroisse de Sainte Fran\u00e7oise Cabrini de Rome.<\/em> <\/p>\n\n<div class=\"wp-block-image\"><figure class=\"aligncenter size-large\"><img loading=\"lazy\" decoding=\"async\" width=\"567\" height=\"686\" src=\"https:\/\/neocatechumenaleiter.org\/wp-content\/uploads\/2020\/03\/Camino_Neocatecumenal_Juan_Pablo_II_vigilia_pascual_hermanos_vestidura_blanca_1997.jpg\" alt=\"\" class=\"wp-image-2690\" srcset=\"https:\/\/neocatechumenaleiter.org\/wp-content\/uploads\/2020\/03\/Camino_Neocatecumenal_Juan_Pablo_II_vigilia_pascual_hermanos_vestidura_blanca_1997.jpg 567w, https:\/\/neocatechumenaleiter.org\/wp-content\/uploads\/2020\/03\/Camino_Neocatecumenal_Juan_Pablo_II_vigilia_pascual_hermanos_vestidura_blanca_1997-248x300.jpg 248w\" sizes=\"auto, (max-width: 567px) 100vw, 567px\" \/><\/figure><\/div>\n","protected":false},"excerpt":{"rendered":"<p>Vigile pascale \u00e0 la Basilique Saint Pierre : R\u00e9novation solennelle des Promesses Baptismales 30 \u00f9ars 1997 Saint Jean-Paul II Saint Pierre, 30 mars 1997 Accompagn\u00e9s par leurs cat\u00e9chistes, pendant la Vigile Pascale, pr\u00e9sid\u00e9e par le Saint P\u00e8re Jean-Paul II, quatre communaut\u00e9s ont r\u00e9nov\u00e9 solennellement leurs promesses baptismales, \u00e0 la fin de l&rsquo;itin\u00e9raire N\u00e9ocat\u00e9chum\u00e9nal: la troisi\u00e8me, la quatri\u00e8me et la cinqui\u00e8me Communaut\u00e9 de la paroisse des Martyrs Canadiens et la quatri\u00e8me<\/p>\n<div class=\"read-more\"><a class=\"btn read-more-btn\" href=\"https:\/\/neocatechumenaleiter.org\/fr\/paroles-de-papes\/st-jean-paul-ii\/vigile-pascale-a-la-basilique-saint-pierre-renovation-solennelle-des-promesses-baptismales-30-uars-1997\/\">En savoir plus<\/a><\/div>\n","protected":false},"author":2,"featured_media":0,"parent":5064,"menu_order":88,"comment_status":"closed","ping_status":"closed","template":"","meta":{"footnotes":""},"class_list":["post-16813","page","type-page","status-publish","hentry"],"_links":{"self":[{"href":"https:\/\/neocatechumenaleiter.org\/fr\/wp-json\/wp\/v2\/pages\/16813","targetHints":{"allow":["GET"]}}],"collection":[{"href":"https:\/\/neocatechumenaleiter.org\/fr\/wp-json\/wp\/v2\/pages"}],"about":[{"href":"https:\/\/neocatechumenaleiter.org\/fr\/wp-json\/wp\/v2\/types\/page"}],"author":[{"embeddable":true,"href":"https:\/\/neocatechumenaleiter.org\/fr\/wp-json\/wp\/v2\/users\/2"}],"replies":[{"embeddable":true,"href":"https:\/\/neocatechumenaleiter.org\/fr\/wp-json\/wp\/v2\/comments?post=16813"}],"version-history":[{"count":1,"href":"https:\/\/neocatechumenaleiter.org\/fr\/wp-json\/wp\/v2\/pages\/16813\/revisions"}],"predecessor-version":[{"id":16814,"href":"https:\/\/neocatechumenaleiter.org\/fr\/wp-json\/wp\/v2\/pages\/16813\/revisions\/16814"}],"up":[{"embeddable":true,"href":"https:\/\/neocatechumenaleiter.org\/fr\/wp-json\/wp\/v2\/pages\/5064"}],"wp:attachment":[{"href":"https:\/\/neocatechumenaleiter.org\/fr\/wp-json\/wp\/v2\/media?parent=16813"}],"curies":[{"name":"wp","href":"https:\/\/api.w.org\/{rel}","templated":true}]}}