{"id":16815,"date":"2020-08-13T14:00:00","date_gmt":"2020-08-13T13:00:00","guid":{"rendered":"https:\/\/neocatechumenaleiter.org\/paroles-de-papes\/st-jean-paul-ii\/audience-aux-initiateurs-du-chemin-neocatechumenal-et-aux-catechistes-itinerants-24-janvier-1997\/"},"modified":"2020-08-13T14:00:01","modified_gmt":"2020-08-13T13:00:01","slug":"audience-aux-initiateurs-du-chemin-neocatechumenal-et-aux-catechistes-itinerants-24-janvier-1997","status":"publish","type":"page","link":"https:\/\/neocatechumenaleiter.org\/fr\/paroles-de-papes\/st-jean-paul-ii\/audience-aux-initiateurs-du-chemin-neocatechumenal-et-aux-catechistes-itinerants-24-janvier-1997\/","title":{"rendered":"Audience aux initiateurs du Chemin N\u00e9ocat\u00e9chum\u00e9nal et aux cat\u00e9chistes itin\u00e9rants 24 janvier 1997"},"content":{"rendered":"\n<h1 class=\"has-text-align-center wp-block-heading\">Audience aux initiateurs du Chemin N\u00e9ocat\u00e9chum\u00e9nal et aux cat\u00e9chistes itin\u00e9rants 24 janvier 1997<\/h1>\n\n<div style=\"height:20px\" aria-hidden=\"true\" class=\"wp-block-spacer\"><\/div>\n\n<h4 class=\"has-text-align-center wp-block-heading\">Saint Jean-Paul II<\/h4>\n\n<div style=\"height:20px\" aria-hidden=\"true\" class=\"wp-block-spacer\"><\/div>\n\n<p><strong>Cit\u00e9 du Vatican &#8211; Salle Cl\u00e9mentine, 24 janvier 1997 *<\/strong><\/p>\n\n<p><em>Le Pape a re\u00e7u en audience les itin\u00e9rants du Chemin N\u00e9ocat\u00e9chum\u00e9nal. Pendant la rencontre qui s&rsquo;est d\u00e9roul\u00e9e dans la Salle Cl\u00e9mentine, le Saint P\u00e8re a prononc\u00e9 le discours suivant:<\/em><\/p>\n\n<p>Tr\u00e8s chers Fr\u00e8res et S\u0153urs !<br \/><br \/>&#013;\n1.- Soyez les bienvenus dans la maison du Pape ! Je vous salue avec affection, chers itin\u00e9rants la\u00efcs et pr\u00eatres, ainsi que vos responsables, les initiateurs du Chemin N\u00e9ocat\u00e9chum\u00e9nal. Votre visite d\u2019aujourd\u2019hui est pour moi un grand r\u00e9confort.<br \/><br \/>&#013;\nJe sais que vous arrivez directement de la rencontre qui s&rsquo;est tenue au Mont Sina\u00ef et sur les bords de la Mer Rouge. A bien des \u00e9gards cette r\u00e9union a \u00e9t\u00e9 pour vous un moment historique. <strong>Vous avez choisi pour votre retraite spirituelle un lieu hautement significatif dans l \u2018histoire du salut, un lieu tout \u00e0 fait adapt\u00e9 pour \u00e9couter et m\u00e9diter la parole de Dieu<\/strong> et pour mieux comprendre le dessein du Seigneur \u00e0 votre endroit.<br \/><br \/>&#013;\nVous avez voulu de cette mani\u00e8re comm\u00e9morer les trente ans de vie du Chemin. Que de route parcourue avec l\u2019aide du Seigneur ! <strong>Le Chemin a connu en ces ann\u00e9es un d\u00e9veloppement et une diffusion dans l\u2019\u00c9glise vraiment impressionnants.<\/strong> Le Chemin a commenc\u00e9 parmi les gens des baraques de Madrid, comme la petite graine de s\u00e9nev\u00e9 de l&rsquo;\u00e9vangile, il est devenu trente ans plus tard, un grand arbre, qui s\u2019\u00e9tend d\u00e9sormais \u00e0 plus de 100 pays du monde, sans compter la pr\u00e9sence significative chez les catholiques des \u00c9glises de rite oriental.&#013;\n<\/p>\n\n<div class=\"wp-block-image\"><figure class=\"alignleft size-large\"><img loading=\"lazy\" decoding=\"async\" width=\"679\" height=\"562\" src=\"https:\/\/neocatechumenaleiter.org\/wp-content\/uploads\/2020\/03\/Camino_Neocatecumenal_Juan_Pablo_II_audiencia_hermanos_del_Camino_1997.jpg\" alt=\"\" class=\"wp-image-2666\" srcset=\"https:\/\/neocatechumenaleiter.org\/wp-content\/uploads\/2020\/03\/Camino_Neocatecumenal_Juan_Pablo_II_audiencia_hermanos_del_Camino_1997.jpg 679w, https:\/\/neocatechumenaleiter.org\/wp-content\/uploads\/2020\/03\/Camino_Neocatecumenal_Juan_Pablo_II_audiencia_hermanos_del_Camino_1997-300x248.jpg 300w\" sizes=\"auto, (max-width: 679px) 100vw, 679px\" \/><\/figure><\/div>\n\n<p>2.- Comme tous les anniversaires, le v\u00f4tre aussi, vu \u00e0 la lumi\u00e8re de la Foi, se transforme en motif de louange et d&rsquo;action de gr\u00e2ce pour l\u2019abondance des dons que le Seigneur a accord\u00e9s pendant ces ann\u00e9es \u00e0 vous-m\u00eames, et \u00e0 toute l\u2019\u00c9glise gr\u00e2ce \u00e0 vous. <strong>L\u2019exp\u00e9rience n\u00e9ocat\u00e9chum\u00e9nale a \u00e9t\u00e9 pour beaucoup de vous un chemin de conversion et de maturation de la foi; la red\u00e9couverte du bapt\u00eame comme vraie source de vie et de l\u2019Eucharistie comme point culminant de l\u2019existence du chr\u00e9tien par la red\u00e9couverte de la parole de Dieu: celle-ci, rompue dans la communion fraternelle, devient lumi\u00e8re et guide de la vie gr\u00e2ce \u00e0 la red\u00e9couverte de l\u2019\u00c9glise comme authentique communaut\u00e9 missionnaire.<\/strong>2.- Comme tous les anniversaires, le v\u00f4tre aussi, vu \u00e0 la lumi\u00e8re de la Foi, se transforme en motif de louange et d&rsquo;action de gr\u00e2ce pour l\u2019abondance des dons que le Seigneur a accord\u00e9s pendant ces ann\u00e9es \u00e0 vous-m\u00eames, et \u00e0 toute l\u2019\u00c9glise gr\u00e2ce \u00e0 vous. L\u2019exp\u00e9rience n\u00e9ocat\u00e9chum\u00e9nale a \u00e9t\u00e9 pour beaucoup de vous un chemin de conversion et de maturation de la foi; la red\u00e9couverte du bapt\u00eame comme vraie source de vie et de l\u2019Eucharistie comme point culminant de l\u2019existence du chr\u00e9tien par la red\u00e9couverte de la parole de Dieu: celle-ci, rompue dans la communion fraternelle, devient lumi\u00e8re et guide de la vie gr\u00e2ce \u00e0 la red\u00e9couverte de l\u2019\u00c9glise comme authentique communaut\u00e9 missionnaire.&#013;\nQue de jeunes gens, que de jeunes filles gr\u00e2ce au Chemin ont aussi d\u00e9couvert leur vocation sacerdotale et religieuse ! Votre visite d\u2019aujourd\u2019hui me donne l&rsquo;heureuse occasion de m&rsquo;associer aussi \u00e0 votre chant de louange et d&rsquo;action de gr\u00e2ce pour les \u00ab grandes choses \u00bb (magnalia) que Dieu op\u00e8re dans l\u2019exp\u00e9rience du Chemin.&#013;\n&#013;\n<strong>Que de jeunes gens, que de jeunes filles gr\u00e2ce au Chemin ont aussi d\u00e9couvert leur vocation sacerdotale et religieuse !<\/strong> Votre visite d\u2019aujourd\u2019hui me donne l&rsquo;heureuse occasion de m&rsquo;associer aussi \u00e0 votre chant de louange et d&rsquo;action de gr\u00e2ce pour les \u00ab grandes choses \u00bb (<em>magnalia<\/em>) que Dieu op\u00e8re dans l\u2019exp\u00e9rience du Chemin.&#013;\n<\/p>\n\n<p>3.- <strong>Son histoire s\u2019inscrit dans le contexte de la floraison des mouvements et groupes eccl\u00e9siaux qui constituent un des plus beaux fruits du renouveau spirituel inaugur\u00e9 par le Concile Vatican II.<\/strong> Cette floraison a \u00e9t\u00e9 et est encore aujourd&rsquo;hui un grand don de l\u2019Esprit Saint et un signe lumineux d\u2019esp\u00e9rance au seuil du Troisi\u00e8me Mill\u00e9naire. <strong>Les pasteurs aussi bien que les fid\u00e8les la\u00efcs doivent savoir accueillir ce don avec gratitude, mais aussi avec le sens des responsabilit\u00e9s sachant que \u00ab dans l\u2019\u00c9glise, l\u2019aspect institutionnel et l\u2019aspect charismatique, la Hi\u00e9rarchie et les Association et Mouvements de fid\u00e8les, son coessentiels et concourent \u00e0 la vie, au renouveau, \u00e0 la sanctification, quand bien m\u00eame ils le font de mani\u00e8re diff\u00e9rente \u00bb <\/strong>(<em>Discours aux participants du Colloque International des Mouvements eccl\u00e9siaux<\/em> : <em>Insegnamenti<\/em>, vol. X\/1, 1987, 478). <br \/><br \/>&#013;\nDans le monde d\u2019aujourd\u2019hui, profond\u00e9ment s\u00e9cularis\u00e9, <em>la nouvelle \u00e9vang\u00e9lisation se pr\u00e9sente comme un des d\u00e9fis fondamentaux<\/em>. <strong>Les mouvements eccl\u00e9siaux, qui se caract\u00e9risent pr\u00e9cis\u00e9ment par leur \u00e9lan missionnaire, <\/strong>sont appel\u00e9s \u00e0 un engagement particulier dans un esprit de communion et de collaboration.&#013;\nJ&rsquo;ai \u00e9crit \u00e0 ce sujet dans l&rsquo;Encyclique <em>Redemptoris Missio<\/em>: \u00ab <strong>Les mouvements<\/strong>, lorsqu\u2019ils s\u2019ins\u00e8rent avec humilit\u00e9 dans la vie des \u00c9glises locales et s\u2019ils sont accueillis cordialement par  les Ev\u00eaques et les pr\u00eatres dans les structures dioc\u00e9saines et paroissiales, <strong>repr\u00e9sentent un vrai don de Dieu pour la nouvelle \u00e9vang\u00e9lisation et pour l\u2019activit\u00e9 missionnaire proprement dite. Je recommande donc leur diffusion pour qu\u2019ils servent \u00e0 redonner vigueur \u00e0 la vie chr\u00e9tienne surtout parmi les jeunes<\/strong> \u00bb.<br \/><br \/>&#013;\nC\u2019est pourquoi en 1998, qui est l\u2019ann\u00e9e consacr\u00e9e \u00e0 l\u2019Esprit Saint dans le cadre du Grand Jubil\u00e9, j\u2019ai souhait\u00e9 que soit donn\u00e9 <em>un t\u00e9moignage commun de tous les mouvements eccl\u00e9siaux<\/em>, sous la conduite du Conseil Pontifical des La\u00efcs : ce sera un moment de communion et d\u2019engagement renouvel\u00e9 au service de la mission de l\u2019\u00c9glise. Je suis s\u00fbr que vous ne manquerez pas ce rendez-vous significatif.&#013;\n<\/p>\n\n<div class=\"wp-block-image\"><figure class=\"alignright size-large\"><img loading=\"lazy\" decoding=\"async\" width=\"393\" height=\"353\" src=\"https:\/\/neocatechumenaleiter.org\/wp-content\/uploads\/2020\/03\/Camino_Neocatecumenal_Juan_Pablo_II_audiencia_hermanos_del_Camino_1997_2.jpg\" alt=\"\" class=\"wp-image-2673\" srcset=\"https:\/\/neocatechumenaleiter.org\/wp-content\/uploads\/2020\/03\/Camino_Neocatecumenal_Juan_Pablo_II_audiencia_hermanos_del_Camino_1997_2.jpg 393w, https:\/\/neocatechumenaleiter.org\/wp-content\/uploads\/2020\/03\/Camino_Neocatecumenal_Juan_Pablo_II_audiencia_hermanos_del_Camino_1997_2-300x269.jpg 300w\" sizes=\"auto, (max-width: 393px) 100vw, 393px\" \/><\/figure><\/div>\n\n<p>4.- Le Chemin n\u00e9ocat\u00e9chum\u00e9nal f\u00eate ses trente ans : l\u2019\u00e2ge, dirais-je, d\u2019une certaine maturit\u00e9. Votre r\u00e9union au Sina\u00ef a en un certain sens ouvert devant vous un \u00e9tape nouvelle. En effet, vous avez cherch\u00e9 dans un esprit de foi \u00e0 orienter votre regard non seulement vers le pass\u00e9, mais aussi vers l\u2019avenir, vous interrogeant sur le dessein de Dieu \u00e0 l\u2019\u00e9gard du Chemin en ce moment historique. Le Seigneur a remis entre vos mains un tr\u00e9sor pr\u00e9cieux. Comment le vivre en pl\u00e9nitude, comment le partager encore mieux avec les autres ? Comment le d\u00e9fendre des divers dangers pr\u00e9sents ou futurs ? Voil\u00e0 quelques unes des questions que vous vous \u00eates pos\u00e9es, comme responsables du Chemin ou comme itin\u00e9rants de la premi\u00e8re heure.&#013;\nPour r\u00e9pondre \u00e0 ces questions, vous avez entam\u00e9 au Sina\u00ef dans un climat de pri\u00e8re et de profonde r\u00e9flexion, le processus de la r\u00e9daction d\u2019un Statut du Chemin. C\u2019est un pas tr\u00e8s important qui ouvre la route \u00e0 la reconnaissance juridique formelle, de la part de l\u2019\u00c9glise, qui vous donnera une garantie suppl\u00e9mentaire de l\u2019authenticit\u00e9 de votre charisme. Nous savons que, \u00ab le jugement sur leur authenticit\u00e9 (des charismes) et sur leur exercice ordonn\u00e9 appartient \u00e0 ceux qui pr\u00e9sident dans l\u2019\u00c9glise, dont la charge sp\u00e9cifique n\u2019est pas d\u2019\u00e9teindre l\u2019Esprit, mais d\u2019examiner tout et de retenir ce qui est bon \u00bb. (Lumen Gentium, 12).&#013;\nJe vous encourage \u00e0 poursuivre le travail commenc\u00e9, sous la conduite du Conseil Pontifical des La\u00efcs, et tout particuli\u00e8rement de son Secr\u00e9taire, Mgr Stanis\u0142aw Rylko, ici pr\u00e9sent. Je vous accompagne sur cette route de ma pri\u00e8re toute particuli\u00e8re.&#013;\nAvant de conclure, je voudrais remettre \u00e0 quelques s\u0153urs une croix, signe de leur fid\u00e9lit\u00e9 \u00e0 l\u2019\u00c9glise et de leur d\u00e9vouement total \u00e0 la mission d\u2019Evang\u00e9lisation. Que le Seigneur J\u00e9sus soit votre r\u00e9confort et votre soutien dans les moments difficiles. Que la Tr\u00e8s Sainte Vierge, M\u00e8re de l\u2019\u00c9glise, soit votre mod\u00e8le et votre guide en toute circonstance.&#013;\nAccompagnant ce souhait, je vous donne bien affectueusement ainsi qu\u2019\u00e0 tous ceux qui sont sur le Chemin N\u00e9ocat\u00e9chum\u00e9nal mon affectueuse B\u00e9n\u00e9diction.&#013;\n<br \/><br \/>&#013;\n(*) Cf. L\u2019Osservatore Romano, 25 Janvier 1997<\/p>\n\n<figure class=\"wp-block-image size-large\"><img loading=\"lazy\" decoding=\"async\" width=\"675\" height=\"558\" src=\"https:\/\/neocatechumenaleiter.org\/wp-content\/uploads\/2020\/03\/Camino_Neocatecumenal_Juan_Pablo_II_audiencia_hermanos_del_Camino_1997_3.jpg\" alt=\"\" class=\"wp-image-2680\" srcset=\"https:\/\/neocatechumenaleiter.org\/wp-content\/uploads\/2020\/03\/Camino_Neocatecumenal_Juan_Pablo_II_audiencia_hermanos_del_Camino_1997_3.jpg 675w, https:\/\/neocatechumenaleiter.org\/wp-content\/uploads\/2020\/03\/Camino_Neocatecumenal_Juan_Pablo_II_audiencia_hermanos_del_Camino_1997_3-300x248.jpg 300w\" sizes=\"auto, (max-width: 675px) 100vw, 675px\" \/><\/figure>","protected":false},"excerpt":{"rendered":"<p>Audience aux initiateurs du Chemin N\u00e9ocat\u00e9chum\u00e9nal et aux cat\u00e9chistes itin\u00e9rants 24 janvier 1997 Saint Jean-Paul II Cit\u00e9 du Vatican &#8211; Salle Cl\u00e9mentine, 24 janvier 1997 * Le Pape a re\u00e7u en audience les itin\u00e9rants du Chemin N\u00e9ocat\u00e9chum\u00e9nal. Pendant la rencontre qui s&rsquo;est d\u00e9roul\u00e9e dans la Salle Cl\u00e9mentine, le Saint P\u00e8re a prononc\u00e9 le discours suivant: Tr\u00e8s chers Fr\u00e8res et S\u0153urs ! &#013; 1.- Soyez les bienvenus dans la maison du<\/p>\n<div class=\"read-more\"><a class=\"btn read-more-btn\" href=\"https:\/\/neocatechumenaleiter.org\/fr\/paroles-de-papes\/st-jean-paul-ii\/audience-aux-initiateurs-du-chemin-neocatechumenal-et-aux-catechistes-itinerants-24-janvier-1997\/\">En savoir plus<\/a><\/div>\n","protected":false},"author":2,"featured_media":0,"parent":5064,"menu_order":87,"comment_status":"closed","ping_status":"closed","template":"","meta":{"footnotes":""},"class_list":["post-16815","page","type-page","status-publish","hentry"],"_links":{"self":[{"href":"https:\/\/neocatechumenaleiter.org\/fr\/wp-json\/wp\/v2\/pages\/16815","targetHints":{"allow":["GET"]}}],"collection":[{"href":"https:\/\/neocatechumenaleiter.org\/fr\/wp-json\/wp\/v2\/pages"}],"about":[{"href":"https:\/\/neocatechumenaleiter.org\/fr\/wp-json\/wp\/v2\/types\/page"}],"author":[{"embeddable":true,"href":"https:\/\/neocatechumenaleiter.org\/fr\/wp-json\/wp\/v2\/users\/2"}],"replies":[{"embeddable":true,"href":"https:\/\/neocatechumenaleiter.org\/fr\/wp-json\/wp\/v2\/comments?post=16815"}],"version-history":[{"count":1,"href":"https:\/\/neocatechumenaleiter.org\/fr\/wp-json\/wp\/v2\/pages\/16815\/revisions"}],"predecessor-version":[{"id":16816,"href":"https:\/\/neocatechumenaleiter.org\/fr\/wp-json\/wp\/v2\/pages\/16815\/revisions\/16816"}],"up":[{"embeddable":true,"href":"https:\/\/neocatechumenaleiter.org\/fr\/wp-json\/wp\/v2\/pages\/5064"}],"wp:attachment":[{"href":"https:\/\/neocatechumenaleiter.org\/fr\/wp-json\/wp\/v2\/media?parent=16815"}],"curies":[{"name":"wp","href":"https:\/\/api.w.org\/{rel}","templated":true}]}}