{"id":16817,"date":"2020-03-04T02:01:03","date_gmt":"2020-03-04T01:01:03","guid":{"rendered":"https:\/\/neocatechumenaleiter.org\/paroles-de-papes\/st-jean-paul-ii\/audience-aux-familles-du-chemin-neocatechumenal-12-decembre-1994\/"},"modified":"2021-08-10T11:03:52","modified_gmt":"2021-08-10T10:03:52","slug":"audience-aux-familles-du-chemin-neocatechumenal-12-decembre-1994","status":"publish","type":"page","link":"https:\/\/neocatechumenaleiter.org\/fr\/paroles-de-papes\/st-jean-paul-ii\/audience-aux-familles-du-chemin-neocatechumenal-12-decembre-1994\/","title":{"rendered":"Audience aux familles du Chemin N\u00e9ocat\u00e9chum\u00e9nal 12 d\u00e9cembre 1994"},"content":{"rendered":"\n<h1 class=\"has-text-align-center wp-block-heading\">Audience aux familles du Chemin N\u00e9ocat\u00e9chum\u00e9nal 12 d\u00e9cembre 1994<\/h1>\n\n<div style=\"height:20px\" aria-hidden=\"true\" class=\"wp-block-spacer\"><\/div>\n\n<h4 class=\"has-text-align-center wp-block-heading\">Saint Jean-Paul II<\/h4>\n\n<div style=\"height:20px\" aria-hidden=\"true\" class=\"wp-block-spacer\"><\/div>\n\n<p><strong>Cit\u00e9 du Vatican &#8211; Salle Paul VI, 12 d\u00e9cembre 1994 *<\/strong><\/p>\n\n<p><em>Jean-Paul II a re\u00e7u en audience le matin du lundi 12 d\u00e9cembre les familles du Chemin N\u00e9ocat\u00e9chum\u00e9nal. Pendant la rencontre, qui s\u2019est d\u00e9roul\u00e9e dans la salle Paul VI, le Saint P\u00e8re a prononc\u00e9 le discours suivant :<\/em><\/p>\n\n<p>Chers Fr\u00e8res et S\u0153urs !&#13;\n<br\/><br\/>&#13;\n1.- Soyez les bienvenus au Si\u00e8ge de Pierre, qui devient aujourd\u2019hui pour beaucoup d\u2019entre vous comme un port o\u00f9 larguer les amarres : vous \u00eates en effet venus pour un mandat missionnaire, qui concerne directement plus de deux cents familles, mais qui concerne aussi \u00e0 juste titre leurs communaut\u00e9s d\u2019appartenance respectives.<br\/><br\/>&#13;\nCeci n\u2019est pas la premi\u00e8re rencontre du Pape avec les familles du Chemin N\u00e9ocat\u00e9chum\u00e9nal. \u00c0 diff\u00e9rentes reprises j\u2019ai pu voir des groupes de la premi\u00e8re rencontre du Mouvement. Je me souviens, en particulier, de la rencontre \u00e0 Porto San Giorgio, lorsque j\u2019ai c\u00e9l\u00e9br\u00e9 l\u2019Eucharistie avec vous le jour de la F\u00eate de la Sainte Famille, et o\u00f9 j\u2019ai remis <em>le crucifix \u00e0 72 familles en partance pour le service itin\u00e9rant<\/em>. \u00c0 cette occasion, je vous ai parl\u00e9 de la Trinit\u00e9 en mission et de la famille en mission.<br\/><br\/>&#13;\nLa pr\u00e9sente rencontre est li\u00e9e \u00e0 celle-l\u00e0, enrichie cependant du chemin de ces ann\u00e9es pendant lesquelles l\u2019\u00c9glise a press\u00e9 le pas vers le troisi\u00e8me mill\u00e9naire chr\u00e9tien. Aujourd\u2019hui, en plus, nous nous pla\u00e7ons <strong>devant une toile de fond bien pr\u00e9cise : l\u2019Ann\u00e9e de la Famille, <\/strong>qui arrive d\u00e9sormais \u00e0 son terme et qui a v\u00e9cu son point culminant les<strong> 8 et 9 octobre dernier, quand de tr\u00e8s nombreuses familles venant du monde entier se sont rassembl\u00e9es Place Saint Pierre.<\/strong>&#13;\n<\/p>\n\n<p>En regardant vers l\u2019avant, nous voyons maintenant proche le grand Jubil\u00e9 de l\u2019an 2000, pour la pr\u00e9paration duquel j\u2019ai adress\u00e9 \u00e0 tout le peuple de Dieu la Lettre Apostolique <em>Tertio Millenio Adveniente<\/em>. <strong>L\u2019\u00c9glise, Famille de familles, est r\u00e9solument en route vers cet objectif, et il est tr\u00e8s important qu\u2019elle l\u2019atteigne autant que possible unie et missionnaire, solide dans la charit\u00e9 autour de l\u2019unique Seigneur et en m\u00eame temps projet\u00e9e par son Saint Esprit vers l\u2019\u00e9vang\u00e9lisation du monde.<\/strong><\/p>\n\n<div class=\"wp-block-image\"><figure class=\"alignleft size-medium\"><img loading=\"lazy\" decoding=\"async\" width=\"300\" height=\"245\" src=\"https:\/\/neocatechumenaleiter.org\/wp-content\/uploads\/2020\/03\/Camino_Neocatecumenal_Juan_Pablo_II_audiencia_familias_misioneras_1994-300x245.jpg\" alt=\"\" class=\"wp-image-2593\" srcset=\"https:\/\/neocatechumenaleiter.org\/wp-content\/uploads\/2020\/03\/Camino_Neocatecumenal_Juan_Pablo_II_audiencia_familias_misioneras_1994-300x245.jpg 300w, https:\/\/neocatechumenaleiter.org\/wp-content\/uploads\/2020\/03\/Camino_Neocatecumenal_Juan_Pablo_II_audiencia_familias_misioneras_1994.jpg 693w\" sizes=\"auto, (max-width: 300px) 100vw, 300px\" \/><\/figure><\/div>\n\n<p>2.- L\u2019Ann\u00e9e de la famille a surtout constitu\u00e9 pour toute l\u2019\u00c9glise <em>une profession de foi unanime<\/em> des familles de Dieu Cr\u00e9ateur, R\u00e9dempteur et Sanctificateur de la vie. En cette Ann\u00e9e \u00e9merge avec force dans la conscience de l\u2019\u00c9glise et aux yeux du monde la <em>dimension familiale<\/em> de celle que Vatican II appelle \u00ab <strong>participation des la\u00efcs \u00e0 la fonction proph\u00e9tique du Christ <\/strong>\u00bb (<em>Lumen Gentium<\/em>, n\u00b0 35).<\/p>\n\n<p><strong>La famille, en tant que \u00ab petite \u00e9glise \u00bb <\/strong>et \u00ab communaut\u00e9 domestique \u00bb, <strong>est appel\u00e9e \u00e0 exercer un service sacerdotal, proph\u00e9tique et royal. <\/strong>C\u2019est ce que le Concile souligne express\u00e9ment :  \u00ab Dans cet ordre des fonctions cet \u00e9tat de vie appara\u00eet comme \u00e9tant de grande valeur, sanctifi\u00e9 par un sacrement sp\u00e9cial : la vie matrimoniale et familiale \u00bb (<em>ibid<\/em>.)&#13;\n<br\/><br\/><strong>Les racines de cette vocation se trouvent naturellement dans le Bapt\u00eame, et le Chemin N\u00e9ocat\u00e9chum\u00e9nal est v\u00e9ritablement un itin\u00e9raire de red\u00e9couverte du Bapt\u00eame. <\/strong>Il est pour cela, tr\u00e8s significatif que dans les communaut\u00e9s ne s\u2019engagent pas seulement des personnes seules, mais aussi des familles, dispos\u00e9es \u00e0 affronter d\u2019un commun accord, sans manquer aux devoirs du pacte conjugal, les difficult\u00e9s et les responsabilit\u00e9s qu\u2019une telle t\u00e2che comporte.&#13;\n<\/p>\n\n<p>3.- Aujourd\u2019hui, chers Fr\u00e8res et S\u0153urs, vous \u00eates ici pour t\u00e9moigner vraiment de la dimension missionnaire et proph\u00e9tique de votre chemin de foi. Et vous voulez souligner que cette dimension missionnaire investit la famille en tant que telle, puisque la renaissance baptismale n\u2019en touche pas les membres seulement personnellement, mais les fait participer tous ensemble en les impliquant comme communaut\u00e9 familiale dans un lien plus profond d\u2019unit\u00e9 dans la charit\u00e9 et dans un plus vif \u00e9lan missionnaire.&#13;\n<br\/><br\/>&#13;\nVoil\u00e0, tr\u00e8s chers, ce qui est \u00e0 la racine de votre \u00ab d\u00e9part \u00bb. Ne l\u2019oubliez jamais ! Que le Crucifix que vous recevrez vous rappelle chaque jour que si vous \u00eates partis en mission, c\u2019est parce que vous avez \u00e9t\u00e9 les premiers \u00e0 \u00eatre rejoints, renouvel\u00e9s par l\u2019amour mis\u00e9ricordieux de Dieu, comme familles pour les familles.&#13;\n<\/p>\n\n<p>Allez donc, ch\u00e8res familles missionnaires. La gr\u00e2ce du Bapt\u00eame, de la Confirmation et du Mariage, renouvel\u00e9e dans l\u2019Eucharistie et la R\u00e9conciliation, vous soutiendront dans chaque instant de la vie. Forts de ce soutien surnaturel, soyez pr\u00eats \u00e0 rendre compte de l\u2019esp\u00e9rance qui est en vous (cf. 1 P 3, 15). Que la sainte Famille de Nazareth soit votre mod\u00e8le et votre Patronne. Que vous accompagne aussi la B\u00e9n\u00e9diction Apostolique, que je vous donne maintenant de tout c\u0153ur \u00e0 vous et \u00e0 vos communaut\u00e9s.<\/p>\n\n<div class=\"wp-block-image\"><figure class=\"alignright size-large\"><img loading=\"lazy\" decoding=\"async\" width=\"695\" height=\"569\" src=\"https:\/\/neocatechumenaleiter.org\/wp-content\/uploads\/2020\/03\/Camino_Neocatecumenal_Juan_Pablo_II_audiencia_familias_misioneras_1994_2.jpg\" alt=\"\" class=\"wp-image-2602\" srcset=\"https:\/\/neocatechumenaleiter.org\/wp-content\/uploads\/2020\/03\/Camino_Neocatecumenal_Juan_Pablo_II_audiencia_familias_misioneras_1994_2.jpg 695w, https:\/\/neocatechumenaleiter.org\/wp-content\/uploads\/2020\/03\/Camino_Neocatecumenal_Juan_Pablo_II_audiencia_familias_misioneras_1994_2-300x246.jpg 300w\" sizes=\"auto, (max-width: 695px) 100vw, 695px\" \/><\/figure><\/div>\n\n<p><em>Ce sont 120 familles du Chemin N\u00e9ocat\u00e9chum\u00e9nal qui ont re\u00e7u ce mandat missionnaire du Saint P\u00e8re. Elles proviennent de l\u2019Italie, de l\u2019Espagne, de la Pologne, de l\u2019Inde, de l\u2019Irlande. Elles porteront l\u2019annonce de l\u2019\u00c9vangile dans 40 pays des cinq continents.&#13;\n&#13;\nLes pays d\u2019Europe concern\u00e9s par le travail missionnaire de ces familles, sont entre autres, la Croatie, l\u2019Ukraine, le Kazakhstan, la Finlande, l\u2019Allemagne. En Am\u00e9rique les nouvelles familles en mission proclameront la Parole aux Etats-Unis, au Canada, au Costa-Rica, en Colombie, au Venezuela.<\/em>&#13;\n<\/p>\n\n<p><em>Les familles destin\u00e9es \u00e0 l\u2019Asie donneront leur t\u00e9moignage de foi au Japon, en Inde, \u00e0 Taiwan, aux Philippines. Parmi les pays africains auxquels est dirig\u00e9 le service itin\u00e9rant de ces familles on trouve l\u2019\u00c9gypte, la C\u00f4te d\u2019Ivoire, l\u2019\u00c9thiopie.&#13;\n<br\/><br\/>&#13;\nPour ces 120 familles, qui ont 441 enfants, il s\u2019agit d\u2019un service aussi difficile qu\u2019exaltant : t\u00e9moigner du Christ dans des r\u00e9gions de la Terre d\u00e9j\u00e0 \u00e9vang\u00e9lis\u00e9es mais menac\u00e9es par la s\u00e9cularisation, et dans des zones qui ne connaissent pas encore l\u2019\u00c9vangile.&#13;\n&#13;\nUn engagement qui doit se d\u00e9rouler sous deux versants,  intimement li\u00e9 par le signe de la foi \u00e0 la radicalit\u00e9 \u00e9vang\u00e9lique.<\/em>&#13;\n<\/p>\n\n<p><em>Ont particip\u00e9 \u00e0 la rencontre le Cardinal Lopez Trujillo, l\u2019Archev\u00eaque Massimino Romero, les \u00c9v\u00eaques Jan Pawel Lenga, Paul Cordes, Luigi Boccadoro, Giulio Salimei. En outre, \u00e9taient pr\u00e9sents Kiko Arguello et Carmen Hernandez, les initiateurs du Chemin N\u00e9ocat\u00e9chum\u00e9nal. 180 familles du Chemin engag\u00e9es en terre de mission depuis longtemps ont particip\u00e9 elles aussi.<\/em><br\/><br\/><em>(*) Cf. \u00abL\u2019Osservatore Romano\u00bb 12-13 d\u00e9cembre 1994.<\/em><\/p>\n","protected":false},"excerpt":{"rendered":"<p>Audience aux familles du Chemin N\u00e9ocat\u00e9chum\u00e9nal 12 d\u00e9cembre 1994 Saint Jean-Paul II Cit\u00e9 du Vatican &#8211; Salle Paul VI, 12 d\u00e9cembre 1994 * Jean-Paul II a re\u00e7u en audience le matin du lundi 12 d\u00e9cembre les familles du Chemin N\u00e9ocat\u00e9chum\u00e9nal. Pendant la rencontre, qui s\u2019est d\u00e9roul\u00e9e dans la salle Paul VI, le Saint P\u00e8re a prononc\u00e9 le discours suivant : Chers Fr\u00e8res et S\u0153urs !&#13; &#13; 1.- Soyez les bienvenus<\/p>\n<div class=\"read-more\"><a class=\"btn read-more-btn\" href=\"https:\/\/neocatechumenaleiter.org\/fr\/paroles-de-papes\/st-jean-paul-ii\/audience-aux-familles-du-chemin-neocatechumenal-12-decembre-1994\/\">En savoir plus<\/a><\/div>\n","protected":false},"author":2,"featured_media":0,"parent":5064,"menu_order":82,"comment_status":"closed","ping_status":"closed","template":"","meta":{"footnotes":""},"class_list":["post-16817","page","type-page","status-publish","hentry"],"_links":{"self":[{"href":"https:\/\/neocatechumenaleiter.org\/fr\/wp-json\/wp\/v2\/pages\/16817","targetHints":{"allow":["GET"]}}],"collection":[{"href":"https:\/\/neocatechumenaleiter.org\/fr\/wp-json\/wp\/v2\/pages"}],"about":[{"href":"https:\/\/neocatechumenaleiter.org\/fr\/wp-json\/wp\/v2\/types\/page"}],"author":[{"embeddable":true,"href":"https:\/\/neocatechumenaleiter.org\/fr\/wp-json\/wp\/v2\/users\/2"}],"replies":[{"embeddable":true,"href":"https:\/\/neocatechumenaleiter.org\/fr\/wp-json\/wp\/v2\/comments?post=16817"}],"version-history":[{"count":2,"href":"https:\/\/neocatechumenaleiter.org\/fr\/wp-json\/wp\/v2\/pages\/16817\/revisions"}],"predecessor-version":[{"id":24260,"href":"https:\/\/neocatechumenaleiter.org\/fr\/wp-json\/wp\/v2\/pages\/16817\/revisions\/24260"}],"up":[{"embeddable":true,"href":"https:\/\/neocatechumenaleiter.org\/fr\/wp-json\/wp\/v2\/pages\/5064"}],"wp:attachment":[{"href":"https:\/\/neocatechumenaleiter.org\/fr\/wp-json\/wp\/v2\/media?parent=16817"}],"curies":[{"name":"wp","href":"https:\/\/api.w.org\/{rel}","templated":true}]}}