{"id":16825,"date":"2020-03-04T01:48:56","date_gmt":"2020-03-04T00:48:56","guid":{"rendered":"https:\/\/neocatechumenaleiter.org\/paroles-de-papes\/st-jean-paul-ii\/audience-a-un-groupe-de-catechistes-itinerants-du-chemin-neocatechumenal-17-janvier-1994\/"},"modified":"2021-08-10T11:03:31","modified_gmt":"2021-08-10T10:03:31","slug":"audience-a-un-groupe-de-catechistes-itinerants-du-chemin-neocatechumenal-17-janvier-1994","status":"publish","type":"page","link":"https:\/\/neocatechumenaleiter.org\/fr\/paroles-de-papes\/st-jean-paul-ii\/audience-a-un-groupe-de-catechistes-itinerants-du-chemin-neocatechumenal-17-janvier-1994\/","title":{"rendered":"Audience \u00e0 un groupe de cat\u00e9chistes itin\u00e9rants du Chemin N\u00e9ocat\u00e9chum\u00e9nal 17 janvier 1994"},"content":{"rendered":"\n<h1 class=\"has-text-align-center wp-block-heading\">Audience du Saint P\u00e8re Jean-Paul II \u00e0 un groupe de cat\u00e9chistes itin\u00e9rants du Chemin N\u00e9ocat\u00e9chum\u00e9nal 17 janvier 1994<\/h1>\n\n<div style=\"height:20px\" aria-hidden=\"true\" class=\"wp-block-spacer\"><\/div>\n\n<h4 class=\"has-text-align-center wp-block-heading\">Saint Jean-Paul II<\/h4>\n\n<div style=\"height:20px\" aria-hidden=\"true\" class=\"wp-block-spacer\"><\/div>\n\n<p><strong>Cit\u00e9 du Vatican &#8211; Salle Cl\u00e9mentine, 17 janvier 1994 *<\/strong><\/p>\n\n<p><em>Jean Paul II a re\u00e7u en audience dans la salle Cl\u00e9mentine un groupe de cat\u00e9chistes itin\u00e9rants du \u00ab Chemin N\u00e9ocat\u00e9chum\u00e9nal \u00bb. <br\/><br\/>Voici le texte du discours que leur a adress\u00e9 le Saint P\u00e8re :<\/em><\/p>\n\n<div class=\"wp-block-image\"><figure class=\"alignright size-large\"><img loading=\"lazy\" decoding=\"async\" width=\"690\" height=\"567\" src=\"https:\/\/neocatechumenaleiter.org\/wp-content\/uploads\/2020\/03\/Camino_Neocatecumenal_Juan_Pablo_II_audiencia_catequistas_itinerantes_1994.jpg\" alt=\"\" class=\"wp-image-2548\" srcset=\"https:\/\/neocatechumenaleiter.org\/wp-content\/uploads\/2020\/03\/Camino_Neocatecumenal_Juan_Pablo_II_audiencia_catequistas_itinerantes_1994.jpg 690w, https:\/\/neocatechumenaleiter.org\/wp-content\/uploads\/2020\/03\/Camino_Neocatecumenal_Juan_Pablo_II_audiencia_catequistas_itinerantes_1994-300x247.jpg 300w\" sizes=\"auto, (max-width: 690px) 100vw, 690px\" \/><\/figure><\/div>\n\n<p>Chers Fr\u00e8res et S\u0153urs en Christ !<br\/><br\/>&#13;\n&#13;\n1. C\u2019est un grand motif de joie de vous rencontrer, cat\u00e9chistes itin\u00e9rants experts, qui vous \u00eates r\u00e9unis avec les initiateurs et les responsables, pour prier et r\u00e9fl\u00e9chir sur les fruits et les perspectives de la mission qui vous est confi\u00e9e, sp\u00e9cialement au sujet du r\u00f4le des familles au milieu des pauvres.&#13;\n<br\/><br\/>&#13;\nJe salue Monsieur Kiko Arg\u00fcello, et je le remercie des paroles qu\u2019il m\u2019a adress\u00e9es en votre nom ; je salue avec affection chacun d\u2019entre vous. Que la Paix du Seigneur soit avec vous !&#13;\n<\/p>\n\n<p>2. Votre \u00ab Chemin \u00bb entend s\u2019inspirer de l\u2019esprit du Concile Vatican II, pour proposer un exemple de nouvelle \u00e9vang\u00e9lisation qui donne de l\u2019esp\u00e9rance \u00e0 l\u2019\u00c9glise \u00e0 la veille du troisi\u00e8me mill\u00e9naire chr\u00e9tien.&#13;\n<br\/><br\/>&#13;\nVotre m\u00e9rite est d\u2019avoir red\u00e9couvert une pr\u00e9dication <strong>\u00ab k\u00e9rygmatique \u00bb, qui invite \u00e0 la foi m\u00eame les \u00ab lointains \u00bb r\u00e9alisant un itin\u00e9raire post-baptismal selon les indications de l\u2019Ordo Initiationis Christianae Adultorum<\/strong>, rappel\u00e9 dans le <em>Cat\u00e9chisme de l\u2019\u00c9glise Catholique<\/em> (cf. n\u00b01231). <em>Au centre de ce parcours de foi il y a une synth\u00e8se fructueuse entre pr\u00e9dication, changement de vie morale et liturgie.<\/em> Tout cela est r\u00e9alis\u00e9 en petites communaut\u00e9s, dans lesquelles \u00ab la r\u00e9flexion sur la Parole de Dieu et la participation \u00e0 l\u2019Eucharistie\u2026forment des cellules vivantes d\u2019\u00c9glise, \u2026  renouvellent la vitalit\u00e9 des Paroisses gr\u00e2ce \u00e0 des chr\u00e9tiens murs capables de t\u00e9moigner de la v\u00e9rit\u00e9 avec une foi v\u00e9cue radicalement \u00bb. (<em>Message aux \u00c9v\u00eaques d\u2019Europe r\u00e9unis \u00e0 Vienne, 12 avril 1993<\/em>). Ces communaut\u00e9s aident \u00e0 faire l\u2019exp\u00e9rience de l\u2019\u00c9glise comme Corps du Christ dans lequel, gr\u00e2ce aux signes sacramentels, Dieu propage son action salvifique aux hommes de chaque g\u00e9n\u00e9ration, surtout aux familles.&#13;\n<\/p>\n\n<p>3. Aujourd\u2019hui tous reconnaissent <strong>la crise grave qui atteint la famille, et est \u00e0 la source des maux les plus profonds de la soci\u00e9t\u00e9 contemporaine.<\/strong> C\u2019est bien pour cela que l\u2019\u00c9glise, faisant sienne l\u2019initiative des Nations Unies a d\u00e9sign\u00e9 l\u2019ann\u00e9e 1994 comme Ann\u00e9e de la Famille. <strong>Votre exp\u00e9rience d\u00e9j\u00e0 pluriannuelle dans le \u00ab Chemin \u00bb vous aura montr\u00e9 que la petite Communaut\u00e9<\/strong>, soutenue par la Parole de Dieu et par l\u2019Eucharistie dominicale, <strong>devient un lieu de communion, o\u00f9 la famille retrouve le sens et la joie de sa mission fondamentale qui est de transmettre la vie naturelle et surnaturelle. La famille ne peut pas d\u00e9l\u00e9guer ce devoir primordial \u00e0 d\u2019autres.<\/strong> Depuis les temps les plus anciens nous voyons que, dans le peuple de Dieu, <strong>il revient \u00e0 la famille de se placer comme premier lieu d\u2019\u00e9vang\u00e9lisation<\/strong>, selon ce qu\u2019on lit dans le Deut\u00e9ronome : \u00ab Ces pr\u00e9ceptes \u2026 tu les r\u00e9p\u00e9teras \u00e0 tes fils, tu les leur diras aussi bien assis dans ta maison que marchant sur la route, couch\u00e9 aussi bien que debout \u00bb (Dt 6, 7). <strong>Vos familles red\u00e9couvrent la pri\u00e8re quotidienne avec les enfants et surtout la c\u00e9l\u00e9bration domestique qui a lieu le jour du Seigneur<\/strong>, dans laquelle le p\u00e8re et la m\u00e8re ouvre la sainte \u00c9criture, la lisent et la commentent, et <strong>les enfants peuvent s\u2019\u00e9panouir dans un dialogue illumin\u00e9 par l\u2019Esprit Saint<\/strong>. On trouve un \u00e9cho de cette exp\u00e9rience dans la Lettre o\u00f9 Saint Paul rappelle \u00e0 Timoth\u00e9e comment sa m\u00e8re et sa grand-m\u00e8re l\u2019ont initi\u00e9 aux Saintes \u00c9critures depuis la plus tendre enfance. (cf. 2 Tm 1, 5 ; 3, 14-15).<\/p>\n\n<p>4. Il n\u2019est pas difficile, donc, \u00e0 la lumi\u00e8re de cela, de constater <strong>les fruits du Chemin N\u00e9ocat\u00e9chum\u00e9nal : les familles r\u00e9concili\u00e9es, ouvertes \u00e0 la vie et reconnaissantes envers l\u2019\u00c9glise, s\u2019offrent pour porter l\u2019annonce de l\u2019\u00c9vangile jusqu\u2019aux confins de la terre.<\/strong> J\u2019ai moi-m\u00eame eu l\u2019occasion de remettre le crucifix aux familles en partance pour les zones les plus pauvres et d\u00e9christianis\u00e9es. C\u2019est d\u2019elles que surgissent, maintenant, <strong>de nombreuses vocations. Des filles qui embrassent la vie religieuse et contemplative ; des gar\u00e7ons en marche vers le sacerdoce dans les s\u00e9minaires locaux et dans ces s\u00e9minaires missionnaires<\/strong> \u00ab <em>Redemptoris Mater<\/em> \u00bb n\u00e9s pour venir en aide aux \u00c9glises qui, \u00e9tant donn\u00e9 la raret\u00e9 du clerg\u00e9, se trouvent dans de graves difficult\u00e9s. Le v\u0153u de Vatican II vient ainsi se r\u00e9aliser : \u00ab Nous rappelons aux Pr\u00eatres que le souci de toutes les \u00c9glises leur incombe \u2026 \u00c0 cet effet il pourra \u00eatre utile de cr\u00e9er des s\u00e9minaires internationaux \u2026 \u00bb (<em>Presbiterorum Ordinis<\/em>, 10).<\/p>\n\n<div class=\"wp-block-image\"><figure class=\"alignleft size-large\"><img loading=\"lazy\" decoding=\"async\" width=\"681\" height=\"558\" src=\"https:\/\/neocatechumenaleiter.org\/wp-content\/uploads\/2020\/03\/Camino_Neocatecumenal_Juan_Pablo_II_audiencia_catequistas_itinerantes_1994_2.jpg\" alt=\"\" class=\"wp-image-2555\" srcset=\"https:\/\/neocatechumenaleiter.org\/wp-content\/uploads\/2020\/03\/Camino_Neocatecumenal_Juan_Pablo_II_audiencia_catequistas_itinerantes_1994_2.jpg 681w, https:\/\/neocatechumenaleiter.org\/wp-content\/uploads\/2020\/03\/Camino_Neocatecumenal_Juan_Pablo_II_audiencia_catequistas_itinerantes_1994_2-300x246.jpg 300w\" sizes=\"auto, (max-width: 681px) 100vw, 681px\" \/><\/figure><\/div>\n\n<p>5. Mais surtout <strong>c\u2019est l\u2019\u00e9lan missionnaire qui est le grand fruit de ce Chemin<\/strong>. J\u2019apprend avec joie que les paroles que j\u2019ai adress\u00e9 aux jeunes \u00e0 Denver ont trouv\u00e9 un \u00e9cho chez vous. Je disais : \u00ab Ce n\u2019est pas le temps d\u2019avoir honte de l\u2019\u00c9vangile (cf. Rm 1, 16). C\u2019est le temps de pr\u00eacher du haut des toits (cf. Mt 10, 27) \u00bb (<em>Hom\u00e9lie de la sainte Messe de la Journ\u00e9e Mondiale de la Jeunesse \u00e0 Denver<\/em>, 15 ao\u00fbt 1993).&#13;\n<br\/><br\/>&#13;\nC\u2019est pour cela que vous vous pr\u00e9parez aux <strong>grandes missions populaires destin\u00e9es en particulier \u00e0 ceux qui se sont \u00e9loign\u00e9s de l\u2019\u00c9glise ou qui ne la connaissent pas encore.<\/strong> Je souhaite que l\u2019initiative d\u2019annoncer l\u2019\u00c9vangile dans les rues, lanc\u00e9e en plein accord avec les \u00c9v\u00eaques locaux, porte partout des fruits abondants.&#13;\n<br\/><br\/>&#13;\n6. <strong>Tr\u00e8s chers \u00e9vang\u00e9lisateurs itin\u00e9rants ! <\/strong>Je m\u2019adresse \u00e0 vous avec grande affection, vous qui avez tout laiss\u00e9 pour pr\u00eacher Christ et Christ crucifi\u00e9 dans 94 pays des cinq continents, en ob\u00e9issance docile et constante aux \u00c9v\u00eaques. <strong>Je vous exhorte \u00e0 rester toujours fid\u00e8les au charisme que Dieu vous a confi\u00e9 pour le bien de toute la communaut\u00e9 eccl\u00e9siale<\/strong>, contribuant par votre \u0153uvre \u00e0 une red\u00e9couverte plus profonde de l\u2019initiation chr\u00e9tienne des adultes. Tout en vous assurant de mon souvenir constant dans la pri\u00e8re, je suis heureux aujourd\u2019hui, dans cette atmosph\u00e8re de communion festive, de remettre le Crucifix \u00e0 ceux d\u2019entre vous qui sont appel\u00e9s \u00e0 devenir \u00e9vang\u00e9lisateurs itin\u00e9rants.&#13;\n<br\/><br\/>&#13;\nQue Marie Tr\u00e8s sainte, l\u2019humble Vierge de Nazareth, vous accompagne dans votre p\u00e9r\u00e9grination dans le monde pour l\u2019annonce du Royaume de Dieu. Restez tous sous sa protection maternelle ! J\u2019accorde de tout c\u0153ur \u00e0 vous-m\u00eames, \u00e0 vos familles, au Chemin N\u00e9ocat\u00e9chum\u00e9nal la B\u00e9n\u00e9diction Apostolique.<\/p>\n\n<p><em>Au cours de la salutation adress\u00e9e \u00e0 Jean Paul II au d\u00e9but de l\u2019audience, l\u2019initiateur du Chemin N\u00e9ocat\u00e9chum\u00e9nal, Kiko Arg\u00fcello, a rappel\u00e9 surtout les fruits de l\u2019extraordinaire exp\u00e9rience v\u00e9cue par 30 000 jeunes du \u00ab Chemin \u00bb pendant le rassemblement mondial de Denver, qui s\u2019est d\u00e9roul\u00e9 en ao\u00fbt de l\u2019ann\u00e9e pass\u00e9e \u00e0 l\u2019occasion de la Journ\u00e9e Mondiale de la Jeunesse. Apr\u00e8s cette rencontre, mille deux cents gar\u00e7ons ont d\u00e9cid\u00e9 d\u2019entrer au s\u00e9minaire et mille filles ont choisi la vie monastique clo\u00eetr\u00e9e. \u00ab \u00c0 Denver \u2013 <\/em>a-t-il dit<em>&#8211; il y a vraiment eu un tournant de l\u2019\u00c9glise. \u00c0 Denver il y a eu une gr\u00e2ce sp\u00e9ciale de l\u2019Esprit Saint et les jeunes ont \u00e9t\u00e9 surtout touch\u00e9s par la parole du Saint P\u00e8re \u00bb.<\/em><\/p>\n\n<p><em>Kiko Arg\u00fcello a ensuite pr\u00e9sent\u00e9 au Pape les responsables itin\u00e9rants des 94 Nations des cinq Continents, qui ont particip\u00e9 \u00e0 une rencontre de sept jours sur la r\u00e9alit\u00e9 du \u00ab Chemin \u00bb, sur les fruits des familles en mission (400 en tout dans le monde) et sur les s\u00e9minaires \u00ab Redemptoris Mater \u00bb (25 d\u00e9j\u00e0 ouverts dans divers pays), dont les recteurs \u00e9taient pr\u00e9sents \u00e0 l\u2019audience.&#13;\n<br\/><br\/>&#13;\nSept ann\u00e9es se sont pass\u00e9es depuis que les premi\u00e8res familles du \u00ab Chemin \u00bb sont parties en mission pour les pays les plus pauvres de l\u2019Am\u00e9rique Latine. Aujourd\u2019hui l\u2019\u0153uvre d\u2019\u00e9vang\u00e9lisation accomplie a produit des fruits abondants dans les paroisses, les s\u00e9minaires, et les familles dans des contextes politiques et sociaux difficiles et hostiles \u00e0 la foi. \u00ab Nous sommes tout a fait convaincus \u2013 <\/em>a dit entre autres Kiko Arg\u00fcello<em> \u2013 que le futur de l\u2019humanit\u00e9 passe par la famille \u00bb. En grandissant dans la foi les familles s\u2019ouvrent \u00e0 la vie et transmettent aux enfants la nouveaut\u00e9 et la joie du message chr\u00e9tien. Le Chemin N\u00e9ocat\u00e9chum\u00e9nal offre un appui constant \u00e0 cette \u0153uvre d\u2019\u00e9vang\u00e9lisation, en \u00e9tant pleinement conscient \u2013 a dit Arg\u00fcello \u2013 que \u00ab la petite communaut\u00e9 peut sauver la famille en Europe \u00bb.<\/em>&#13;\n<br\/><br\/><em>(*) Cf. \u00abL\u2019Osservatore Romano\u00bb, 17-18 janvier 1994.<\/em><\/p>\n","protected":false},"excerpt":{"rendered":"<p>Audience du Saint P\u00e8re Jean-Paul II \u00e0 un groupe de cat\u00e9chistes itin\u00e9rants du Chemin N\u00e9ocat\u00e9chum\u00e9nal 17 janvier 1994 Saint Jean-Paul II Cit\u00e9 du Vatican &#8211; Salle Cl\u00e9mentine, 17 janvier 1994 * Jean Paul II a re\u00e7u en audience dans la salle Cl\u00e9mentine un groupe de cat\u00e9chistes itin\u00e9rants du \u00ab Chemin N\u00e9ocat\u00e9chum\u00e9nal \u00bb. Voici le texte du discours que leur a adress\u00e9 le Saint P\u00e8re : Chers Fr\u00e8res et S\u0153urs en<\/p>\n<div class=\"read-more\"><a class=\"btn read-more-btn\" href=\"https:\/\/neocatechumenaleiter.org\/fr\/paroles-de-papes\/st-jean-paul-ii\/audience-a-un-groupe-de-catechistes-itinerants-du-chemin-neocatechumenal-17-janvier-1994\/\">En savoir plus<\/a><\/div>\n","protected":false},"author":2,"featured_media":0,"parent":5064,"menu_order":78,"comment_status":"closed","ping_status":"closed","template":"","meta":{"footnotes":""},"class_list":["post-16825","page","type-page","status-publish","hentry"],"_links":{"self":[{"href":"https:\/\/neocatechumenaleiter.org\/fr\/wp-json\/wp\/v2\/pages\/16825","targetHints":{"allow":["GET"]}}],"collection":[{"href":"https:\/\/neocatechumenaleiter.org\/fr\/wp-json\/wp\/v2\/pages"}],"about":[{"href":"https:\/\/neocatechumenaleiter.org\/fr\/wp-json\/wp\/v2\/types\/page"}],"author":[{"embeddable":true,"href":"https:\/\/neocatechumenaleiter.org\/fr\/wp-json\/wp\/v2\/users\/2"}],"replies":[{"embeddable":true,"href":"https:\/\/neocatechumenaleiter.org\/fr\/wp-json\/wp\/v2\/comments?post=16825"}],"version-history":[{"count":2,"href":"https:\/\/neocatechumenaleiter.org\/fr\/wp-json\/wp\/v2\/pages\/16825\/revisions"}],"predecessor-version":[{"id":24213,"href":"https:\/\/neocatechumenaleiter.org\/fr\/wp-json\/wp\/v2\/pages\/16825\/revisions\/24213"}],"up":[{"embeddable":true,"href":"https:\/\/neocatechumenaleiter.org\/fr\/wp-json\/wp\/v2\/pages\/5064"}],"wp:attachment":[{"href":"https:\/\/neocatechumenaleiter.org\/fr\/wp-json\/wp\/v2\/media?parent=16825"}],"curies":[{"name":"wp","href":"https:\/\/api.w.org\/{rel}","templated":true}]}}