{"id":16827,"date":"2020-03-04T00:53:11","date_gmt":"2020-03-03T23:53:11","guid":{"rendered":"https:\/\/neocatechumenaleiter.org\/paroles-de-papes\/st-jean-paul-ii\/homelie-du-saint-pere-jean-paul-ii-pendant-leucharistie-celebree-avec-la-communaute-du-seminaire-romain-redemptoris-mater-31-octobre-1993\/"},"modified":"2021-08-10T11:03:25","modified_gmt":"2021-08-10T10:03:25","slug":"homelie-du-saint-pere-jean-paul-ii-pendant-leucharistie-celebree-avec-la-communaute-du-seminaire-romain-redemptoris-mater-31-octobre-1993","status":"publish","type":"page","link":"https:\/\/neocatechumenaleiter.org\/fr\/paroles-de-papes\/st-jean-paul-ii\/homelie-du-saint-pere-jean-paul-ii-pendant-leucharistie-celebree-avec-la-communaute-du-seminaire-romain-redemptoris-mater-31-octobre-1993\/","title":{"rendered":"Hom\u00e9lie du Saint P\u00e8re Jean-Paul II pendant l&rsquo;Eucharistie c\u00e9l\u00e9br\u00e9e avec la communaut\u00e9 du S\u00e9minaire romain \u00ab\u00a0Redemptoris Mater\u00a0\u00bb 31 octobre 1993"},"content":{"rendered":"\n<h1 class=\"has-text-align-center wp-block-heading\">Hom\u00e9lie du Saint P\u00e8re Jean-Paul II pendant l&rsquo;Eucharistie c\u00e9l\u00e9br\u00e9e avec la communaut\u00e9 du S\u00e9minaire romain \u00ab\u00a0Redemptoris Mater\u00a0\u00bb 31 octobre 1993<\/h1>\n\n<div style=\"height:20px\" aria-hidden=\"true\" class=\"wp-block-spacer\"><\/div>\n\n<h4 class=\"has-text-align-center wp-block-heading\">Saint Jean-Paul II<\/h4>\n\n<div style=\"height:20px\" aria-hidden=\"true\" class=\"wp-block-spacer\"><\/div>\n\n<p><strong>Cit\u00e9 du Vatican &#8211; Chapelle \u00ab\u00a0Redemptoris Mater\u00a0\u00bb, 31 octobre 1993<\/strong><\/p>\n\n<p><em>\u00ab Le terrain le plus f\u00e9cond pour faire \u00e9clore une vocation est vraiment l\u2019approfondissement de la vie spirituelle, dans l\u2019acceptation du \u00ab\u00a0radicalisme\u00a0\u00bb \u00e9vang\u00e9lique \u00bb. C\u2019est ce qu\u2019a affirm\u00e9 Jean Paul II dans l\u2019hom\u00e9lie qu\u2019il a prononc\u00e9 le dimanche 31 octobre pendant la messe c\u00e9l\u00e9br\u00e9e pour la communaut\u00e9 du S\u00e9minaire romain \u00ab\u00a0Redemptoris Mater\u00a0\u00bb. Voici le texte de l\u2019hom\u00e9lie :<\/em><\/p>\n\n<div class=\"wp-block-image\"><figure class=\"alignleft size-medium\"><img loading=\"lazy\" decoding=\"async\" width=\"300\" height=\"248\" src=\"https:\/\/neocatechumenaleiter.org\/wp-content\/uploads\/2020\/03\/Camino_Neocatecumenal_Juan_Pablo_II_homilia_seminario_redemptoris_mater_Roma_1993-300x248.jpg\" alt=\"\" class=\"wp-image-2515\" srcset=\"https:\/\/neocatechumenaleiter.org\/wp-content\/uploads\/2020\/03\/Camino_Neocatecumenal_Juan_Pablo_II_homilia_seminario_redemptoris_mater_Roma_1993-300x248.jpg 300w, https:\/\/neocatechumenaleiter.org\/wp-content\/uploads\/2020\/03\/Camino_Neocatecumenal_Juan_Pablo_II_homilia_seminario_redemptoris_mater_Roma_1993.jpg 689w\" sizes=\"auto, (max-width: 300px) 100vw, 300px\" \/><\/figure><\/div>\n\n<p>Lou\u00e9 soit J\u00e9sus Christ !&#13;\n<br\/><br\/>&#13;\n1. V\u00e9n\u00e9r\u00e9s fr\u00e8res dans l\u2019\u00c9piscopat et dans le Sacerdoce, <em>tous les fr\u00e8res et s\u0153urs<\/em> !&#13;\n&#13;\n\u00abNous nous sommes faits pleins d&rsquo;amour au milieu de vous comme une m\u00e8re nourrit ses enfants et les entoure de soins \u00bb (1\u00b0 Th 2, 7) : <em>paroles de Saint Paul aux Thessaloniciens.<\/em>&#13;\n&#13;\nChaque presbytre devrait pouvoir faire siennes ces paroles de Saint Paul que nous avons \u00e9cout\u00e9es il y a peu. <strong>L\u2019image maternelle<\/strong> qu\u2019il s\u2019attribue <strong>est vraiment l\u2019une des plus suggestives pour exprimer la beaut\u00e9 de la vocation sacerdotale.<\/strong> Elle n\u2019indique pas seulement une rare intensit\u00e9 d\u2019affection et de d\u00e9vouement, mais sugg\u00e8re aussi le lien intime qu\u2019il y a entre le minist\u00e8re apostolique et le minist\u00e8re de la nouvelle \u00ab naissance \u00bb en Christ gr\u00e2ce \u00e0 l\u2019Esprit Saint (cf. Jn 3, 5-8). <em>La m\u00e8re qui a soin de ses cr\u00e9atures, la m\u00e8re qui nourrit.<\/em>&#13;\n<br\/><br\/>&#13;\nVoici, en quoi le porteur de la \u00ab parole divine de la pr\u00e9dication \u00bb, l\u2019ap\u00f4tre se per\u00e7oit comme instrument de cette r\u00e9g\u00e9n\u00e9ration spirituelle, <em>se per\u00e7oit comme m\u00e8re<\/em>. Il incarne pour les fr\u00e8res la \u00ab maternit\u00e9 \u00bb de l\u2019\u00c9glise. Ayant \u00e9t\u00e9 appel\u00e9 \u00e0 les engendrer en Christ gr\u00e2ce \u00e0 l\u2019\u00c9vangile (cf. 1\u00b0 Co 4, 15), il se sent \u00e0 juste titre, vis-\u00e0-vis d\u2019eux, <em>non seulement p\u00e8re, mais aussi m\u00e8re,<\/em> \u00ab p\u00e8re \u00bb et \u00ab m\u00e8re \u00bb, pr\u00eat \u00e0 leur donner non seulement l\u2019\u00c9vangile, mais \u00ab sa propre vie \u00bb (cf. 1\u00b0 Th  2, 8)&#13;\n<\/p>\n\n<p>2. Quelle diff\u00e9rence entre cette image de l\u2019apostolat et celle qui ressort des deux autres lectures, scand\u00e9es d\u2019avertissement coupants et s\u00e9v\u00e8res ! Ils sont adress\u00e9s aux pr\u00eatres de l\u2019Ancienne Alliance, aux scribes, aux pharisiens, mais ils signalent des risques de d\u00e9viation qui sont toujours embusqu\u00e9s aussi dans notre minist\u00e8re.&#13;\n&#13;\n\u00ab Mais vous vous \u00eates \u00e9cart\u00e9s de la voie; vous en avez fait tr\u00e9bucher un grand nombre par  votre enseignement \u00bb (Ml 2, 8).&#13;\n<br\/><br\/>&#13;\nCette parole du proph\u00e8te Malachie souligne la grande responsabilit\u00e9 des ministres de l\u2019autel vis-\u00e0-vis de la Parole, leur incoh\u00e9rence est doublement grave, parce qu\u2019elle s\u2019accompagne du scandale. Malheur \u00e0 ceux qui devraient \u00eatre les \u00e9ducateurs du peuple de Dieu, et qui au contraire lui font obstacle.&#13;\n<br\/><br\/>&#13;\nLes paroles de J\u00e9sus pour ceux qui se sont assis sur la chaire de Mo\u00efse ne sont pas moins graves, non pas comme humbles serviteurs de la Parole de Dieu, mais comme chercheurs avides de l\u2019\u00e9loge des hommes. En eux, parole et vie apparaissent en un contraste criant: ils sont les ma\u00eetres de choses qu\u2019ils n\u2019observent pas, ils imposent des fardeaux qu\u2019ils n\u2019osent pas porter, ils revendiquent un titre \u2013 celui de \u00ab rabbi \u00bb &#8211; qui ne leur appartient pas, parce que \u00ab un seul est le Ma\u00eetre, le Christ \u00bb (cf. Mt 23, 10).&#13;\n<\/p>\n\n<div class=\"wp-block-image\"><figure class=\"alignright size-large\"><img loading=\"lazy\" decoding=\"async\" width=\"676\" height=\"507\" src=\"https:\/\/neocatechumenaleiter.org\/wp-content\/uploads\/2020\/03\/Camino_Neocatecumenal_Juan_Pablo_II_homilia_seminario_redemptoris_mater_Roma_1993_2.jpg\" alt=\"\" class=\"wp-image-2524\" srcset=\"https:\/\/neocatechumenaleiter.org\/wp-content\/uploads\/2020\/03\/Camino_Neocatecumenal_Juan_Pablo_II_homilia_seminario_redemptoris_mater_Roma_1993_2.jpg 676w, https:\/\/neocatechumenaleiter.org\/wp-content\/uploads\/2020\/03\/Camino_Neocatecumenal_Juan_Pablo_II_homilia_seminario_redemptoris_mater_Roma_1993_2-300x225.jpg 300w\" sizes=\"auto, (max-width: 676px) 100vw, 676px\" \/><\/figure><\/div>\n\n<p>3. <strong>Ainsi la Parole de Dieu nous pr\u00e9sente<\/strong>, d\u2019une part, <strong>le mod\u00e8le de la vocation apostolique et sacerdotale authentique<\/strong>, et d\u2019autre part ses d\u00e9g\u00e9n\u00e9rations possibles. <em>La Parole de Dieu dans cette liturgie<\/em> vient \u00e0 point nomm\u00e9 pour ma rencontre avec vous, \u00ab Redemptoris Mater \u00bb, responsables et \u00e9tudiants, clercs, du s\u00e9minaire romain <em>qui a pris le m\u00eame nom que cette chapelle : \u00ab Redemptoris Mater \u00bb.<\/em><br\/><br\/><em>Ceci nous rappelle tellement la r\u00e9demption, nous rappelle \u00ab Redemptoris hominis \u00bb, \u00ab Redemptoris Mater \u00bb,  \u00ab Redemptoris Custos \u00bb, et aussi \u00ab Redemptoris Missio \u00bb, tout dans la m\u00eame ligne. Je salue donc les s\u00e9minaristes et les sup\u00e9rieurs du \u00ab Redemptoris Mater \u00bb dans cette chapelle d\u00e9di\u00e9e \u00e0 la Redemptoris Mater.<\/em>&#13;\n<br\/><br\/>&#13;\nJe salue le Cardinal Vicaire de Rome, Camillo Ruini, qui d\u2019une certaine fa\u00e7on est le premier responsable de votre s\u00e9minaire, qui bien que qualifi\u00e9 par sa finalit\u00e9 missionnaire, se pr\u00e9sente comme S\u00e9minaire du Dioc\u00e8se de Rome <em>et il l\u2019est<\/em>. Je salue votre Recteur, Mgr Giulio Salimei, votre P\u00e8re spirituel, Mgr Maximino Romero de Lema, <em>et je les remercie tous deux d\u2019avoir bien voulu accepter cette mission importante de l\u2019\u00e9ducation au sein du \u00ab Redemptoris Mater \u00bb, apr\u00e8s tant d\u2019ann\u00e9es de travail au sein de la Curie Romaine, dans le Vicariat de Rome.<\/em> Je vous salue tous, tr\u00e8s chers s\u00e9minaristes, je vous salue un \u00e0 un, <em>en voyant en vous de futurs pr\u00eatres, qui ont fait un choix<\/em> et s\u2019acheminent vers le Sacerdoce du <em>Christ<\/em>.&#13;\n<br\/><br\/>&#13;\nIl est significatif et important que vous ayez d\u00e9couvert la vocation sacerdotale en suivant le Chemin N\u00e9ocat\u00e9chum\u00e9nal, et maintenant vous poursuivez votre itin\u00e9raire de formation en vous en tenant \u2013 comme de juste \u2013 aux orientations que l\u2019\u00c9glise donne pour tous les candidats au Sacerdoce. Le but vers lequel vous tendez est un enracinement profond en Christ, accompagn\u00e9 de l\u2019adh\u00e9sion <em>totale<\/em> et de c\u0153ur \u00e0 l\u2019\u00c9glise. C\u2019est cela la base incontournable d\u2019une formation sacerdotale authentique en m\u00eame temps que la garantie de la b\u00e9n\u00e9diction de Dieu <em>dans ce chemin sacerdotal et n\u00e9ocat\u00e9chum\u00e9nal, n\u00e9ocat\u00e9chum\u00e9nal et missionnaire, apostolique et missionnaire.<\/em>&#13;\n<\/p>\n\n<p>Pour cela j\u2019apprend avec joie que, comme les v\u00f4tres, beaucoup d\u2019autres vocations sont en train de fleurir sur le sentier de votre spiritualit\u00e9, le Chemin N\u00e9ocat\u00e9chum\u00e9nal, non seulement ici \u00e0 Rome mais en diff\u00e9rents endroits, dans des pays d\u2019Europe et du monde entier. C\u2019est vraiment l\u2019approfondissement de la vie spirituelle propre \u00e0 ce chemin, qui trouve dans l\u2019acceptation du \u00ab radicalisme \u00e9vang\u00e9lique \u00bb, aussi un terrain plus f\u00e9cond pour faire \u00e9clore une vocation. Dieu ne cesse d\u2019appeler, mais seule une profonde intimit\u00e9 avec le Christ permet d\u2019en entendre la voix, de l\u2019accueillir promptement et de la suivre avec pers\u00e9v\u00e9rance.<\/p>\n\n<div class=\"wp-block-image\"><figure class=\"alignleft size-medium\"><img loading=\"lazy\" decoding=\"async\" width=\"300\" height=\"251\" src=\"https:\/\/neocatechumenaleiter.org\/wp-content\/uploads\/2020\/03\/Camino_Neocatecumenal_Juan_Pablo_II_homilia_seminario_redemptoris_mater_Roma_1993_3-300x251.jpg\" alt=\"\" class=\"wp-image-2529\" srcset=\"https:\/\/neocatechumenaleiter.org\/wp-content\/uploads\/2020\/03\/Camino_Neocatecumenal_Juan_Pablo_II_homilia_seminario_redemptoris_mater_Roma_1993_3-300x251.jpg 300w, https:\/\/neocatechumenaleiter.org\/wp-content\/uploads\/2020\/03\/Camino_Neocatecumenal_Juan_Pablo_II_homilia_seminario_redemptoris_mater_Roma_1993_3.jpg 684w\" sizes=\"auto, (max-width: 300px) 100vw, 300px\" \/><\/figure><\/div>\n\n<p>4. On ne peut pas \u00eatre \u00ab engendreurs \u00bb de foi si on n\u2019est pas auparavant \u00ab engendr\u00e9s \u00bb par la foi. Paul pouvait annoncer Christ, parce qu\u2019il pouvait dire en toute v\u00e9rit\u00e9 : \u00ab Ce n\u2019est plus moi qui vis, c\u2019est le Christ qui vit en moi \u00bb (Ga 2, 20). Ainsi il pouvait annoncer le Christ, \u00e9tant d\u2019abord engendr\u00e9 par lui, converti par le Christ, p\u00e9n\u00e9tr\u00e9 par lui. \u00ab Ce n\u2019est plus moi qui vis, c\u2019est le Christ qui vit en moi \u00bb. Il ne revendiquait pas alors un titre inappropri\u00e9, comme celui que l\u2019\u00c9vangile d\u2019aujourd\u2019hui interdit, quand il se sentait et se disait \u00ab p\u00e8re \u00bb de ses communaut\u00e9s, parce que sa paternit\u00e9 n\u2019\u00e9tait autre que transparente manifestation de celle de Dieu. En m\u00eame temps il se disait \u00ab m\u00e8re \u00bb, et m\u00eame il donnait une certaine pr\u00e9c\u00e9dence \u00e0 la maternit\u00e9 apostolique qui \u00e9tait la sienne vis-\u00e0-vis de ces communaut\u00e9s.&#13;\n<br\/><br\/>&#13;\nLe myst\u00e8re du sacerdoce doit \u00eatre pris dans son lien intime avec le myst\u00e8re du Christ. Il revient \u00e0 toute l\u2019\u00c9glise de rendre, en quelque sorte, le Christ \u00ab visible \u00bb, pr\u00e9sent dans l\u2019histoire des hommes, mais il revient en premier lieu au pr\u00eatre, au presbytre, appel\u00e9 \u00e0 agir \u00ab in persona christi \u00bb, appel\u00e9 \u00e0 le repr\u00e9senter comme \u00ab pasteur \u00bb et \u00ab t\u00eate \u00bb de son peuple, de son troupeau, de sa communaut\u00e9.&#13;\n<br\/><br\/>&#13;\nLe pr\u00eatre doit \u00eatre une personne conquise, \u00ab saisie \u00bb par le Christ (cf. Ph 3, 12). Minist\u00e8re vraiment \u00ab grand \u00bb, m\u00eame si c&rsquo;est d\u2019une grandeur qui se distingue par l\u2019humilit\u00e9 du service : \u00ab Le plus grand parmi vous sera votre serviteur \u00bb (cf. Mt 23, 11), comme le dit J\u00e9sus.&#13;\n<\/p>\n\n<div class=\"wp-block-image\"><figure class=\"alignright size-large\"><img loading=\"lazy\" decoding=\"async\" width=\"662\" height=\"560\" src=\"https:\/\/neocatechumenaleiter.org\/wp-content\/uploads\/2020\/03\/Camino_Neocatecumenal_Juan_Pablo_II_homilia_seminario_redemptoris_mater_Roma_1993_4.jpg\" alt=\"\" class=\"wp-image-2538\" srcset=\"https:\/\/neocatechumenaleiter.org\/wp-content\/uploads\/2020\/03\/Camino_Neocatecumenal_Juan_Pablo_II_homilia_seminario_redemptoris_mater_Roma_1993_4.jpg 662w, https:\/\/neocatechumenaleiter.org\/wp-content\/uploads\/2020\/03\/Camino_Neocatecumenal_Juan_Pablo_II_homilia_seminario_redemptoris_mater_Roma_1993_4-300x254.jpg 300w\" sizes=\"auto, (max-width: 662px) 100vw, 662px\" \/><\/figure><\/div>\n\n<p>5. Je vous salue encore une fois en cette chapelle Redemptoris Mater, je me sens tr\u00e8s heureux de pouvoir c\u00e9l\u00e9brer cette Eucharistie avec vous, je l\u2019offre au Seigneur pour votre pers\u00e9v\u00e9rance. Que Dieu vous aide \u00e0 cheminer sur les sentiers de la saintet\u00e9, de la joie, pour tous les peuples vers lesquels Sa Providence vous guidera.&#13;\n<br\/><br\/>&#13;\nC\u2019est une bonne chose que le Cardinal Vicaire nous ait donn\u00e9 un dimanche libre : m\u00eame pas une paroisse de Rome \u00e0 visiter ! \u00c0 c\u00f4t\u00e9 du S\u00e9minaire Romain il y a le \u00ab Redemptoris Mater \u00bb : Cela valait la peine de trouver ce dimanche libre !&#13;\n<\/p>\n\n<p>Je vous souhaite la pr\u00e9sence, le soutien de Marie, la tr\u00e8s Sainte M\u00e8re du R\u00e9dempteur. En vous confiant \u00e0 Elle, \u00e0 sa maternit\u00e9 vous vous sentirez vraiment \u00ab tranquilles et sereins \u00bb comme des \u00ab petits enfants dans les bras de leur m\u00e8re \u00bb (paroles du psaume responsorial de ce jour). Que Marie vous obtienne de briller de l\u2019ardeur de l\u2019ap\u00f4tre Paul pour le Royaume de Dieu, en fid\u00e9lit\u00e9 totale et en ob\u00e9issance \u00e0 l\u2019\u00c9glise, \u00e0 l\u2019\u00c9glise qui est aussi M\u00e8re, comme nous l\u2019enseigne la tradition et Vatican II : l\u2019\u00c9glise est aussi M\u00e8re, en imitation de la M\u00e8re du Christ. Cette \u00c9glise vous engendre, vous a engendr\u00e9s \u00e0 la foi et en cette \u00c9glise vous \u00eates appel\u00e9s \u00e0 \u00eatre presbytres, \u00e0 servir jusqu\u2019\u00e0 la fin de vos jours. Ainsi soit-il.&#13;\n<br\/><br\/>&#13;\n(*) Cf. \u00abL\u2019Osservatore Romano\u00bb, 2-3 novembre 1993 avec des suppl\u00e9ments issus de l&rsquo;enregistrement.<\/p>\n","protected":false},"excerpt":{"rendered":"<p>Hom\u00e9lie du Saint P\u00e8re Jean-Paul II pendant l&rsquo;Eucharistie c\u00e9l\u00e9br\u00e9e avec la communaut\u00e9 du S\u00e9minaire romain \u00ab\u00a0Redemptoris Mater\u00a0\u00bb 31 octobre 1993 Saint Jean-Paul II Cit\u00e9 du Vatican &#8211; Chapelle \u00ab\u00a0Redemptoris Mater\u00a0\u00bb, 31 octobre 1993 \u00ab Le terrain le plus f\u00e9cond pour faire \u00e9clore une vocation est vraiment l\u2019approfondissement de la vie spirituelle, dans l\u2019acceptation du \u00ab\u00a0radicalisme\u00a0\u00bb \u00e9vang\u00e9lique \u00bb. C\u2019est ce qu\u2019a affirm\u00e9 Jean Paul II dans l\u2019hom\u00e9lie qu\u2019il a prononc\u00e9 le<\/p>\n<div class=\"read-more\"><a class=\"btn read-more-btn\" href=\"https:\/\/neocatechumenaleiter.org\/fr\/paroles-de-papes\/st-jean-paul-ii\/homelie-du-saint-pere-jean-paul-ii-pendant-leucharistie-celebree-avec-la-communaute-du-seminaire-romain-redemptoris-mater-31-octobre-1993\/\">En savoir plus<\/a><\/div>\n","protected":false},"author":2,"featured_media":0,"parent":5064,"menu_order":77,"comment_status":"closed","ping_status":"closed","template":"","meta":{"footnotes":""},"class_list":["post-16827","page","type-page","status-publish","hentry"],"_links":{"self":[{"href":"https:\/\/neocatechumenaleiter.org\/fr\/wp-json\/wp\/v2\/pages\/16827","targetHints":{"allow":["GET"]}}],"collection":[{"href":"https:\/\/neocatechumenaleiter.org\/fr\/wp-json\/wp\/v2\/pages"}],"about":[{"href":"https:\/\/neocatechumenaleiter.org\/fr\/wp-json\/wp\/v2\/types\/page"}],"author":[{"embeddable":true,"href":"https:\/\/neocatechumenaleiter.org\/fr\/wp-json\/wp\/v2\/users\/2"}],"replies":[{"embeddable":true,"href":"https:\/\/neocatechumenaleiter.org\/fr\/wp-json\/wp\/v2\/comments?post=16827"}],"version-history":[{"count":6,"href":"https:\/\/neocatechumenaleiter.org\/fr\/wp-json\/wp\/v2\/pages\/16827\/revisions"}],"predecessor-version":[{"id":24203,"href":"https:\/\/neocatechumenaleiter.org\/fr\/wp-json\/wp\/v2\/pages\/16827\/revisions\/24203"}],"up":[{"embeddable":true,"href":"https:\/\/neocatechumenaleiter.org\/fr\/wp-json\/wp\/v2\/pages\/5064"}],"wp:attachment":[{"href":"https:\/\/neocatechumenaleiter.org\/fr\/wp-json\/wp\/v2\/media?parent=16827"}],"curies":[{"name":"wp","href":"https:\/\/api.w.org\/{rel}","templated":true}]}}