{"id":16837,"date":"2020-03-04T00:36:23","date_gmt":"2020-03-03T23:36:23","guid":{"rendered":"https:\/\/neocatechumenaleiter.org\/paroles-de-papes\/st-jean-paul-ii\/visite-a-la-paroisse-san-crispino-de-viterbo-28-mars-1993\/"},"modified":"2021-08-10T11:02:56","modified_gmt":"2021-08-10T10:02:56","slug":"visite-a-la-paroisse-san-crispino-de-viterbo-28-mars-1993","status":"publish","type":"page","link":"https:\/\/neocatechumenaleiter.org\/fr\/paroles-de-papes\/st-jean-paul-ii\/visite-a-la-paroisse-san-crispino-de-viterbo-28-mars-1993\/","title":{"rendered":"Visite \u00e0 la paroisse San Crispino de Viterbo 28 mars 1993"},"content":{"rendered":"\n<h1 class=\"has-text-align-center wp-block-heading\">Visite \u00e0 la paroisse San Crispino de Viterbo 28 mars 1993<\/h1>\n\n<div style=\"height:20px\" aria-hidden=\"true\" class=\"wp-block-spacer\"><\/div>\n\n<h4 class=\"has-text-align-center wp-block-heading\">Saint Jean-Paul II<\/h4>\n\n<div style=\"height:20px\" aria-hidden=\"true\" class=\"wp-block-spacer\"><\/div>\n\n<p><strong>Rome, 28 mars 1993<\/strong><\/p>\n\n<p><em>Jean-Paul II a rencontr\u00e9 les deux Communaut\u00e9s N\u00e9ocat\u00e9chum\u00e9nales, fruit de huit ans d&rsquo;\u00e9vang\u00e9lisation dans la paroisse de Saint Crispin. Le discours d&rsquo;introduction a \u00e9t\u00e9 prononc\u00e9 par un jeune, Roberto Santoponte.<\/em><\/p>\n\n<div class=\"wp-block-image\"><figure class=\"alignright size-large\"><img loading=\"lazy\" decoding=\"async\" width=\"768\" height=\"517\" src=\"https:\/\/neocatechumenaleiter.org\/wp-content\/uploads\/2020\/03\/Camino_Neocatecumenal_Juan_Pablo_II_visita_parroquia_San_Crispin_1993.jpg\" alt=\"\" class=\"wp-image-2444\" srcset=\"https:\/\/neocatechumenaleiter.org\/wp-content\/uploads\/2020\/03\/Camino_Neocatecumenal_Juan_Pablo_II_visita_parroquia_San_Crispin_1993.jpg 768w, https:\/\/neocatechumenaleiter.org\/wp-content\/uploads\/2020\/03\/Camino_Neocatecumenal_Juan_Pablo_II_visita_parroquia_San_Crispin_1993-300x202.jpg 300w\" sizes=\"auto, (max-width: 768px) 100vw, 768px\" \/><\/figure><\/div>\n\n<p>Saint P\u00e8re,&#13;\n<br\/><br\/>ici sont pr\u00e9sentes les deux communaut\u00e9s n\u00e9ocat\u00e9chum\u00e9nales, fruit de huit ans de difficile \u00e9vang\u00e9lisation dans cette paroisse par notre \u00e9quipe qui vient de la cinqui\u00e8me communaut\u00e9 de Sainte Fran\u00e7oise Cabrini \u00e0 Rome, o\u00f9 nous avons commenc\u00e9 le chemin il y a 14 ans. L&rsquo;\u00e9quipe des cat\u00e9chistes de notre communaut\u00e9 s&rsquo;occupe aussi de la pastorale des bapt\u00eames et des mariages en cette Paroisse.<br\/><br\/>&#13;\nDans notre paroisse d&rsquo;origine ce chemin de red\u00e9couverte du Bapt\u00eame a commenc\u00e9 depuis d\u00e9sormais 24 ans, pendant lesquels 25 communaut\u00e9s sont n\u00e9es; les deux premi\u00e8res ont d\u00e9j\u00e0 renouvel\u00e9 les promesses baptismales devant Votre Saintet\u00e9 en saint Pierre; \u00e0 partir de ces deux communaut\u00e9s sont partis des itin\u00e9rants, des presbytres et des familles qui ont cat\u00e9chis\u00e9 pratiquement dans le monde entier.<br\/><br\/>&#13;\nDans notre communaut\u00e9 beaucoup \u00e9taient \u00e9loign\u00e9s de l&rsquo;Eglise depuis beaucoup d&rsquo;ann\u00e9es et il a \u00e9t\u00e9 merveilleux red\u00e9couvrir la sollicitude et la maternit\u00e9 de cette Eglise qui est venue nous chercher pour faire r\u00e9sonner dans notre vie \u2013 qui pour beaucoup d&rsquo;entre nous \u00e9tait d\u00e9sormais priv\u00e9e de sens \u2013 la Bonne Nouvelle de l&rsquo;amour de Dieu pour chacun de nous manifest\u00e9 en son Fils J\u00e9sus Christ.<br\/><br\/>&#13;\nPendant ces ann\u00e9es, gr\u00e2ce \u00e0 l&rsquo;\u00e9coute de la Parole de Dieu et \u00e0 la participation aux liturgies, nous avons \u00e9t\u00e9 les spectateurs des miracles que Dieu a accompli dans notre vie et dans la vie de nos fr\u00e8res : vocations au sacerdoce et \u00e0 la vie consacr\u00e9e ; mariages reconstruits; familles ouvertes \u00e0 accueillir avec g\u00e9n\u00e9rosit\u00e9 la vie, red\u00e9couverte comme un don authentique et gratuit de Dieu.&#13;\n<\/p>\n\n<p>Moi, m\u00eame si j&rsquo;\u00e9tais dans l&rsquo;Eglise depuis mon enfance, je n&rsquo;avais jamais exp\u00e9riment\u00e9 la gratuit\u00e9 de l&rsquo;amour de Dieu surtout envers les p\u00e9cheurs, comme j&rsquo;ai d\u00e9couvert d&rsquo;\u00eatre. <br\/><br\/>&#13;\nRencontrer Dieu dans la souffrance et dans les \u00e9v\u00e9nements de mort qui ont marqu\u00e9 ma vie : c&rsquo;est cela qui a transform\u00e9 mon existence et l&rsquo;existence de ces fr\u00e8res cat\u00e9chistes qui sont avec moi et qui nous a pouss\u00e9 \u00e0 donner un peu de notre vie pour l&rsquo;Evangile, mus par un sentiment de gratitude envers Dieu le P\u00e8re et conscients que, comme le dit saint Paul, \u00ab\u00a0l&rsquo;amour du Christ nous pousse\u00a0\u00bb \u00e0 faire en sorte que cette Bonne Nouvelle qui a chang\u00e9 notre vie puisse arriver \u00e0 tous ceux qui sont en train de l&rsquo;attendre et qui ont le droit de l&rsquo;\u00e9couter comme nous.<br\/><br\/>&#13;\nDans ce quartier il existe beaucoup de probl\u00e8mes : drogue, marginalisation, ch\u00f4mage, pauvret\u00e9, violence, et tant de jeunes ont d\u00e9j\u00e0 perdu le sens le plus profond de leur existence; mais nous savons que l&rsquo;unique solution \u00e0 ces \u00e9normes drames, l&rsquo;unique r\u00e9ponse aux besoins les plus profonds de chaque homme est J\u00e9sus Christ, mort pour nos p\u00e9ch\u00e9s et ressuscit\u00e9 pour notre justification.<br\/><br\/>&#13;\nCes fr\u00e8res sont aujourd&rsquo;hui le signe que cette parole est vraie, qu&rsquo;il est possible d&rsquo;arriver \u00e0 nous aimer comme le Christ lui-m\u00eame nous a aim\u00e9s, \u00e0 travers un chemin qui engendre \u00e0 la foi, en exp\u00e9rimentant sa propre faiblesse mais en m\u00eame temps en go\u00fbtant l&rsquo;amour de Dieu et la mis\u00e9ricorde de l&rsquo;Eglise. Notre esp\u00e9rance dans le Seigneur est qu&rsquo;ils soient \u00ab\u00a0les premiers-n\u00e9s de beaucoup de fr\u00e8res\u00a0\u00bb qui viendront apr\u00e8s eux.<br\/><br\/>&#13;\nEt c&rsquo;est justement gr\u00e2ce \u00e0 leur constance et au soutien du cur\u00e9, le p\u00e8re Vincenzo, qui ne nous a jamais abandonn\u00e9s, m\u00eame dans les moments les plus difficiles, qu&rsquo;aujourd&rsquo;hui dans cette Paroisse une route est ouverte, un chemin de retour au P\u00e8re pour beaucoup de nos fr\u00e8res qui sont \u00e9loign\u00e9s.&#13;\n&#13;\n<\/p>\n\n<p>Nous confions nos aspirations et nos d\u00e9sirs \u00e0 la Vierge Marie, inspiratrice de ce chemin, et nous attendons de Votre part, Saint P\u00e8re, le soutien de vos pri\u00e8res et l&rsquo;encouragement \u00e0 poursuivre dans l&rsquo;\u0153uvre entreprise, convaincus que sans l&rsquo;Esprit de J\u00e9sus Christ et la communion avec \u00ab\u00a0Pierre\u00a0\u00bb, nous ne pouvons rien faire.<br\/>br&gt;&#13;\nVeuillez accepter, \u00e0 la fin de cette rencontre, ce petit pr\u00e9sent, signe justement de notre d\u00e9sir d&rsquo;union avec Vous qui, comme le Christ, nous exhortez \u00e0 \u00ab\u00a0jeter les filets\u00a0\u00bb en s&rsquo;appuyant seulement sur sa Parole, s\u00fbrs que le fruit qui en d\u00e9coulera sera pour l&rsquo;\u00e9dification de toute l&rsquo;Eglise\u00a0\u00bb.<br\/><br\/>&#13;\nUne jeune femme a offert au Saint P\u00e8re un don tr\u00e8s significatif : une sculpture qui repr\u00e9sente Pierre qui tire les filets et regarde J\u00e9sus Christ. \u00ab\u00a0Esp\u00e9rons jeter les filets \u00e0 l&rsquo;Est, c&rsquo;est le d\u00e9sir de nous tous, m\u00eame si nous sommes faibles, pauvres et immatures, mais nous d\u00e9sirons \u00e9vang\u00e9liser\u00a0\u00bb.&#13;\n<\/p>\n\n<p><em>\u00ab\u00a0Evang\u00e9liser \u00e0 l&rsquo;Est, \u00e0 l&rsquo;Ouest et partout\u00a0\u00bb, a r\u00e9pondu le Saint P\u00e8re qui a ensuite prononc\u00e9 le discours suivant :<\/em><\/p>\n\n<div class=\"wp-block-image\"><figure class=\"alignleft size-large\"><img loading=\"lazy\" decoding=\"async\" width=\"702\" height=\"566\" src=\"https:\/\/neocatechumenaleiter.org\/wp-content\/uploads\/2020\/03\/Camino_Neocatecumenal_Juan_Pablo_II_visita_parroquia_San_Crispin_1993_2.jpg\" alt=\"\" class=\"wp-image-2451\" srcset=\"https:\/\/neocatechumenaleiter.org\/wp-content\/uploads\/2020\/03\/Camino_Neocatecumenal_Juan_Pablo_II_visita_parroquia_San_Crispin_1993_2.jpg 702w, https:\/\/neocatechumenaleiter.org\/wp-content\/uploads\/2020\/03\/Camino_Neocatecumenal_Juan_Pablo_II_visita_parroquia_San_Crispin_1993_2-300x242.jpg 300w\" sizes=\"auto, (max-width: 702px) 100vw, 702px\" \/><\/figure><\/div>\n\n<p>Votre repr\u00e9sentant a dit que le p\u00e8re Vincenzo ne vous a jamais abandonn\u00e9. Remercions le Seigneur parce que le p\u00e8re Vincenzo est si bon. Mais vous non plus n&rsquo;avez pas abandonn\u00e9 le p\u00e8re Vincenzo, et cela est important. C&rsquo;est important, cette communion avec votre cur\u00e9, avec le pr\u00eatre, et \u00e0 travers le pr\u00eatre avec le Christ.<br\/><br\/>&#13;\nJ&rsquo;ai parl\u00e9 maintenant au Conseil pastoral de l&rsquo;animation, parce qu&rsquo;il est vrai que cette paroisse, comme communaut\u00e9 humaine et chr\u00e9tienne, a besoin d&rsquo;une grande animation. L&rsquo;animation est le processus qui fait \u00ab\u00a0co-\u00eatre\u00a0\u00bb les diff\u00e9rents membres de l&rsquo;organisme dans une unit\u00e9 vivante.&#13;\n<\/p>\n\n<p><strong>Et vous, de fa\u00e7on diff\u00e9rente, vous faites cette animation.<\/strong> Quand on entre dans l&rsquo;\u00e9glise, quand on c\u00e9l\u00e8bre la Messe, on peut dire : voil\u00e0, ils font l&rsquo;animation par le chant. Certainement j&rsquo;ai fait beaucoup d&rsquo;exp\u00e9rience de c\u00e9l\u00e9brations dans les diverses paroisses et dans les diverses \u00e9glises du monde : le chant est une animation, il donne une \u00e2me \u00e0 la communaut\u00e9 qui prie et qui croit. Il donne une \u00e2me, et ce n&rsquo;\u00e9tait pas sans fondement, au contraire cela avait beaucoup de fondement, ce qu&rsquo;a dit saint Augustin : \u00ab\u00a0qui cantat bis orat\u00a0\u00bb. \u00ab\u00a0Bis orat\u00a0\u00bb parce qu&rsquo;il fait prier aussi les autres.<br\/><br\/>&#13;\nMais cette animation propre aux n\u00e9ocat\u00e9chum\u00e8nes est <em>enracin\u00e9e plus profond\u00e9ment<\/em>. Ils ne sont pas seulement des chanteurs, m\u00eame s&rsquo;ils sont de bons chanteurs. <strong>Cette animation vient de la racine m\u00eame de notre exp\u00e9rience en Christ, et cette racine est le Bapt\u00eame.<\/strong><br\/><br\/>&#13;\nIls ont choisi ce nom \u00ab\u00a0N\u00e9ocat\u00e9chum\u00e9nal\u00a0\u00bb en pensant au cat\u00e9chum\u00e9nat qui a form\u00e9 les premi\u00e8res g\u00e9n\u00e9rations de l&rsquo;Eglise, ici \u00e0 Rome et partout. Ce cat\u00e9chum\u00e9nat faisait d\u00e9couvrir aux non chr\u00e9tiens, aux candidats au Bapt\u00eame, le myst\u00e8re du Christ, les richesses insondables qui sont en Christ et qui sont pour nous, auxquelles nous participons. Et cette participation est pleine, le noyau commence d\u00e9j\u00e0 avec le Bapt\u00eame.&#13;\n<\/p>\n\n<p>On doit revenir au Bapt\u00eame, chaque chr\u00e9tien doit revenir \u00e0 son Bapt\u00eame pour conna\u00eetre qui il est, oui, pour conna\u00eetre qui il est dans le Christ. Qui il est gr\u00e2ce au Christ. Et changer ainsi sa vie : vie nouvelle. Nous savons que cette vie nouvelle est tr\u00e8s profond\u00e9ment inscrite dans le message chr\u00e9tien, dans les lettres des Ap\u00f4tres et surtout dans l&rsquo;Evangile. Une chose est cette vie nouvelle telle qu&rsquo;elle est lue comme parole, une autre chose est cette vie nouvelle telle qu&rsquo;elle est v\u00e9cue. C&rsquo;est un vivre terrible, une exp\u00e9rience terrible.<br\/><br\/>&#13;\nCelle-ci est votre animation la plus fondamentale, l&rsquo;animation faite \u00e0 travers cette red\u00e9couverte des richesses qui sont dans le Christ et qui sont en nous gr\u00e2ce au Christ, et que l&rsquo;Esprit Saint donne \u00e0 tous par le Bapt\u00eame.&#13;\n<\/p>\n\n<p>Il y a ensuite encore une richesse, une animation tr\u00e8s importante que vous portez devant le monde. Ce monde si r\u00e9sign\u00e9 qui, malgr\u00e9 tout son progr\u00e8s, ne voit pas de perspectives et souvent n&rsquo;a aucun espoir : il n&rsquo;aime pas la vie; il n&rsquo;aime pas la vie, voil\u00e0 la maladie profonde de notre civilisation moderne, occidentale, am\u00e9ricaine, europ\u00e9enne. Elle n&rsquo;aime pas la vie, elle craint la vie, elle fait de tout pour ne pas donner la vie.<\/p>\n\n<p>Voil\u00e0, une animation qui est \u00e0 vous est \u00e9galement celle de l&rsquo;amour pour la vie. Il s&rsquo;agit d&rsquo;une animation qui va au-dedans de vous, qui va dans vos familles, et l\u00e0 se r\u00e9alise, courageuse, pleine d&rsquo;esp\u00e9rance et pleine de joie parce que la vie nouvelle, les enfants, portent la joie. Et elle est ensuite une animation de courage humain et chr\u00e9tien.<br\/><br\/>&#13;\nJe voulais vous dire cela, parce que je vous suis, pas toujours de pr\u00e8s, le plus souvent de loin,  mais je vous suis pas mal et je pense que ce mouvement, comme beaucoup d&rsquo;autres mouvements aussi, est un grand don de l&rsquo;Esprit Saint pour l&rsquo;Eglise et pour l&rsquo;humanit\u00e9 d&rsquo;aujourd&rsquo;hui. Bonne P\u00e2que, et la P\u00e2que est le point central de notre credo et de notre vie.<br\/><br\/>&#13;\n(*) Cf. \u00abL\u2019Osservatore Romano\u00bb, 29-30 mars 1993.&#13;\n<\/p>\n","protected":false},"excerpt":{"rendered":"<p>Visite \u00e0 la paroisse San Crispino de Viterbo 28 mars 1993 Saint Jean-Paul II Rome, 28 mars 1993 Jean-Paul II a rencontr\u00e9 les deux Communaut\u00e9s N\u00e9ocat\u00e9chum\u00e9nales, fruit de huit ans d&rsquo;\u00e9vang\u00e9lisation dans la paroisse de Saint Crispin. Le discours d&rsquo;introduction a \u00e9t\u00e9 prononc\u00e9 par un jeune, Roberto Santoponte. Saint P\u00e8re,&#13; ici sont pr\u00e9sentes les deux communaut\u00e9s n\u00e9ocat\u00e9chum\u00e9nales, fruit de huit ans de difficile \u00e9vang\u00e9lisation dans cette paroisse par notre \u00e9quipe<\/p>\n<div class=\"read-more\"><a class=\"btn read-more-btn\" href=\"https:\/\/neocatechumenaleiter.org\/fr\/paroles-de-papes\/st-jean-paul-ii\/visite-a-la-paroisse-san-crispino-de-viterbo-28-mars-1993\/\">En savoir plus<\/a><\/div>\n","protected":false},"author":2,"featured_media":0,"parent":5064,"menu_order":72,"comment_status":"closed","ping_status":"closed","template":"","meta":{"footnotes":""},"class_list":["post-16837","page","type-page","status-publish","hentry"],"_links":{"self":[{"href":"https:\/\/neocatechumenaleiter.org\/fr\/wp-json\/wp\/v2\/pages\/16837","targetHints":{"allow":["GET"]}}],"collection":[{"href":"https:\/\/neocatechumenaleiter.org\/fr\/wp-json\/wp\/v2\/pages"}],"about":[{"href":"https:\/\/neocatechumenaleiter.org\/fr\/wp-json\/wp\/v2\/types\/page"}],"author":[{"embeddable":true,"href":"https:\/\/neocatechumenaleiter.org\/fr\/wp-json\/wp\/v2\/users\/2"}],"replies":[{"embeddable":true,"href":"https:\/\/neocatechumenaleiter.org\/fr\/wp-json\/wp\/v2\/comments?post=16837"}],"version-history":[{"count":4,"href":"https:\/\/neocatechumenaleiter.org\/fr\/wp-json\/wp\/v2\/pages\/16837\/revisions"}],"predecessor-version":[{"id":24144,"href":"https:\/\/neocatechumenaleiter.org\/fr\/wp-json\/wp\/v2\/pages\/16837\/revisions\/24144"}],"up":[{"embeddable":true,"href":"https:\/\/neocatechumenaleiter.org\/fr\/wp-json\/wp\/v2\/pages\/5064"}],"wp:attachment":[{"href":"https:\/\/neocatechumenaleiter.org\/fr\/wp-json\/wp\/v2\/media?parent=16837"}],"curies":[{"name":"wp","href":"https:\/\/api.w.org\/{rel}","templated":true}]}}