{"id":16843,"date":"2020-03-04T00:23:44","date_gmt":"2020-03-03T23:23:44","guid":{"rendered":"https:\/\/neocatechumenaleiter.org\/paroles-de-papes\/st-jean-paul-ii\/visite-pastorale-du-saint-pere-jean-paul-ii-a-la-republique-dominicaine-11-octobre-1992\/"},"modified":"2021-08-10T11:02:45","modified_gmt":"2021-08-10T10:02:45","slug":"visite-pastorale-du-saint-pere-jean-paul-ii-a-la-republique-dominicaine-11-octobre-1992","status":"publish","type":"page","link":"https:\/\/neocatechumenaleiter.org\/fr\/paroles-de-papes\/st-jean-paul-ii\/visite-pastorale-du-saint-pere-jean-paul-ii-a-la-republique-dominicaine-11-octobre-1992\/","title":{"rendered":"Visite pastorale du Saint P\u00e8re Jean-Paul II \u00e0 la R\u00e9publique Dominicaine 11 octobre 1992"},"content":{"rendered":"\n<h1 class=\"has-text-align-center wp-block-heading\">Visite pastorale \u00e0 la R\u00e9publique Dominicaine \u00e0 l&rsquo;occasion du 5\u00e8me centenaire de l\u2019Evang\u00e9lisation du nouveau monde 11 octobre 1992<\/h1>\n\n<div style=\"height:20px\" aria-hidden=\"true\" class=\"wp-block-spacer\"><\/div>\n\n<h4 class=\"has-text-align-center wp-block-heading\">Saint Jean-Paul II<\/h4>\n\n<div style=\"height:20px\" aria-hidden=\"true\" class=\"wp-block-spacer\"><\/div>\n\n<p><strong>Saint Domingue, 11 octobre 1992<\/strong><\/p>\n\n<p><em>Dans la soir\u00e9e, apr\u00e8s l&rsquo;audience au Corps Diplomatique, Jean Paul II s&rsquo;est rendu hors de la ville pour inaugurer le si\u00e8ge d&rsquo;un s\u00e9minaire missionnaire dioc\u00e9sain \u00ab\u00a0Redemptoris Mater\u00a0\u00bb des Communaut\u00e9s N\u00e9ocat\u00e9chum\u00e9nales, qui sont tr\u00e8s actives \u00e0 Saint Domingue. Elles sont plus de trois cents, avec, au total, plus de dix mille personnes, qui oeuvrent surtout dans deux quartiers pauvres, \u00ab\u00a0Inviviendao\u00a0\u00bb et \u00ab\u00a0Hainamoza\u00a0\u00bb.<\/em><\/p>\n\n<p><em>Du s\u00e9minaire, o\u00f9 \u00e9tudient une quarantaine de jeunes, n&rsquo;a \u00e9t\u00e9 \u00e9rig\u00e9 pour le moment que l&rsquo;\u00e9difice appel\u00e9 \u00ab\u00a0Sanctuaire de la Parole\u00a0\u00bb. Celui des habitations et la chapelle seront construits plus tard. Le Pape a donc \u00e9t\u00e9 accueilli dans le seul b\u00e2timent termin\u00e9. Apr\u00e8s un chant et quelques paroles de bienvenue de la part de l&rsquo;initiateur du Chemin n\u00e9ocat\u00e9chum\u00e9nal Kiko Arg\u00fcello, Jean-Paul II a b\u00e9ni l&rsquo;\u00e9difice et a adress\u00e9 aux pr\u00e9sents \u2013 Cardinaux, Ev\u00eaques, s\u00e9minaristes, familles des communaut\u00e9s \u2013 quelques paroles d&rsquo;encouragement et de v\u0153ux.<\/em><\/p>\n\n<p><em>Ci-dessous nous publions notre traduction des paroles prononc\u00e9es par le Saint P\u00e8re (**).<\/em><\/p>\n\n<p>C&rsquo;est pour moi une raison de joie particuli\u00e8re le fait de pouvoir inaugurer \u00e0 Saint Domingue, \u00e0 une date si importante, le S\u00e9minaire Missionnaire Archidioc\u00e9sain \u00ab\u00a0<em>Redemptoris Mater<\/em>\u00ab\u00a0, qui veut \u00eatre, dans le signe du V centenaire de l&rsquo;arriv\u00e9e de la Bonne Nouvelle en Am\u00e9rique, une contribution \u00e0 la grande \u0153uvre de la nouvelle \u00e9vang\u00e9lisation \u00e0 laquelle j&rsquo;ai appel\u00e9 l&rsquo;Eglise universelle.<\/p>\n\n<p>Ce centre, qui a re\u00e7u des candidats au sacerdoce venus de nombreux pays de tout le Continent am\u00e9ricain, de l&rsquo;Europe et d&rsquo;autres Nations, doit \u00eatre toujours anim\u00e9 par un esprit missionnaire qui soit ferment pour cet Archidioc\u00e8se, pour toute la R\u00e9publique Dominicaine, et qui se projette dans le monde entier en suivant le mandat du Seigneur \u00ab\u00a0Allez et pr\u00eachez l&rsquo;Evangile \u00e0 toute cr\u00e9ature\u00a0\u00bb (Mc 6, 15). Cela a \u00e9t\u00e9 manifest\u00e9 \u00e9galement par le Concile Vatican II dans le d\u00e9cret sur le minist\u00e8re et la vie sacerdotale : Le don spirituel que les pr\u00eatres ont re\u00e7u par l&rsquo;ordination ne les pr\u00e9pare pas \u00e0 une mission limit\u00e9e et restreinte, mais bien au contraire \u00e0 une mission de salut d&rsquo;ampleur universelle, \u00a0\u00bb jusqu&rsquo;aux extr\u00e9mit\u00e9s de la terre \u00a0\u00bb Ac 1,8 (<em>Presbyterorum Ordinis<\/em> n. 10). <\/p>\n\n<p>La pr\u00e9sence de s\u00e9minaristes de provenance tr\u00e8s vari\u00e9e en cette \u00eele, qui a re\u00e7u la semence de la pr\u00e9dication \u00e9vang\u00e9lique et depuis laquelle s&rsquo;est irradi\u00e9e sur le reste de l&rsquo;Am\u00e9rique la lumi\u00e8re salvatrice de J\u00e9sus Christ, est aussi un signe de comment d\u00e9sormais au seuil du Troisi\u00e8me Mill\u00e9naire chr\u00e9tien, de ce S\u00e9minaire Archidioc\u00e9sain \u00ab\u00a0Redemptoris Mater\u00a0\u00bb \u00e0 Saint Domingue, avec la gr\u00e2ce de Dieu, <strong>pourront \u00e9galement  rayonner les nouveaux \u00e9vang\u00e9lisateurs qui portent au monde entier J\u00e9sus Christ, \u00ab\u00a0Voie, V\u00e9rit\u00e9 et Vie\u00a0\u00bb.<\/strong> <\/p>\n\n<p>Pendant que j&rsquo;\u00e9l\u00e8ve de ferventes pri\u00e8res afin que Marie, Etoile de l&rsquo;Evang\u00e9lisation, conduise \u00e0 son fils divin tous ceux qui recevront la formation sacerdotale dans ce s\u00e9minaire, je donne \u00e0 tous, avec une affection particuli\u00e8re, ma b\u00e9n\u00e9diction apostolique.&#13;\n<br\/><br\/>&#13;\n(*) Cf. \u00abL\u2019Osservatore Romano\u00bb, 12-13 octobre 1992. &#13;\n(**) Suppl\u00e9ment hebdomadaire \u00abL\u2019Osservatore Romano\u00bb n. 42 (2624).<\/p>\n\n<figure class=\"wp-block-gallery aligncenter columns-3 is-cropped wp-block-gallery-1 is-layout-flex wp-block-gallery-is-layout-flex\"><ul class=\"blocks-gallery-grid\"><li class=\"blocks-gallery-item\"><figure><img loading=\"lazy\" decoding=\"async\" width=\"400\" height=\"330\" src=\"https:\/\/neocatechumenaleiter.org\/wp-content\/uploads\/2020\/03\/Camino_Neocatecumenal_Juan_Pablo_II_visita_pastoral_Republica_Dominicana_1992_3.jpg\" alt=\"\" data-id=\"2400\" data-full-url=\"https:\/\/neocatechumenaleiter.org\/wp-content\/uploads\/2020\/03\/Camino_Neocatecumenal_Juan_Pablo_II_visita_pastoral_Republica_Dominicana_1992_3.jpg\" data-link=\"https:\/\/neocatechumenaleiter.org\/?attachment_id=2400\" class=\"wp-image-2402\" srcset=\"https:\/\/neocatechumenaleiter.org\/wp-content\/uploads\/2020\/03\/Camino_Neocatecumenal_Juan_Pablo_II_visita_pastoral_Republica_Dominicana_1992_3.jpg 400w, https:\/\/neocatechumenaleiter.org\/wp-content\/uploads\/2020\/03\/Camino_Neocatecumenal_Juan_Pablo_II_visita_pastoral_Republica_Dominicana_1992_3-300x248.jpg 300w\" sizes=\"auto, (max-width: 400px) 100vw, 400px\" \/><\/figure><\/li><li class=\"blocks-gallery-item\"><figure><img loading=\"lazy\" decoding=\"async\" width=\"662\" height=\"560\" src=\"https:\/\/neocatechumenaleiter.org\/wp-content\/uploads\/2020\/03\/Camino_Neocatecumenal_Juan_Pablo_II_visita_pastoral_Republica_Dominicana_1992_2.jpg\" alt=\"\" data-id=\"2407\" data-full-url=\"https:\/\/neocatechumenaleiter.org\/wp-content\/uploads\/2020\/03\/Camino_Neocatecumenal_Juan_Pablo_II_visita_pastoral_Republica_Dominicana_1992_2.jpg\" data-link=\"https:\/\/neocatechumenaleiter.org\/?attachment_id=2407\" class=\"wp-image-2409\" srcset=\"https:\/\/neocatechumenaleiter.org\/wp-content\/uploads\/2020\/03\/Camino_Neocatecumenal_Juan_Pablo_II_visita_pastoral_Republica_Dominicana_1992_2.jpg 662w, https:\/\/neocatechumenaleiter.org\/wp-content\/uploads\/2020\/03\/Camino_Neocatecumenal_Juan_Pablo_II_visita_pastoral_Republica_Dominicana_1992_2-300x254.jpg 300w\" sizes=\"auto, (max-width: 662px) 100vw, 662px\" \/><\/figure><\/li><li class=\"blocks-gallery-item\"><figure><img loading=\"lazy\" decoding=\"async\" width=\"679\" height=\"560\" src=\"https:\/\/neocatechumenaleiter.org\/wp-content\/uploads\/2020\/03\/Camino_Neocatecumenal_Juan_Pablo_II_visita_pastoral_Republica_Dominicana_1992.jpg\" alt=\"\" data-id=\"2414\" data-full-url=\"https:\/\/neocatechumenaleiter.org\/wp-content\/uploads\/2020\/03\/Camino_Neocatecumenal_Juan_Pablo_II_visita_pastoral_Republica_Dominicana_1992.jpg\" data-link=\"https:\/\/neocatechumenaleiter.org\/?attachment_id=2414\" class=\"wp-image-2416\" srcset=\"https:\/\/neocatechumenaleiter.org\/wp-content\/uploads\/2020\/03\/Camino_Neocatecumenal_Juan_Pablo_II_visita_pastoral_Republica_Dominicana_1992.jpg 679w, https:\/\/neocatechumenaleiter.org\/wp-content\/uploads\/2020\/03\/Camino_Neocatecumenal_Juan_Pablo_II_visita_pastoral_Republica_Dominicana_1992-300x247.jpg 300w\" sizes=\"auto, (max-width: 679px) 100vw, 679px\" \/><\/figure><\/li><\/ul><\/figure>","protected":false},"excerpt":{"rendered":"<p>Visite pastorale \u00e0 la R\u00e9publique Dominicaine \u00e0 l&rsquo;occasion du 5\u00e8me centenaire de l\u2019Evang\u00e9lisation du nouveau monde 11 octobre 1992 Saint Jean-Paul II Saint Domingue, 11 octobre 1992 Dans la soir\u00e9e, apr\u00e8s l&rsquo;audience au Corps Diplomatique, Jean Paul II s&rsquo;est rendu hors de la ville pour inaugurer le si\u00e8ge d&rsquo;un s\u00e9minaire missionnaire dioc\u00e9sain \u00ab\u00a0Redemptoris Mater\u00a0\u00bb des Communaut\u00e9s N\u00e9ocat\u00e9chum\u00e9nales, qui sont tr\u00e8s actives \u00e0 Saint Domingue. Elles sont plus de trois cents,<\/p>\n<div class=\"read-more\"><a class=\"btn read-more-btn\" href=\"https:\/\/neocatechumenaleiter.org\/fr\/paroles-de-papes\/st-jean-paul-ii\/visite-pastorale-du-saint-pere-jean-paul-ii-a-la-republique-dominicaine-11-octobre-1992\/\">En savoir plus<\/a><\/div>\n","protected":false},"author":2,"featured_media":0,"parent":5064,"menu_order":71,"comment_status":"closed","ping_status":"closed","template":"","meta":{"footnotes":""},"class_list":["post-16843","page","type-page","status-publish","hentry"],"_links":{"self":[{"href":"https:\/\/neocatechumenaleiter.org\/fr\/wp-json\/wp\/v2\/pages\/16843","targetHints":{"allow":["GET"]}}],"collection":[{"href":"https:\/\/neocatechumenaleiter.org\/fr\/wp-json\/wp\/v2\/pages"}],"about":[{"href":"https:\/\/neocatechumenaleiter.org\/fr\/wp-json\/wp\/v2\/types\/page"}],"author":[{"embeddable":true,"href":"https:\/\/neocatechumenaleiter.org\/fr\/wp-json\/wp\/v2\/users\/2"}],"replies":[{"embeddable":true,"href":"https:\/\/neocatechumenaleiter.org\/fr\/wp-json\/wp\/v2\/comments?post=16843"}],"version-history":[{"count":2,"href":"https:\/\/neocatechumenaleiter.org\/fr\/wp-json\/wp\/v2\/pages\/16843\/revisions"}],"predecessor-version":[{"id":24123,"href":"https:\/\/neocatechumenaleiter.org\/fr\/wp-json\/wp\/v2\/pages\/16843\/revisions\/24123"}],"up":[{"embeddable":true,"href":"https:\/\/neocatechumenaleiter.org\/fr\/wp-json\/wp\/v2\/pages\/5064"}],"wp:attachment":[{"href":"https:\/\/neocatechumenaleiter.org\/fr\/wp-json\/wp\/v2\/media?parent=16843"}],"curies":[{"name":"wp","href":"https:\/\/api.w.org\/{rel}","templated":true}]}}