{"id":16845,"date":"2020-03-04T00:14:54","date_gmt":"2020-03-03T23:14:54","guid":{"rendered":"https:\/\/neocatechumenaleiter.org\/paroles-de-papes\/st-jean-paul-ii\/visite-a-la-paroisse-de-san-leonardo-murialdo-22-mars-1992\/"},"modified":"2021-08-10T11:02:31","modified_gmt":"2021-08-10T10:02:31","slug":"visite-a-la-paroisse-de-san-leonardo-murialdo-22-mars-1992","status":"publish","type":"page","link":"https:\/\/neocatechumenaleiter.org\/fr\/paroles-de-papes\/st-jean-paul-ii\/visite-a-la-paroisse-de-san-leonardo-murialdo-22-mars-1992\/","title":{"rendered":"Visite \u00e0 la paroisse de San Leonardo Murialdo 22 mars 1992"},"content":{"rendered":"\n<h1 class=\"has-text-align-center wp-block-heading\">Visite \u00e0 la paroisse de San Leonardo Murialdo 22 mars 1992<\/h1>\n\n<div style=\"height:20px\" aria-hidden=\"true\" class=\"wp-block-spacer\"><\/div>\n\n<h4 class=\"has-text-align-center wp-block-heading\">Saint Jean-Paul II<\/h4>\n\n<div style=\"height:20px\" aria-hidden=\"true\" class=\"wp-block-spacer\"><\/div>\n\n<p><strong>Rome, 22 mars 1992<\/strong><\/p>\n\n<p><em>Au d\u00e9but de la Messe, apr\u00e8s la salutation liturgique, le Cur\u00e9 P. Domenico Paiusco a souhait\u00e9 la bienvenue au Saint P\u00e8re au nom de la communaut\u00e9 :<\/em><\/p>\n\n<p>Tr\u00e8s Saint P\u00e8re,<br\/><br\/>&#13;\nBienvenue parmi nous! Merci d&rsquo;\u00eatre avec nous. La communaut\u00e9 paroissiale de saint L\u00e9onard Murialdo, confi\u00e9e \u00e0 la Congr\u00e9gation des P\u00e8res de saint Joseph, s&rsquo;est pr\u00e9par\u00e9e \u00e0 cette premi\u00e8re rencontre avec son \u00e9v\u00eaque avec joie et enthousiasme par la pri\u00e8re personnelle et communautaire et la r\u00e9flexion sur cet \u00e9v\u00e9nement de foi dans de nombreux centres d&rsquo;\u00e9coute dans les familles.<br\/><br\/>&#13;\nTrente ans se sont \u00e9coul\u00e9s depuis le commencement de la Paroisse, en mars 1958, jusqu&rsquo;\u00e0 la cons\u00e9cration de cet \u00e9difice en 1988. L&rsquo;engagement pastoral actuel est la construction du temple spirituel, fait de pierres vivantes, d\u2019une communaut\u00e9 qui soit t\u00e9moignage et signe du Christ implant\u00e9 dans le quartier, avec la double t\u00e2che de grandir \u00e0 l&rsquo;int\u00e9rieur, pour avoir une force spirituelle qui devienne \u00e0 son tour capacit\u00e9 de communion, de soutien pour tous ceux qui habitent ici.<br\/><br\/>&#13;\nLa population, form\u00e9e initialement de jeunes couples avec enfants, est rest\u00e9e stable et, apr\u00e8s 30 ans, elle marche vers le troisi\u00e8me \u00e2ge; la majeure partie des enfants, apr\u00e8s avoir form\u00e9 de nouveaux foyers, s&rsquo;est transf\u00e9r\u00e9e ailleurs. &#13;\n<\/p>\n\n<p>Les familles compos\u00e9es d&#8217;employ\u00e9s et d&rsquo;ouvriers, pour beaucoup \u00e0 la retraite, ne souffrent pas de pauvret\u00e9 mais plut\u00f4t des probl\u00e8mes li\u00e9s \u00e0 l&rsquo;\u00e2ge et \u00e0 la solitude, et les jeunes qui sont encore ici, souffrent eux des probl\u00e8mes li\u00e9s \u00e0 la maison et au travail.<\/p>\n\n<p>Dans de nombreuses familles appara\u00eet une formation religieuse insuffisante, avec comme cons\u00e9quence un manque d&rsquo;unit\u00e9 entre la foi et la vie, entre l&rsquo;\u00e9vangile appr\u00e9ci\u00e9 et la conduite de vie.<\/p>\n\n<div class=\"wp-block-image\"><figure class=\"alignleft size-medium\"><img loading=\"lazy\" decoding=\"async\" width=\"300\" height=\"246\" src=\"https:\/\/neocatechumenaleiter.org\/wp-content\/uploads\/2020\/03\/Camino_Neocatecumenal_Juan_Pablo_II_visita_parroquia_San_Leonardo_1992-300x246.jpg\" alt=\"\" class=\"wp-image-2370\" srcset=\"https:\/\/neocatechumenaleiter.org\/wp-content\/uploads\/2020\/03\/Camino_Neocatecumenal_Juan_Pablo_II_visita_parroquia_San_Leonardo_1992-300x246.jpg 300w, https:\/\/neocatechumenaleiter.org\/wp-content\/uploads\/2020\/03\/Camino_Neocatecumenal_Juan_Pablo_II_visita_parroquia_San_Leonardo_1992.jpg 698w\" sizes=\"auto, (max-width: 300px) 100vw, 300px\" \/><\/figure><\/div>\n\n<p>L&rsquo;engagement prioritaire en paroisse a toujours \u00e9t\u00e9 l&rsquo;\u00e9vang\u00e9lisation, avec des cat\u00e9ch\u00e8ses pour tous les \u00e2ges.&#13;\nIl existe une cat\u00e9ch\u00e8se permanente de l&rsquo;\u00e2ge scolaire de 6 \u00e0 13 ans, et \u00e0 partir de cette ann\u00e9e pour les enfants de 3 \u00e0 6 ans \u00e9galement, pour les diriger vers un chemin de foi o\u00f9 les sacrements de la R\u00e9conciliation, de l&rsquo;Eucharistie et de la Confirmation sont des \u00e9tapes privil\u00e9gi\u00e9es.<br\/><br\/>&#13;\nIl existe \u00e9galement une cat\u00e9ch\u00e8se pour adultes, pour un renouveau de la famille. En cela, l&rsquo;exp\u00e9rience, non unique mais importante, des n\u00e9ocat\u00e9chum\u00e8nes m\u2019aide beaucoup. Depuis 1971 jusqu&rsquo;\u00e0 aujourd&rsquo;hui, 10 communaut\u00e9s sont n\u00e9es, avec environ 400 fr\u00e8res qui non seulement red\u00e9couvrent une foi personnelle et communautaire, mais sont aussi sel et levain pour toute la paroisse. Parce qu\u2019ils se sentent Eglise, ils sont disponibles pour une cat\u00e9ch\u00e8se engag\u00e9e des parents \u00e0 la pr\u00e9paration du Bapt\u00eame des enfants, des adultes pour la Confirmation, des fianc\u00e9s pour le mariage, de la rencontre avec les familles. Chaque ann\u00e9e, je vois s&rsquo;approcher de l&rsquo;Eglise des personnes \u00e9loign\u00e9es, indiff\u00e9rentes, des familles en difficult\u00e9 dans leur mariage.&#13;\n<\/p>\n\n<p>En paroisse sont pr\u00e9sents : la formation et l&rsquo;animation liturgique; le service de la charit\u00e9 envers les malades, ceux qui n&rsquo;ont pas de protection, les personnes seules; et, de fa\u00e7on particuli\u00e8re, le charisme de notre Congr\u00e9gation : aider dans des foyers familiaux les enfants et les jeunes en difficult\u00e9.<br\/><br\/>&#13;\nL&rsquo;oratoire est enfin un lieu de rencontre pour les jeunes et les familles. Une \u00e9quipe de collaborateurs la\u00efcs y \u0153uvre avec z\u00e8le, et tout en se formant elle-m\u00eame, elle organise les diff\u00e9rentes activit\u00e9s avec les jeunes.&#13;\nEn ce moment, la paroisse est engag\u00e9e dans la \u00ab\u00a0confrontation avec la ville\u00a0\u00bb dans le cheminement synodal que votre dioc\u00e8se est en train de conduire et qui donne la priorit\u00e9 \u00e0 la condition actuelle de la famille.&#13;\n<\/p>\n\n<p>Tr\u00e8s Saint P\u00e8re, que le fait de c\u00e9l\u00e9brer avec vous l&rsquo;Eucharistie, moment fort de communion, marque une \u00e9tape importante pour nous sentir davantage Eglise !<br\/><br\/>&#13;\nVotre pr\u00e9sence nous r\u00e9jouit parce que vous \u00eates venu parmi nous avec votre grand c\u0153ur de P\u00e8re, capable d&rsquo;aimer les proches et les lointains.&#13;\nAu nom des proches et des lointains, nous vous renouvelons notre merci et vous demandons une parole qui nous \u00e9claire, une parole d&rsquo;espoir qui rende plus fructueuse dans la pers\u00e9v\u00e9rance notre rencontre avec Vous, notre \u00e9v\u00eaque, successeur de Pierre et vicaire du Christ.<br\/><br\/>&#13;\nNous attendons une parole qui donne aux jeunes, d\u00e9sorient\u00e9s par tant d&rsquo;appels, une motivation valable pour leur vie; et \u00e0 ceux qui ne sont plus jeunes le besoin d&rsquo;\u00eatre t\u00e9moins au sein de leur famille et dans leur milieu de travail.<br\/><br\/>&#13;\nMerci, Tr\u00e8s Saint P\u00e8re!&#13;\n<\/p>\n\n<p><em>Depuis le premier moment de la visite, la paroisse de saint L\u00e9onard Murialdo a offert au Pape l&rsquo;image d&rsquo;une \u00ab\u00a0communaut\u00e9 internationale\u00a0\u00bb, gr\u00e2ce \u00e0 la pr\u00e9sence, dans la grande cour derri\u00e8re l&rsquo;Eglise, de repr\u00e9sentants des communaut\u00e9s n\u00e9ocat\u00e9chum\u00e9nales et de nombreux nomades h\u00e9berg\u00e9s dans un camp proche de l&rsquo;\u00e9glise. Avec les nombreux enfants et jeunes \u2013 au milieu de chants et de flottement de banderoles et de drapeaux \u2013 ils ont chaleureusement souhait\u00e9 la bienvenue au Pape. Un vicaire a pr\u00e9sent\u00e9 la joyeuse assembl\u00e9e :<\/em><br\/><br\/>&#13;\n\u00ab\u00a0Cher Jean-Paul II, successeur de Pierre \u2013 a-t-il dit -, bienvenue parmi les enfants et les jeunes de notre paroisse et de notre Centre social et de la jeunesse \u00ab\u00a0saint L\u00e9onard Murialdo\u00a0\u00bb.<br\/><br\/>&#13;\nNous avons tant d\u00e9sir\u00e9 cette rencontre pour nous r\u00e9jouir ensemble et pour \u00e9couter ta parole de guide qui nous accompagne dans le fait de suivre dans notre vie les traces de J\u00e9sus, notre ami et sauveur. Aujourd&rsquo;hui plus que jamais, nous sommes tous l\u00e0 : petits, jeunes, enfants, avec les coop\u00e9rateurs la\u00efcs de la congr\u00e9gation, engag\u00e9s dans l&rsquo;\u0153uvre de la formation humaine et chr\u00e9tienne des jeunes g\u00e9n\u00e9rations. Une famille bien unie, comme saint L\u00e9onard Murialdo le d\u00e9sirait\u00a0\u00bb.&#13;\n<\/p>\n\n<p><strong>\u00c0 la fin, le Pape a pris la parole :<\/strong><\/p>\n\n<p>J\u00e9sus Christ soit lou\u00e9 !<br\/><br\/>&#13;\nJe commence par cette parole adress\u00e9e \u00e0 J\u00e9sus Christ de la part de nous tous parce que j&rsquo;ai suivi la pr\u00e9sentation qui a \u00e9t\u00e9 faite tout \u00e0 l&rsquo;heure et on voit qu&rsquo;ici vous \u00eates en quelque sorte diff\u00e9rents : non seulement entre les jeunes de l&rsquo;\u00e9cole, de la cat\u00e9ch\u00e8se sacramentelle, des scouts, mais aussi \u00e0 cause des diff\u00e9rentes nationalit\u00e9s. Et les nomades sont \u00e9galement l\u00e0.<br\/><br\/>&#13;\nOn ressent toute cette diversit\u00e9 mais en m\u00eame temps on ressent une unit\u00e9, une communion, une communaut\u00e9. Cette communaut\u00e9 des enfants, des jeunes, est faite \u00e0 travers J\u00e9sus Christ.&#13;\n<\/p>\n\n<p>Lui est le centre autour duquel nous sommes tous une seule chose. C&rsquo;est cela, son myst\u00e8re. Le myst\u00e8re de J\u00e9sus, le myst\u00e8re du Fils de Dieu qui s&rsquo;est fait homme, est justement cela : lui, en se faisant homme, a constitu\u00e9 un centre de communion, de communaut\u00e9 pour des personnes diff\u00e9rentes, pour des peuples diff\u00e9rents. On a vu cela depuis le commencement de l&rsquo;Eglise, depuis la premi\u00e8re communaut\u00e9 chr\u00e9tienne \u00e0 J\u00e9rusalem, puis tout au long des si\u00e8cles, quand les ap\u00f4tres sont sortis de J\u00e9rusalem pour aller dans les diff\u00e9rents pays du monde pour pr\u00eacher l&rsquo;Evangile aux diff\u00e9rents peuples, et ces diff\u00e9rents peuples devenaient la m\u00eame Eglise .<\/p>\n\n<div class=\"wp-block-image\"><figure class=\"alignright size-large\"><img loading=\"lazy\" decoding=\"async\" width=\"704\" height=\"569\" src=\"https:\/\/neocatechumenaleiter.org\/wp-content\/uploads\/2020\/03\/Camino_Neocatecumenal_Juan_Pablo_II_visita_parroquia_San_Leonardo_1992_2.jpg\" alt=\"\" class=\"wp-image-2379\" srcset=\"https:\/\/neocatechumenaleiter.org\/wp-content\/uploads\/2020\/03\/Camino_Neocatecumenal_Juan_Pablo_II_visita_parroquia_San_Leonardo_1992_2.jpg 704w, https:\/\/neocatechumenaleiter.org\/wp-content\/uploads\/2020\/03\/Camino_Neocatecumenal_Juan_Pablo_II_visita_parroquia_San_Leonardo_1992_2-300x242.jpg 300w\" sizes=\"auto, (max-width: 704px) 100vw, 704px\" \/><\/figure><\/div>\n\n<p>Qu&rsquo;est-ce que l&rsquo;Eglise? Elle est le Christ vivant parmi nous, avec nous et pour nous. L&rsquo;Eglise est le Christ vivant avec nous et pour nous, toujours et partout. En m\u00eame temps l&rsquo;Eglise c&rsquo;est nous, r\u00e9unis autour de J\u00e9sus Christ, de son Evangile, de sa croix et de sa R\u00e9surrection; nous tous unis en J\u00e9sus Christ, non seulement autour de Lui. Nous ne sommes pas seulement un agr\u00e9gat, nous sommes une Eglise, un corps, et ainsi \u2013 r\u00e9unis autour de Lui et en Lui \u2013 nous tous nous participons quelque part \u00e0 sa vie divine, nous participons \u00e0 sa mission, et cela fait de nous une seule chose, une communaut\u00e9, une Eglise. J&rsquo;ai parl\u00e9 ainsi, en \u00e9coutant les enfants et les jeunes, mais il y a aussi les parents, les adultes qui ont d&rsquo;autres responsabilit\u00e9s : ma\u00eetres et enseignants. Il y a ensuite cette communaut\u00e9 n\u00e9ocat\u00e9chum\u00e9nale qu&rsquo;on entend \u00e0 travers ses chants et son enthousiasme. Je souhaite que cette premi\u00e8re rencontre soit une bonne introduction dans votre paroisse. A travers votre communaut\u00e9 on ressent d\u00e9j\u00e0, en quelque mesure, l&rsquo;esprit de la communaut\u00e9, l&rsquo;esprit de la paroisse; elle est un noyau avec lequel la communaut\u00e9 paroissiale doit vivre et grandir; et elle doit toujours grandir en naissant de la vie de J\u00e9sus et en portant en elle la m\u00eame charit\u00e9 que J\u00e9sus nous a port\u00e9e.<\/p>\n\n<p>J\u00e9sus est tellement pr\u00e9sent parmi nous qu&rsquo;il s&rsquo;identifie surtout avec les plus petits, les plus pauvres, les plus souffrants. Il le dit : \u00ab\u00a0Ce que vous aurez fait \u00e0 quelqu&rsquo;un de ceux-l\u00e0, vous l&rsquo;aurez fait \u00e0 moi\u00a0\u00bb.<\/p>\n\n<p>Je vous souhaite de vivre la vie de Christ et de chercher et de nourrir toujours plus de la vie du Christ votre vie chr\u00e9tienne, votre vie humaine, votre vie divinis\u00e9e par sa pr\u00e9sence et par ses sacrements.&#13;\nJe veux offrir \u00e0 tous ceux qui sont pr\u00e9sents une b\u00e9n\u00e9diction introductive, en souhaitant \u2013 comme je le vois \u00e9crit en ces banderoles \u2013 d&rsquo;\u00e9vang\u00e9liser toujours plus la vie humaine en ce quartier, et de le rendre toujours plus impr\u00e9gn\u00e9 de l&rsquo;Esprit du Christ.&#13;\n<\/p>\n\n<p><em>A la fin de la c\u00e9l\u00e9bration, le Pape a salu\u00e9 les pr\u00eatres de la Pr\u00e9fecture et les membres de la communaut\u00e9 religieuse de saint L\u00e9onard Murialdo, en particulier les s\u00e9minaristes de la communaut\u00e9 vocationnelle de la province romaine de l&rsquo;Immacul\u00e9e.<br\/><br\/>&#13;\nEnsuite il a eu une br\u00e8ve rencontre avec les forces adultes de la paroisse, qui lui ont \u00e9t\u00e9 pr\u00e9sent\u00e9es par le Porte-parole du Conseil Pastoral, le diacre Giovanni Pennacchio :&#13;\n<\/em><\/p>\n\n<p>Saint P\u00e8re, sont ici pr\u00e9sents tous les membres du Conseil pastoral paroissial et les responsables des r\u00e9alit\u00e9s eccl\u00e9siales de cette paroisse et des diff\u00e9rentes branches de l&rsquo;activit\u00e9 pastorale : cat\u00e9ch\u00e8se, liturgie, charit\u00e9, pastorale des jeunes.<br\/><br\/>&#13;\nSont \u00e9galement pr\u00e9sents \u2013 admis pour la premi\u00e8re fois dans le Conseil pastoral \u2013 les responsables de la zone, parce qu&rsquo;\u00e0 partir de cette ann\u00e9e, pour pouvoir aller le plus possible vers les personnes m\u00eame \u00e9loign\u00e9es de la paroisse, nous avons divis\u00e9 la paroisse en dix zones, et chaque zone a son responsable.<br\/><br\/>&#13;\nSont ensuite pr\u00e9sents les responsables des dix communaut\u00e9s n\u00e9ocat\u00e9chum\u00e9nales, avec leurs presbytres et leurs cat\u00e9chistes, et les familles itin\u00e9rantes en diff\u00e9rentes parties du monde : Afrique, Australie, Europe\u00a0\u00bb. \u00ab\u00a0Nous sommes ici pour renouveler notre adh\u00e9sion et notre concorde avec Pierre et avec son enseignement, avec ce respect religieux dont on parle dans Lumen Gentium. Merci d&rsquo;\u00eatre parmi nous.<br\/><br\/>&#13;\n Merci pour cette pr\u00e9sentation verbale mais surtout personnelle \u2013 <em>a r\u00e9pondu le Pape<\/em> -. On voit que votre paroisse est ici \u00e0 Rome, dans cette zone, mais en m\u00eame temps elle se trouve dans beaucoup d&rsquo;endroits, dans beaucoup de zones, dans beaucoup de milieux, dans beaucoup de continents : hors de Rome. Elle est une paroisse missionnaire, itin\u00e9rante, n\u00e9ocat\u00e9chum\u00e9nale.&#13;\n<\/p>\n\n<p>Je vous salue tous : Australiens, Africains, Fran\u00e7ais, Allemands, Polonais, Bi\u00e9lorusses. <br\/><br\/>&#13;\nVous devez savoir que l&rsquo;Eglise de Rome est en train de vivre une p\u00e9riode de confrontation. Confrontation signifie \u2013 nous pouvons le dire \u2013 application surtout de Vatican II, de Lumen Gentium et de Gaudium et Spes. Confrontation avec les diff\u00e9rentes r\u00e9alit\u00e9s qui caract\u00e9risent cette ville et cette soci\u00e9t\u00e9 romaine; confrontation importante pour l&rsquo;avenir de la ville, de l&rsquo;Italie et de l&rsquo;Eglise aussi. Mais il s&rsquo;agit d&rsquo;une confrontation o\u00f9 l&rsquo;Eglise est confront\u00e9e et \u00e0 son tour confronte dans la foi, \u00e0 travers sa foi bimill\u00e9naire ; Rome examine les probl\u00e8mes de notre mill\u00e9naire, de cette fin du deuxi\u00e8me mill\u00e9naire. <\/p>\n\n<p>Elle regarde dans la foi et essaye de comprendre ces probl\u00e8mes, m\u00eame s&rsquo;ils sont difficiles, m\u00eame si parfois ils contrastent avec ce que la foi nous dit.<br\/><br\/>&#13;\nElle regarde ces probl\u00e8mes avec courage, parce que l&rsquo;Eglise doit avoir du courage. Le Christ nous a dit : \u00ab\u00a0N&rsquo;ayez pas peur\u00a0\u00bb, et ceci est la parole-cl\u00e9 de sa mission messianique et de notre mission apostolique. N&rsquo;ayez pas peur. Je le dis \u00e0 vous aussi, les itin\u00e9rants, parce que vous \u00eates courageux. Parfois je sens que vous avez peur de certaines r\u00e9alit\u00e9s que vous rencontrez, qui vous affrontent et que vous affrontez. N&rsquo;ayez pas peur, parce qu&rsquo;il s&rsquo;agit toujours de la m\u00eame parole : \u00ab\u00a0Je suis avec vous\u00a0\u00bb. Ce n&rsquo;est pas seulement une parole, c&rsquo;est une r\u00e9alit\u00e9.&#13;\n<\/p>\n\n<p>Avec une b\u00e9n\u00e9diction \u00e0 tous ceux qui sont pr\u00e9sents \u2013 le peu de personnes qui restent encore \u00e0 Rome, dans cette paroisse \u2013 et \u00e0 ceux, tr\u00e8s nombreux, qui sont dans les diff\u00e9rents continents.<br\/><br\/>&#13;\n(*) Cf. \u00abL\u2019Osservatore Romano\u00bb, 23-24 mars 1992.<\/p>\n","protected":false},"excerpt":{"rendered":"<p>Visite \u00e0 la paroisse de San Leonardo Murialdo 22 mars 1992 Saint Jean-Paul II Rome, 22 mars 1992 Au d\u00e9but de la Messe, apr\u00e8s la salutation liturgique, le Cur\u00e9 P. Domenico Paiusco a souhait\u00e9 la bienvenue au Saint P\u00e8re au nom de la communaut\u00e9 : Tr\u00e8s Saint P\u00e8re, &#13; Bienvenue parmi nous! Merci d&rsquo;\u00eatre avec nous. La communaut\u00e9 paroissiale de saint L\u00e9onard Murialdo, confi\u00e9e \u00e0 la Congr\u00e9gation des P\u00e8res de<\/p>\n<div class=\"read-more\"><a class=\"btn read-more-btn\" href=\"https:\/\/neocatechumenaleiter.org\/fr\/paroles-de-papes\/st-jean-paul-ii\/visite-a-la-paroisse-de-san-leonardo-murialdo-22-mars-1992\/\">En savoir plus<\/a><\/div>\n","protected":false},"author":2,"featured_media":0,"parent":5064,"menu_order":67,"comment_status":"closed","ping_status":"closed","template":"","meta":{"footnotes":""},"class_list":["post-16845","page","type-page","status-publish","hentry"],"_links":{"self":[{"href":"https:\/\/neocatechumenaleiter.org\/fr\/wp-json\/wp\/v2\/pages\/16845","targetHints":{"allow":["GET"]}}],"collection":[{"href":"https:\/\/neocatechumenaleiter.org\/fr\/wp-json\/wp\/v2\/pages"}],"about":[{"href":"https:\/\/neocatechumenaleiter.org\/fr\/wp-json\/wp\/v2\/types\/page"}],"author":[{"embeddable":true,"href":"https:\/\/neocatechumenaleiter.org\/fr\/wp-json\/wp\/v2\/users\/2"}],"replies":[{"embeddable":true,"href":"https:\/\/neocatechumenaleiter.org\/fr\/wp-json\/wp\/v2\/comments?post=16845"}],"version-history":[{"count":4,"href":"https:\/\/neocatechumenaleiter.org\/fr\/wp-json\/wp\/v2\/pages\/16845\/revisions"}],"predecessor-version":[{"id":24096,"href":"https:\/\/neocatechumenaleiter.org\/fr\/wp-json\/wp\/v2\/pages\/16845\/revisions\/24096"}],"up":[{"embeddable":true,"href":"https:\/\/neocatechumenaleiter.org\/fr\/wp-json\/wp\/v2\/pages\/5064"}],"wp:attachment":[{"href":"https:\/\/neocatechumenaleiter.org\/fr\/wp-json\/wp\/v2\/media?parent=16845"}],"curies":[{"name":"wp","href":"https:\/\/api.w.org\/{rel}","templated":true}]}}