{"id":16933,"date":"2020-08-25T14:30:34","date_gmt":"2020-08-25T13:30:34","guid":{"rendered":"https:\/\/neocatechumenaleiter.org\/paroles-de-papes\/st-jean-paul-ii\/vigile-pascale-a-saint-pierre-renovation-solennelle-des-promesses-baptismales-26-mars-1989\/"},"modified":"2020-08-25T14:32:11","modified_gmt":"2020-08-25T13:32:11","slug":"vigile-pascale-a-saint-pierre-renovation-solennelle-des-promesses-baptismales-26-mars-1989","status":"publish","type":"page","link":"https:\/\/neocatechumenaleiter.org\/fr\/paroles-de-papes\/st-jean-paul-ii\/vigile-pascale-a-saint-pierre-renovation-solennelle-des-promesses-baptismales-26-mars-1989\/","title":{"rendered":"Vigile pascale \u00e0 Saint-Pierre : r\u00e9novation solennelle des Promesses baptismales 26 mars 1989"},"content":{"rendered":"\n<h1 class=\"has-text-align-center wp-block-heading\">Vigile pascale \u00e0 Saint-Pierre : r\u00e9novation solennelle des Promesses baptismales 26 mars 1989<\/h1>\n\n<div style=\"height:20px\" aria-hidden=\"true\" class=\"wp-block-spacer\"><\/div>\n\n<h4 class=\"has-text-align-center wp-block-heading\">Saint Jean-Paul II<\/h4>\n\n<div style=\"height:20px\" aria-hidden=\"true\" class=\"wp-block-spacer\"><\/div>\n\n<p><strong>Cit\u00e9 du Vatican, 26 mars 1989<\/strong><\/p>\n\n<p><em>Les fr\u00e8res des communaut\u00e9s de Saint Louis Gonzague et des Martyrs canadiens ont renouvel\u00e9 solennellement les promesses baptismales au terme de leur itin\u00e9raire n\u00e9ocat\u00e9chum\u00e9nal.<\/em><\/p>\n\n<figure class=\"wp-block-image size-large\"><img loading=\"lazy\" decoding=\"async\" width=\"714\" height=\"569\" src=\"https:\/\/neocatechumenaleiter.org\/wp-content\/uploads\/2020\/03\/Camino_Neocatecumenal_Juan_Pablo_II_vigilia_pascual_hermanos_vestidura_blanca_1989.jpg\" alt=\"\" class=\"wp-image-2228\" srcset=\"https:\/\/neocatechumenaleiter.org\/wp-content\/uploads\/2020\/03\/Camino_Neocatecumenal_Juan_Pablo_II_vigilia_pascual_hermanos_vestidura_blanca_1989.jpg 714w, https:\/\/neocatechumenaleiter.org\/wp-content\/uploads\/2020\/03\/Camino_Neocatecumenal_Juan_Pablo_II_vigilia_pascual_hermanos_vestidura_blanca_1989-300x239.jpg 300w\" sizes=\"auto, (max-width: 714px) 100vw, 714px\" \/><\/figure>","protected":false},"excerpt":{"rendered":"<p>Vigile pascale \u00e0 Saint-Pierre : r\u00e9novation solennelle des Promesses baptismales 26 mars 1989 Saint Jean-Paul II Cit\u00e9 du Vatican, 26 mars 1989 Les fr\u00e8res des communaut\u00e9s de Saint Louis Gonzague et des Martyrs canadiens ont renouvel\u00e9 solennellement les promesses baptismales au terme de leur itin\u00e9raire n\u00e9ocat\u00e9chum\u00e9nal.<\/p>\n","protected":false},"author":2,"featured_media":0,"parent":5064,"menu_order":57,"comment_status":"closed","ping_status":"closed","template":"","meta":{"footnotes":""},"class_list":["post-16933","page","type-page","status-publish","hentry"],"_links":{"self":[{"href":"https:\/\/neocatechumenaleiter.org\/fr\/wp-json\/wp\/v2\/pages\/16933","targetHints":{"allow":["GET"]}}],"collection":[{"href":"https:\/\/neocatechumenaleiter.org\/fr\/wp-json\/wp\/v2\/pages"}],"about":[{"href":"https:\/\/neocatechumenaleiter.org\/fr\/wp-json\/wp\/v2\/types\/page"}],"author":[{"embeddable":true,"href":"https:\/\/neocatechumenaleiter.org\/fr\/wp-json\/wp\/v2\/users\/2"}],"replies":[{"embeddable":true,"href":"https:\/\/neocatechumenaleiter.org\/fr\/wp-json\/wp\/v2\/comments?post=16933"}],"version-history":[{"count":3,"href":"https:\/\/neocatechumenaleiter.org\/fr\/wp-json\/wp\/v2\/pages\/16933\/revisions"}],"predecessor-version":[{"id":16936,"href":"https:\/\/neocatechumenaleiter.org\/fr\/wp-json\/wp\/v2\/pages\/16933\/revisions\/16936"}],"up":[{"embeddable":true,"href":"https:\/\/neocatechumenaleiter.org\/fr\/wp-json\/wp\/v2\/pages\/5064"}],"wp:attachment":[{"href":"https:\/\/neocatechumenaleiter.org\/fr\/wp-json\/wp\/v2\/media?parent=16933"}],"curies":[{"name":"wp","href":"https:\/\/api.w.org\/{rel}","templated":true}]}}