{"id":16937,"date":"2020-03-04T00:18:38","date_gmt":"2020-03-03T23:18:38","guid":{"rendered":"https:\/\/neocatechumenaleiter.org\/paroles-de-papes\/st-jean-paul-ii\/veillee-pascale-a-la-basilique-vaticane-renovation-solennelle-des-promesses-baptismales-19-avril-1992\/"},"modified":"2021-08-10T11:02:36","modified_gmt":"2021-08-10T10:02:36","slug":"veillee-pascale-a-la-basilique-vaticane-renovation-solennelle-des-promesses-baptismales-19-avril-1992","status":"publish","type":"page","link":"https:\/\/neocatechumenaleiter.org\/fr\/paroles-de-papes\/st-jean-paul-ii\/veillee-pascale-a-la-basilique-vaticane-renovation-solennelle-des-promesses-baptismales-19-avril-1992\/","title":{"rendered":"Veill\u00e9e pascale \u00e0 la Basilique vaticane : r\u00e9novation solennelle des promesses baptismales 19 avril 1992"},"content":{"rendered":"\n<h1 class=\"has-text-align-center wp-block-heading\">Veill\u00e9e pascale \u00e0 la Basilique vaticane : r\u00e9novation solennelle des promesses baptismales 19 avril 1992<\/h1>\n\n<div style=\"height:20px\" aria-hidden=\"true\" class=\"wp-block-spacer\"><\/div>\n\n<h4 class=\"has-text-align-center wp-block-heading\">Saint Jean-Paul II<\/h4>\n\n<div style=\"height:20px\" aria-hidden=\"true\" class=\"wp-block-spacer\"><\/div>\n\n<p><strong>Saint Pierre, 19 avril 1992<\/strong><\/p>\n\n<p><em>La premi\u00e8re communaut\u00e9 de San Leonardo Murialdo de Rome et la premi\u00e8re communaut\u00e9 de Tor Sapienza de Rome ont r\u00e9nov\u00e9 solennellement les Promesses baptismales \u00e0 la fin de leur itin\u00e9raire N\u00e9ocat\u00e9chum\u00e9nal, accompagn\u00e9s par leurs cat\u00e9chistes, devant le Saint P\u00e8re Jean-Paul II dans la Basilique Saint-Pierre pendant la Vigile pascale<\/em><\/p>\n\n<div class=\"wp-block-image\"><figure class=\"aligncenter size-large\"><img loading=\"lazy\" decoding=\"async\" width=\"692\" height=\"569\" src=\"https:\/\/neocatechumenaleiter.org\/wp-content\/uploads\/2020\/03\/Camino_Neocatecumenal_Juan_Pablo_II_vigilia_pascual_hermanos_vestidura_blanca_1992.jpg\" alt=\"\" class=\"wp-image-2389\" srcset=\"https:\/\/neocatechumenaleiter.org\/wp-content\/uploads\/2020\/03\/Camino_Neocatecumenal_Juan_Pablo_II_vigilia_pascual_hermanos_vestidura_blanca_1992.jpg 692w, https:\/\/neocatechumenaleiter.org\/wp-content\/uploads\/2020\/03\/Camino_Neocatecumenal_Juan_Pablo_II_vigilia_pascual_hermanos_vestidura_blanca_1992-300x247.jpg 300w\" sizes=\"auto, (max-width: 692px) 100vw, 692px\" \/><\/figure><\/div>\n","protected":false},"excerpt":{"rendered":"<p>Veill\u00e9e pascale \u00e0 la Basilique vaticane : r\u00e9novation solennelle des promesses baptismales 19 avril 1992 Saint Jean-Paul II Saint Pierre, 19 avril 1992 La premi\u00e8re communaut\u00e9 de San Leonardo Murialdo de Rome et la premi\u00e8re communaut\u00e9 de Tor Sapienza de Rome ont r\u00e9nov\u00e9 solennellement les Promesses baptismales \u00e0 la fin de leur itin\u00e9raire N\u00e9ocat\u00e9chum\u00e9nal, accompagn\u00e9s par leurs cat\u00e9chistes, devant le Saint P\u00e8re Jean-Paul II dans la Basilique Saint-Pierre pendant la<\/p>\n<div class=\"read-more\"><a class=\"btn read-more-btn\" href=\"https:\/\/neocatechumenaleiter.org\/fr\/paroles-de-papes\/st-jean-paul-ii\/veillee-pascale-a-la-basilique-vaticane-renovation-solennelle-des-promesses-baptismales-19-avril-1992\/\">En savoir plus<\/a><\/div>\n","protected":false},"author":2,"featured_media":0,"parent":5064,"menu_order":68,"comment_status":"closed","ping_status":"closed","template":"","meta":{"footnotes":""},"class_list":["post-16937","page","type-page","status-publish","hentry"],"_links":{"self":[{"href":"https:\/\/neocatechumenaleiter.org\/fr\/wp-json\/wp\/v2\/pages\/16937","targetHints":{"allow":["GET"]}}],"collection":[{"href":"https:\/\/neocatechumenaleiter.org\/fr\/wp-json\/wp\/v2\/pages"}],"about":[{"href":"https:\/\/neocatechumenaleiter.org\/fr\/wp-json\/wp\/v2\/types\/page"}],"author":[{"embeddable":true,"href":"https:\/\/neocatechumenaleiter.org\/fr\/wp-json\/wp\/v2\/users\/2"}],"replies":[{"embeddable":true,"href":"https:\/\/neocatechumenaleiter.org\/fr\/wp-json\/wp\/v2\/comments?post=16937"}],"version-history":[{"count":6,"href":"https:\/\/neocatechumenaleiter.org\/fr\/wp-json\/wp\/v2\/pages\/16937\/revisions"}],"predecessor-version":[{"id":24106,"href":"https:\/\/neocatechumenaleiter.org\/fr\/wp-json\/wp\/v2\/pages\/16937\/revisions\/24106"}],"up":[{"embeddable":true,"href":"https:\/\/neocatechumenaleiter.org\/fr\/wp-json\/wp\/v2\/pages\/5064"}],"wp:attachment":[{"href":"https:\/\/neocatechumenaleiter.org\/fr\/wp-json\/wp\/v2\/media?parent=16937"}],"curies":[{"name":"wp","href":"https:\/\/api.w.org\/{rel}","templated":true}]}}