{"id":16943,"date":"2020-08-25T14:52:48","date_gmt":"2020-08-25T13:52:48","guid":{"rendered":"https:\/\/neocatechumenaleiter.org\/paroles-de-papes\/st-jean-paul-ii\/vigile-pascale-a-saint-pierre-renovation-solennelle-des-promesses-baptismales-de-quelques-communautes-de-rome-15-avril-1990\/"},"modified":"2020-08-25T14:54:34","modified_gmt":"2020-08-25T13:54:34","slug":"vigile-pascale-a-saint-pierre-renovation-solennelle-des-promesses-baptismales-de-quelques-communautes-de-rome-15-avril-1990","status":"publish","type":"page","link":"https:\/\/neocatechumenaleiter.org\/fr\/paroles-de-papes\/st-jean-paul-ii\/vigile-pascale-a-saint-pierre-renovation-solennelle-des-promesses-baptismales-de-quelques-communautes-de-rome-15-avril-1990\/","title":{"rendered":"Vigile pascale \u00e0 Saint-Pierre : r\u00e9novation solennelle des Promesses baptismales de quelques communaut\u00e9s de Rome 15 avril 1990"},"content":{"rendered":"\n<h1 class=\"has-text-align-center wp-block-heading\">Vigile pascale \u00e0 Saint-Pierre : r\u00e9novation solennelle des Promesses baptismales de quelques communaut\u00e9s de Rome 15 avril 1990<\/h1>\n\n<div style=\"height:20px\" aria-hidden=\"true\" class=\"wp-block-spacer\"><\/div>\n\n<h4 class=\"has-text-align-center wp-block-heading\">Saint Jean-Paul II<\/h4>\n\n<div style=\"height:20px\" aria-hidden=\"true\" class=\"wp-block-spacer\"><\/div>\n\n<p><strong>Cit\u00e9 du Vatican, 15 avril 1990<\/strong><\/p>\n\n<p>R\u00e9novation solennelle des Promesses baptismales \u00e0 la fin de l&rsquo;itin\u00e9raire N\u00e9ocat\u00e9chum\u00e9nal devant le Saint P\u00e8re Jean-Paul II dans la Basilique Saint-Pierre pendant la Vigile pascale accompagn\u00e9es par leurs cat\u00e9chistes Kiko, Carmen et le P\u00e8re Mario, des communaut\u00e9s de Rome suivantes: <\/p>\n\n<p>2\u00e8me communaut\u00e9 de Santa Francesca Cabrini, 1\u00e8re communaut\u00e9 de la Nativit\u00e9, 1\u00e8re communaut\u00e9 de Saint Jean de Dieu, 1\u00e8re communaut\u00e9 de Santa Maria Goretti.<\/p>\n\n<div class=\"wp-block-image\"><figure class=\"aligncenter size-large\"><img loading=\"lazy\" decoding=\"async\" width=\"350\" height=\"487\" src=\"https:\/\/neocatechumenaleiter.org\/wp-content\/uploads\/2020\/03\/Camino_Neocatecumenal_Juan_Pablo_II_vigilia_pascual_hermanos_vestidura_blanca_1990.jpg\" alt=\"\" class=\"wp-image-2284\" srcset=\"https:\/\/neocatechumenaleiter.org\/wp-content\/uploads\/2020\/03\/Camino_Neocatecumenal_Juan_Pablo_II_vigilia_pascual_hermanos_vestidura_blanca_1990.jpg 350w, https:\/\/neocatechumenaleiter.org\/wp-content\/uploads\/2020\/03\/Camino_Neocatecumenal_Juan_Pablo_II_vigilia_pascual_hermanos_vestidura_blanca_1990-216x300.jpg 216w\" sizes=\"auto, (max-width: 350px) 100vw, 350px\" \/><\/figure><\/div>\n","protected":false},"excerpt":{"rendered":"<p>Vigile pascale \u00e0 Saint-Pierre : r\u00e9novation solennelle des Promesses baptismales de quelques communaut\u00e9s de Rome 15 avril 1990 Saint Jean-Paul II Cit\u00e9 du Vatican, 15 avril 1990 R\u00e9novation solennelle des Promesses baptismales \u00e0 la fin de l&rsquo;itin\u00e9raire N\u00e9ocat\u00e9chum\u00e9nal devant le Saint P\u00e8re Jean-Paul II dans la Basilique Saint-Pierre pendant la Vigile pascale accompagn\u00e9es par leurs cat\u00e9chistes Kiko, Carmen et le P\u00e8re Mario, des communaut\u00e9s de Rome suivantes: 2\u00e8me communaut\u00e9 de<\/p>\n<div class=\"read-more\"><a class=\"btn read-more-btn\" href=\"https:\/\/neocatechumenaleiter.org\/fr\/paroles-de-papes\/st-jean-paul-ii\/vigile-pascale-a-saint-pierre-renovation-solennelle-des-promesses-baptismales-de-quelques-communautes-de-rome-15-avril-1990\/\">En savoir plus<\/a><\/div>\n","protected":false},"author":2,"featured_media":0,"parent":5064,"menu_order":60,"comment_status":"closed","ping_status":"closed","template":"","meta":{"footnotes":""},"class_list":["post-16943","page","type-page","status-publish","hentry"],"_links":{"self":[{"href":"https:\/\/neocatechumenaleiter.org\/fr\/wp-json\/wp\/v2\/pages\/16943","targetHints":{"allow":["GET"]}}],"collection":[{"href":"https:\/\/neocatechumenaleiter.org\/fr\/wp-json\/wp\/v2\/pages"}],"about":[{"href":"https:\/\/neocatechumenaleiter.org\/fr\/wp-json\/wp\/v2\/types\/page"}],"author":[{"embeddable":true,"href":"https:\/\/neocatechumenaleiter.org\/fr\/wp-json\/wp\/v2\/users\/2"}],"replies":[{"embeddable":true,"href":"https:\/\/neocatechumenaleiter.org\/fr\/wp-json\/wp\/v2\/comments?post=16943"}],"version-history":[{"count":7,"href":"https:\/\/neocatechumenaleiter.org\/fr\/wp-json\/wp\/v2\/pages\/16943\/revisions"}],"predecessor-version":[{"id":16950,"href":"https:\/\/neocatechumenaleiter.org\/fr\/wp-json\/wp\/v2\/pages\/16943\/revisions\/16950"}],"up":[{"embeddable":true,"href":"https:\/\/neocatechumenaleiter.org\/fr\/wp-json\/wp\/v2\/pages\/5064"}],"wp:attachment":[{"href":"https:\/\/neocatechumenaleiter.org\/fr\/wp-json\/wp\/v2\/media?parent=16943"}],"curies":[{"name":"wp","href":"https:\/\/api.w.org\/{rel}","templated":true}]}}