{"id":16963,"date":"2020-08-26T15:12:56","date_gmt":"2020-08-26T14:12:56","guid":{"rendered":"https:\/\/neocatechumenaleiter.org\/paroles-de-papes\/st-jean-paul-ii\/audience-privee-envoi-de-trente-six-familles-pour-la-nouvelle-evangelisation-27-decembre-1987\/"},"modified":"2020-11-30T12:03:10","modified_gmt":"2020-11-30T11:03:10","slug":"audience-privee-envoi-de-trente-six-familles-pour-la-nouvelle-evangelisation-27-decembre-1987","status":"publish","type":"page","link":"https:\/\/neocatechumenaleiter.org\/fr\/paroles-de-papes\/st-jean-paul-ii\/audience-privee-envoi-de-trente-six-familles-pour-la-nouvelle-evangelisation-27-decembre-1987\/","title":{"rendered":"Audience priv\u00e9e envoi de trente-six familles pour la \u00ab\u00a0Nouvelle Evang\u00e9lisation\u00a0\u00bb 27 d\u00e9cembre 1987"},"content":{"rendered":"\n<h1 class=\"has-text-align-center wp-block-heading\">Audience priv\u00e9e envoi de trente-six familles pour la \u00ab\u00a0Nouvelle Evang\u00e9lisation\u00a0\u00bb 27 d\u00e9cembre 1987<\/h1>\n\n<div style=\"height:20px\" aria-hidden=\"true\" class=\"wp-block-spacer\"><\/div>\n\n<h4 class=\"has-text-align-center wp-block-heading\">Saint Jean-Paul II<\/h4>\n\n<div style=\"height:20px\" aria-hidden=\"true\" class=\"wp-block-spacer\"><\/div>\n\n<p><strong>Castel Gandolfo : F\u00eate de la Sainte Famille, 27 d\u00e9cembre 1987<\/strong><\/p>\n\n<p><em>Trente-six familles appartenant \u00e0 diff\u00e9rentes communaut\u00e9s n\u00e9ocat\u00e9chum\u00e9nales ont re\u00e7u des mains du Saint P\u00e8re le crucifix qui les accompagnera dans les lieux de mission vers lesquels ils se pr\u00e9parent \u00e0 partir. La c\u00e9l\u00e9bration, toute simple, de remise s&rsquo;est d\u00e9roul\u00e9e le 27 d\u00e9cembre, dans le salon des Suisses du Palais Pontifical de Castel Gandolfo, apr\u00e8s le rendez-vous marial habituel du Pape avec les fid\u00e8les pour prier l&rsquo;<\/em>Ang\u00e9lus<em>.<\/em><\/p>\n\n<p><em>Aux familles pr\u00e9sentes, le Pape a adress\u00e9 les paroles suivantes :<\/em><\/p>\n\n<p>Tr\u00e8s chers amis je vous remercie pour votre visite d&rsquo;aujourd&rsquo;hui \u00e0 Castel Gandolfo, en ce jour aussi significatif pendant les f\u00eates de la Nativit\u00e9. Le Saint No\u00ebl se c\u00e9l\u00e8bre avec une grande solennit\u00e9 liturgique, avec aussi une grande joie et une participation populaire, mais peut-\u00eatre ne nous rendons nous pas compte de ce qu&rsquo;est le Saint No\u00ebl.<\/p>\n\n<p>Le Saint No\u00ebl est le d\u00e9but d&rsquo;une mission, une mission divine parmi les hommes : Dieu, qui na\u00eet comme fils d&rsquo;homme, d&rsquo;une femme, est envoy\u00e9 par le P\u00e8re, le P\u00e8re c\u00e9leste, et il na\u00eet pour accomplir cette mission. Et alors aussit\u00f4t apr\u00e8s le Saint No\u00ebl vient la c\u00e9l\u00e9bration de la f\u00eate d&rsquo;aujourd&rsquo;hui : de la Sainte Famille. Et ceci est tr\u00e8s significatif, cela veut dire que cette mission divine, devenue humaine par l&rsquo;incarnation du Verbe de Dieu, <strong>cette mission, est confi\u00e9e en premier lieu \u00e0 la famille.<\/strong><\/p>\n\n<p>Je vois dans cette rencontre, et dans l&rsquo;\u00e9volution de votre chemin n\u00e9ocat\u00e9chum\u00e9nal, dans le projet missionnaire confi\u00e9 \u00e0 diff\u00e9rentes familles \u2013 non pas \u00e0 une personne particuli\u00e8re mais \u00e0 des familles enti\u00e8res &#8211; je vois une attitude, une r\u00e9alisation de cet \u00e9v\u00e9nement significatif qui appartient \u00e0 l&rsquo;Histoire du Salut, \u00e0 l&rsquo;histoire de la mission divine \u00e0 travers toute la famille humaine, \u00e0 travers les hommes, \u00e0 travers la g\u00e9n\u00e9ration humaine. Je vous souhaite de participer \u00e0 cette mission divine confi\u00e9e \u00e0 la Sainte Famille, dans vos familles, surtout dans la vie de ces familles, vie fid\u00e8le \u00e0 ce que Dieu lui-m\u00eame veut que soit la famille humaine et qui l&rsquo;a montr\u00e9 dans la Sainte famille de Nazareth.<\/p>\n\n<p>Ensuite, la mission vous appelle \u00ab\u00a0ad extra\u00a0\u00bb, <strong>la mission veut dire aller, enseigner<\/strong>, ce que J\u00e9sus a dit \u00e0 ses ap\u00f4tres \u00e0 la fin de sa mission messianique sur cette terre. Mais le Concile Vatican II dit tr\u00e8s bien que ces Douze \u00e9taient les repr\u00e9sentants de tout le nouvel Isra\u00ebl, tout le nouvel Isra\u00ebl, naturellement la famille qui est la cellule de base de chaque peuple, du vieil et du nouvel Isra\u00ebl. Alors leur mission doit impliquer les familles : et cela nous cherchons \u00e0 le red\u00e9couvrir, parce que c&rsquo;\u00e9tait peut-\u00eatre un peu cach\u00e9, ce n&rsquo;\u00e9tait pas suffisamment mis en valeur, ce n&rsquo;\u00e9tait pas suffisamment actualis\u00e9 bien qu&rsquo;il y ait dans l&rsquo;Eglise beaucoup de bonnes traditions de la famille chr\u00e9tienne, mais cette caract\u00e9ristique missionnaire est une certaine nouveaut\u00e9. Et le vent de votre mouvement ou mieux de votre chemin, cherche justement \u00e0 red\u00e9couvrir cette <strong>nouveaut\u00e9 missionnaire de la famille<\/strong> : l&rsquo;Eglise en \u00ab\u00a0status missionis\u00a0\u00bb, l&rsquo;Eglise missionnaire tout enti\u00e8re, <strong>la famille en \u00ab\u00a0status missionis\u00a0\u00bb<\/strong>.<\/p>\n\n<p>Je vous souhaite de cheminer \u2013 cheminer veut dire aussi bouger \u2013 de bien cheminer sur cette route que vous avez trouv\u00e9e dans le Chemin N\u00e9ocat\u00e9chum\u00e9nal.<\/p>\n\n<p>Je veux donner une b\u00e9n\u00e9diction \u00e0 vous tous qui \u00eates pr\u00e9sents, \u00e0 ceux qui se pr\u00e9parent \u00e0 une mission des pays lointains, peut-\u00eatre pas tellement, pas toujours g\u00e9ographiquement, mais beaucoup plus souvent spirituellement, loin de la foi, de la vision chr\u00e9tienne de la vie.<\/p>\n\n<p>Voil\u00e0, ceci est la mission des familles : pour approcher une famille lointaine, qui s&rsquo;est \u00e9loign\u00e9e de la foi, il faut la pr\u00e9sence des familles, le t\u00e9moignage des familles, l&rsquo;apostolat des familles.<\/p>\n\n<figure class=\"wp-block-gallery columns-3 is-cropped wp-block-gallery-1 is-layout-flex wp-block-gallery-is-layout-flex\"><ul class=\"blocks-gallery-grid\"><li class=\"blocks-gallery-item\"><figure><img loading=\"lazy\" decoding=\"async\" width=\"703\" height=\"536\" src=\"https:\/\/neocatechumenaleiter.org\/wp-content\/uploads\/2020\/03\/Camino_Neocatecumenal_Juan_Pablo_II_audiencia_privada_envio_36_familias_mision_1987.jpg\" alt=\"\" data-id=\"2075\" data-full-url=\"https:\/\/neocatechumenaleiter.org\/wp-content\/uploads\/2020\/03\/Camino_Neocatecumenal_Juan_Pablo_II_audiencia_privada_envio_36_familias_mision_1987.jpg\" data-link=\"https:\/\/neocatechumenaleiter.org\/?attachment_id=2075\" class=\"wp-image-2077\" srcset=\"https:\/\/neocatechumenaleiter.org\/wp-content\/uploads\/2020\/03\/Camino_Neocatecumenal_Juan_Pablo_II_audiencia_privada_envio_36_familias_mision_1987.jpg 703w, https:\/\/neocatechumenaleiter.org\/wp-content\/uploads\/2020\/03\/Camino_Neocatecumenal_Juan_Pablo_II_audiencia_privada_envio_36_familias_mision_1987-300x229.jpg 300w\" sizes=\"auto, (max-width: 703px) 100vw, 703px\" \/><\/figure><\/li><li class=\"blocks-gallery-item\"><figure><img loading=\"lazy\" decoding=\"async\" width=\"701\" height=\"569\" src=\"https:\/\/neocatechumenaleiter.org\/wp-content\/uploads\/2020\/03\/Camino_Neocatecumenal_Juan_Pablo_II_audiencia_privada_envio_36_familias_mision_19873.jpg\" alt=\"\" data-id=\"2068\" data-full-url=\"https:\/\/neocatechumenaleiter.org\/wp-content\/uploads\/2020\/03\/Camino_Neocatecumenal_Juan_Pablo_II_audiencia_privada_envio_36_familias_mision_19873.jpg\" data-link=\"https:\/\/neocatechumenaleiter.org\/?attachment_id=2068\" class=\"wp-image-2070\" srcset=\"https:\/\/neocatechumenaleiter.org\/wp-content\/uploads\/2020\/03\/Camino_Neocatecumenal_Juan_Pablo_II_audiencia_privada_envio_36_familias_mision_19873.jpg 701w, https:\/\/neocatechumenaleiter.org\/wp-content\/uploads\/2020\/03\/Camino_Neocatecumenal_Juan_Pablo_II_audiencia_privada_envio_36_familias_mision_19873-300x244.jpg 300w\" sizes=\"auto, (max-width: 701px) 100vw, 701px\" \/><\/figure><\/li><li class=\"blocks-gallery-item\"><figure><img loading=\"lazy\" decoding=\"async\" width=\"768\" height=\"535\" src=\"https:\/\/neocatechumenaleiter.org\/wp-content\/uploads\/2020\/03\/Camino_Neocatecumenal_Juan_Pablo_II_audiencia_privada_envio_36_familias_mision_19872.jpg\" alt=\"\" data-id=\"2061\" data-full-url=\"https:\/\/neocatechumenaleiter.org\/wp-content\/uploads\/2020\/03\/Camino_Neocatecumenal_Juan_Pablo_II_audiencia_privada_envio_36_familias_mision_19872.jpg\" data-link=\"https:\/\/neocatechumenaleiter.org\/?attachment_id=2061\" class=\"wp-image-2063\" srcset=\"https:\/\/neocatechumenaleiter.org\/wp-content\/uploads\/2020\/03\/Camino_Neocatecumenal_Juan_Pablo_II_audiencia_privada_envio_36_familias_mision_19872.jpg 768w, https:\/\/neocatechumenaleiter.org\/wp-content\/uploads\/2020\/03\/Camino_Neocatecumenal_Juan_Pablo_II_audiencia_privada_envio_36_familias_mision_19872-300x209.jpg 300w\" sizes=\"auto, (max-width: 768px) 100vw, 768px\" \/><\/figure><\/li><\/ul><\/figure>","protected":false},"excerpt":{"rendered":"<p>Audience priv\u00e9e envoi de trente-six familles pour la \u00ab\u00a0Nouvelle Evang\u00e9lisation\u00a0\u00bb 27 d\u00e9cembre 1987 Saint Jean-Paul II Castel Gandolfo : F\u00eate de la Sainte Famille, 27 d\u00e9cembre 1987 Trente-six familles appartenant \u00e0 diff\u00e9rentes communaut\u00e9s n\u00e9ocat\u00e9chum\u00e9nales ont re\u00e7u des mains du Saint P\u00e8re le crucifix qui les accompagnera dans les lieux de mission vers lesquels ils se pr\u00e9parent \u00e0 partir. La c\u00e9l\u00e9bration, toute simple, de remise s&rsquo;est d\u00e9roul\u00e9e le 27 d\u00e9cembre, dans<\/p>\n<div class=\"read-more\"><a class=\"btn read-more-btn\" href=\"https:\/\/neocatechumenaleiter.org\/fr\/paroles-de-papes\/st-jean-paul-ii\/audience-privee-envoi-de-trente-six-familles-pour-la-nouvelle-evangelisation-27-decembre-1987\/\">En savoir plus<\/a><\/div>\n","protected":false},"author":2,"featured_media":0,"parent":5064,"menu_order":47,"comment_status":"closed","ping_status":"closed","template":"","meta":{"footnotes":""},"class_list":["post-16963","page","type-page","status-publish","hentry"],"_links":{"self":[{"href":"https:\/\/neocatechumenaleiter.org\/fr\/wp-json\/wp\/v2\/pages\/16963","targetHints":{"allow":["GET"]}}],"collection":[{"href":"https:\/\/neocatechumenaleiter.org\/fr\/wp-json\/wp\/v2\/pages"}],"about":[{"href":"https:\/\/neocatechumenaleiter.org\/fr\/wp-json\/wp\/v2\/types\/page"}],"author":[{"embeddable":true,"href":"https:\/\/neocatechumenaleiter.org\/fr\/wp-json\/wp\/v2\/users\/2"}],"replies":[{"embeddable":true,"href":"https:\/\/neocatechumenaleiter.org\/fr\/wp-json\/wp\/v2\/comments?post=16963"}],"version-history":[{"count":3,"href":"https:\/\/neocatechumenaleiter.org\/fr\/wp-json\/wp\/v2\/pages\/16963\/revisions"}],"predecessor-version":[{"id":19882,"href":"https:\/\/neocatechumenaleiter.org\/fr\/wp-json\/wp\/v2\/pages\/16963\/revisions\/19882"}],"up":[{"embeddable":true,"href":"https:\/\/neocatechumenaleiter.org\/fr\/wp-json\/wp\/v2\/pages\/5064"}],"wp:attachment":[{"href":"https:\/\/neocatechumenaleiter.org\/fr\/wp-json\/wp\/v2\/media?parent=16963"}],"curies":[{"name":"wp","href":"https:\/\/api.w.org\/{rel}","templated":true}]}}