{"id":16965,"date":"2020-08-26T15:21:06","date_gmt":"2020-08-26T14:21:06","guid":{"rendered":"https:\/\/neocatechumenaleiter.org\/paroles-de-papes\/st-jean-paul-ii\/visite-a-la-paroisse-sainte-lucie-a-piazza-darmi-18-janvier-1987\/"},"modified":"2020-11-30T11:41:31","modified_gmt":"2020-11-30T10:41:31","slug":"visite-a-la-paroisse-sainte-lucie-a-piazza-darmi-18-janvier-1987","status":"publish","type":"page","link":"https:\/\/neocatechumenaleiter.org\/fr\/paroles-de-papes\/st-jean-paul-ii\/visite-a-la-paroisse-sainte-lucie-a-piazza-darmi-18-janvier-1987\/","title":{"rendered":"Visite \u00e0 la paroisse Sainte Lucie \u00e0 piazza d&rsquo;Armi 18 janvier 1987"},"content":{"rendered":"\n<h1 class=\"has-text-align-center wp-block-heading\">Visite \u00e0 la paroisse Sainte Lucie \u00e0 piazza d&rsquo;Armi 18 janvier 1987<\/h1>\n\n<div style=\"height:20px\" aria-hidden=\"true\" class=\"wp-block-spacer\"><\/div>\n\n<h4 class=\"has-text-align-center wp-block-heading\">Saint Jean-Paul II<\/h4>\n\n<div style=\"height:20px\" aria-hidden=\"true\" class=\"wp-block-spacer\"><\/div>\n\n<p><strong>Rome, 18 janvier 1987<\/strong><\/p>\n\n<p><em>Dans un territoire comme celui de la paroisse de Sainte Lucie, habit\u00e9 principalement par des personnes appartenant \u00e0 une classe moyenne, un des probl\u00e8mes les plus urgents est d&rsquo;\u00e9vang\u00e9liser ou de re-\u00e9vang\u00e9liser les plus \u00e9loign\u00e9s et de revitaliser une foi qui souvent est seulement formelle ou superficielle. Justement pour pourvoir \u00e0 ces exigences il y a quelques ann\u00e9es un chemin n\u00e9ocat\u00e9chum\u00e9nal a \u00e9t\u00e9 lanc\u00e9 dans la paroisse. Une premi\u00e8re communaut\u00e9 de vingt cinq personnes est n\u00e9e et cette ann\u00e9e une nouvelle communaut\u00e9 a \u00e9t\u00e9 propos\u00e9e.<br \/><br \/>&#013;\nLe Pape a rencontr\u00e9 la communaut\u00e9 dans une autre petite salle. Un jeune lui a montr\u00e9 la signification du chemin entrepris, il a dit qu&rsquo;il s&rsquo;agissait d&rsquo;une petite semence qui devait grandir mais qui veut \u00eatre \u00e0 terme un point de r\u00e9f\u00e9rence pour les lointains pour qu&rsquo;ils puissent revenir \u00e0 la maison du P\u00e8re.<br \/><br \/>&#013;\nLe Pape s&rsquo;est ainsi adress\u00e9 aux repr\u00e9sentants de la communaut\u00e9 n\u00e9ocat\u00e9chum\u00e9nale : &#013;\n<\/em><\/p>\n\n<p>Alors, je veux vous dire une chose. Je voudrais vous dire qu&rsquo;il nous manque \u00e0 nous tous, et qu&rsquo;il manque toujours un vrai cat\u00e9chum\u00e9nat, un vrai cat\u00e9chum\u00e9nat comme l&rsquo;avaient les chr\u00e9tiens des premi\u00e8res g\u00e9n\u00e9rations, un cat\u00e9chum\u00e9nat comme le v\u00f4tre, un n\u00e9ocat\u00e9chum\u00e9nat. Parce que ce n&rsquo;est pas suffisant d&rsquo;\u00eatre baptis\u00e9s, il est n\u00e9cessaire de devenir de nouveau cat\u00e9chum\u00e8nes. Et ensuite, \u00e9tant d\u00e9j\u00e0 baptis\u00e9s, nous pouvons commencer un chemin. Et ce chemin commence aussit\u00f4t en devenant, en entrant dans ce n\u00e9ocat\u00e9chum\u00e9nat. Et puis avec cette pr\u00e9paration n\u00e9ocat\u00e9chum\u00e9nale on devient aussi itin\u00e9rant, parce que J\u00e9sus a fait de ses plus proches disciples des ap\u00f4tres, ce qui veut dire envoy\u00e9s, ce qui veut dire itin\u00e9rants. Aussi je cherche un peu \u00e0 imiter votre exemple, mais mon itin\u00e9rance est beaucoup moins dure. Je pense !<\/p>\n\n<p>Alors je vous souhaite de bien marcher dans ce chemin choisi par vous et dans cette itin\u00e9rance, partout o\u00f9 vous \u00eates. Vous \u00eates ici dans cette paroisse de Rome, allez dans d&rsquo;autres villes, dans d&rsquo;autres communaut\u00e9s italiennes ou en dehors de l&rsquo;Italie, dans le monde entier.<\/p>\n\n<div class=\"wp-block-image\"><figure class=\"alignright size-large\"><img loading=\"lazy\" decoding=\"async\" width=\"679\" height=\"492\" src=\"https:\/\/neocatechumenaleiter.org\/wp-content\/uploads\/2020\/03\/Camino_Neocatecumenal_Juan_Pablo_II_visita_parroquia_Santa_Lucia_1987.jpg\" alt=\"\" class=\"wp-image-1995\" srcset=\"https:\/\/neocatechumenaleiter.org\/wp-content\/uploads\/2020\/03\/Camino_Neocatecumenal_Juan_Pablo_II_visita_parroquia_Santa_Lucia_1987.jpg 679w, https:\/\/neocatechumenaleiter.org\/wp-content\/uploads\/2020\/03\/Camino_Neocatecumenal_Juan_Pablo_II_visita_parroquia_Santa_Lucia_1987-300x217.jpg 300w\" sizes=\"auto, (max-width: 679px) 100vw, 679px\" \/><\/figure><\/div>\n\n<p>Je vous souhaite de porter avec vous un t\u00e9moignage d&rsquo;une foi adulte. C&rsquo;est pourquoi vous invoquez toujours la Vierge, \u00ab\u00a0Tu as cru \u00e0 la Parole du Seigneur\u00a0\u00bb. Sa foi est vraiment l&rsquo;optimum, le maximum de ce que veut dire croire, \u00ab\u00a0tu as cru\u00a0\u00bb. Mais comment Marie a-t-elle cru ? <\/p>\n\n<p>Je dirais que c&rsquo;est une chose \u00e9tonnante, cette parole ne suffit pas. Et alors, avec cette foi adulte \u00e0 l&rsquo;image de Marie qui a cru \u00e0 la parole du Seigneur, vous cherchez \u00e0 rencontrer le monde contemporain, nos fr\u00e8res et s\u0153urs de ce monde et de cette \u00e9poque difficile, loin de la foi. Parce qu&rsquo;on peut seulement, par une foi adulte, une foi fervente, allumer aussi la lumi\u00e8re de la foi chez les autres, sp\u00e9cialement chez ceux qui sont loin.<\/p>\n\n<p>Alors je vous b\u00e9nis tous de tout c\u0153ur, vos familles, vos enfants et votre chemin.<br \/><br \/>&#013;\n(*) Cf. \u00abL&rsquo;Osservatore Romano\u00bb, 18-19 janvier 1987, avec des suppl\u00e9ments de l&rsquo;enregistrement de la rencontre.<\/p>\n","protected":false},"excerpt":{"rendered":"<p>Visite \u00e0 la paroisse Sainte Lucie \u00e0 piazza d&rsquo;Armi 18 janvier 1987 Saint Jean-Paul II Rome, 18 janvier 1987 Dans un territoire comme celui de la paroisse de Sainte Lucie, habit\u00e9 principalement par des personnes appartenant \u00e0 une classe moyenne, un des probl\u00e8mes les plus urgents est d&rsquo;\u00e9vang\u00e9liser ou de re-\u00e9vang\u00e9liser les plus \u00e9loign\u00e9s et de revitaliser une foi qui souvent est seulement formelle ou superficielle. Justement pour pourvoir \u00e0<\/p>\n<div class=\"read-more\"><a class=\"btn read-more-btn\" href=\"https:\/\/neocatechumenaleiter.org\/fr\/paroles-de-papes\/st-jean-paul-ii\/visite-a-la-paroisse-sainte-lucie-a-piazza-darmi-18-janvier-1987\/\">En savoir plus<\/a><\/div>\n","protected":false},"author":2,"featured_media":0,"parent":5064,"menu_order":41,"comment_status":"closed","ping_status":"closed","template":"","meta":{"footnotes":""},"class_list":["post-16965","page","type-page","status-publish","hentry"],"_links":{"self":[{"href":"https:\/\/neocatechumenaleiter.org\/fr\/wp-json\/wp\/v2\/pages\/16965","targetHints":{"allow":["GET"]}}],"collection":[{"href":"https:\/\/neocatechumenaleiter.org\/fr\/wp-json\/wp\/v2\/pages"}],"about":[{"href":"https:\/\/neocatechumenaleiter.org\/fr\/wp-json\/wp\/v2\/types\/page"}],"author":[{"embeddable":true,"href":"https:\/\/neocatechumenaleiter.org\/fr\/wp-json\/wp\/v2\/users\/2"}],"replies":[{"embeddable":true,"href":"https:\/\/neocatechumenaleiter.org\/fr\/wp-json\/wp\/v2\/comments?post=16965"}],"version-history":[{"count":3,"href":"https:\/\/neocatechumenaleiter.org\/fr\/wp-json\/wp\/v2\/pages\/16965\/revisions"}],"predecessor-version":[{"id":19878,"href":"https:\/\/neocatechumenaleiter.org\/fr\/wp-json\/wp\/v2\/pages\/16965\/revisions\/19878"}],"up":[{"embeddable":true,"href":"https:\/\/neocatechumenaleiter.org\/fr\/wp-json\/wp\/v2\/pages\/5064"}],"wp:attachment":[{"href":"https:\/\/neocatechumenaleiter.org\/fr\/wp-json\/wp\/v2\/media?parent=16965"}],"curies":[{"name":"wp","href":"https:\/\/api.w.org\/{rel}","templated":true}]}}