{"id":16967,"date":"2020-08-26T15:34:42","date_gmt":"2020-08-26T14:34:42","guid":{"rendered":"https:\/\/neocatechumenaleiter.org\/paroles-de-papes\/st-jean-paul-ii\/eucharistie-avec-les-equipes-itinerantes-et-les-familles-en-mission-a-castel-gandolfo-28-decembre-1986\/"},"modified":"2020-08-26T15:34:43","modified_gmt":"2020-08-26T14:34:43","slug":"eucharistie-avec-les-equipes-itinerantes-et-les-familles-en-mission-a-castel-gandolfo-28-decembre-1986","status":"publish","type":"page","link":"https:\/\/neocatechumenaleiter.org\/fr\/paroles-de-papes\/st-jean-paul-ii\/eucharistie-avec-les-equipes-itinerantes-et-les-familles-en-mission-a-castel-gandolfo-28-decembre-1986\/","title":{"rendered":"Eucharistie avec les \u00e9quipes itin\u00e9rantes et les familles en mission \u00e0 Castel Gandolfo 28 d\u00e9cembre 1986"},"content":{"rendered":"\n<h1 class=\"has-text-align-center wp-block-heading\">Eucharistie avec les \u00e9quipes itin\u00e9rantes et les familles en mission \u00e0 Castel Gandolfo 28 d\u00e9cembre 1986<\/h1>\n\n<div style=\"height:20px\" aria-hidden=\"true\" class=\"wp-block-spacer\"><\/div>\n\n<h4 class=\"has-text-align-center wp-block-heading\">Saint Jean-Paul II<\/h4>\n\n<div style=\"height:20px\" aria-hidden=\"true\" class=\"wp-block-spacer\"><\/div>\n\n<div class=\"wp-block-image\"><figure class=\"alignleft size-large\"><img loading=\"lazy\" decoding=\"async\" width=\"768\" height=\"685\" src=\"https:\/\/neocatechumenaleiter.org\/wp-content\/uploads\/2020\/03\/Camino_Neocatecumenal_Juan_Pablo_II_audiencia_privada_itinerantes_familias_en_mision_1986.jpg\" alt=\"\" class=\"wp-image-1972\" srcset=\"https:\/\/neocatechumenaleiter.org\/wp-content\/uploads\/2020\/03\/Camino_Neocatecumenal_Juan_Pablo_II_audiencia_privada_itinerantes_familias_en_mision_1986.jpg 768w, https:\/\/neocatechumenaleiter.org\/wp-content\/uploads\/2020\/03\/Camino_Neocatecumenal_Juan_Pablo_II_audiencia_privada_itinerantes_familias_en_mision_1986-300x268.jpg 300w\" sizes=\"auto, (max-width: 768px) 100vw, 768px\" \/><\/figure><\/div>\n\n<p><strong>Castel Gandolfo, 28 d\u00e9cembre 1986<\/strong><\/p>\n\n<p><em>Ce matin, un groupe d&rsquo;environ 400 cat\u00e9chistes itin\u00e9rants des communaut\u00e9s n\u00e9ocat\u00e9chum\u00e9nales ont assist\u00e9 \u00e0 la Messe du Saint P\u00e8re \u00e0 Castel Gondolfo. A la fin de la Messe, le Pape a b\u00e9ni leurs croix missionnaires. A ces cat\u00e9chistes qui participent \u00e0 un rassemblement de r\u00e9flexion sur l&rsquo;\u00e9vang\u00e9lisation en Europe (Porto San Giorgio : 22 D\u00e9c &#8211; 6 Jan), le Pape a adress\u00e9 \u00e0 la fin de la c\u00e9l\u00e9bration quelques paroles et a b\u00e9ni leurs croix missionnaires.<\/em>&#013;\n<br \/>(RADIO VATICAN \u2013Journal de la radio du 28 d\u00e9cembre 1986).<br \/><br \/><em>Kiko Argu\u00ebllo a pr\u00e9sent\u00e9 au Pape les cat\u00e9chistes itin\u00e9rants et les familles avec ces paroles:<\/em><\/p>\n\n<p>Tr\u00e8s cher Saint P\u00e8re, sont pr\u00e9sentes ici les \u00e9quipes itin\u00e9rantes responsables de 72 nations, qui sont venues du monde entier pour une convivence de 20 jours pour refl\u00e9ter et surtout vivre ensemble la communion. <\/p>\n\n<p>Sont aussi pr\u00e9sentes les 12 familles qui partiront apr\u00e8s cette convivence pour le Nord de l&rsquo;Europe, pour \u00e9vang\u00e9liser, appel\u00e9es par les Ev\u00eaques de Hanovre, de Stockholm, du Danemark et de divers lieux. Ils partent avec tous leurs enfants; Nous avons ici 70 presbytres, 48 familles avec 203 enfants (une moyenne de 5 enfants par famille), 64 gar\u00e7ons, 28 filles et aussi 16 s\u00e9minaristes qui nous accompagnent. Voici, sont ici \u00e0 peu pr\u00e8s tous ceux qui sont en train de s&rsquo;occuper de l&rsquo;\u00e9vang\u00e9lisation dans le monde \u00e0 travers le Chemin N\u00e9ocat\u00e9chum\u00e9nal.<\/p>\n\n<p>Nos remerciements, P\u00e8re, pour cette rencontre qui marque les 20 ans de la naissance du Chemin N\u00e9ocat\u00e9chum\u00e9nal et de l&rsquo;\u00e9vang\u00e9lisation dans le monde. Et nous sommes reconnaissants \u00e0 la Famille de Nazareth et \u00e0 la Vierge Marie pour cette rencontre.<\/p>\n\n<p><em>A la fin de la C\u00e9l\u00e9bration le Pape s&rsquo;est adress\u00e9 aux personnes pr\u00e9sentes avec ces paroles :<\/em><\/p>\n\n<div class=\"wp-block-image\"><figure class=\"alignright size-large\"><img loading=\"lazy\" decoding=\"async\" width=\"480\" height=\"335\" src=\"https:\/\/neocatechumenaleiter.org\/wp-content\/uploads\/2020\/03\/Camino_Neocatecumenal_Juan_Pablo_II_audiencia_privada_itinerantes_familias_en_mision_19862.jpg\" alt=\"\" class=\"wp-image-1979\" srcset=\"https:\/\/neocatechumenaleiter.org\/wp-content\/uploads\/2020\/03\/Camino_Neocatecumenal_Juan_Pablo_II_audiencia_privada_itinerantes_familias_en_mision_19862.jpg 480w, https:\/\/neocatechumenaleiter.org\/wp-content\/uploads\/2020\/03\/Camino_Neocatecumenal_Juan_Pablo_II_audiencia_privada_itinerantes_familias_en_mision_19862-300x209.jpg 300w\" sizes=\"auto, (max-width: 480px) 100vw, 480px\" \/><\/figure><\/div>\n\n<p>Tr\u00e8s chers, nous avons c\u00e9l\u00e9br\u00e9 la tr\u00e8s sainte Eucharistie, nous avons c\u00e9l\u00e9br\u00e9 cette tr\u00e8s sainte Eucharistie en contemplant le chemin de la Sainte Famille de Nazareth, de Joseph, de Marie et de J\u00e9sus ; de J\u00e9sus, de Marie et de Joseph. L&rsquo;Eglise nous dit que cette Sainte Famille est le mod\u00e8le de toutes les familles chr\u00e9tiennes, de toutes les familles du monde. Marie et Joseph, concentr\u00e9s sur le myst\u00e8re du Fils incarn\u00e9, nous montrent ce chemin de la foi qui doit constituer, former la vie de chaque famille chr\u00e9tienne. Nous avons pri\u00e9 pour toutes les familles du monde, nous avons pri\u00e9 sp\u00e9cialement pour les familles ici pr\u00e9sentes, pour votre chemin dans la foi.<br \/><br \/>&#013;\nIl faut une foi profonde pour marcher dans le monde d&rsquo;aujourd&rsquo;hui comme famille, il faut une foi courageuse pour mettre en \u0153uvre dans le monde d&rsquo;aujourd&rsquo;hui ce dessein de Dieu propre \u00e0 la famille, ce dessein d&rsquo;amour de la vie qui est le propre de chaque famille, qui est sa vocation. Il faut une grande foi pour marcher comme famille sur les traces, l&#8217;empreinte de la Sainte Famille et faire marcher les autres, les autres familles.&#013;\n<\/p>\n\n<p>Moi, tr\u00e8s chers fr\u00e8res et s\u0153urs, avec mes fr\u00e8res Ev\u00eaques et pr\u00eatres, je vous souhaite \u00e0 tous ce chemin dans la foi comme famille, et je vous souhaite que ce chemin dans la foi soit un exemple, une attraction pour les autres familles du monde d&rsquo;aujourd&rsquo;hui, comme pour nous, comme pour vous, la Sainte Famille de Nazareth est un mod\u00e8le et un exemple : J\u00e9sus, Marie, Joseph. Je vous donne la b\u00e9n\u00e9diction<\/p>\n","protected":false},"excerpt":{"rendered":"<p>Eucharistie avec les \u00e9quipes itin\u00e9rantes et les familles en mission \u00e0 Castel Gandolfo 28 d\u00e9cembre 1986 Saint Jean-Paul II Castel Gandolfo, 28 d\u00e9cembre 1986 Ce matin, un groupe d&rsquo;environ 400 cat\u00e9chistes itin\u00e9rants des communaut\u00e9s n\u00e9ocat\u00e9chum\u00e9nales ont assist\u00e9 \u00e0 la Messe du Saint P\u00e8re \u00e0 Castel Gondolfo. A la fin de la Messe, le Pape a b\u00e9ni leurs croix missionnaires. A ces cat\u00e9chistes qui participent \u00e0 un rassemblement de r\u00e9flexion sur<\/p>\n<div class=\"read-more\"><a class=\"btn read-more-btn\" href=\"https:\/\/neocatechumenaleiter.org\/fr\/paroles-de-papes\/st-jean-paul-ii\/eucharistie-avec-les-equipes-itinerantes-et-les-familles-en-mission-a-castel-gandolfo-28-decembre-1986\/\">En savoir plus<\/a><\/div>\n","protected":false},"author":2,"featured_media":0,"parent":5064,"menu_order":40,"comment_status":"closed","ping_status":"closed","template":"","meta":{"footnotes":""},"class_list":["post-16967","page","type-page","status-publish","hentry"],"_links":{"self":[{"href":"https:\/\/neocatechumenaleiter.org\/fr\/wp-json\/wp\/v2\/pages\/16967","targetHints":{"allow":["GET"]}}],"collection":[{"href":"https:\/\/neocatechumenaleiter.org\/fr\/wp-json\/wp\/v2\/pages"}],"about":[{"href":"https:\/\/neocatechumenaleiter.org\/fr\/wp-json\/wp\/v2\/types\/page"}],"author":[{"embeddable":true,"href":"https:\/\/neocatechumenaleiter.org\/fr\/wp-json\/wp\/v2\/users\/2"}],"replies":[{"embeddable":true,"href":"https:\/\/neocatechumenaleiter.org\/fr\/wp-json\/wp\/v2\/comments?post=16967"}],"version-history":[{"count":1,"href":"https:\/\/neocatechumenaleiter.org\/fr\/wp-json\/wp\/v2\/pages\/16967\/revisions"}],"predecessor-version":[{"id":16968,"href":"https:\/\/neocatechumenaleiter.org\/fr\/wp-json\/wp\/v2\/pages\/16967\/revisions\/16968"}],"up":[{"embeddable":true,"href":"https:\/\/neocatechumenaleiter.org\/fr\/wp-json\/wp\/v2\/pages\/5064"}],"wp:attachment":[{"href":"https:\/\/neocatechumenaleiter.org\/fr\/wp-json\/wp\/v2\/media?parent=16967"}],"curies":[{"name":"wp","href":"https:\/\/api.w.org\/{rel}","templated":true}]}}