{"id":16969,"date":"2020-08-26T15:54:40","date_gmt":"2020-08-26T14:54:40","guid":{"rendered":"https:\/\/neocatechumenaleiter.org\/paroles-de-papes\/st-jean-paul-ii\/audience-aux-presbytres-des-communautes-neocatechumenales-9-decembre-1985\/"},"modified":"2020-08-26T15:54:41","modified_gmt":"2020-08-26T14:54:41","slug":"audience-aux-presbytres-des-communautes-neocatechumenales-9-decembre-1985","status":"publish","type":"page","link":"https:\/\/neocatechumenaleiter.org\/fr\/paroles-de-papes\/st-jean-paul-ii\/audience-aux-presbytres-des-communautes-neocatechumenales-9-decembre-1985\/","title":{"rendered":"Audience aux presbytres des Communaut\u00e9s N\u00e9ocat\u00e9chum\u00e9nales 9 d\u00e9cembre 1985"},"content":{"rendered":"\n<h1 class=\"has-text-align-center wp-block-heading\">Audience aux presbytres des Communaut\u00e9s N\u00e9ocat\u00e9chum\u00e9nales 9 d\u00e9cembre 1985<\/h1>\n\n<div style=\"height:20px\" aria-hidden=\"true\" class=\"wp-block-spacer\"><\/div>\n\n<h4 class=\"has-text-align-center wp-block-heading\">Saint Jean-Paul II<\/h4>\n\n<div style=\"height:20px\" aria-hidden=\"true\" class=\"wp-block-spacer\"><\/div>\n\n<div class=\"wp-block-image\"><figure class=\"alignright size-large\"><img loading=\"lazy\" decoding=\"async\" width=\"768\" height=\"596\" src=\"https:\/\/neocatechumenaleiter.org\/wp-content\/uploads\/2020\/03\/Camino_Neocatecumenal_Juan_Pablo_II_audiencia_privada_sacerdotes_1985.jpg\" alt=\"\" class=\"wp-image-1902\" srcset=\"https:\/\/neocatechumenaleiter.org\/wp-content\/uploads\/2020\/03\/Camino_Neocatecumenal_Juan_Pablo_II_audiencia_privada_sacerdotes_1985.jpg 768w, https:\/\/neocatechumenaleiter.org\/wp-content\/uploads\/2020\/03\/Camino_Neocatecumenal_Juan_Pablo_II_audiencia_privada_sacerdotes_1985-300x233.jpg 300w\" sizes=\"auto, (max-width: 768px) 100vw, 768px\" \/><\/figure><\/div>\n\n<p><strong>Cit\u00e9 du Vatican &#8211; Salle Paul VI, 9 d\u00e9cembre 1985 <\/strong><\/p>\n\n<p><em>Aux deux mille pr\u00eatres des communaut\u00e9s n\u00e9ocat\u00e9chum\u00e9nales, re\u00e7us en audience le lundi 9, dans la Salle Paul VI, Le Saint P\u00e8re a adress\u00e9 le discours suivant : <\/em><\/p>\n\n<p>Tr\u00e8s Chers !&#013;\n<br \/><br \/>&#013;\n1. J&rsquo;ai \u00e9cout\u00e9 avec un vif int\u00e9r\u00eat les paroles que Kiko Arg\u00fcello m&rsquo;a adress\u00e9es, en votre nom \u00e0 tous, lequel a voulu d\u00e9crire comment toutes les communaut\u00e9s du \u00ab\u00a0Chemin N\u00e9ocat\u00e9chum\u00e9nal\u00a0\u00bb, r\u00e9pandues dans diff\u00e9rentes nations, se sont consacr\u00e9es dans la pri\u00e8re continuelle et la m\u00e9ditation pour le Synode Extraordinaire qui a \u00e9t\u00e9 c\u00e9l\u00e9br\u00e9 20 ans apr\u00e8s la conclusion du Concile Vatican II. <br \/><br \/>&#013;\nVotre participation spirituelle \u00e0 la pr\u00e9paration et votre pr\u00e9sence \u00e0 la C\u00e9r\u00e9monie de cl\u00f4ture du Synode, ont voulu \u00eatre une manifestation significative et solennelle de votre fid\u00e9lit\u00e9 au Christ R\u00e9dempteur et \u00e0 l&rsquo;Eglise p\u00e8lerine, qui transmet aux hommes la gr\u00e2ce, en particulier dans les Signes Sacramentaux, qui font m\u00e9moire et rendent actuelle l&rsquo;efficacit\u00e9 de la R\u00e9demption.<br \/><br \/>&#013;\nJe suis content de me souvenir, dans cette audience, des nombreuses rencontres que j&rsquo;ai eu avec diff\u00e9rentes communaut\u00e9s, en particulier dans les visites pastorales de mon dioc\u00e8se de Rome, rencontres dans lesquelles j&rsquo;ai encourag\u00e9 votre exp\u00e9rience spirituelle, qui se fonde sur les valeurs fondamentales du sacrement du Bapt\u00eame, dans la conscience que, r\u00e9aliser la dimension baptismale, signifie, principalement, <strong>vivre l&rsquo;identit\u00e9 authentique de l&rsquo;\u00eatre chr\u00e9tien<\/strong>, signifie s&rsquo;unir intimement \u00e0 Christ Eucharistie, signifie aimer concr\u00e8tement et efficacement tous les hommes comme des fr\u00e8res en Christ, signifie d\u00e9cider et diriger les propres choix moraux en conformit\u00e9 et harmonie avec les promesses baptismales. \u00ab\u00a0<strong>Ce chemin, chemin de la foi<\/strong>, chemin du Bapt\u00eame red\u00e9couvert \u2013 je l&rsquo;ai dit \u00e0 vos amis de la paroisse des Saints Martyrs Canadiens \u00e0 Rome \u2013 <strong>doit \u00eatre un chemin de l&rsquo;homme nouveau<\/strong> ; celui-ci voit quelle est la vraie proportion, ou mieux encore, la disproportion, entre son entit\u00e9 cr\u00e9\u00e9e, son \u00e9tat de cr\u00e9ature face au Cr\u00e9ateur, par rapport \u00e0 Sa Majest\u00e9 infinie, au Dieu r\u00e9dempteur, au Dieu saint et sanctifiant, et cherche \u00e0 se r\u00e9aliser dans cette perspective\u00a0\u00bb (<em>Enseignements<\/em> III, 2 [1980], p 1044).&#013;\n<\/p>\n\n<p>2. La majorit\u00e9 parmi vous est constitu\u00e9e par un grand groupe de cur\u00e9s et de pr\u00eatres, qui travaillent dans le domaine du \u00ab\u00a0Chemin N\u00e9ocat\u00e9chum\u00e9nal\u00a0\u00bb. Le Concile Vatican II a consacr\u00e9 son attention et aussi ses soins au minist\u00e8re et \u00e0 la vie sacerdotale dans le d\u00e9cret \u00ab\u00a0<em>Presbyterorum Ordinis<\/em>\u00ab\u00a0, solennellement approuv\u00e9 le 7 d\u00e9cembre 1965. Dans un document aussi important \u2013 que je vous invite \u00e0 m\u00e9diter \u00e0 nouveau \u2013 le Concile, en se basant sur la Parole de Dieu, sur l&rsquo;enseignement des P\u00e8res, du Magist\u00e8re, et sur la Tradition vivante du Peuple de Dieu, soulignait que les presbytres, en vertu de la sainte ordination et de la mission qu&rsquo;ils re\u00e7oivent des Ev\u00eaques, \u00ab\u00a0<strong>sont promus au service du Christ Ma\u00eetre, Pr\u00eatre et Roi, en participant \u00e0 son minist\u00e8re, pour lequel l&rsquo;Eglise ici sur la terre est continuellement \u00e9difi\u00e9e en Peuple de Dieu, Corps du Christ et Temple de l&rsquo;Esprit Saint<\/strong>\u00a0\u00bb (<em>Presbyterorum Ordinis<\/em>, 1).<br \/><br \/>&#013;\nVous, cur\u00e9s et pr\u00eatres pr\u00e9sents, vous d\u00e9sirez certainement aussi une parole du Pape pour encore mieux comprendre ce que l&rsquo;Eglise d&rsquo;aujourd&rsquo;hui attend de vous. Je le fais bien volontiers, parce que je suis s\u00fbr que mon exhortation ne pourra pas ne pas avoir une influence positive et b\u00e9n\u00e9fique aussi sur vos communaut\u00e9s et sur chacun, en vue de leur pr\u00e9sence au sein de la r\u00e9alit\u00e9 eccl\u00e9siale.&#013;\n<\/p>\n\n<p>3. Les objectifs, qui sont propos\u00e9s par vos communaut\u00e9s N\u00e9ocat\u00e9chum\u00e9nales, correspondent certainement \u00e0 une des interrogations les plus angoissantes des pasteurs des \u00e2mes d&rsquo;aujourd&rsquo;hui, sp\u00e9cialement dans les grandes agglom\u00e9rations urbaines. <strong>Vous voulez rejoindre la masse des baptis\u00e9s adultes<\/strong>, mais peu instruits dans la foi, <strong>pour les conduire, \u00e0 travers un chemin spirituel, \u00e0 red\u00e9couvrir les racines baptismales de leur existence chr\u00e9tienne <\/strong>et pour les rendre toujours plus conscients de leurs devoirs. Dans ce chemin l&rsquo;\u0153uvre des pr\u00eatres demeure fondamentale. D&rsquo;o\u00f9 la n\u00e9cessit\u00e9 que soit bien claire la position qui vous revient comme guides des communaut\u00e9s, afin que votre action soit en syntonie avec les exigences r\u00e9elles de la pastorale.<br \/>br&gt;&#013;\nLa premi\u00e8re exigence qui s&rsquo;impose \u00e0 vous est de savoir maintenir la foi, \u00e0 l&rsquo;int\u00e9rieur des communaut\u00e9s, dans votre identit\u00e9 sacerdotale. En vertu de l&rsquo;Ordination sacr\u00e9e, <strong>vous avez \u00e9t\u00e9 marqu\u00e9 par un caract\u00e8re sp\u00e9cial qui vous configure au Christ Pr\u00eatre, de fa\u00e7on \u00e0 pouvoir agir en son nom<\/strong> (cf. <em>Presbyterorum Ordinis<\/em>, 2). Le ministre sacr\u00e9 devra donc \u00eatre accueilli non seulement comme fr\u00e8re qui partage le chemin de la Communaut\u00e9 m\u00eame, mais surtout comme celui qui, agissant \u00ab\u00a0en la personne du Christ\u00a0\u00bb, porte en lui la responsabilit\u00e9 irrempla\u00e7able de Ma\u00eetre, Sanctificateur et Guide des \u00e2mes, responsabilit\u00e9 \u00e0 laquelle il ne peut renoncer en aucun cas. Les la\u00efcs doivent pouvoir saisir ces r\u00e9alit\u00e9s dans le comportement responsable que vous maintenez. Ce serait une illusion de croire servir l&rsquo;Evangile, en diluant votre charisme dans un faux sens d&rsquo;humilit\u00e9 ou dans une manifestation malsaine de fraternit\u00e9. Je r\u00e9p\u00e9terai tout ce que j&rsquo;ai d\u00e9j\u00e0 eu l&rsquo;occasion de dire aux Assistants Eccl\u00e9siastiques des Associations Internationales Catholiques : \u00ab\u00a0Ne vous laissez pas tromper ! <strong>L&rsquo;Eglise vous veut pr\u00eatres, et les la\u00efcs que vous rencontrez vous veulent pr\u00eatres et rien d&rsquo;autre que pr\u00eatres.<\/strong> La confusion des charismes appauvrit l&rsquo;Eglise, elle ne l&rsquo;enrichit pas\u00a0\u00bb (<em>Discours<\/em> du 13 septembre 1979 n.4 : <em>Enseignements<\/em> II\/2 [1979], p.1391).&#013;\n<\/p>\n\n<div class=\"wp-block-image\"><figure class=\"alignleft size-large\"><img loading=\"lazy\" decoding=\"async\" width=\"360\" height=\"244\" src=\"https:\/\/neocatechumenaleiter.org\/wp-content\/uploads\/2020\/03\/Camino_Neocatecumenal_Juan_Pablo_II_audiencia_privada_sacerdotes_19852.jpg\" alt=\"\" class=\"wp-image-1909\" srcset=\"https:\/\/neocatechumenaleiter.org\/wp-content\/uploads\/2020\/03\/Camino_Neocatecumenal_Juan_Pablo_II_audiencia_privada_sacerdotes_19852.jpg 360w, https:\/\/neocatechumenaleiter.org\/wp-content\/uploads\/2020\/03\/Camino_Neocatecumenal_Juan_Pablo_II_audiencia_privada_sacerdotes_19852-300x203.jpg 300w\" sizes=\"auto, (max-width: 360px) 100vw, 360px\" \/><\/figure><\/div>\n\n<p>4. Une autre mission d\u00e9licate et indispensable qui vous attend est celle d&rsquo;alimenter la communion eccl\u00e9siale, non seulement dans votre groupe mais aussi avec tous les membres de la communaut\u00e9 paroissiale et dioc\u00e9saine. Quel que soit le service qui vous est confi\u00e9, vous \u00eates toujours les repr\u00e9sentants et les \u00ab\u00a0providi cooperatores\u00a0\u00bb de l&rsquo;Ev\u00eaque \u00e0 l&rsquo;autorit\u00e9 duquel vous vous sentirez particuli\u00e8rement unis. En effet, dans l&rsquo;Eglise, c&rsquo;est un droit et un devoir de l&rsquo;Ev\u00eaque de donner les directives de l&rsquo;activit\u00e9 pastorale (cf. <em>CIC<\/em> Can. 381ss), et tous ont l&rsquo;obligation de se conformer \u00e0 ces derni\u00e8res. Faites de telle sorte que vos communaut\u00e9s, sans rien perdre de leur originalit\u00e9 et richesse, s&rsquo;ins\u00e8rent harmonieusement et de fa\u00e7on fructueuse dans la famille paroissiale et dioc\u00e9saine. Ainsi, je m&rsquo;exprimais l&rsquo;an dernier, avec respect, \u00e0 l&rsquo;occasion de l&rsquo;Assembl\u00e9e pl\u00e9ni\u00e8re de la Congr\u00e9gation pour le Clerg\u00e9 : \u00ab\u00a0Ce sera la mission des pasteurs de faire un effort pour que les paroisses b\u00e9n\u00e9ficient de l&rsquo;apport des valeurs positives que peuvent poss\u00e9der ces Communaut\u00e9s, et par cons\u00e9quent, s&rsquo;ouvrir \u00e0 elles. Mais que ce soit bien clair que ces communaut\u00e9s ne peuvent pas se mettre au m\u00eame plan que les Communaut\u00e9s paroissiales comme alternatives possibles. Au contraire, elles ont le devoir de servir la paroisse et l&rsquo;Eglise particuli\u00e8re. A partir pr\u00e9cis\u00e9ment de ce service, donn\u00e9 \u00e0 l&rsquo;ensemble paroissial dioc\u00e9sain, appara\u00eetra la r\u00e9alit\u00e9 des exp\u00e9riences respectives dans les Mouvements ou Associations\u00a0\u00bb.( <em>Discours<\/em> du 20 Octobre 1984, n.7 : L&rsquo;Osservatore Romano, \u00e9dition en langue espagnole, p. 841)<\/p>\n\n<p>5. Je voudrais vous indiquer un autre point de r\u00e9flexion. En exer\u00e7ant votre minist\u00e8re comme guide des Communaut\u00e9s n\u00e9ocat\u00e9chum\u00e9nales, sentez-vous destin\u00e9s, non seulement \u00e0 un groupe particulier, mais au service de toute l&rsquo;Eglise. \u00ab\u00a0Le don spirituel que les presbytres re\u00e7oivent \u00e0 l&rsquo;ordination &#8211; nous rappelle le Concile Vatican II \u2013 ne les pr\u00e9pare pas \u00e0 une mission limit\u00e9e et restreinte, mais \u00e0 une mission universelle et pl\u00e9ni\u00e8re de salut\u2026, car tout minist\u00e8re sacerdotal participe \u00e0 la mesure de l&rsquo;amplitude universelle, \u00e0 la mission confi\u00e9e par le Christ aux Ap\u00f4tres\u00a0\u00bb (<em>Presbyterorum Ordinis<\/em>, 10). La conscience de cette mission et la n\u00e9cessit\u00e9 de vous y confirmer, doivent vous aider \u00e0 donner un \u00e9lan chaque fois plus grand \u00e0 vos initiatives apostoliques, pour \u00eatre ouverts aux probl\u00e8mes et aux n\u00e9cessit\u00e9s de toute l&rsquo;Eglise. De plus, cette m\u00eame conscience, vous faisant sentir et vivre plus fortement la force de communion avec l&rsquo;Eglise universelle, avec sa T\u00eate visible et avec les Ev\u00eaques, vous facilitera la mission tr\u00e8s importante qui est r\u00e9serv\u00e9e aux pr\u00eatres au sein des Communaut\u00e9s, c&rsquo;est-\u00e0-dire, la vigilance sur la droiture du comportement, aussi bien dans les id\u00e9es que dans les activit\u00e9s. Renforcez chaque fois plus en vous, tr\u00e8s chers pr\u00eatres, cette force vitale avec toute la catholicit\u00e9. Cela vous aidera beaucoup, sp\u00e9cialement quand vous vous sentirez fatigu\u00e9s ou d\u00e9courag\u00e9s de voir vos efforts vains, face \u00e0 la surdit\u00e9 et \u00e0 l&rsquo;indiff\u00e9rence des c\u0153urs : ainsi vous pourrez vous consoler en pensant que vous n&rsquo;\u00eates pas seuls et que votre travail, m\u00eame s&rsquo;il trouve des fractures dans une partie du Corps Mystique de l&rsquo;Eglise, n&rsquo;est pas inutile sans aucun doute, parce que Dieu le met au service pour le bien de toute l&rsquo;Eglise.<\/p>\n\n<p>6. Tr\u00e8s chers pr\u00eatres, je termine cette agr\u00e9able rencontre avec vous en renouvelant ma confiance en votre service eccl\u00e9sial et en vous exhortant \u00e0 mettre toute votre confiance en Celui qui nous a aim\u00e9s avec un amour de pr\u00e9dilection et nous a appel\u00e9s \u00e0 participer \u00e0 son sacerdoce. Saint Paul nous rappelle pr\u00e9cis\u00e9ment pour cela, que dans toutes les tribulations \u00ab\u00a0nous vainquons par cet amour\u00a0\u00bb<em>(Rm 8,37)<\/em>. Je termine avec l&rsquo;exhortation de l&rsquo;Auteur de la Lettre aux H\u00e9breux : \u00ab\u00a0Ne perdez pas donc pas votre confiance, elle a une grande r\u00e9compense, pour que, accomplissant la volont\u00e9 de Dieu, vous b\u00e9n\u00e9ficiiez de la promesse\u00a0\u00bb <em>(He 10, 35-36)<\/em>.&#013;\nSous le regard de Marie Immacul\u00e9e, M\u00e8re des Pr\u00eatres et Reine des Ap\u00f4tres, continuez avec enthousiasme votre chemin, et qu&rsquo;elle vous accompagne ainsi que toutes les Communaut\u00e9s n\u00e9ocat\u00e9chum\u00e9nales confi\u00e9es \u00e0 votre minist\u00e8re, ma B\u00e9n\u00e9diction Apostolique.&#013;\n<br \/><br \/>&#013;\nJe veux ajouter encore : bon No\u00ebl \u00e0 tous.&#013;\n<\/p>\n\n<p>J&rsquo;ai trouv\u00e9 parmi vous beaucoup de pr\u00eatres, mais aussi de la\u00efcs, de couples itin\u00e9rants. Je dois vous dire que les premiers qui sont all\u00e9s \u00e0 Bethl\u00e9em, qui ont reconnu le Myst\u00e8re de l&rsquo;Incarnation, \u00e9taient itin\u00e9rants : ils \u00e9taient des bergers. Puis le m\u00eame J\u00e9sus s&rsquo;est fait itin\u00e9rant \u00e0 trente ans, en commen\u00e7ant avec les d\u00e9clarations messianiques \u00e0 Nazareth. Lui, de plus, fit de tous ses ap\u00f4tres des itin\u00e9rants, en les envoyant dans le monde entier. L&rsquo;Eglise, par cons\u00e9quent, est bien s\u00fbre itin\u00e9rante, en chemin, et nous pouvons dire que le Pape aussi cherche toujours plus \u00e0 \u00eatre itin\u00e9rant, m\u00eame avec des m\u00e9thodes plus \u00ab\u00a0sophistiqu\u00e9es\u00a0\u00bb et, peut-\u00eatre moins authentiques que les v\u00f4tres, parce que vous \u00eates des itin\u00e9rants pauvres, sans avions. Mais nous souhaitons \u00e0 tous, Pape inclus, d&rsquo;\u00eatre toujours, avec tous les moyens possibles, itin\u00e9rants de l&rsquo;Evangile, c&rsquo;est \u00e0 dire itin\u00e9rant du Myst\u00e8re, de ce Myst\u00e8re qui nous a \u00e9t\u00e9 r\u00e9v\u00e9l\u00e9, de la naissance de J\u00e9sus, de l&rsquo;incarnation du Fils de Dieu, et puis de sa mission, de sa mort sur la croix et de sa r\u00e9surrection. Ainsi une vie nous a \u00e9t\u00e9 r\u00e9v\u00e9l\u00e9e, une vie nouvelle, une vie divine, une vie \u00e9ternelle. Nous sommes itin\u00e9rants de cette vie. Il ne serait pas possible pour nous d&rsquo;\u00eatre itin\u00e9rants de cette vie, de la vie \u00e9ternelle, si la vie m\u00eame ne nous avait pas \u00e9t\u00e9 donn\u00e9e en premier. Nous avons d\u00e9j\u00e0 cette vie et cette vie nous pousse, cette vie nous vient de J\u00e9sus Christ, cette vie nous vient par J\u00e9sus christ, de l&rsquo;Esprit Saint. Lui est source de vie divine dans les cr\u00e9atures, et source de la vie divine en nous les hommes. C&rsquo;est lui qui nous pousse.<\/p>\n\n<p>J\u00e9sus Christ itin\u00e9rant nous pousse, itin\u00e9rant du P\u00e8re, parce que c&rsquo;est le P\u00e8re qui l&rsquo;a envoy\u00e9 et qui l&rsquo;a fait itin\u00e9rant parmi nous. Il nous pousse, donc, J\u00e9sus Christ itin\u00e9rant, envoy\u00e9, missionnaire, par ce que, Verbe de Dieu dans la mission, \u00ab\u00a0missiones divinarum personarum\u00a0\u00bb, comme je l&rsquo;ai appris de St Thomas. \u00ab\u00a0Mission\u00a0\u00bb veut dire \u00ab\u00a0\u00eatre envoy\u00e9\u00a0\u00bb et par cons\u00e9quent \u00eatre itin\u00e9rant. Christ nous pousse dans l&rsquo;Esprit Saint, parce que l&rsquo;Esprit Saint est envoy\u00e9, envoy\u00e9 de fa\u00e7on diff\u00e9rente, non pas comme le Christ, non pas sous forme visible, humaine incarn\u00e9e, un Esprit Saint non incarn\u00e9, mais envoy\u00e9. Sa mission encore plus p\u00e9n\u00e9trante si on peut dire, parce qu&rsquo;il descend sur ce qui est plus intime dans l&rsquo;homme, dans chaque cr\u00e9ature. Comme disait St Augustin \u00ab\u00a0intimior intimo meo\u00a0\u00bb. Voici la mission de l&rsquo;Esprit Saint, de l&rsquo;Esprit envoy\u00e9. Et vous, vous vous faites itin\u00e9rants, gr\u00e2ce \u00e0 la force de ce Fils incarn\u00e9 qui vous a donn\u00e9 l&rsquo;exemple de la mission visible. Et vous vous faites itin\u00e9rants par la force de l&rsquo;Esprit Saint, de la mission invisible. Gr\u00e2ce \u00e0 la mission du Fils et de l&rsquo;Esprit Saint, ayant cette vie qui \u00e0 travers eux, vient du P\u00e8re, vous devenez itin\u00e9rants. Comme disait St Paul, malheur \u00e0 moi si je n&rsquo;\u00e9vang\u00e9lise pas ! La mission nous pousse : malheur \u00e0 moi si je n&rsquo;\u00e9vang\u00e9lise pas.<br \/><br \/>&#013;\nJe vous souhaite cette joie qui est propre aux f\u00eates de No\u00ebl, je vous souhaite la joie des pasteurs itin\u00e9rants qui ont trouv\u00e9 la route vers Bethl\u00e9em. Je vous souhaite la joie de ceux qui se convertissent. Gr\u00e2ce \u00e0 vous nombreux sont les convertis qui ont retrouv\u00e9 Christ, qui ont retrouv\u00e9 Dieu, en venant bien souvent de l&rsquo;autre bord. Je vous souhaite encore la joie qui vient de la conversion des personnes, des \u00e2mes. Comme l&rsquo;a dit J\u00e9sus Christ il y a plus de joie dans le ciel pour un p\u00e9cheur qui se convertit qu&rsquo;il n&rsquo;y en a pour quatre vingt dix neuf justes. Je vous souhaite cette joie et qu&rsquo;elle soit ainsi la r\u00e9compense de votre itin\u00e9rance et de votre chemin n\u00e9ocat\u00e9chum\u00e9nal.&#013;\n<\/p>\n\n<p>De nouveau je vous souhaite \u00ab\u00a0Bon No\u00ebl\u00a0\u00bb. Je le dis en italien, pour la facilit\u00e9, mais je devrais le dire en bien des langues. Je veux \u00e9tendre ce souhait de Bon No\u00ebl \u00e0 toutes les Communaut\u00e9s, \u00e0 tous les peuples d&rsquo;o\u00f9 vous venez, \u00e0 vos paroissiens, \u00e0 vos confr\u00e8res, \u00e0 vos familles. Que J\u00e9sus Christ soit lou\u00e9 !&#013;\n<br \/><br \/><i>(*) Cf. \u00abL&rsquo;Osservatore Romano\u00bb, 11 d\u00e9cembre 1985.<\/i><\/p>\n","protected":false},"excerpt":{"rendered":"<p>Audience aux presbytres des Communaut\u00e9s N\u00e9ocat\u00e9chum\u00e9nales 9 d\u00e9cembre 1985 Saint Jean-Paul II Cit\u00e9 du Vatican &#8211; Salle Paul VI, 9 d\u00e9cembre 1985 Aux deux mille pr\u00eatres des communaut\u00e9s n\u00e9ocat\u00e9chum\u00e9nales, re\u00e7us en audience le lundi 9, dans la Salle Paul VI, Le Saint P\u00e8re a adress\u00e9 le discours suivant : Tr\u00e8s Chers !&#013; &#013; 1. J&rsquo;ai \u00e9cout\u00e9 avec un vif int\u00e9r\u00eat les paroles que Kiko Arg\u00fcello m&rsquo;a adress\u00e9es, en votre nom<\/p>\n<div class=\"read-more\"><a class=\"btn read-more-btn\" href=\"https:\/\/neocatechumenaleiter.org\/fr\/paroles-de-papes\/st-jean-paul-ii\/audience-aux-presbytres-des-communautes-neocatechumenales-9-decembre-1985\/\">En savoir plus<\/a><\/div>\n","protected":false},"author":2,"featured_media":0,"parent":5064,"menu_order":34,"comment_status":"closed","ping_status":"closed","template":"","meta":{"footnotes":""},"class_list":["post-16969","page","type-page","status-publish","hentry"],"_links":{"self":[{"href":"https:\/\/neocatechumenaleiter.org\/fr\/wp-json\/wp\/v2\/pages\/16969","targetHints":{"allow":["GET"]}}],"collection":[{"href":"https:\/\/neocatechumenaleiter.org\/fr\/wp-json\/wp\/v2\/pages"}],"about":[{"href":"https:\/\/neocatechumenaleiter.org\/fr\/wp-json\/wp\/v2\/types\/page"}],"author":[{"embeddable":true,"href":"https:\/\/neocatechumenaleiter.org\/fr\/wp-json\/wp\/v2\/users\/2"}],"replies":[{"embeddable":true,"href":"https:\/\/neocatechumenaleiter.org\/fr\/wp-json\/wp\/v2\/comments?post=16969"}],"version-history":[{"count":1,"href":"https:\/\/neocatechumenaleiter.org\/fr\/wp-json\/wp\/v2\/pages\/16969\/revisions"}],"predecessor-version":[{"id":16970,"href":"https:\/\/neocatechumenaleiter.org\/fr\/wp-json\/wp\/v2\/pages\/16969\/revisions\/16970"}],"up":[{"embeddable":true,"href":"https:\/\/neocatechumenaleiter.org\/fr\/wp-json\/wp\/v2\/pages\/5064"}],"wp:attachment":[{"href":"https:\/\/neocatechumenaleiter.org\/fr\/wp-json\/wp\/v2\/media?parent=16969"}],"curies":[{"name":"wp","href":"https:\/\/api.w.org\/{rel}","templated":true}]}}