{"id":16971,"date":"2020-08-27T11:14:34","date_gmt":"2020-08-27T10:14:34","guid":{"rendered":"https:\/\/neocatechumenaleiter.org\/paroles-de-papes\/st-jean-paul-ii\/rencontre-dans-la-chapelle-sixtine-avec-les-jeunes-des-communautes-neocatechumenales-qui-se-dirigent-vers-le-sacerdoce-31-mars-1985\/"},"modified":"2020-08-27T11:14:35","modified_gmt":"2020-08-27T10:14:35","slug":"rencontre-dans-la-chapelle-sixtine-avec-les-jeunes-des-communautes-neocatechumenales-qui-se-dirigent-vers-le-sacerdoce-31-mars-1985","status":"publish","type":"page","link":"https:\/\/neocatechumenaleiter.org\/fr\/paroles-de-papes\/st-jean-paul-ii\/rencontre-dans-la-chapelle-sixtine-avec-les-jeunes-des-communautes-neocatechumenales-qui-se-dirigent-vers-le-sacerdoce-31-mars-1985\/","title":{"rendered":"Rencontre dans la Chapelle Sixtine avec les jeunes des Communaut\u00e9s N\u00e9ocat\u00e9chum\u00e9nales qui se dirigent vers le sacerdoce 31 mars 1985"},"content":{"rendered":"\n<h1 class=\"has-text-align-center wp-block-heading\">Rencontre dans la Chapelle Sixtine avec les jeunes des Communaut\u00e9s N\u00e9ocat\u00e9chum\u00e9nales qui se dirigent vers le sacerdoce 31 mars 1985<\/h1>\n\n<div style=\"height:20px\" aria-hidden=\"true\" class=\"wp-block-spacer\"><\/div>\n\n<h4 class=\"has-text-align-center wp-block-heading\">Saint Jean-Paul II<\/h4>\n\n<div style=\"height:20px\" aria-hidden=\"true\" class=\"wp-block-spacer\"><\/div>\n\n<p><strong>Cit\u00e9 du Vatican, 31 mars 1985 <\/strong><\/p>\n\n<p><em>1207 jeunes, engag\u00e9s dans le Chemin n\u00e9ocat\u00e9chum\u00e9nal, un chemin qui les portera tous au presbyt\u00e9rat, ont anim\u00e9, dans l&rsquo;apr\u00e8s-midi d&rsquo;hier dimanche, une longue rencontre avec le Pape, dans la Chapelle Sixtine, bond\u00e9e comme jamais elle ne le fut. Kiko Arg\u00fcello, initiateur du Chemin n\u00e9ocat\u00e9chum\u00e9nal, en pr\u00e9sentant l&rsquo;assembl\u00e9e au saint p\u00e8re, a expliqu\u00e9 que ces jeunes s&rsquo;\u00e9taient r\u00e9unis \u00e0 Rome pour la grande rencontre internationale de la jeunesse et pour participer \u00e9galement \u00e0 une rencontre sp\u00e9cialement r\u00e9serv\u00e9e aux jeunes n\u00e9ocat\u00e9chum\u00e8nes qui ont d\u00e9couvert leur vocation au sacerdoce, pr\u00e9cis\u00e9ment \u00e0 travers le Chemin. M\u00eame s&rsquo;ils venaient d&rsquo;une soixantaine de pays, la majorit\u00e9 de ces jeunes \u00e9taient latino-am\u00e9ricains, tous heureux de pouvoir montrer \u00e0 Jean-Paul II avec quel empressement ils avaient accueilli l&rsquo;invitation qu&rsquo;il leur avait adress\u00e9e au P\u00e9rou, au cours de sa r\u00e9cente visite dans le \u00abcontinent de l&rsquo;esp\u00e9rance\u00bb: \u00abAllez et tournez-vous vers vos nations pour \u00e9vang\u00e9liser\u00bb avait-il dit alors.<\/em><\/p>\n\n<div class=\"wp-block-image\"><figure class=\"alignleft size-medium\"><img loading=\"lazy\" decoding=\"async\" width=\"300\" height=\"248\" src=\"https:\/\/neocatechumenaleiter.org\/wp-content\/uploads\/2020\/03\/Camino_Neocatecumenal_Juan_Pablo_II_audiencia_capilla_sixtina_seminaristas_1985-300x248.jpg\" alt=\"\" class=\"wp-image-1874\" srcset=\"https:\/\/neocatechumenaleiter.org\/wp-content\/uploads\/2020\/03\/Camino_Neocatecumenal_Juan_Pablo_II_audiencia_capilla_sixtina_seminaristas_1985-300x248.jpg 300w, https:\/\/neocatechumenaleiter.org\/wp-content\/uploads\/2020\/03\/Camino_Neocatecumenal_Juan_Pablo_II_audiencia_capilla_sixtina_seminaristas_1985.jpg 678w\" sizes=\"auto, (max-width: 300px) 100vw, 300px\" \/><\/figure><\/div>\n\n<p><em>La rencontre romaine des jeunes n\u00e9ocat\u00e9chum\u00e8nes fut d\u00e9finie par ces derniers comme \u00abune immersion dans le bapt\u00eame\u00bb et elle s&rsquo;est d\u00e9roul\u00e9e dans l\u2019approfondissement des trois aspects fondamentaux du cheminement des futurs pr\u00eatres: la liturgie, l&rsquo;aspect sacramental, et enfin sur la Parole \u00abl\u2019Epouse \u00bb du pr\u00eatre qu&rsquo;est l\u2019Eglise, avec une r\u00e9flexion particuli\u00e8re sur le chapitre 9 de St. Luc. Un relief sp\u00e9cial fut donn\u00e9 \u00e0 la red\u00e9couverte de l\u2019Eglise locale au sein de cette r\u00e9flexion.<br \/><br \/>&#013;\nCe fut encore Kiko qui explicita ensuite, pour le saint-p\u00e8re, la composition du groupe et la provenance des diff\u00e9rents participants, et c&rsquo;est un tableau tout \u00e0 fait complet qui est apparu du r\u00f4le jou\u00e9 par les communaut\u00e9s n\u00e9ocat\u00e9chum\u00e9nales dans le monde entier pour la naissance et l&rsquo;approfondissement des vocations en vue d&rsquo;une cons\u00e9cration sp\u00e9ciale.<br \/><br \/>&#013;\nAujourd&rsquo;hui, beaucoup de jeunes entrent au s\u00e9minaire gr\u00e2ce au Chemin n\u00e9ocat\u00e9chum\u00e9nal. Deux d&rsquo;entre eux pris parmi cette foule, l&rsquo;ont montr\u00e9 en donnant leur propre exp\u00e9rience; le premier venant de Saint Domingue, l&rsquo;autre de Munich, en Bavi\u00e8re. L&rsquo;\u00e9v\u00eaque br\u00e9silien de Jundiai, Roberto Pinarello de Almeida, a aussi expliqu\u00e9 que le s\u00e9minaire de son dioc\u00e8se a adopt\u00e9 la p\u00e9dagogie du Chemin n\u00e9o-cat\u00e9chum\u00e9nal pour la formation de ses s\u00e9minaristes: le \u00abtripode\u00bb Parole, liturgie et communion est l&rsquo;aliment le plus efficace pour les s\u00e9minaristes qui se mettent ainsi au service de l\u2019Eglise et pour l\u2019Eglise.&#013;\n<\/em><\/p>\n\n<p><em>Apr\u00e8s avoir \u00e9cout\u00e9 l&rsquo;\u00e9v\u00eaque, Jean-Paul II a adress\u00e9, en italien, aux jeunes n\u00e9ocat\u00e9chum\u00e8nes les paroles suivantes:&#013;\n<\/em><br \/><br \/>&#013;\n\u00ab Je veux reprendre pour vous les r\u00e9flexions que je me suis faites au cours de cette rencontre: r\u00e9flexions spontan\u00e9es, imm\u00e9diates, mais qui touchent de pr\u00e8s \u00e0 cette rencontre. D&rsquo;abord, nous avons fait un peu de g\u00e9ographie et de statistique. Nous sommes all\u00e9s dans le monde entier, \u00e0 commencer par le Mexique, l&rsquo;Am\u00e9rique Centrale, les Antilles, l&rsquo;Am\u00e9rique Latine, et je pensais que nous serions rest\u00e9s dans cette zone, mais voil\u00e0 que nous sommes sortis de l&rsquo;Am\u00e9rique Latine et que nous sommes all\u00e9s en Oc\u00e9anie, en Australie, au Japon, en Chine, \u00e0 Taiwan. Et je ne sais pourquoi nous ne sommes pas all\u00e9s aussi dans ce grand pays qui se trouve entre la Chine et la Pologne! Puis nous sommes all\u00e9s aussi dans diff\u00e9rents pays europ\u00e9ens et j&rsquo;ai entendu que l&rsquo;Italie aussi est bien repr\u00e9sent\u00e9e et pas seulement l&rsquo;Espagne. Un peu moins la Pologne, mais il y aussi des s\u00e9minaristes dans ce pays, gr\u00e2ce \u00e0 Dieu!&#013;\n<\/p>\n\n<p>Tandis que nous faisions cette g\u00e9ographie et cette statistique, je pensais que nous devons toujours nous r\u00e9f\u00e9rer, m\u00eame s&rsquo;il s&rsquo;agit de statistiques, aux choses spirituelles, \u00e0 l&rsquo;Esprit Saint: il y a une statistique que l&rsquo;on conna\u00eet seulement gr\u00e2ce \u00e0 sa personne et \u00e0 sa myst\u00e9rieuse op\u00e9ration dans l&rsquo;\u00e2me. Nous tous sommes des instruments, m\u00eame si nous sommes des instruments sacramentels, sacr\u00e9s, de cette oeuvre qui est la sienne. Mais ce qui est important, c&rsquo;est son oeuvre. L&rsquo;instrument est toujours secondaire, m\u00eame s&rsquo;il est n\u00e9cessaire, et il est n\u00e9cessaire parce que l&rsquo;Eglise n&rsquo;est pas l&rsquo;Eglise c\u00e9leste; c&rsquo;est l&rsquo;Eglise terrestre, c&rsquo;est l&rsquo;Eglise des hommes et les hommes sont appel\u00e9s pour constituer l&rsquo;Eglise. Il faut qu&rsquo;il y ait l&rsquo;appel; le Christ a fait ainsi: Il a appel\u00e9. Lui-m\u00eame Il a commenc\u00e9 \u00e0 pr\u00eacher, \u00e0 \u00e9vang\u00e9liser, et aussit\u00f4t Il a appel\u00e9, d\u00e8s les premiers jours. Ce processus de la vocation, de l&rsquo;appel, il faut le r\u00e9p\u00e9ter. Bien plus, ce processus de la vocation constitue une preuve certaine de l&rsquo;authenticit\u00e9, de la maturit\u00e9 de l&rsquo;Eglise: aussi bien de l&rsquo;Eglise, au sens universel, que de l&rsquo;Eglise, au sens particulier, local.<\/p>\n\n<div class=\"wp-block-image\"><figure class=\"alignright size-medium\"><img loading=\"lazy\" decoding=\"async\" width=\"300\" height=\"239\" src=\"https:\/\/neocatechumenaleiter.org\/wp-content\/uploads\/2020\/03\/Camino_Neocatecumenal_Juan_Pablo_II_audiencia_capilla_sixtina_seminaristas_19852-300x239.jpg\" alt=\"\" class=\"wp-image-1881\" srcset=\"https:\/\/neocatechumenaleiter.org\/wp-content\/uploads\/2020\/03\/Camino_Neocatecumenal_Juan_Pablo_II_audiencia_capilla_sixtina_seminaristas_19852-300x239.jpg 300w, https:\/\/neocatechumenaleiter.org\/wp-content\/uploads\/2020\/03\/Camino_Neocatecumenal_Juan_Pablo_II_audiencia_capilla_sixtina_seminaristas_19852.jpg 712w\" sizes=\"auto, (max-width: 300px) 100vw, 300px\" \/><\/figure><\/div>\n\n<p>Je me souviens des jours de ma jeunesse et de ceux durant lesquels j&rsquo;\u00e9tais \u00e9v\u00eaque de Cracovie, lorsque chaque paroisse s&rsquo;\u00e9valuait au nombre des vocations qu&rsquo;elle avait: vocations sacerdotales, religieuses. C&rsquo;\u00e9tait un signe de la vitalit\u00e9, un signe de la maturit\u00e9 de l&rsquo;Eglise.&#013;\nJ&rsquo;apprends de plus en plus \u00e0 conna\u00eetre votre Chemin n\u00e9ocat\u00e9chum\u00e9nal et je fais cette connaissance dans des circonstances diverses, toujours br\u00e8ves, mais \u00e0 partir de ces fragments se compose une figure d&rsquo;ensemble. Je voudrais, par cons\u00e9quent, vous dire ce qui me semble l&rsquo;essentiel. Vous mettez au centre de votre spiritualit\u00e9 le sacrement du bapt\u00eame. Que veut dire le bapt\u00eame? Il veut dire beaucoup de choses, mais parmi toutes celles qui composent ensemble une grande th\u00e9ologie du saint bapt\u00eame, il y en a une: c&rsquo;est la cons\u00e9cration premi\u00e8re de la personne humaine \u00e0 Dieu, en J\u00e9sus-Christ. Naturellement, il y a beaucoup et beaucoup de baptis\u00e9s dans le monde qui se rendent peu ou pas compte du tout de ce fait que c&rsquo;est la cons\u00e9cration premi\u00e8re. Par cons\u00e9quent, si quelqu&rsquo;un fait un scrutin profond, un scrutin existentiel, un scrutin vraiment religieux de son bapt\u00eame, il doit, au moins une fois, se trouver face \u00e0 cette r\u00e9alit\u00e9: je suis une personne consacr\u00e9e \u00e0 Dieu. Et dans cette cons\u00e9cration, premi\u00e8re, principale, fondamentale, il est plus facile aussi de red\u00e9couvrir la vocation, qu&rsquo;elle soit sacerdotale ou religieuse. Et en effet, cette derni\u00e8re ne signifie pas une d\u00e9pr\u00e9ciation du chr\u00e9tien en g\u00e9n\u00e9ral, de la vocation chr\u00e9tienne comme telle, de la vocation de tous les la\u00efcs. Au contraire: c&rsquo;est un la\u00efc que vous avez pour guide. De m\u00eame St Fran\u00e7ois d&rsquo;Assise, ne voulait pas se faire pr\u00eatre et accepta seulement l&rsquo;ordination diaconale. Chaque vocation est cons\u00e9cration de la personne, de l&rsquo;homme et de la femme, \u00e0 Dieu. Si l&rsquo;on comprend cela, on peut comprendre alors, plus facilement, cette vocation par laquelle l&rsquo;homme, \u00e0 partir de son initiative conduite par la gr\u00e2ce divine, se met au service de Dieu, du Christ et de l&rsquo;Eglise; il se consacre au service complet, total, dans la cons\u00e9cration sacerdotale et dans la cons\u00e9cration religieuse: deux cons\u00e9crations, un peu diff\u00e9rentes, mais tr\u00e8s convergentes.<\/p>\n\n<div class=\"wp-block-image\"><figure class=\"alignleft size-medium\"><img loading=\"lazy\" decoding=\"async\" width=\"300\" height=\"245\" src=\"https:\/\/neocatechumenaleiter.org\/wp-content\/uploads\/2020\/03\/Camino_Neocatecumenal_Juan_Pablo_II_audiencia_capilla_sixtina_seminaristas_19853-300x245.jpg\" alt=\"\" class=\"wp-image-1888\" srcset=\"https:\/\/neocatechumenaleiter.org\/wp-content\/uploads\/2020\/03\/Camino_Neocatecumenal_Juan_Pablo_II_audiencia_capilla_sixtina_seminaristas_19853-300x245.jpg 300w, https:\/\/neocatechumenaleiter.org\/wp-content\/uploads\/2020\/03\/Camino_Neocatecumenal_Juan_Pablo_II_audiencia_capilla_sixtina_seminaristas_19853.jpg 695w\" sizes=\"auto, (max-width: 300px) 100vw, 300px\" \/><\/figure><\/div>\n\n<p>Et tout ceci est un fruit de la m\u00e9ditation de l&rsquo;approfondissement du myst\u00e8re du bapt\u00eame; c&rsquo;est pourquoi je ne m&rsquo;\u00e9tonne pas que dans votre chemin il y ait des vocations: c&rsquo;est une confirmation que votre chemin est authentique et qu&rsquo;il correspond \u00e0 sa nature, et \u00e0 sa d\u00e9nomination. Voil\u00e0, c&rsquo;\u00e9tait la chose principale que je voulais dire.&#013;\nMaintenant, une troisi\u00e8me chose qui est davantage li\u00e9e aux circonstances pr\u00e9sentes: nous nous trouvons dans la chapelle Sixtine qui est surtout connue pour les merveilleuses peintures telles que le \u00ab Jugement de Michel-Ange \u00bb. Elle est connue aussi \u00e0 cause d&rsquo;un fait: c&rsquo;est ici, dans cette chapelle, que se font les Conclaves et que sont \u00e9lus les Papes, les Ev\u00eaques de Rome. La derni\u00e8re fois, les Cardinaux &#8211; pr\u00e9sents en nombre plus \u00e9lev\u00e9 que pour aucun autre Conclave &#8211; ont \u00e9lu un Pape inconnu, mais ils ont \u00e9lu un Pape qui a red\u00e9couvert aussi une vocation itin\u00e9rante. Et voil\u00e0 que nous sommes itin\u00e9rant! Et c&rsquo;est un autre aspect de votre chemin. L&rsquo;Eglise apostolique \u00e9tait naturellement itin\u00e9rante et le plus itin\u00e9rant de tous les ap\u00f4tres \u00e9tait St Paul certainement. Mais aujourd&rsquo;hui aussi l&rsquo;Eglise est itin\u00e9rante, tous sont itin\u00e9rants, m\u00eame ceux qui, au cours de leur vie, ne changent jamais de lieu ni de place; eux aussi sont itin\u00e9rants parce que tous nous sommes des p\u00e9lerins et p\u00e9lerin signifie quelque chose de plus qu&rsquo;itin\u00e9rant. Tous nous sommes p\u00e9lerins dans l&rsquo;Esprit Saint, p\u00e9lerins en marche vers la maison du P\u00e8re. Et le Christ nous guide par la puissance de l&rsquo;Esprit Saint.&#013;\n<\/p>\n\n<p>Je veux encore ajouter cette observation: ici, dans cette chapelle, se font beaucoup de pri\u00e8res, et de m\u00eame autour de cette chapelle, dans le monde entier, l&rsquo;on fait beaucoup de pri\u00e8res lorsque vient le moment de la mort d&rsquo;un Pape et de l&rsquo;\u00e9lection de son successeur. Je veux conclure cette rencontre en priant avec vous l&rsquo;Esprit Saint pour les vocations qui sont tellement n\u00e9cessaires \u00e0 l&rsquo;Eglise. Nous aussi, nous faisons une statistique en ce qui concerne l&rsquo;Eglise universelle et nous devons la faire. Et pr\u00e9cis\u00e9ment hier, avec Mgr le Substitut, nous avons parl\u00e9, avec les repr\u00e9sentants de l&rsquo;Office des Statistiques de l&rsquo;Eglise: l&rsquo;Eglise d&rsquo;aujourd&rsquo;hui doit faire de grands efforts de pri\u00e8re, de contacts avec l&rsquo;Esprit Saint pour se maintenir vivante, pour maintenir le nombre des vocations, parce que ce nombre, dans quelques pays du monde, dans quelques Eglises est menac\u00e9, et dans d&rsquo;autres Eglises, il est depuis longtemps insuffisant.<\/p>\n\n<p>Nous allons conclure en r\u00e9citant un myst\u00e8re du Rosaire, un myst\u00e8re de l&rsquo;Esprit Saint, le 3\u00e8me myst\u00e8re glorieux, parce qu&rsquo;ici, dans cette chapelle, on doit r\u00e9citer le myst\u00e8re qui se r\u00e9f\u00e8re \u00e0 l&rsquo;Esprit Saint pour les vocations. Je le fais en latin. Vous \u00eates s\u00e9minaristes et vous devez connaitre le latin.&#013;\n<br \/><br \/>&#013;\n(*) Cf. \u00abL&rsquo;Osservatore Romano\u00bb, 1-2 avril 1985, avec des ajouts de l&rsquo;enregistrement de la rencontre.<\/p>\n","protected":false},"excerpt":{"rendered":"<p>Rencontre dans la Chapelle Sixtine avec les jeunes des Communaut\u00e9s N\u00e9ocat\u00e9chum\u00e9nales qui se dirigent vers le sacerdoce 31 mars 1985 Saint Jean-Paul II Cit\u00e9 du Vatican, 31 mars 1985 1207 jeunes, engag\u00e9s dans le Chemin n\u00e9ocat\u00e9chum\u00e9nal, un chemin qui les portera tous au presbyt\u00e9rat, ont anim\u00e9, dans l&rsquo;apr\u00e8s-midi d&rsquo;hier dimanche, une longue rencontre avec le Pape, dans la Chapelle Sixtine, bond\u00e9e comme jamais elle ne le fut. Kiko Arg\u00fcello, initiateur<\/p>\n<div class=\"read-more\"><a class=\"btn read-more-btn\" href=\"https:\/\/neocatechumenaleiter.org\/fr\/paroles-de-papes\/st-jean-paul-ii\/rencontre-dans-la-chapelle-sixtine-avec-les-jeunes-des-communautes-neocatechumenales-qui-se-dirigent-vers-le-sacerdoce-31-mars-1985\/\">En savoir plus<\/a><\/div>\n","protected":false},"author":2,"featured_media":0,"parent":5064,"menu_order":32,"comment_status":"closed","ping_status":"closed","template":"","meta":{"footnotes":""},"class_list":["post-16971","page","type-page","status-publish","hentry"],"_links":{"self":[{"href":"https:\/\/neocatechumenaleiter.org\/fr\/wp-json\/wp\/v2\/pages\/16971","targetHints":{"allow":["GET"]}}],"collection":[{"href":"https:\/\/neocatechumenaleiter.org\/fr\/wp-json\/wp\/v2\/pages"}],"about":[{"href":"https:\/\/neocatechumenaleiter.org\/fr\/wp-json\/wp\/v2\/types\/page"}],"author":[{"embeddable":true,"href":"https:\/\/neocatechumenaleiter.org\/fr\/wp-json\/wp\/v2\/users\/2"}],"replies":[{"embeddable":true,"href":"https:\/\/neocatechumenaleiter.org\/fr\/wp-json\/wp\/v2\/comments?post=16971"}],"version-history":[{"count":1,"href":"https:\/\/neocatechumenaleiter.org\/fr\/wp-json\/wp\/v2\/pages\/16971\/revisions"}],"predecessor-version":[{"id":16972,"href":"https:\/\/neocatechumenaleiter.org\/fr\/wp-json\/wp\/v2\/pages\/16971\/revisions\/16972"}],"up":[{"embeddable":true,"href":"https:\/\/neocatechumenaleiter.org\/fr\/wp-json\/wp\/v2\/pages\/5064"}],"wp:attachment":[{"href":"https:\/\/neocatechumenaleiter.org\/fr\/wp-json\/wp\/v2\/media?parent=16971"}],"curies":[{"name":"wp","href":"https:\/\/api.w.org\/{rel}","templated":true}]}}