{"id":16977,"date":"2020-08-27T11:37:34","date_gmt":"2020-08-27T10:37:34","guid":{"rendered":"https:\/\/neocatechumenaleiter.org\/paroles-de-papes\/st-jean-paul-ii\/audience-aux-itinerants-apres-avoir-evangelise-deux-par-deux-dans-le-monde-entier-25-septembre-1984\/"},"modified":"2020-11-30T10:26:15","modified_gmt":"2020-11-30T09:26:15","slug":"audience-aux-itinerants-apres-avoir-evangelise-deux-par-deux-dans-le-monde-entier-25-septembre-1984","status":"publish","type":"page","link":"https:\/\/neocatechumenaleiter.org\/fr\/paroles-de-papes\/st-jean-paul-ii\/audience-aux-itinerants-apres-avoir-evangelise-deux-par-deux-dans-le-monde-entier-25-septembre-1984\/","title":{"rendered":"Audience aux itin\u00e9rants apr\u00e8s avoir \u00e9vang\u00e9lis\u00e9 deux par deux dans le monde entier 26 septembre 1984"},"content":{"rendered":"\n<h1 class=\"has-text-align-center wp-block-heading\">Audience aux itin\u00e9rants apr\u00e8s avoir \u00e9vang\u00e9lis\u00e9 deux par deux dans le monde entier 26 septembre 1984<\/h1>\n\n<div style=\"height:20px\" aria-hidden=\"true\" class=\"wp-block-spacer\"><\/div>\n\n<h4 class=\"has-text-align-center wp-block-heading\">Saint Jean-Paul II<\/h4>\n\n<div style=\"height:20px\" aria-hidden=\"true\" class=\"wp-block-spacer\"><\/div>\n\n<div class=\"wp-block-image\"><figure class=\"alignleft size-large\"><img loading=\"lazy\" decoding=\"async\" width=\"277\" height=\"420\" src=\"https:\/\/neocatechumenaleiter.org\/wp-content\/uploads\/2020\/03\/Camino_Neocatecumenal_Juan_Pablo_II_audiencia_itinerantes_1984.jpg\" alt=\"\" class=\"wp-image-1834\" srcset=\"https:\/\/neocatechumenaleiter.org\/wp-content\/uploads\/2020\/03\/Camino_Neocatecumenal_Juan_Pablo_II_audiencia_itinerantes_1984.jpg 277w, https:\/\/neocatechumenaleiter.org\/wp-content\/uploads\/2020\/03\/Camino_Neocatecumenal_Juan_Pablo_II_audiencia_itinerantes_1984-198x300.jpg 198w\" sizes=\"auto, (max-width: 277px) 100vw, 277px\" \/><\/figure><\/div>\n\n<p><strong>Castel Gandolfo, 26 septembre 1984 *<\/strong><\/p>\n\n<p>\u00ab J\u00c9SUS CHRIST EST ITIN\u00c9RANT AVEC VOUS POUR ALLER VERS LES AUTRES \u00bb&#013;\n<br \/><br \/><em>&#013;\nLa cour du Palais pontifical de Castel Gandolfo s&rsquo;est mu\u00e9e, mardi soir, 25 septembre, au cours de la rencontre du Pape avec le mouvement des n\u00e9o-cat\u00e9chum\u00e8nes en un presbyt\u00e8re. Il y avait le tr\u00f4ne, le crucifix adoss\u00e9 aux murs robustes, fra\u00eechement peints, le lutrin avec le livre des Evangiles, la Croix, une ic\u00f4ne de la Vierge. Et puis, tapis et fleurs: gla\u00efeuls de couleurs vari\u00e9es qui donnaient au lieu un caract\u00e8re sacr\u00e9 que soulignaient pri\u00e8res, chants et silences.<br \/><br \/>&#013;\nCe qui s&rsquo;est pass\u00e9 mardi soir, lors du dernier rendez-vous du saint-p\u00e8re avant son retour d&rsquo;aujourd&rsquo;hui au Vatican, a \u00e9t\u00e9 encore une fois, une rencontre de pri\u00e8re, de proclamation de la Parole, d&rsquo;\u00e9coute, de r\u00e9flexion.<br \/><br \/>&#013;\nKiko Arg\u00fcello, initiateur du Chemin n\u00e9o-cat\u00e9chum\u00e9nal, pr\u00e9sentait, avec des accents parfois enflamm\u00e9s, la derni\u00e8re exp\u00e9rience itin\u00e9rante de tous les participants \u00e0 cette rencontre.  Pendant deux semaines, deux \u00e0 deux, ces \u00abderniers\u00bb, ces \u00abpetits du r\u00e8gne\u00bb a-t-il dit en s&rsquo;adressant au saint-p\u00e8re &#8211; sont all\u00e9s visiter les nations du monde, sans rien poss\u00e9der sinon J\u00e9sus Christ pauvre et crucifi\u00e9, annon\u00e7ant la \u00abjoyeuse nouvelle\u00bb aux pauvres, aux marginaux, aux pr\u00eatres des paroisses des grandes villes ainsi que des territoires perdus de l\u2019Afrique et de l\u2019Asie, et proclamant avec foi que J\u00e9sus Christ est le Seigneur et le R\u00e9dempteur de l&rsquo;homme.&#013;\n<\/em><\/p>\n\n<p><em>Kiko a transmis au Pape cette exp\u00e9rience communautaire itin\u00e9rante semblable \u00e0 celle des ap\u00f4tres de l\u2019\u00e9vangile, qui, apr\u00e8s avoir pr\u00each\u00e9 l&rsquo;av\u00e8nement du R\u00e8gne retournaient joyeux \u00e0 la maison, ayant exp\u00e9riment\u00e9 la force de la pr\u00e9sence du Seigneur.  Dans les diff\u00e9rents pays de l\u2019Europe, de l\u2019Am\u00e9rique du Nord, du Centre et du Sud, de l\u2019Afrique, de l\u2019Asie et de l\u2019Oc\u00e9anie (l&rsquo;initiateur du chemin des communaut\u00e9s n\u00e9ocat\u00e9chum\u00e9nales a aussi pr\u00e9sent\u00e9 au saint-p\u00e8re un tableau bien d\u00e9taill\u00e9 de cette \u00e9vang\u00e9lisation exp\u00e9rience itin\u00e9rante), ces nouveaux messagers de la Bonne Nouvelle ont souffert et se sont r\u00e9jouis \u00e0 cause de l\u2019\u00e9vangile.<\/em><\/p>\n\n<p><em>Un couple de Rome, un jeune s\u00e9minariste de Barcelone, une jeune fille Italienne, une Polonaise, un Espagnol et un jeune pr\u00eatre italien ont racont\u00e9, devant un auditoire attentif puisqu&rsquo;il avait partag\u00e9 la m\u00eame exp\u00e9rience dans sa totalit\u00e9, leur \u00abitin\u00e9rance\u00bb. C&rsquo;\u00e9tait, au fond, une confession des merveilles que Dieu op\u00e8re \u00e0 travers ses \u00abfid\u00e8les\u00bb qui s&rsquo;immergent dans le monde pour le secouer de la somnolence et de l&rsquo;indiff\u00e9rence religieuse.<\/em><\/p>\n\n<div class=\"wp-block-image\"><figure class=\"alignright size-large\"><img loading=\"lazy\" decoding=\"async\" width=\"710\" height=\"564\" src=\"https:\/\/neocatechumenaleiter.org\/wp-content\/uploads\/2020\/03\/Camino_Neocatecumenal_Juan_Pablo_II_audiencia_itinerantes_19842.jpg\" alt=\"\" class=\"wp-image-1841\" srcset=\"https:\/\/neocatechumenaleiter.org\/wp-content\/uploads\/2020\/03\/Camino_Neocatecumenal_Juan_Pablo_II_audiencia_itinerantes_19842.jpg 710w, https:\/\/neocatechumenaleiter.org\/wp-content\/uploads\/2020\/03\/Camino_Neocatecumenal_Juan_Pablo_II_audiencia_itinerantes_19842-300x238.jpg 300w\" sizes=\"auto, (max-width: 710px) 100vw, 710px\" \/><\/figure><\/div>\n\n<p><em>De la grande m\u00e9tropole de New York aux \u00abfavellas\u00bb du Br\u00e9sil, de l&rsquo;\u00eele de Cuba \u00e0 la Chine, de l\u2019Italie \u00e0 la Scandinavie, telles \u00e9taient les \u00e9tapes d&rsquo;un r\u00e9cit \u00e9vang\u00e9lique v\u00e9cu et t\u00e9moign\u00e9 de nos jours avec la force de la foi et de l&rsquo;amour. \u00abils nous prenaient aussi pour des drogu\u00e9s\u00bb a affirm\u00e9 la jeune polonaise, m\u00e8re de famille, en racontant sa propre exp\u00e9rience. \u00abMais, ensuite, ils ont compris que nous avions un message chr\u00e9tien \u00e0 pr\u00e9senter \u00e0 tous, avec respect et amour.\u00bb Tous citaient des d\u00e9tails qui r\u00e9v\u00e9laient la puissance de Dieu qui guide tous ceux qui se fient en lui d&rsquo;un c\u0153ur sinc\u00e8re.<\/em><\/p>\n\n<p><em>Apr\u00e8s les t\u00e9moignages, le saint-p\u00e8re a d\u00e9clar\u00e9:<\/em><\/p>\n\n<p>Dans ce que vous avez racont\u00e9, j&rsquo;ai senti l&rsquo;esprit authentique des disciples du Christ qui s&rsquo;abandonnent totalement au Seigneur. Vous \u00eates itin\u00e9rants mais c&rsquo;est J\u00e9sus qui fait surtout son itin\u00e9raire \u00e0 l&rsquo;int\u00e9rieur de chacun, avant de faire son itin\u00e9raire avec vous vers les autres. Que vous soyez itin\u00e9rants est un fait secondaire. La chose principale c&rsquo;est que lui est itin\u00e9rant. Lui, il veut \u00eatre itin\u00e9rant. Lui, il veut \u00eatre non seulement pr\u00e9sent dans l&rsquo;Eglise, mais aussi itin\u00e9rant dans l&rsquo;Eglise. L&rsquo;Eglise est en fait itin\u00e9rante, elle est une Eglise en chemin; elle n&rsquo;est pas seulement une Eglise d\u00e9j\u00e0 install\u00e9e, organis\u00e9e, structur\u00e9e, mais une Eglise en chemin vers les personnes, vers les communaut\u00e9s, vers les peuples, vers les croyants, vers les non &#8211; croyants; les divisions, pour le Christ, existent diff\u00e9remment que pour nous.<\/p>\n\n<p>Une confiance vraiment \u00e9vang\u00e9lique caract\u00e9rise votre itin\u00e9rance: vous ne portez rien, vous n&rsquo;avez rien; vous ne vous confiez pas en vous-m\u00eames, mais vous avez une confiance absolue dans la Providence et en tout ce que le Seigneur fera. Ensuite, une seconde caract\u00e9ristique vous est propre: l&rsquo;humilit\u00e9. Vous dites: \u00ab le Seigneur m&rsquo;a sauv\u00e9, il m&rsquo;a sorti de mes p\u00e9ch\u00e9s, de mon incr\u00e9dulit\u00e9 et alors j&rsquo;ai v\u00e9cu une grande gr\u00e2ce, j&rsquo;ai re\u00e7u une force du Seigneur. J&rsquo;ai v\u00e9cu personnellement sa force et son pouvoir et maintenant je dois marcher en annon\u00e7ant ce pouvoir; le Seigneur est puissant!\u00bb Et vous, vous vous confiez dans le pouvoir du Seigneur et vous voulez exp\u00e9rimenter ce pouvoir en vous-m\u00eames et aussi dans les autres. Le Seigneur est puissant dans sa mort et dans sa r\u00e9surrection, dans sa gr\u00e2ce; il est puissant dans le Saint Esprit.<\/p>\n\n<p>Devenant Ev\u00eaque de Rome et Pape en cette \u00e9poque des itin\u00e9rants, je devais moi aussi devenir itin\u00e9rant. C&rsquo;est un parall\u00e9lisme &#8211; a expliqu\u00e9 le Pape &#8211; une co\u00efncidence. Mais je dois dire que les itin\u00e9raires que je fais sont beaucoup moins rigoureux que les v\u00f4tres! Oui, il est vrai qu&rsquo;il nous est beaucoup demand\u00e9, et le programme d&rsquo;une journ\u00e9e est assez exigeant, mais on ne marche pas \u00e0 pied&#8230; Je pense &#8211; a ensuite ajout\u00e9 le saint-p\u00e8re &#8211; que cette fa\u00e7on d&rsquo;\u00eatre itin\u00e9rant, vous la trouveriez&#8230; Alors je me questionne et je dis: je ne peux pas faire autrement.  Alors &#8211; a conclu le saint-p\u00e8re &#8211; restons itin\u00e9rants comme nous le sommes: le Pape itin\u00e9rant comme il l&rsquo;est et vous itin\u00e9rants comme vous l&rsquo;\u00eates &#8230;&#013;\n<br \/><br \/><em>(*) Cf. \u00abL&rsquo;Osservatore Romano\u00bb, 27 septembre 1984.<\/em><\/p>\n","protected":false},"excerpt":{"rendered":"<p>Audience aux itin\u00e9rants apr\u00e8s avoir \u00e9vang\u00e9lis\u00e9 deux par deux dans le monde entier 26 septembre 1984 Saint Jean-Paul II Castel Gandolfo, 26 septembre 1984 * \u00ab J\u00c9SUS CHRIST EST ITIN\u00c9RANT AVEC VOUS POUR ALLER VERS LES AUTRES \u00bb&#013; &#013; La cour du Palais pontifical de Castel Gandolfo s&rsquo;est mu\u00e9e, mardi soir, 25 septembre, au cours de la rencontre du Pape avec le mouvement des n\u00e9o-cat\u00e9chum\u00e8nes en un presbyt\u00e8re. Il y<\/p>\n<div class=\"read-more\"><a class=\"btn read-more-btn\" href=\"https:\/\/neocatechumenaleiter.org\/fr\/paroles-de-papes\/st-jean-paul-ii\/audience-aux-itinerants-apres-avoir-evangelise-deux-par-deux-dans-le-monde-entier-25-septembre-1984\/\">En savoir plus<\/a><\/div>\n","protected":false},"author":2,"featured_media":0,"parent":5064,"menu_order":28,"comment_status":"closed","ping_status":"closed","template":"","meta":{"footnotes":""},"class_list":["post-16977","page","type-page","status-publish","hentry"],"_links":{"self":[{"href":"https:\/\/neocatechumenaleiter.org\/fr\/wp-json\/wp\/v2\/pages\/16977","targetHints":{"allow":["GET"]}}],"collection":[{"href":"https:\/\/neocatechumenaleiter.org\/fr\/wp-json\/wp\/v2\/pages"}],"about":[{"href":"https:\/\/neocatechumenaleiter.org\/fr\/wp-json\/wp\/v2\/types\/page"}],"author":[{"embeddable":true,"href":"https:\/\/neocatechumenaleiter.org\/fr\/wp-json\/wp\/v2\/users\/2"}],"replies":[{"embeddable":true,"href":"https:\/\/neocatechumenaleiter.org\/fr\/wp-json\/wp\/v2\/comments?post=16977"}],"version-history":[{"count":11,"href":"https:\/\/neocatechumenaleiter.org\/fr\/wp-json\/wp\/v2\/pages\/16977\/revisions"}],"predecessor-version":[{"id":19868,"href":"https:\/\/neocatechumenaleiter.org\/fr\/wp-json\/wp\/v2\/pages\/16977\/revisions\/19868"}],"up":[{"embeddable":true,"href":"https:\/\/neocatechumenaleiter.org\/fr\/wp-json\/wp\/v2\/pages\/5064"}],"wp:attachment":[{"href":"https:\/\/neocatechumenaleiter.org\/fr\/wp-json\/wp\/v2\/media?parent=16977"}],"curies":[{"name":"wp","href":"https:\/\/api.w.org\/{rel}","templated":true}]}}