{"id":16987,"date":"2020-08-27T11:52:09","date_gmt":"2020-08-27T10:52:09","guid":{"rendered":"https:\/\/neocatechumenaleiter.org\/paroles-de-papes\/st-jean-paul-ii\/visite-a-la-paroisse-saint-hippolyte-12-fevrier-1984\/"},"modified":"2020-08-27T11:52:09","modified_gmt":"2020-08-27T10:52:09","slug":"visite-a-la-paroisse-saint-hippolyte-12-fevrier-1984","status":"publish","type":"page","link":"https:\/\/neocatechumenaleiter.org\/fr\/paroles-de-papes\/st-jean-paul-ii\/visite-a-la-paroisse-saint-hippolyte-12-fevrier-1984\/","title":{"rendered":"Visite \u00e0 la paroisse Saint Hippolyte 12 f\u00e9vrier 1984"},"content":{"rendered":"\n<h1 class=\"has-text-align-center wp-block-heading\">Visite \u00e0 la paroisse Saint Hippolyte 12 f\u00e9vrier 1984 <\/h1>\n\n<div style=\"height:20px\" aria-hidden=\"true\" class=\"wp-block-spacer\"><\/div>\n\n<h4 class=\"has-text-align-center wp-block-heading\">Saint Jean-Paul II<\/h4>\n\n<div style=\"height:20px\" aria-hidden=\"true\" class=\"wp-block-spacer\"><\/div>\n\n<div class=\"wp-block-image\"><figure class=\"alignleft size-medium\"><img loading=\"lazy\" decoding=\"async\" width=\"243\" height=\"300\" src=\"https:\/\/neocatechumenaleiter.org\/wp-content\/uploads\/2020\/03\/Camino_Neocatecumenal_Juan_Pablo_II_visita_parroquia_San_Hipolito_2984-243x300.jpg\" alt=\"\" class=\"wp-image-1794\" srcset=\"https:\/\/neocatechumenaleiter.org\/wp-content\/uploads\/2020\/03\/Camino_Neocatecumenal_Juan_Pablo_II_visita_parroquia_San_Hipolito_2984-243x300.jpg 243w, https:\/\/neocatechumenaleiter.org\/wp-content\/uploads\/2020\/03\/Camino_Neocatecumenal_Juan_Pablo_II_visita_parroquia_San_Hipolito_2984.jpg 573w\" sizes=\"auto, (max-width: 243px) 100vw, 243px\" \/><\/figure><\/div>\n\n<p><strong>Rome, 12 f\u00e9vrier 1984<\/strong><\/p>\n\n<p><em>La rencontre finale avec les communaut\u00e9s n\u00e9ocat\u00e9chum\u00e9nales a \u00e9t\u00e9 particuli\u00e8rement significative. Le cur\u00e9, le p\u00e8re Maurilio a pr\u00e9sent\u00e9 au Pape les groupes d&rsquo;adultes engag\u00e9s dans la paroisse, en soulignant les caract\u00e9ristiques et la sp\u00e9cificit\u00e9 de chaque groupe et en mettant particuli\u00e8rement l&rsquo;accent sur les groupes scouts &#8230; et les communaut\u00e9s n\u00e9ocat\u00e9chum\u00e9nales. Celles-ci, depuis 1973, repr\u00e9sentent une proposition concr\u00e8te de cat\u00e9chisation permanente pour les adultes. Elles ont eu, ce jour-l\u00e0, le privil\u00e8ge d&rsquo;obtenir la b\u00e9n\u00e9diction du saint-p\u00e8re pour trois de leurs cat\u00e9chistes itin\u00e9rants en partance pour la Turquie (un pr\u00eatre et un couple). Faisant allusion pr\u00e9cis\u00e9ment \u00e0 la mission que les cat\u00e9chistes assument en voulant \u00eatre le levain qui fermente la communaut\u00e9, le Pape a dit:<\/em><\/p>\n\n<p>\u00abJe veux vous remercier pour cette rencontre qui cl\u00f4ture ma visite dans votre paroisse Saint Hippolyte. Je salue tous les groupes tels que votre cur\u00e9 les a pr\u00e9sent\u00e9s. Je souhaite \u00e0 chacun de trouver toujours davantage sa propre identit\u00e9 chr\u00e9tienne, son propre charisme. En effet, de m\u00eame que les familles religieuses ont leur charisme propre, par exemple la famille franciscaine et les capucins de la famille franciscaine, de m\u00eame, les divers groupes d&rsquo;apostolat des la\u00efcs ont aussi leur charisme sp\u00e9cifique. Je vous souhaite de trouver toujours plus votre identit\u00e9 et d&rsquo;approfondir sans cesse ce charisme de groupe d&rsquo;apostolat la\u00efc.<br \/><br \/>&#013;\nJ\u00e9sus nous a dit que l&rsquo;Eglise, le Royaume de Dieu est semblable a du pain: pour faire le pain il faut la masse de la p\u00e2te, mais il faut aussi le levain.&#013;\n<\/p>\n\n<p>Eh bien! Je suis convaincu que tous ces groupes, le groupe charismatique, le groupe n\u00e9o-cat\u00e9chum\u00e9nal, sont le levain qui doit faire cro\u00eetre humainement et chr\u00e9tiennement la masse de la paroisse. Le levain doit p\u00e9n\u00e9trer toujours davantage pour que la masse soit toujours plus chr\u00e9tienne; qu&rsquo;elle soit toujours plus consciente d&rsquo;\u00eatre chr\u00e9tienne, plus responsable de son caract\u00e8re chr\u00e9tien, plus responsable de son identit\u00e9 chr\u00e9tienne.<br \/><br \/>&#013;\nVotre patron, Saint Hippolyte, fut martyr. Martyr veut dire t\u00e9moin. Et les chr\u00e9tiens doivent \u00eatre t\u00e9moins du Christ, de sa croix, de sa r\u00e9surrection, de sa foi, de son esp\u00e9rance, de sa charit\u00e9. Voil\u00e0, voil\u00e0 le levain! C&rsquo;est une tr\u00e8s belle chose si ce levain veut se r\u00e9pandre au-del\u00e0 des limites de la paroisse et arriver jusqu&rsquo;en Turquie, comme vous me le disiez. C&rsquo;est une belle chose si ce levain veut porter le ferment de l&rsquo;Evangile aussi aux non chr\u00e9tiens, aussi dans des lieux un peu intransigeants, qui se ferment devant le message \u00e9vang\u00e9lique. C&rsquo;est l\u00e0 que veulent aller quelques-uns de vos fr\u00e8res, pour \u00eatre levain dans ces masses l\u00e0, afin que toute l&rsquo;humanit\u00e9 soit rejointe par le levain \u00e9vang\u00e9lique et devienne le Royaume de Dieu.&#013;\n<\/p>\n\n<p>Je vous souhaite \u00e0 tous, sp\u00e9cialement \u00e0 vous n\u00e9o-cat\u00e9chum\u00e8nes, de parcourir ce chemin avec une grande all\u00e9gresse et une grande responsabilit\u00e9. Cherchez toujours \u00e0 augmenter et \u00e9largir les espaces de la charit\u00e9 du Christ, notre Seigneur et R\u00e9dempteur. Cherchez \u00e0 \u00e9largir les espaces du Royaume de Dieu, qui a ses racines en ce monde et est tendu vers l&rsquo;\u00e9ternit\u00e9, vers la maison du P\u00e8re; et je souhaite \u00e0 tous de cro\u00eetre dans le Royaume de Dieu. En m\u00eame temps que ce Royaume se trouve \u00e0 l&rsquo;int\u00e9rieur de nous, dans le c\u0153ur de chacun de nous et dans le c\u0153ur du Christ, il poss\u00e8de sa dimension ext\u00e9rieure dans la famille. Vous \u00eates d&rsquo;abord une portion du Royaume de Dieu, ensuite la paroisse Saint Hippolyte. Je vous souhaite de vivre la joie chr\u00e9tienne, la responsabilit\u00e9 chr\u00e9tienne, la foi, l&rsquo;esp\u00e9rance, la charit\u00e9 qui anticipent en ce monde la vie divine\u00bb.&#013;\n<br \/><br \/><em>Le pape a conclu son discours par la b\u00e9n\u00e9diction. Puis il a impos\u00e9 les mains aux trois cat\u00e9chistes en partance pour la Turquie et a regagn\u00e9 la maison des Capucins.<\/em>&#013;\n<br \/><br \/><em>(*) Cf. \u00abL&rsquo;Osservatore Romano\u00bb, 13-14 f\u00e9vrier 1984.<\/em><\/p>\n","protected":false},"excerpt":{"rendered":"<p>Visite \u00e0 la paroisse Saint Hippolyte 12 f\u00e9vrier 1984 Saint Jean-Paul II Rome, 12 f\u00e9vrier 1984 La rencontre finale avec les communaut\u00e9s n\u00e9ocat\u00e9chum\u00e9nales a \u00e9t\u00e9 particuli\u00e8rement significative. Le cur\u00e9, le p\u00e8re Maurilio a pr\u00e9sent\u00e9 au Pape les groupes d&rsquo;adultes engag\u00e9s dans la paroisse, en soulignant les caract\u00e9ristiques et la sp\u00e9cificit\u00e9 de chaque groupe et en mettant particuli\u00e8rement l&rsquo;accent sur les groupes scouts &#8230; et les communaut\u00e9s n\u00e9ocat\u00e9chum\u00e9nales. Celles-ci, depuis 1973,<\/p>\n<div class=\"read-more\"><a class=\"btn read-more-btn\" href=\"https:\/\/neocatechumenaleiter.org\/fr\/paroles-de-papes\/st-jean-paul-ii\/visite-a-la-paroisse-saint-hippolyte-12-fevrier-1984\/\">En savoir plus<\/a><\/div>\n","protected":false},"author":2,"featured_media":0,"parent":5064,"menu_order":25,"comment_status":"closed","ping_status":"closed","template":"","meta":{"footnotes":""},"class_list":["post-16987","page","type-page","status-publish","hentry"],"_links":{"self":[{"href":"https:\/\/neocatechumenaleiter.org\/fr\/wp-json\/wp\/v2\/pages\/16987","targetHints":{"allow":["GET"]}}],"collection":[{"href":"https:\/\/neocatechumenaleiter.org\/fr\/wp-json\/wp\/v2\/pages"}],"about":[{"href":"https:\/\/neocatechumenaleiter.org\/fr\/wp-json\/wp\/v2\/types\/page"}],"author":[{"embeddable":true,"href":"https:\/\/neocatechumenaleiter.org\/fr\/wp-json\/wp\/v2\/users\/2"}],"replies":[{"embeddable":true,"href":"https:\/\/neocatechumenaleiter.org\/fr\/wp-json\/wp\/v2\/comments?post=16987"}],"version-history":[{"count":1,"href":"https:\/\/neocatechumenaleiter.org\/fr\/wp-json\/wp\/v2\/pages\/16987\/revisions"}],"predecessor-version":[{"id":16988,"href":"https:\/\/neocatechumenaleiter.org\/fr\/wp-json\/wp\/v2\/pages\/16987\/revisions\/16988"}],"up":[{"embeddable":true,"href":"https:\/\/neocatechumenaleiter.org\/fr\/wp-json\/wp\/v2\/pages\/5064"}],"wp:attachment":[{"href":"https:\/\/neocatechumenaleiter.org\/fr\/wp-json\/wp\/v2\/media?parent=16987"}],"curies":[{"name":"wp","href":"https:\/\/api.w.org\/{rel}","templated":true}]}}