{"id":16997,"date":"2020-03-02T02:12:50","date_gmt":"2020-03-02T01:12:50","guid":{"rendered":"https:\/\/neocatechumenaleiter.org\/paroles-de-papes\/st-jean-paul-ii\/le-pape-jean-paul-ii-salue-les-catechistes-et-les-couples-des-communautes-neocatechumenales-de-lamerique-centrale-16-octobre-1980\/"},"modified":"2021-08-10T11:00:49","modified_gmt":"2021-08-10T10:00:49","slug":"le-pape-jean-paul-ii-salue-les-catechistes-et-les-couples-des-communautes-neocatechumenales-de-lamerique-centrale-16-octobre-1980","status":"publish","type":"page","link":"https:\/\/neocatechumenaleiter.org\/fr\/paroles-de-papes\/st-jean-paul-ii\/le-pape-jean-paul-ii-salue-les-catechistes-et-les-couples-des-communautes-neocatechumenales-de-lamerique-centrale-16-octobre-1980\/","title":{"rendered":"Le Pape Jean-Paul II Salue les cat\u00e9chistes et les couples des Communaut\u00e9s N\u00e9ocat\u00e9chum\u00e9nales de l&rsquo;Am\u00e9rique centrale 16 octobre 1980"},"content":{"rendered":"\n<h1 class=\"has-text-align-center wp-block-heading\">Le Pape Jean-Paul II Salue les cat\u00e9chistes et les couples des Communaut\u00e9s N\u00e9ocat\u00e9chum\u00e9nales de l&rsquo;Am\u00e9rique centrale 16 octobre 1980<\/h1>\n\n<div style=\"height:20px\" aria-hidden=\"true\" class=\"wp-block-spacer\"><\/div>\n\n<h4 class=\"has-text-align-center wp-block-heading\">Saint Jean-Paul II<\/h4>\n\n<div style=\"height:20px\" aria-hidden=\"true\" class=\"wp-block-spacer\"><\/div>\n\n<p><strong>Saint Pierre, 16 octobre 1980 *<\/strong><\/p>\n\n<p><em>Jean-Paul II, apr\u00e8s avoir adress\u00e9 le traditionnel discours aux fid\u00e8les r\u00e9unis pour l&rsquo;audience g\u00e9n\u00e9rale du mercredi, a salu\u00e9 les groupes particuliers qui \u00e9taient pr\u00e9sents. Aux membres des communaut\u00e9s n\u00e9ocat\u00e9chum\u00e9nales des pays d\u2019Am\u00e9rique latine, r\u00e9unis \u00e0 Rome pour une rencontre internationale en vue de pr\u00e9parer le prochain synode sur la famille, le pape a adress\u00e9 les paroles suivantes:<\/em><\/p>\n\n<div class=\"wp-block-image\"><figure class=\"alignright size-large\"><img loading=\"lazy\" decoding=\"async\" width=\"400\" height=\"320\" src=\"https:\/\/neocatechumenaleiter.org\/wp-content\/uploads\/2020\/03\/Camino_Neocatecumenal_Juan_Pablo_II_audiencia_general_1980.jpg\" alt=\"\" class=\"wp-image-1485\" srcset=\"https:\/\/neocatechumenaleiter.org\/wp-content\/uploads\/2020\/03\/Camino_Neocatecumenal_Juan_Pablo_II_audiencia_general_1980.jpg 400w, https:\/\/neocatechumenaleiter.org\/wp-content\/uploads\/2020\/03\/Camino_Neocatecumenal_Juan_Pablo_II_audiencia_general_1980-300x240.jpg 300w\" sizes=\"auto, (max-width: 400px) 100vw, 400px\" \/><\/figure><\/div>\n\n<p>Un groupe de pr\u00eatres, de couples et de cat\u00e9chistes des mouvements n\u00e9ocat\u00e9chum\u00e9naux de diff\u00e9rents pays d&rsquo;Am\u00e9rique Centrale, participe aussi \u00e0 cette audience.<br\/><br\/>&#13;\nJe vous salue avec affection, chers fr\u00e8res et s\u0153urs, qui vous consacrez \u00e0 une t\u00e2che \u00e0 laquelle l&rsquo;Eglise accorde une grande importance: la construction, dans la foi, de la communaut\u00e9 eccl\u00e9siale gr\u00e2ce \u00e0 une cat\u00e9ch\u00e8se syst\u00e9matique, solide, progressive. Vous vous consacrez avec g\u00e9n\u00e9rosit\u00e9 \u00e0 ce travail si n\u00e9cessaire; soyez fid\u00e8les \u00e0 l&rsquo;exp\u00e9rience personnelle du message chr\u00e9tien et au t\u00e9moignage que vous rendez autour de vous.<\/p>\n\n<p>Je b\u00e9nis votre attitude de communion \u00e9troite avec vos pasteurs, ainsi que votre travail, vos personnes, vos familles et communaut\u00e9s d&rsquo;Eglise.&#13;\n<br\/><br\/>&#13;\n(*) Cf. \u00abL&rsquo;Osservatore Romano\u00bb, 17 octobre 1980.&#13;\n<\/p>\n","protected":false},"excerpt":{"rendered":"<p>Le Pape Jean-Paul II Salue les cat\u00e9chistes et les couples des Communaut\u00e9s N\u00e9ocat\u00e9chum\u00e9nales de l&rsquo;Am\u00e9rique centrale 16 octobre 1980 Saint Jean-Paul II Saint Pierre, 16 octobre 1980 * Jean-Paul II, apr\u00e8s avoir adress\u00e9 le traditionnel discours aux fid\u00e8les r\u00e9unis pour l&rsquo;audience g\u00e9n\u00e9rale du mercredi, a salu\u00e9 les groupes particuliers qui \u00e9taient pr\u00e9sents. Aux membres des communaut\u00e9s n\u00e9ocat\u00e9chum\u00e9nales des pays d\u2019Am\u00e9rique latine, r\u00e9unis \u00e0 Rome pour une rencontre internationale en vue<\/p>\n<div class=\"read-more\"><a class=\"btn read-more-btn\" href=\"https:\/\/neocatechumenaleiter.org\/fr\/paroles-de-papes\/st-jean-paul-ii\/le-pape-jean-paul-ii-salue-les-catechistes-et-les-couples-des-communautes-neocatechumenales-de-lamerique-centrale-16-octobre-1980\/\">En savoir plus<\/a><\/div>\n","protected":false},"author":2,"featured_media":0,"parent":5064,"menu_order":0,"comment_status":"closed","ping_status":"closed","template":"","meta":{"footnotes":""},"class_list":["post-16997","page","type-page","status-publish","hentry"],"_links":{"self":[{"href":"https:\/\/neocatechumenaleiter.org\/fr\/wp-json\/wp\/v2\/pages\/16997","targetHints":{"allow":["GET"]}}],"collection":[{"href":"https:\/\/neocatechumenaleiter.org\/fr\/wp-json\/wp\/v2\/pages"}],"about":[{"href":"https:\/\/neocatechumenaleiter.org\/fr\/wp-json\/wp\/v2\/types\/page"}],"author":[{"embeddable":true,"href":"https:\/\/neocatechumenaleiter.org\/fr\/wp-json\/wp\/v2\/users\/2"}],"replies":[{"embeddable":true,"href":"https:\/\/neocatechumenaleiter.org\/fr\/wp-json\/wp\/v2\/comments?post=16997"}],"version-history":[{"count":2,"href":"https:\/\/neocatechumenaleiter.org\/fr\/wp-json\/wp\/v2\/pages\/16997\/revisions"}],"predecessor-version":[{"id":23989,"href":"https:\/\/neocatechumenaleiter.org\/fr\/wp-json\/wp\/v2\/pages\/16997\/revisions\/23989"}],"up":[{"embeddable":true,"href":"https:\/\/neocatechumenaleiter.org\/fr\/wp-json\/wp\/v2\/pages\/5064"}],"wp:attachment":[{"href":"https:\/\/neocatechumenaleiter.org\/fr\/wp-json\/wp\/v2\/media?parent=16997"}],"curies":[{"name":"wp","href":"https:\/\/api.w.org\/{rel}","templated":true}]}}