{"id":16999,"date":"2020-03-02T02:08:50","date_gmt":"2020-03-02T01:08:50","guid":{"rendered":"https:\/\/neocatechumenaleiter.org\/paroles-de-papes\/st-jean-paul-ii\/le-pape-jean-paul-ii-aux-chanteurs-des-communautes-neocatechumenales-16-mars-1980\/"},"modified":"2021-08-10T11:00:43","modified_gmt":"2021-08-10T10:00:43","slug":"le-pape-jean-paul-ii-aux-chanteurs-des-communautes-neocatechumenales-16-mars-1980","status":"publish","type":"page","link":"https:\/\/neocatechumenaleiter.org\/fr\/paroles-de-papes\/st-jean-paul-ii\/le-pape-jean-paul-ii-aux-chanteurs-des-communautes-neocatechumenales-16-mars-1980\/","title":{"rendered":"Le Pape Jean-Paul II aux chanteurs des Communaut\u00e9s N\u00e9ocat\u00e9chum\u00e9nales 16 mars 1980"},"content":{"rendered":"\n<h1 class=\"has-text-align-center wp-block-heading\">Le Pape Jean-Paul II aux chanteurs des Communaut\u00e9s N\u00e9ocat\u00e9chum\u00e9nales 16 mars 1980<\/h1>\n\n<div style=\"height:20px\" aria-hidden=\"true\" class=\"wp-block-spacer\"><\/div>\n\n<h4 class=\"has-text-align-center wp-block-heading\">Saint Jean-Paul II<\/h4>\n\n<div style=\"height:20px\" aria-hidden=\"true\" class=\"wp-block-spacer\"><\/div>\n\n<p><strong>Place Saint-Pierre, 16 mars 1980 *<\/strong><\/p>\n\n<p><em>Le Saint-P\u00e8re, apr\u00e8s l\u2019ang\u00e9lus dominical, a adress\u00e9 un salut particulier aux groupes pr\u00e9sents. Le groupe le plus nombreux \u00e9tait celui qui \u00e9tait form\u00e9 par deux mille chanteurs et psalmistes des communaut\u00e9s n\u00e9ocat\u00e9chum\u00e9nales qui, de toutes les r\u00e9gions d\u2019Italie, \u00e9taient arriv\u00e9s \u00e0 Rome en vue d&rsquo;une rencontre de pr\u00e9paration pour la P\u00e2que, anim\u00e9e par Kiko Arg\u00fcello. Cette rencontre se propose d&rsquo;aider les psalmistes \u00e0 conduire le mieux possible la Veill\u00e9e Pascale que les diff\u00e9rentes communaut\u00e9s vont animer pendant la nuit de P\u00e2ques. Voici les paroles du Pape:<\/em><\/p>\n\n<div class=\"wp-block-image\"><figure class=\"aligncenter size-full\"><img loading=\"lazy\" decoding=\"async\" width=\"720\" height=\"557\" src=\"https:\/\/neocatechumenaleiter.org\/wp-content\/uploads\/2020\/03\/Camino_Neocatecumenal_Juan_Pablo_II_encuentro_salmistas_1980.jpg\" alt=\"\" class=\"wp-image-1473\" srcset=\"https:\/\/neocatechumenaleiter.org\/wp-content\/uploads\/2020\/03\/Camino_Neocatecumenal_Juan_Pablo_II_encuentro_salmistas_1980.jpg 720w, https:\/\/neocatechumenaleiter.org\/wp-content\/uploads\/2020\/03\/Camino_Neocatecumenal_Juan_Pablo_II_encuentro_salmistas_1980-300x232.jpg 300w\" sizes=\"auto, (max-width: 720px) 100vw, 720px\" \/><\/figure><\/div>\n\n<p>J&rsquo;adresse un salut sp\u00e9cial aux nombreux membres des communaut\u00e9s n\u00e9ocat\u00e9chum\u00e9nales, qui se proposent d&rsquo;aider les baptis\u00e9s \u00e0 comprendre et \u00e0 appr\u00e9cier l&rsquo;inestimable chance du sacrement du Bapt\u00eame au moyen d&rsquo;un chemin graduel et intensif d&rsquo;\u00e9vang\u00e9lisation, de cat\u00e9ch\u00e8se et de participation \u00e0 la vie liturgique, qui, en quelque sorte, s&rsquo;inspire de l&rsquo;ancien cat\u00e9chum\u00e9nat.<\/p>\n\n<p>Tr\u00e8s chers, je vous exhorte \u00e0 vous engager avec une g\u00e9n\u00e9rosit\u00e9 toujours plus grande <strong>dans votre effort pour collaborer \u00e0 l&rsquo;\u00e9dification du Corps mystique du Christ et \u00e0 l&rsquo;action apostolique de l&rsquo;Eglise<\/strong>, ob\u00e9issant au Commandement du Seigneur: \u00ab  Allez et enseignez toutes les nations, en les baptisant au Nom du P\u00e8re, du Fils et du Saint-Esprit. \u00bb (Mt 28, 19) Que la fid\u00e9lit\u00e9 constante \u00e0 l&rsquo;enseignement du Magist\u00e8re, et l&rsquo;ob\u00e9issance aux Pasteurs de l&rsquo;Eglise, vous soutiennent et vous conduisent.<\/p>\n\n<p>Je vous souhaite de tout c\u0153ur de vivre vos projets avec d\u00e9vouement et enthousiasme, \u00e0 la lumi\u00e8re de l&rsquo;Exhortation Apostolique \u00ab <em>Evangelii Nuntiandi<\/em> \u00bb, de mon v\u00e9n\u00e9r\u00e9 pr\u00e9d\u00e9cesseur Paul VI, et de \u00ab <em>Catechesi tradendae<\/em> \u00bb, que j&rsquo;ai publi\u00e9e moi-m\u00eame sur la base des indications du Synode des Ev\u00eaques sur la cat\u00e9ch\u00e8se.&#13;\n<br\/><br\/>&#13;\nQue vous accompagne ma b\u00e9n\u00e9diction que j&rsquo;\u00e9tends volontiers \u00e0 tous ceux qui vous sont chers.&#13;\n<br\/><br\/><em>(*) Cf. \u00abL&rsquo;Osservatore Romano\u00bb, 17-18 mars 1980.<\/em>&#13;\n<\/p>\n","protected":false},"excerpt":{"rendered":"<p>Le Pape Jean-Paul II aux chanteurs des Communaut\u00e9s N\u00e9ocat\u00e9chum\u00e9nales 16 mars 1980 Saint Jean-Paul II Place Saint-Pierre, 16 mars 1980 * Le Saint-P\u00e8re, apr\u00e8s l\u2019ang\u00e9lus dominical, a adress\u00e9 un salut particulier aux groupes pr\u00e9sents. Le groupe le plus nombreux \u00e9tait celui qui \u00e9tait form\u00e9 par deux mille chanteurs et psalmistes des communaut\u00e9s n\u00e9ocat\u00e9chum\u00e9nales qui, de toutes les r\u00e9gions d\u2019Italie, \u00e9taient arriv\u00e9s \u00e0 Rome en vue d&rsquo;une rencontre de pr\u00e9paration pour<\/p>\n<div class=\"read-more\"><a class=\"btn read-more-btn\" href=\"https:\/\/neocatechumenaleiter.org\/fr\/paroles-de-papes\/st-jean-paul-ii\/le-pape-jean-paul-ii-aux-chanteurs-des-communautes-neocatechumenales-16-mars-1980\/\">En savoir plus<\/a><\/div>\n","protected":false},"author":2,"featured_media":0,"parent":5064,"menu_order":6,"comment_status":"closed","ping_status":"closed","template":"","meta":{"footnotes":""},"class_list":["post-16999","page","type-page","status-publish","hentry"],"_links":{"self":[{"href":"https:\/\/neocatechumenaleiter.org\/fr\/wp-json\/wp\/v2\/pages\/16999","targetHints":{"allow":["GET"]}}],"collection":[{"href":"https:\/\/neocatechumenaleiter.org\/fr\/wp-json\/wp\/v2\/pages"}],"about":[{"href":"https:\/\/neocatechumenaleiter.org\/fr\/wp-json\/wp\/v2\/types\/page"}],"author":[{"embeddable":true,"href":"https:\/\/neocatechumenaleiter.org\/fr\/wp-json\/wp\/v2\/users\/2"}],"replies":[{"embeddable":true,"href":"https:\/\/neocatechumenaleiter.org\/fr\/wp-json\/wp\/v2\/comments?post=16999"}],"version-history":[{"count":6,"href":"https:\/\/neocatechumenaleiter.org\/fr\/wp-json\/wp\/v2\/pages\/16999\/revisions"}],"predecessor-version":[{"id":23977,"href":"https:\/\/neocatechumenaleiter.org\/fr\/wp-json\/wp\/v2\/pages\/16999\/revisions\/23977"}],"up":[{"embeddable":true,"href":"https:\/\/neocatechumenaleiter.org\/fr\/wp-json\/wp\/v2\/pages\/5064"}],"wp:attachment":[{"href":"https:\/\/neocatechumenaleiter.org\/fr\/wp-json\/wp\/v2\/media?parent=16999"}],"curies":[{"name":"wp","href":"https:\/\/api.w.org\/{rel}","templated":true}]}}